{"id":7899,"date":"2024-10-26T12:07:07","date_gmt":"2024-10-26T10:07:07","guid":{"rendered":"https:\/\/agora.xtec.cat\/escola-josep-orriols-i-roca\/?page_id=7899"},"modified":"2024-11-24T13:10:44","modified_gmt":"2024-11-24T12:10:44","slug":"steam","status":"publish","type":"page","link":"https:\/\/agora.xtec.cat\/escola-josep-orriols-i-roca\/steam\/","title":{"rendered":"STEAM a l&#8217;Escola JOR"},"content":{"rendered":"<p style=\"text-align: justify;\">El curs 2024-25, l\u2019Escola Josep Orriols i Roca s\u2019ha adherit al programa <strong>STEAMcat<\/strong>, una iniciativa per fomentar les compet\u00e8ncies en ci\u00e8ncia, tecnologia, enginyeria, arts i matem\u00e0tiques (STEAM, per les seves sigles en angl\u00e8s: Science, Technology, Engineering, Arts, and Mathematics). Aquest programa, amb una durada de tres anys, proporciona assessorament a un <strong>grup impulsor<\/strong> de mestres de la nostra escola format per l\u2019equip directiu, els coordinadors de cicle i el coordinador TAC. Aquest grup treballar\u00e0 conjuntament per integrar projectes STEAM a les aules de manera transversal, promovent l\u2019aprenentatge actiu, la creativitat, el treball en equip i la resoluci\u00f3 de problemes.<\/p>\n<p style=\"text-align: justify;\">El nostre alumnat participar\u00e0 en activitats pr\u00e0ctiques, projectes interdisciplinaris i reptes adaptats a cada nivell educatiu. Treballaran tem\u00e0tiques d\u2019inter\u00e8s actual com la sostenibilitat, la programaci\u00f3, el disseny 3D i la rob\u00f2tica, promovent una educaci\u00f3 din\u00e0mica i motivadora.<\/p>\n<p style=\"text-align: justify;\">Aquest programa tindr\u00e0 la col\u00b7laboraci\u00f3 i suport de <a href=\"https:\/\/sites.google.com\/view\/web-steam4all-catala\/qui-som?authuser=0\"><strong>Steam4all<\/strong><\/a>, una associaci\u00f3 sense \u00e0nim de lucre que promou les STEAM a les escoles de zones rurals, incorporant una perspectiva de g\u00e8nere per garantir la igualtat d\u2019oportunitats.<\/p>\n<p style=\"text-align: justify;\">Alguns dels recursos que utilitzarem en els nostres projectes STEAM amb la col\u00b7laboraci\u00f3 i materials creats pels voluntaris de Steam4all (Eusebi, Tony i Teresa) s\u00f3n:<\/p>\n<ul style=\"text-align: justify;\">\n<li><strong>LEGO SPIKE (Essential i Prime)<\/strong>: Rob\u00f2tica educativa per treballar habilitats de programaci\u00f3 i disseny en projectes col\u00b7laboratius.<\/li>\n<li><strong>SCRATCH 3.0<\/strong>: Programaci\u00f3 creativa i visual per aprendre a codificar de manera senzilla i entretinguda.<\/li>\n<li><strong>TINKERCAD<\/strong>: Disseny 3D per fomentar la imaginaci\u00f3 i la creativitat en el desenvolupament de prototips.<\/li>\n<li><strong>Micro:bit<\/strong>: Microcontroladors per explorar l\u2019electr\u00f2nica i el pensament computacional.<\/li>\n<\/ul>\n<p style=\"text-align: justify;\">Volem que els nostres alumnes desenvolupin compet\u00e8ncies clau per als reptes del segle XXI, esdevenint ciutadans competents i cr\u00edtics.<\/p>\n","protected":false},"excerpt":{"rendered":"<p>El curs 2024-25, l\u2019Escola Josep Orriols i Roca s\u2019ha adherit al programa STEAMcat, una iniciativa per fomentar les compet\u00e8ncies en ci\u00e8ncia, tecnologia, enginyeria, arts i matem\u00e0tiques (STEAM, per les seves sigles en angl\u00e8s: Science, Technology, Engineering, Arts, and Mathematics). Aquest programa, amb una durada de&hellip;  <a href=\"https:\/\/agora.xtec.cat\/escola-josep-orriols-i-roca\/steam\/\" title=\"Read STEAM a l&#8217;Escola JOR\">Llegeix m\u00e9s\u00bb<\/a><\/p>\n","protected":false},"author":1,"featured_media":0,"parent":0,"menu_order":0,"comment_status":"closed","ping_status":"closed","template":"","meta":{"_bbp_topic_count":0,"_bbp_reply_count":0,"_bbp_total_topic_count":0,"_bbp_total_reply_count":0,"_bbp_voice_count":0,"_bbp_anonymous_reply_count":0,"_bbp_topic_count_hidden":0,"_bbp_reply_count_hidden":0,"_bbp_forum_subforum_count":0,"footnotes":""},"class_list":["post-7899","page","type-page","status-publish","hentry"],"post_mailing_queue_ids":[],"_links":{"self":[{"href":"https:\/\/agora.xtec.cat\/escola-josep-orriols-i-roca\/wp-json\/wp\/v2\/pages\/7899","targetHints":{"allow":["GET"]}}],"collection":[{"href":"https:\/\/agora.xtec.cat\/escola-josep-orriols-i-roca\/wp-json\/wp\/v2\/pages"}],"about":[{"href":"https:\/\/agora.xtec.cat\/escola-josep-orriols-i-roca\/wp-json\/wp\/v2\/types\/page"}],"author":[{"embeddable":true,"href":"https:\/\/agora.xtec.cat\/escola-josep-orriols-i-roca\/wp-json\/wp\/v2\/users\/1"}],"replies":[{"embeddable":true,"href":"https:\/\/agora.xtec.cat\/escola-josep-orriols-i-roca\/wp-json\/wp\/v2\/comments?post=7899"}],"version-history":[{"count":4,"href":"https:\/\/agora.xtec.cat\/escola-josep-orriols-i-roca\/wp-json\/wp\/v2\/pages\/7899\/revisions"}],"predecessor-version":[{"id":8033,"href":"https:\/\/agora.xtec.cat\/escola-josep-orriols-i-roca\/wp-json\/wp\/v2\/pages\/7899\/revisions\/8033"}],"wp:attachment":[{"href":"https:\/\/agora.xtec.cat\/escola-josep-orriols-i-roca\/wp-json\/wp\/v2\/media?parent=7899"}],"curies":[{"name":"wp","href":"https:\/\/api.w.org\/{rel}","templated":true}]}}