{"id":3716,"date":"2020-11-07T14:31:36","date_gmt":"2020-11-07T13:31:36","guid":{"rendered":"https:\/\/agora.xtec.cat\/escola-josep-orriols-i-roca\/?page_id=3716"},"modified":"2022-03-20T20:38:21","modified_gmt":"2022-03-20T19:38:21","slug":"projecte-educatiu","status":"publish","type":"page","link":"https:\/\/agora.xtec.cat\/escola-josep-orriols-i-roca\/projecte-educatiu\/","title":{"rendered":"PROJECTE EDUCATIU"},"content":{"rendered":"<p>L&#8217;Escola Josep Orriols i Roca \u00e9s un centre p\u00fablic de segon cicle d\u2019educaci\u00f3 infantil i d\u2019educaci\u00f3 prim\u00e0ria, catal\u00e0, aconfessional, acollidor, de gran tradici\u00f3, arrelat i obert al nostre poble que t\u00e9 com a finalitat:<\/p>\n<ul>\n<li>Contribuir al creixement intel\u00b7lectual, emocional i social dels nostres alumnes perqu\u00e8 els faciliti les m\u00e0ximes oportunitats en el futur, tant a nivell acad\u00e8mic com personal, dins d\u2019un bon clima de relaci\u00f3, treball i responsabilitat.<\/li>\n<li>Treballa en la consolidaci\u00f3 d\u2019una l\u00ednia d\u2019escola, m\u00e9s adaptada als canvis culturals i socials actuals, que garanteixi l\u2019assoliment de les compet\u00e8ncies b\u00e0siques de l\u2019alumnat, l\u2019\u00fas m\u00e9s generalitzat de les TAC en el curr\u00edculum i contempli els quatre pilars de l\u2019educaci\u00f3: aprendre a ser, aprendre a fer, aprendre a con\u00e8ixer i aprendre a conviure.<\/li>\n<li>Vetlla per l\u2019\u00fas del catal\u00e0 com a llengua vehicular i d\u2019ensenyament-aprenentatge i el coneixement de la cultura catalana en la voluntat de conformar una ciutadania identificada amb ella, tot potenciant el respecte a la diversitat ling\u00fc\u00edstica i cultural tant del nostre entorn m\u00e9s proper com del lluny\u00e0.<\/li>\n<li>Promou la igualtat d\u2019oportunitats dels seus alumnes, evitant qualsevol tipus de marginaci\u00f3 i\/o exclusi\u00f3, contribuint a formar ciutadans aut\u00f2noms, amb sentit cr\u00edtic, solidaris i respectuosos amb el seu entorn, la societat i el medi ambient.<\/li>\n<li>S\u2019esfor\u00e7a en mantenir les corresponsabilitats necess\u00e0ries amb les fam\u00edlies durant el proc\u00e9s educatiu i evolutiu de llurs fills i filles.<\/li>\n<\/ul>\n<p>Feu clic al seg\u00fcent enlla\u00e7 si voleu llegir en detall el PEC del nostre centre.<\/p>\n<p style=\"text-align: center;\"><strong><a href=\"https:\/\/issuu.com\/escolajoseporriols\/docs\/pec_desembre_2020\">PROJECTE EDUCATIU DE CENTRE<\/a><\/strong><\/p>\n<p><strong>PRIORITATS I OBJECTIUS EDUCATIUS<\/strong><br \/>\nEl nostre objectiu principal \u00e9s el d\u2019oferir una educaci\u00f3 integral que ajudi als nostres infants a esdevenir persones aut\u00f2nomes, cr\u00edtiques i compromeses, que puguin participar de forma activa en el seu entorn i en la societat en general.<\/p>\n<p>Aquest objectiu d\u2019educaci\u00f3 integral es concreta en diversos objectius espec\u00edfics:<\/p>\n<ul>\n<li>Potenciar i afavorir l\u2019aprenentatge significatiu i competencial.<\/li>\n<li>Fomentar en l\u2019alumne una actitud curiosa, investigadora i cr\u00edtica.<\/li>\n<li>Potenciar l\u2019\u00fas de les tecnologies de la informaci\u00f3 i la comunicaci\u00f3 en els processos d\u2019ensenyament i aprenentatge.<\/li>\n<li>Fomentar el treball cooperatiu.<\/li>\n<li>Potenciar el coneixement i el respecte de l\u2019entorn m\u00e9s proper.<\/li>\n<li>Fer el seguiment curricular de cada alumne en funci\u00f3 de les seves necessitats.<\/li>\n<li>Treballar d\u2019acord amb uns h\u00e0bits i normes que condueixin l\u2019alumne cap a la seva autonomia personal.<\/li>\n<li>Afavorir l\u2019\u00fas d\u2019estrat\u00e8gies que permetin a l\u2019alumne assolir el grau de seguretat afectiva i emocional d\u2019acord al seu nivell maduratiu.<\/li>\n<li>Millorar els resultats educatius de les compet\u00e8ncies b\u00e0siques, en especial, l\u2019assoliment de l\u2019aprenentatge de la lectura i l\u2019escriptura, l\u2019expressi\u00f3 i comprensi\u00f3 oral, les habilitats matem\u00e0tiques b\u00e0siques i l\u2019autonomia en l\u2019aprenentatge.<\/li>\n<li>Potenciar la utilitzaci\u00f3 de diferents llenguatges de comunicaci\u00f3: oral, escrit, corporal, musical, art\u00edstic i visual.<\/li>\n<\/ul>\n<p><strong>DOCUMENTS DE CENTRE<\/strong><br \/>\nHi ha diversos documents que formen part del Projecte Educatiu de Centre. Cliqueu per obrir-los:<\/p>\n<ul>\n<li><a href=\"https:\/\/issuu.com\/escolajoseporriols\/docs\/mem_ria_19-20\"><strong>Mem\u00f2ria curs 2019-20.<\/strong>\u00a0<\/a>La Mem\u00f2ria \u00e9s el document que recull l&#8217;avaluaci\u00f3 de la PGA i es presenta al Consell Escolar en la seva darrera sessi\u00f3 de cada curs. En ella s&#8217;analitza el grau d&#8217;assoliment de cada un dels objectius proposats a l&#8217;inici de curs i es fan les propostes de millora per al curs seg\u00fcent. La MEM\u00d2RIA \u00e9s aprovada pel Consell Escolar a proposta de la direcci\u00f3 que l&#8217;elabora amb la participaci\u00f3 de l&#8217;equip docent.<\/li>\n<li><a href=\"https:\/\/issuu.com\/escolajoseporriols\/docs\/projecte_ling__stic_de_centre_2019\"><strong>Projecte Ling\u00fc\u00edstic<\/strong><\/a>: El document ofereix orientacions metodol\u00f2giques i organitzatives que faciliten l\u2019assoliment de la compet\u00e8ncia comunicativa i ling\u00fc\u00edstica de l\u2019alumnat en l\u2019etapa d\u2019infantil i prim\u00e0ria. En ell es recullen els acords que la comunitat educativa ha elaborat per a l\u2019ensenyament-aprenentatge de les lleng\u00fces i de la compet\u00e8ncia comunicativa. Darrera actualitzaci\u00f3: 2019<\/li>\n<li><a href=\"https:\/\/issuu.com\/escolajoseporriols\/docs\/nofc_13_setembre_2021_1_\"><strong>NOFC<\/strong> <\/a>(Normes d\u2019organitzaci\u00f3 i funcionament de centre): aquest document recull de manera ordenada els preceptes que regeixen la nostra organitzaci\u00f3. Explicita l\u2019estructura, recull les funcions, els drets i els deures dels diferents sectors que formen l\u2019escola; fixa els procediments; adapta la normativa general a la nostra realitat i estableix l\u2019espec\u00edfica pel nostre centre educatiu. Darrera actualitzaci\u00f3: 2017<\/li>\n<li><a href=\"https:\/\/issuu.com\/escolajoseporriols\/docs\/pla_d_atenci__a_la_diversitat\"><strong>Pla d&#8217;Atenci\u00f3 a la Diversitat (PAD)<\/strong><\/a>. Document on es recull la planificaci\u00f3 de les\u00a0mesures educatives que faciliten una resposta adaptada a les necessitats educatives espec\u00edfiques que presenta l&#8217;alumnat escolaritzat en el nostre centre i, en particular, l&#8217;alumnat amb necessitats especifiques de suport educatiu (permanents o transit\u00f2ries). Elaboraci\u00f3 al juny del 2017<\/li>\n<li><strong><a href=\"https:\/\/issuu.com\/escolajoseporriols\/docs\/pla_tac\">Pla TAC<\/a>. <\/strong>Recull\u00a0 les caracter\u00edstiques actuals del centre en relaci\u00f3 a les TAC, \u00a0es defineixen els objectius i es planifiquen les actuacions que es duran a terme pel que fa als aspectes organitzatius, did\u00e0cticopedag\u00f2gics i curriculars. Elaborat juny 2019<\/li>\n<li><strong>Projecte de Conviv\u00e8ncia<\/strong>. Instrument on es reflecteixen les accions que el centre docent desenvolupa per capacitar tot l&#8217;alumnat i la resta de la comunitat educativa per a la conviv\u00e8ncia i la gesti\u00f3 positiva dels conflictes. Aquest document \u00e9s fruit de l\u2019an\u00e0lisi de la realitat del nostre centre per part del personal del centre, per les fam\u00edlies i sobretot per l\u2019alumnat i incorpora aspectes que ja es treballen di\u00e0riament a l\u2019escola i noves propostes a<br \/>\ndesenvolupar. En elaboraci\u00f3<\/li>\n<li>Altres projectes i activitats:\n<ul>\n<li>SIEI<\/li>\n<li>Escola Verda<\/li>\n<li>Art English<\/li>\n<li>Science.<\/li>\n<li>Emprenedoria a l&#8217;escola. CuEmE<\/li>\n<li>Prevenci\u00f3 i salut.\n<ul>\n<li>Vacunaci\u00f3 i salut bucodental<\/li>\n<li>Internet segura<\/li>\n<li>H\u00e0bits alimentaris<\/li>\n<li>Programa consum de fruita<\/li>\n<\/ul>\n<\/li>\n<\/ul>\n<\/li>\n<\/ul>\n","protected":false},"excerpt":{"rendered":"<p>L&#8217;Escola Josep Orriols i Roca \u00e9s un centre p\u00fablic de segon cicle d\u2019educaci\u00f3 infantil i d\u2019educaci\u00f3 prim\u00e0ria, catal\u00e0, aconfessional, acollidor, de gran tradici\u00f3, arrelat i obert al nostre poble que t\u00e9 com a finalitat:<\/p>\n<ul>\n<li>Contribuir al creixement intel\u00b7lectual, emocional i social dels nostres alumnes perqu\u00e8 els&hellip;  <a href=\"https:\/\/agora.xtec.cat\/escola-josep-orriols-i-roca\/projecte-educatiu\/\" title=\"Read PROJECTE EDUCATIU\">Llegeix m\u00e9s\u00bb<\/a><br \/>\n","protected":false},"author":1,"featured_media":0,"parent":0,"menu_order":0,"comment_status":"closed","ping_status":"closed","template":"","meta":{"_bbp_topic_count":0,"_bbp_reply_count":0,"_bbp_total_topic_count":0,"_bbp_total_reply_count":0,"_bbp_voice_count":0,"_bbp_anonymous_reply_count":0,"_bbp_topic_count_hidden":0,"_bbp_reply_count_hidden":0,"_bbp_forum_subforum_count":0,"footnotes":""},"class_list":["post-3716","page","type-page","status-publish","hentry"],"post_mailing_queue_ids":[],"_links":{"self":[{"href":"https:\/\/agora.xtec.cat\/escola-josep-orriols-i-roca\/wp-json\/wp\/v2\/pages\/3716","targetHints":{"allow":["GET"]}}],"collection":[{"href":"https:\/\/agora.xtec.cat\/escola-josep-orriols-i-roca\/wp-json\/wp\/v2\/pages"}],"about":[{"href":"https:\/\/agora.xtec.cat\/escola-josep-orriols-i-roca\/wp-json\/wp\/v2\/types\/page"}],"author":[{"embeddable":true,"href":"https:\/\/agora.xtec.cat\/escola-josep-orriols-i-roca\/wp-json\/wp\/v2\/users\/1"}],"replies":[{"embeddable":true,"href":"https:\/\/agora.xtec.cat\/escola-josep-orriols-i-roca\/wp-json\/wp\/v2\/comments?post=3716"}],"version-history":[{"count":3,"href":"https:\/\/agora.xtec.cat\/escola-josep-orriols-i-roca\/wp-json\/wp\/v2\/pages\/3716\/revisions"}],"predecessor-version":[{"id":5852,"href":"https:\/\/agora.xtec.cat\/escola-josep-orriols-i-roca\/wp-json\/wp\/v2\/pages\/3716\/revisions\/5852"}],"wp:attachment":[{"href":"https:\/\/agora.xtec.cat\/escola-josep-orriols-i-roca\/wp-json\/wp\/v2\/media?parent=3716"}],"curies":[{"name":"wp","href":"https:\/\/api.w.org\/{rel}","templated":true}]}}