{"id":36,"date":"2014-09-18T12:33:11","date_gmt":"2014-09-18T11:33:11","guid":{"rendered":"http:\/\/agora.xtec.cat\/escola-josep-orriols-i-roca\/?page_id=36"},"modified":"2025-06-26T13:13:11","modified_gmt":"2025-06-26T11:13:11","slug":"material-escolar-2","status":"publish","type":"page","link":"https:\/\/agora.xtec.cat\/escola-josep-orriols-i-roca\/butlleti-informatiu\/material-escolar-2\/","title":{"rendered":"Material escolar curs 2025\/26"},"content":{"rendered":"<p>Descripci\u00f3 i enumeraci\u00f3 del material escolar que els alumnes i fam\u00edlies necessitaran per al nivell educatiu corresponent, \u00e9s recomanable diferenciar les diferents tipologies de material escolar necessari (llibres de text, lectures, dispositius digitals, material de taller, de dibuix\u2026).<\/p>\n<p><strong>EDUCACI\u00d3 INFANTIL (I3, I4 i I5) <span style=\"color: #ff0000;\">*<\/span><\/strong><\/p>\n<ul>\n<li><a href=\"https:\/\/docs.google.com\/document\/d\/11Mlxb4H7LpAMLXNIcHQw4BOjxyvYu8Y09KJMO1XXVSg\/edit?usp=sharing\">LLISTA MATERIAL EI<\/a><\/li>\n<li><span style=\"color: #339966;\"><a style=\"color: #339966;\" href=\"https:\/\/docs.google.com\/document\/d\/1Gcbelmm91vT4IBAGU43zuUGQVOgiPM0rj48GV9iEtac\/edit?usp=sharing\">Propostes per fer a l&#8217;estiu<\/a><\/span><\/li>\n<\/ul>\n<p><strong>1r I 2n DE PRIM\u00c0RIA <span style=\"color: #ff0000;\">*<\/span><\/strong><\/p>\n<ul>\n<li><a href=\"https:\/\/docs.google.com\/document\/d\/1zyNuCIE3v1_WWKej941QaQwdo4z_Y1SmQu6UMD7WxhU\/edit?usp=sharing\">LLISTA MATERIAL 1r<\/a><\/li>\n<li><a href=\"https:\/\/docs.google.com\/document\/d\/1qXGf0EIwUNzvabPeetO66JiXbdimvCGssQIH_Lu2eJw\/edit?usp=sharing\">LLISTA MATERIAL 2n<\/a><\/li>\n<\/ul>\n<p><strong>3r i 4t DE PRIM\u00c0RIA <span style=\"color: #ff0000;\">*<\/span><\/strong><\/p>\n<ul>\n<li><a href=\"https:\/\/docs.google.com\/document\/d\/1Dl6oY_qpvF41iRVrGWI8uAqzQdPGqpL31eexZGeW7m4\/edit?usp=sharing\">LLISTA MATERIAL 3r<\/a><\/li>\n<li><a href=\"https:\/\/docs.google.com\/document\/d\/14zYbUrV7kgB0QByAH0nVoXemhrs_JWeibdX-X5mix-w\/edit?usp=sharing\">LLISTA MATERIAL 4t<\/a><\/li>\n<\/ul>\n<p><strong>5\u00e8 i 6\u00e8 DE PRIM\u00c0RIA<span style=\"color: #ff0000;\">*<\/span><\/strong><\/p>\n<ul>\n<li><a href=\"https:\/\/docs.google.com\/document\/d\/10Cf1IgC2ojActbWO6eXGFTexrSnen_W63j4SvRZ-SF0\/edit?usp=sharing\">LLISTA MATERIAL 5\u00e8<\/a><\/li>\n<li><a href=\"https:\/\/docs.google.com\/document\/d\/1bV0caI9ymoYikleDUAj9zQQ7s3czEHM1fCR7VbX9RUA\/edit?usp=sharing\">LLISTA MATERIAL 6\u00e8<\/a><\/li>\n<\/ul>\n<p>&nbsp;<\/p>\n","protected":false},"excerpt":{"rendered":"<p>Descripci\u00f3 i enumeraci\u00f3 del material escolar que els alumnes i fam\u00edlies necessitaran per al nivell educatiu corresponent, \u00e9s recomanable diferenciar les diferents tipologies de material escolar necessari (llibres de text, lectures, dispositius digitals, material de taller, de dibuix\u2026).<br \/>\nEDUCACI\u00d3 INFANTIL (I3, I4 i I5) *<\/p>\n<ul>\n<li><a href=\"https:\/\/docs.google.com\/document\/d\/11Mlxb4H7LpAMLXNIcHQw4BOjxyvYu8Y09KJMO1XXVSg\/edit?usp=sharing\">LLISTA&hellip;  <a href=\"https:\/\/agora.xtec.cat\/escola-josep-orriols-i-roca\/butlleti-informatiu\/material-escolar-2\/\" title=\"Read Material escolar curs 2025\/26\">Llegeix m\u00e9s\u00bb<\/a><br \/>\n","protected":false},"author":1,"featured_media":0,"parent":616,"menu_order":70,"comment_status":"closed","ping_status":"closed","template":"page-templates\/side-menu.php","meta":{"_bbp_topic_count":0,"_bbp_reply_count":0,"_bbp_total_topic_count":0,"_bbp_total_reply_count":0,"_bbp_voice_count":0,"_bbp_anonymous_reply_count":0,"_bbp_topic_count_hidden":0,"_bbp_reply_count_hidden":0,"_bbp_forum_subforum_count":0,"footnotes":""},"class_list":["post-36","page","type-page","status-publish","hentry"],"post_mailing_queue_ids":[],"_links":{"self":[{"href":"https:\/\/agora.xtec.cat\/escola-josep-orriols-i-roca\/wp-json\/wp\/v2\/pages\/36","targetHints":{"allow":["GET"]}}],"collection":[{"href":"https:\/\/agora.xtec.cat\/escola-josep-orriols-i-roca\/wp-json\/wp\/v2\/pages"}],"about":[{"href":"https:\/\/agora.xtec.cat\/escola-josep-orriols-i-roca\/wp-json\/wp\/v2\/types\/page"}],"author":[{"embeddable":true,"href":"https:\/\/agora.xtec.cat\/escola-josep-orriols-i-roca\/wp-json\/wp\/v2\/users\/1"}],"replies":[{"embeddable":true,"href":"https:\/\/agora.xtec.cat\/escola-josep-orriols-i-roca\/wp-json\/wp\/v2\/comments?post=36"}],"version-history":[{"count":6,"href":"https:\/\/agora.xtec.cat\/escola-josep-orriols-i-roca\/wp-json\/wp\/v2\/pages\/36\/revisions"}],"predecessor-version":[{"id":8313,"href":"https:\/\/agora.xtec.cat\/escola-josep-orriols-i-roca\/wp-json\/wp\/v2\/pages\/36\/revisions\/8313"}],"up":[{"embeddable":true,"href":"https:\/\/agora.xtec.cat\/escola-josep-orriols-i-roca\/wp-json\/wp\/v2\/pages\/616"}],"wp:attachment":[{"href":"https:\/\/agora.xtec.cat\/escola-josep-orriols-i-roca\/wp-json\/wp\/v2\/media?parent=36"}],"curies":[{"name":"wp","href":"https:\/\/api.w.org\/{rel}","templated":true}]}}