{"id":3626,"date":"2023-03-14T10:18:19","date_gmt":"2023-03-14T09:18:19","guid":{"rendered":"https:\/\/agora.xtec.cat\/escola-josefina-ibanez\/?page_id=3626"},"modified":"2023-05-23T09:38:29","modified_gmt":"2023-05-23T07:38:29","slug":"planificacio","status":"publish","type":"page","link":"https:\/\/agora.xtec.cat\/escola-josefina-ibanez\/estrategia-digital-de-centre\/estrategia\/planificacio\/","title":{"rendered":"Planificaci\u00f3 i seguiment"},"content":{"rendered":"<p><span style=\"font-weight: 400;\">El centre t\u00e9 previst temporitzar la seva Estrat\u00e8gia Digital de Centre en un per\u00edode de quatre anys, des del curs 2022-2023 fins al 2025-2026, moment en el qual s&#8217;han d&#8217;haver assolit tots els objectius proposats a l&#8217;apartat anterior.<\/span><\/p>\n","protected":false},"excerpt":{"rendered":"<p>El centre t\u00e9 previst temporitzar la seva Estrat\u00e8gia Digital de Centre en un per\u00edode de quatre anys, des del curs 2022-2023 fins al 2025-2026, moment en el qual s&#8217;han d&#8217;haver assolit tots els objectius proposats a l&#8217;apartat anterior.<\/p>\n","protected":false},"author":1,"featured_media":0,"parent":3618,"menu_order":3,"comment_status":"closed","ping_status":"closed","template":"page-templates\/side-menu.php","meta":{"_bbp_topic_count":0,"_bbp_reply_count":0,"_bbp_total_topic_count":0,"_bbp_total_reply_count":0,"_bbp_voice_count":0,"_bbp_anonymous_reply_count":0,"_bbp_topic_count_hidden":0,"_bbp_reply_count_hidden":0,"_bbp_forum_subforum_count":0,"footnotes":""},"class_list":["post-3626","page","type-page","status-publish","hentry"],"post_mailing_queue_ids":[],"_links":{"self":[{"href":"https:\/\/agora.xtec.cat\/escola-josefina-ibanez\/wp-json\/wp\/v2\/pages\/3626","targetHints":{"allow":["GET"]}}],"collection":[{"href":"https:\/\/agora.xtec.cat\/escola-josefina-ibanez\/wp-json\/wp\/v2\/pages"}],"about":[{"href":"https:\/\/agora.xtec.cat\/escola-josefina-ibanez\/wp-json\/wp\/v2\/types\/page"}],"author":[{"embeddable":true,"href":"https:\/\/agora.xtec.cat\/escola-josefina-ibanez\/wp-json\/wp\/v2\/users\/1"}],"replies":[{"embeddable":true,"href":"https:\/\/agora.xtec.cat\/escola-josefina-ibanez\/wp-json\/wp\/v2\/comments?post=3626"}],"version-history":[{"count":3,"href":"https:\/\/agora.xtec.cat\/escola-josefina-ibanez\/wp-json\/wp\/v2\/pages\/3626\/revisions"}],"predecessor-version":[{"id":3864,"href":"https:\/\/agora.xtec.cat\/escola-josefina-ibanez\/wp-json\/wp\/v2\/pages\/3626\/revisions\/3864"}],"up":[{"embeddable":true,"href":"https:\/\/agora.xtec.cat\/escola-josefina-ibanez\/wp-json\/wp\/v2\/pages\/3618"}],"wp:attachment":[{"href":"https:\/\/agora.xtec.cat\/escola-josefina-ibanez\/wp-json\/wp\/v2\/media?parent=3626"}],"curies":[{"name":"wp","href":"https:\/\/api.w.org\/{rel}","templated":true}]}}