{"id":3622,"date":"2023-03-14T10:17:42","date_gmt":"2023-03-14T09:17:42","guid":{"rendered":"https:\/\/agora.xtec.cat\/escola-josefina-ibanez\/?page_id=3622"},"modified":"2023-05-23T09:38:05","modified_gmt":"2023-05-23T07:38:05","slug":"diagnosi","status":"publish","type":"page","link":"https:\/\/agora.xtec.cat\/escola-josefina-ibanez\/estrategia-digital-de-centre\/estrategia\/diagnosi\/","title":{"rendered":"Diagnosi"},"content":{"rendered":"<p><span style=\"font-weight: 400;\">El proc\u00e9s d\u2019elaboraci\u00f3 de l\u2019Estrat\u00e8gia digital de centre comen\u00e7a amb una fase de diagnosi, amb la qual volem saber quins s\u00f3n els punts forts del centre en mat\u00e8ria digital i tamb\u00e9 quins s\u00f3n els punts febles o millorables. Per aconseguir aix\u00f2 disposem d\u2019unes eines que ens permetran esbrinar-los<\/span><span style=\"font-weight: 400;\">.<\/span><\/p>\n<h2><strong><span style=\"font-size: 14pt;\">Eines utilitzades en la diagnosi<\/span><\/strong><\/h2>\n<p><span style=\"font-weight: 400;\">Les eines utilitzades per fer la diagnosi del centre han estat l\u2019eina Selfie, que es va passar durant el mes de maig de 2022 a alumnat, professorat i equip directiu. La participaci\u00f3 va ser del 87% de l&#8217;alumnat , el 100% del professorat i el 75% de l&#8217;equip directiu.<\/span><\/p>\n<p><span style=\"font-weight: 400;\">El Selfie ens dona una visi\u00f3 molt acurada del qu\u00e8 passa a l\u2019interior del centre, per\u00f2 ens faltava la visi\u00f3 exterior del centre i per aix\u00f2 vam decidir passar una enquesta a les fam\u00edlies sobre diversos aspectes de la cultura digital de centre, com poden ser la web i les xarxes socials del centre, l\u2019acolliment digital, els h\u00e0bits digitals, les eines digitals que utilitzen o la necessitat de formaci\u00f3 que puguin tenir, per tant, tamb\u00e9 es va passar una enquesta a les fam\u00edlies del centre per tenir una visi\u00f3 m\u00e9s clara de la projecci\u00f3 externa del centre i de les necessitats de formaci\u00f3 de les fam\u00edlies.\u00a0<\/span><\/p>\n<p><span style=\"font-weight: 400;\">Tamb\u00e9 es va passar una enquesta a les fam\u00edlies del centre per tenir una visi\u00f3 m\u00e9s clara de la projecci\u00f3 externa del centre i de les necessitats de formaci\u00f3 de les fam\u00edlies.\u00a0<\/span><span style=\"font-weight: 400;\">Els resultats de la mateixa donen com a millorable l\u2019actualitzaci\u00f3 de la p\u00e0gina web, la necessitat de formaci\u00f3 de les fam\u00edlies i que aquesta formaci\u00f3 sigui online.<\/span><\/p>\n<h2><strong><span style=\"font-size: 14pt;\">Aspectes destacats de la diagnosi<\/span><\/strong><\/h2>\n<p><span style=\"font-weight: 400;\">Un cop analitzades les eines de diagnosi utilitzades, arribem a les seg\u00fcents conclusions:<\/span><\/p>\n<p><span style=\"font-weight: 400;\">Els <strong>aspectes millorables<\/strong> s\u00f3n:<br \/>\n&#8211; Millorar el d<\/span><span style=\"font-weight: 400;\">i\u00e0leg o les reunions del professorat per temes digitals, aix\u00ed com la col\u00b7laboraci\u00f3 i comunicaci\u00f3 amb els altres en aquests temes.<br \/>\n&#8211; Tenir un repositori de recursos digitals pel claustre.<br \/>\n&#8211; \u00das dels Entorns Virtuals d&#8217;Aprenentatge amb l&#8217;alumnat.<br \/>\n<\/span><span style=\"font-weight: 400;\">&#8211; Avaluaci\u00f3, coavaluaci\u00f3 i autoavaluaci\u00f3 de l&#8217;alumnat amb eines digitals i el feedback amb eines digitals per part de les mestres cap a l&#8217;alumnat.<\/span><\/p>\n<p><span style=\"font-weight: 400;\">Com a <\/span><b>punts forts<\/b><span style=\"font-weight: 400;\"> podem destacar:<br \/>\n&#8211; Creativitat del professorat amb la utilitzaci\u00f3 de les eines digitals.<br \/>\n&#8211; Comunicaci\u00f3 amb la comunitat educativa (fam\u00edlies, entitats municipals, etc).<br \/>\n&#8211; Respecte als drets d\u2019autor.<\/span><\/p>\n","protected":false},"excerpt":{"rendered":"<p>El proc\u00e9s d\u2019elaboraci\u00f3 de l\u2019Estrat\u00e8gia digital de centre comen\u00e7a amb una fase de diagnosi, amb la qual volem saber quins s\u00f3n els punts forts del centre en mat\u00e8ria digital i tamb\u00e9 quins s\u00f3n els punts febles o millorables. Per aconseguir aix\u00f2 disposem d\u2019unes eines que&hellip;  <a href=\"https:\/\/agora.xtec.cat\/escola-josefina-ibanez\/estrategia-digital-de-centre\/estrategia\/diagnosi\/\" title=\"Read Diagnosi\">Llegeix m\u00e9s\u00bb<\/a><\/p>\n","protected":false},"author":1,"featured_media":0,"parent":3618,"menu_order":1,"comment_status":"closed","ping_status":"closed","template":"page-templates\/side-menu.php","meta":{"_bbp_topic_count":0,"_bbp_reply_count":0,"_bbp_total_topic_count":0,"_bbp_total_reply_count":0,"_bbp_voice_count":0,"_bbp_anonymous_reply_count":0,"_bbp_topic_count_hidden":0,"_bbp_reply_count_hidden":0,"_bbp_forum_subforum_count":0,"footnotes":""},"class_list":["post-3622","page","type-page","status-publish","hentry"],"post_mailing_queue_ids":[],"_links":{"self":[{"href":"https:\/\/agora.xtec.cat\/escola-josefina-ibanez\/wp-json\/wp\/v2\/pages\/3622","targetHints":{"allow":["GET"]}}],"collection":[{"href":"https:\/\/agora.xtec.cat\/escola-josefina-ibanez\/wp-json\/wp\/v2\/pages"}],"about":[{"href":"https:\/\/agora.xtec.cat\/escola-josefina-ibanez\/wp-json\/wp\/v2\/types\/page"}],"author":[{"embeddable":true,"href":"https:\/\/agora.xtec.cat\/escola-josefina-ibanez\/wp-json\/wp\/v2\/users\/1"}],"replies":[{"embeddable":true,"href":"https:\/\/agora.xtec.cat\/escola-josefina-ibanez\/wp-json\/wp\/v2\/comments?post=3622"}],"version-history":[{"count":3,"href":"https:\/\/agora.xtec.cat\/escola-josefina-ibanez\/wp-json\/wp\/v2\/pages\/3622\/revisions"}],"predecessor-version":[{"id":3862,"href":"https:\/\/agora.xtec.cat\/escola-josefina-ibanez\/wp-json\/wp\/v2\/pages\/3622\/revisions\/3862"}],"up":[{"embeddable":true,"href":"https:\/\/agora.xtec.cat\/escola-josefina-ibanez\/wp-json\/wp\/v2\/pages\/3618"}],"wp:attachment":[{"href":"https:\/\/agora.xtec.cat\/escola-josefina-ibanez\/wp-json\/wp\/v2\/media?parent=3622"}],"curies":[{"name":"wp","href":"https:\/\/api.w.org\/{rel}","templated":true}]}}