{"id":605,"date":"2017-01-12T19:55:48","date_gmt":"2017-01-12T18:55:48","guid":{"rendered":"http:\/\/agora.xtec.cat\/escola-isabel-besora\/?page_id=605"},"modified":"2023-12-04T12:57:02","modified_gmt":"2023-12-04T11:57:02","slug":"programa-dactuacions","status":"publish","type":"page","link":"https:\/\/agora.xtec.cat\/escola-isabel-besora\/projectes\/escola-verda-2\/programa-dactuacions\/","title":{"rendered":"Programa d&#8217;actuacions"},"content":{"rendered":"<ol>\n<li><strong>RECOLLIDA SELECTIVA<\/strong>: identifiquem i classifiquem la brossa que generem al centre i implantem la recollida selectiva (paper, pl\u00e0stic, org\u00e0nica).<\/li>\n<li><strong>GESTI\u00d3 DEL PAPER<\/strong>: utilitzem paper reciclat, i fomentem l\u2019estalvi i l\u2019aprofitament del paper.<\/li>\n<li><strong>LA VIDA DELS MATERIALS<\/strong>: tenim cura i aprofitem al m\u00e0xim tots els materials escolars.<\/li>\n<li><strong>ESMORZAR SENSE RESIDUS<\/strong>: \u00fas de carmanyoles per portar l\u2019esmorzar.<\/li>\n<li><strong>AMIC VERD\/AMIGA VERDA<\/strong>: els encarregats mediambientals a l\u2019aula.<\/li>\n<li>\u00a0<strong>DELEGAT\/DA AMBIENTAL<\/strong>: representant ambiental de l\u2019alumnat de l\u2019escola.<\/li>\n<li><strong>COMUNICACI\u00d3:<\/strong> volem afavorir l\u2019intercanvi d\u2019experi\u00e8ncies, la comunicaci\u00f3 i el di\u00e0leg entre tota la comunitat educativa.<\/li>\n<li><strong>DIES MUNDIALS<\/strong>: participem en la celebraci\u00f3 i difusi\u00f3 dels Dies Mundials relacionats amb el Medi Ambient i amb la conviv\u00e8ncia social.<\/li>\n<li><strong>LLIBRE MEDI AMBIENT<\/strong>: fomentem l\u2019intercanvi de contes ambientals entre l\u2019escola i la fam\u00edlia.<\/li>\n<li><strong>VIA VERDA I ROSERAR<\/strong>: coneguem els arbustos i arbres de la nostra escola.<\/li>\n<li><strong>TALLER HORT ECOL\u00d2GIC<\/strong>: despertem l\u2019inter\u00e8s per l\u2019entorn i pel coneixement del m\u00f3n natural i rural.<\/li>\n<li><strong>VIDA SALUDABLE: <\/strong>fomentem accions per potenciar els h\u00e0bits saludables.<\/li>\n<li><strong>\u00a0ESTALVI ENERG\u00c8TIC<\/strong>: fomentem l\u2019estalvi energ\u00e8tic,<\/li>\n<\/ol>\n","protected":false},"excerpt":{"rendered":"<p>RECOLLIDA SELECTIVA: identifiquem i classifiquem la brossa que generem al centre i implantem la recollida selectiva (paper, pl\u00e0stic, org\u00e0nica). GESTI\u00d3 [&hellip;]<\/p>\n","protected":false},"author":1,"featured_media":0,"parent":590,"menu_order":0,"comment_status":"closed","ping_status":"closed","template":"page-templates\/side-menu.php","meta":{"_bbp_topic_count":0,"_bbp_reply_count":0,"_bbp_total_topic_count":0,"_bbp_total_reply_count":0,"_bbp_voice_count":0,"_bbp_anonymous_reply_count":0,"_bbp_topic_count_hidden":0,"_bbp_reply_count_hidden":0,"_bbp_forum_subforum_count":0,"site-sidebar-layout":"default","site-content-layout":"","ast-site-content-layout":"","site-content-style":"default","site-sidebar-style":"default","ast-global-header-display":"","ast-banner-title-visibility":"","ast-main-header-display":"","ast-hfb-above-header-display":"","ast-hfb-below-header-display":"","ast-hfb-mobile-header-display":"","site-post-title":"","ast-breadcrumbs-content":"","ast-featured-img":"","footer-sml-layout":"","theme-transparent-header-meta":"","adv-header-id-meta":"","stick-header-meta":"","header-above-stick-meta":"","header-main-stick-meta":"","header-below-stick-meta":"","astra-migrate-meta-layouts":"default","ast-page-background-enabled":"default","ast-page-background-meta":{"desktop":{"background-color":"var(--ast-global-color-4)","background-image":"","background-repeat":"repeat","background-position":"center center","background-size":"auto","background-attachment":"scroll","background-type":"","background-media":"","overlay-type":"","overlay-color":"","overlay-opacity":"","overlay-gradient":""},"tablet":{"background-color":"","background-image":"","background-repeat":"repeat","background-position":"center center","background-size":"auto","background-attachment":"scroll","background-type":"","background-media":"","overlay-type":"","overlay-color":"","overlay-opacity":"","overlay-gradient":""},"mobile":{"background-color":"","background-image":"","background-repeat":"repeat","background-position":"center center","background-size":"auto","background-attachment":"scroll","background-type":"","background-media":"","overlay-type":"","overlay-color":"","overlay-opacity":"","overlay-gradient":""}},"ast-content-background-meta":{"desktop":{"background-color":"var(--ast-global-color-5)","background-image":"","background-repeat":"repeat","background-position":"center center","background-size":"auto","background-attachment":"scroll","background-type":"","background-media":"","overlay-type":"","overlay-color":"","overlay-opacity":"","overlay-gradient":""},"tablet":{"background-color":"var(--ast-global-color-5)","background-image":"","background-repeat":"repeat","background-position":"center center","background-size":"auto","background-attachment":"scroll","background-type":"","background-media":"","overlay-type":"","overlay-color":"","overlay-opacity":"","overlay-gradient":""},"mobile":{"background-color":"var(--ast-global-color-5)","background-image":"","background-repeat":"repeat","background-position":"center center","background-size":"auto","background-attachment":"scroll","background-type":"","background-media":"","overlay-type":"","overlay-color":"","overlay-opacity":"","overlay-gradient":""}},"footnotes":""},"class_list":["post-605","page","type-page","status-publish","hentry"],"post_mailing_queue_ids":[],"_links":{"self":[{"href":"https:\/\/agora.xtec.cat\/escola-isabel-besora\/wp-json\/wp\/v2\/pages\/605","targetHints":{"allow":["GET"]}}],"collection":[{"href":"https:\/\/agora.xtec.cat\/escola-isabel-besora\/wp-json\/wp\/v2\/pages"}],"about":[{"href":"https:\/\/agora.xtec.cat\/escola-isabel-besora\/wp-json\/wp\/v2\/types\/page"}],"author":[{"embeddable":true,"href":"https:\/\/agora.xtec.cat\/escola-isabel-besora\/wp-json\/wp\/v2\/users\/1"}],"replies":[{"embeddable":true,"href":"https:\/\/agora.xtec.cat\/escola-isabel-besora\/wp-json\/wp\/v2\/comments?post=605"}],"version-history":[{"count":4,"href":"https:\/\/agora.xtec.cat\/escola-isabel-besora\/wp-json\/wp\/v2\/pages\/605\/revisions"}],"predecessor-version":[{"id":5941,"href":"https:\/\/agora.xtec.cat\/escola-isabel-besora\/wp-json\/wp\/v2\/pages\/605\/revisions\/5941"}],"up":[{"embeddable":true,"href":"https:\/\/agora.xtec.cat\/escola-isabel-besora\/wp-json\/wp\/v2\/pages\/590"}],"wp:attachment":[{"href":"https:\/\/agora.xtec.cat\/escola-isabel-besora\/wp-json\/wp\/v2\/media?parent=605"}],"curies":[{"name":"wp","href":"https:\/\/api.w.org\/{rel}","templated":true}]}}