{"id":22,"date":"2014-09-18T12:19:57","date_gmt":"2014-09-18T11:19:57","guid":{"rendered":"http:\/\/agora.xtec.cat\/escola-isabel-besora\/?page_id=22"},"modified":"2023-11-27T11:03:16","modified_gmt":"2023-11-27T10:03:16","slug":"lescola","status":"publish","type":"page","link":"https:\/\/agora.xtec.cat\/escola-isabel-besora\/lescola\/","title":{"rendered":"L&#8217;escola"},"content":{"rendered":"<p>L\u2019Escola Isabel Besora \u00e9s un centre educatiu de titularitat p\u00fablica i, per tant, ha de seguir les directrius i normatives establertes pel<br \/>\nDepartament d\u2019Ensenyament de la Generalitat de Catalunya.<\/p>\n<p>Impartim doc\u00e8ncia de segon cicle d\u2019Educaci\u00f3 Infantil (3-6 anys) i d\u2019Educaci\u00f3 Prim\u00e0ria (6-12 anys). Actualment hi ha 360 alumnes i 30 mestres.<\/p>\n<p><strong>L&#8217;horari lectiu \u00e9s de 8:30 a 12:00 del mat\u00ed, i de les 14:30 a 16:00 de la tarda.<br \/>\n<\/strong><\/p>\n<p>La nostra escola pret\u00e9n que \u201c<i>La cultura catalana sigui vehicle i uni\u00f3 cultural de tot l\u2019alumnat<\/i>\u201d, per aix\u00f2 establim lligams de col\u00b7laboraci\u00f3 amb els diferents \u00e0mbits reusencs per tal d\u2019apropar l\u2019escola al seu entorn cultural. L\u2019objectiu de la nostra escola \u00e9s fer que l\u2019alumnat sigui el protagonista del seu proc\u00e9s d\u2019aprenentatge, estimulant la seva curiositat, motivaci\u00f3 i inter\u00e8s. Treballem per a l\u2019equitat i per a l&#8217;excel\u00b7l\u00e8ncia dels alumnes i per a que cadascun d\u2019ells arribi al m\u00e0xim de les seves possibilitats.<\/p>\n<p>Alguns dels nostres<strong> criteris educatius<\/strong> s\u00f3n:<\/p>\n<ul>\n<li>El foment dels <strong>valors democr\u00e0tics<\/strong> a trav\u00e9s del respecte al pluralisme, dels comportaments no violents i no discriminadors.<\/li>\n<li>La <strong>coeducaci\u00f3 i l&#8217;educaci\u00f3 per a la pau i la conviv\u00e8ncia<\/strong>.<\/li>\n<li>El <strong>respecte al medi ambient<\/strong> i la responsabilitat davant el consum.<\/li>\n<li>La <strong>col\u00b7laboraci\u00f3<\/strong> amb l<strong>&#8216;entorn social<\/strong> i cultural.<\/li>\n<li>Utilitzem les <b>Noves Tecnologies<\/b>.<\/li>\n<li>Aprenentatge de <b>l\u2019Angl\u00e8s <\/b>a partir de I3.<\/li>\n<li>Introdu\u00efm la <b>Inform\u00e0tica <\/b>a I3.<\/li>\n<li>Treballem en <b>Projectes<\/b>, <b>Tallers<\/b> i <b>Centres d\u2019inter\u00e8s<\/b>, per tractar diferents aspectes transversals del curr\u00edculum.<\/li>\n<li>Emprem <b>l\u2019Angl\u00e8s <\/b>en \u00e0rees no ling\u00fc\u00edstiques.<\/li>\n<li>Tenim mestres especialistes de <b>M\u00fasica<\/b>, <b>E. F\u00edsica<\/b>, <b>Religi\u00f3<\/b>, <b>Angl\u00e8s <\/b>i <b>E. Especial<\/b>.<\/li>\n<li>Comptem amb un <b>p<\/b><b>rofessorat <\/b>comprom\u00e8s i en <b>cont\u00ednua formaci\u00f3<\/b>.<\/li>\n<li>Treballem <b>l\u2019hort <\/b>i <b>el roserar<\/b>.<\/li>\n<li>A I3 disposem d\u2019una persona <b>T\u00e8cnica en Educaci\u00f3 Infantil<\/b> (TEI).<\/li>\n<li>Aula SIEI amb <strong>tutora<\/strong> i <strong>Educadora d&#8217;Educaci\u00f3 Especial<\/strong> (EEE).<\/li>\n<li>Eduquem per a una escola sostenible, i tenim el distintiu <b>d\u2019Escola Verda <\/b>i<b> Escola Mindfunless<\/b>.<\/li>\n<\/ul>\n<p>Entre d&#8217;altres <strong>accions educatives<\/strong> destaquem:<\/p>\n<ul>\n<li>Publiquem la revista anual \u201c<b>La Tronada<\/b>\u201d.<\/li>\n<li>Celebrem les <strong>festes tradicionals<\/strong>, amb la col\u00b7laboraci\u00f3 de l\u2019AMiPA: Castanyada, Nadal i Reis, Carnaval, Sant Jordi,&#8230;<\/li>\n<li>Participem activament en els <strong>programes educatius municipals<\/strong>.<\/li>\n<li>Es fan <b>Jocs florals<\/b> per Sant Jordi.<\/li>\n<li><b>Servei de menjador<\/b> gestionat per \u00c0gora, sota la tutela del Consell Comarcal.<\/li>\n<li>L\u2019<b>AMiPA<\/b>, la nostra <b>A<\/b>ssociaci\u00f3 de <b>M<\/b>ares <b>i<\/b> <b>P<\/b>ares d\u2019<b>A<\/b>lumnes, \u00e9s din\u00e0mica i organitza diferents activitats extraescolars i acollida de mat\u00ed, migdia i tarda.<\/li>\n<\/ul>\n<p>&nbsp;<\/p>\n","protected":false},"excerpt":{"rendered":"<p>L\u2019Escola Isabel Besora \u00e9s un centre educatiu de titularitat p\u00fablica i, per tant, ha de seguir les directrius i normatives [&hellip;]<\/p>\n","protected":false},"author":1,"featured_media":0,"parent":0,"menu_order":0,"comment_status":"closed","ping_status":"closed","template":"page-templates\/side-menu.php","meta":{"_bbp_topic_count":0,"_bbp_reply_count":0,"_bbp_total_topic_count":0,"_bbp_total_reply_count":0,"_bbp_voice_count":0,"_bbp_anonymous_reply_count":0,"_bbp_topic_count_hidden":0,"_bbp_reply_count_hidden":0,"_bbp_forum_subforum_count":0,"site-sidebar-layout":"default","site-content-layout":"","ast-site-content-layout":"","site-content-style":"default","site-sidebar-style":"default","ast-global-header-display":"","ast-banner-title-visibility":"","ast-main-header-display":"","ast-hfb-above-header-display":"","ast-hfb-below-header-display":"","ast-hfb-mobile-header-display":"","site-post-title":"","ast-breadcrumbs-content":"","ast-featured-img":"","footer-sml-layout":"","theme-transparent-header-meta":"","adv-header-id-meta":"","stick-header-meta":"","header-above-stick-meta":"","header-main-stick-meta":"","header-below-stick-meta":"","astra-migrate-meta-layouts":"default","ast-page-background-enabled":"default","ast-page-background-meta":{"desktop":{"background-color":"var(--ast-global-color-4)","background-image":"","background-repeat":"repeat","background-position":"center center","background-size":"auto","background-attachment":"scroll","background-type":"","background-media":"","overlay-type":"","overlay-color":"","overlay-opacity":"","overlay-gradient":""},"tablet":{"background-color":"","background-image":"","background-repeat":"repeat","background-position":"center center","background-size":"auto","background-attachment":"scroll","background-type":"","background-media":"","overlay-type":"","overlay-color":"","overlay-opacity":"","overlay-gradient":""},"mobile":{"background-color":"","background-image":"","background-repeat":"repeat","background-position":"center center","background-size":"auto","background-attachment":"scroll","background-type":"","background-media":"","overlay-type":"","overlay-color":"","overlay-opacity":"","overlay-gradient":""}},"ast-content-background-meta":{"desktop":{"background-color":"var(--ast-global-color-5)","background-image":"","background-repeat":"repeat","background-position":"center center","background-size":"auto","background-attachment":"scroll","background-type":"","background-media":"","overlay-type":"","overlay-color":"","overlay-opacity":"","overlay-gradient":""},"tablet":{"background-color":"var(--ast-global-color-5)","background-image":"","background-repeat":"repeat","background-position":"center center","background-size":"auto","background-attachment":"scroll","background-type":"","background-media":"","overlay-type":"","overlay-color":"","overlay-opacity":"","overlay-gradient":""},"mobile":{"background-color":"var(--ast-global-color-5)","background-image":"","background-repeat":"repeat","background-position":"center center","background-size":"auto","background-attachment":"scroll","background-type":"","background-media":"","overlay-type":"","overlay-color":"","overlay-opacity":"","overlay-gradient":""}},"footnotes":""},"class_list":["post-22","page","type-page","status-publish","hentry"],"post_mailing_queue_ids":[],"_links":{"self":[{"href":"https:\/\/agora.xtec.cat\/escola-isabel-besora\/wp-json\/wp\/v2\/pages\/22","targetHints":{"allow":["GET"]}}],"collection":[{"href":"https:\/\/agora.xtec.cat\/escola-isabel-besora\/wp-json\/wp\/v2\/pages"}],"about":[{"href":"https:\/\/agora.xtec.cat\/escola-isabel-besora\/wp-json\/wp\/v2\/types\/page"}],"author":[{"embeddable":true,"href":"https:\/\/agora.xtec.cat\/escola-isabel-besora\/wp-json\/wp\/v2\/users\/1"}],"replies":[{"embeddable":true,"href":"https:\/\/agora.xtec.cat\/escola-isabel-besora\/wp-json\/wp\/v2\/comments?post=22"}],"version-history":[{"count":4,"href":"https:\/\/agora.xtec.cat\/escola-isabel-besora\/wp-json\/wp\/v2\/pages\/22\/revisions"}],"predecessor-version":[{"id":5932,"href":"https:\/\/agora.xtec.cat\/escola-isabel-besora\/wp-json\/wp\/v2\/pages\/22\/revisions\/5932"}],"wp:attachment":[{"href":"https:\/\/agora.xtec.cat\/escola-isabel-besora\/wp-json\/wp\/v2\/media?parent=22"}],"curies":[{"name":"wp","href":"https:\/\/api.w.org\/{rel}","templated":true}]}}