{"id":617,"date":"2024-12-23T15:31:24","date_gmt":"2024-12-23T14:31:24","guid":{"rendered":"https:\/\/agora.xtec.cat\/escola-hostaleria-osona\/\/?page_id=617"},"modified":"2026-04-16T13:46:48","modified_gmt":"2026-04-16T11:46:48","slug":"projecte-2","status":"publish","type":"page","link":"https:\/\/agora.xtec.cat\/escola-hostaleria-osona\/projecte-educatiu\/projecte-2\/","title":{"rendered":"EL men\u00fa degustaci\u00f3"},"content":{"rendered":"\n<figure class=\"wp-block-image size-full\"><a href=\"https:\/\/agora.xtec.cat\/escola-hostaleria-osona\/wp-content\/uploads\/usu3608\/2026\/04\/D260416.png\"><img loading=\"lazy\" decoding=\"async\" width=\"600\" height=\"857\" src=\"https:\/\/agora.xtec.cat\/escola-hostaleria-osona\/wp-content\/uploads\/usu3608\/2026\/04\/D260416.png\" alt=\"\" class=\"wp-image-1003\" srcset=\"https:\/\/agora.xtec.cat\/escola-hostaleria-osona\/wp-content\/uploads\/usu3608\/2026\/04\/D260416.png 600w, https:\/\/agora.xtec.cat\/escola-hostaleria-osona\/wp-content\/uploads\/usu3608\/2026\/04\/D260416-210x300.png 210w\" sizes=\"auto, (max-width: 600px) 100vw, 600px\" \/><\/a><\/figure>\n\n\n\n<ul class=\"wp-block-list\">\n<li>EL men\u00fa degustaci\u00f3 t\u00e9 un preu de  30 \u20ac<\/li>\n\n\n\n<li>L&#8217;hora d&#8217;entrada:&nbsp;&nbsp; dimecres i dijous de 13.30\u202fh \u2013 14.30\u202fh&nbsp; &nbsp; &nbsp; &nbsp; &nbsp; &nbsp; &nbsp;&nbsp;<\/li>\n\n\n\n<li>Hora tancament:&nbsp;a les 16.30\u202fh (Horari de l\u2019alumnat)<\/li>\n\n\n\n<li>\u00c9s important tenir en compte que els alumnes es troben en una aula d\u2019aprenentatge i l\u2019alumnat est\u00e0 realitzant un servei pedag\u00f2gic.<\/li>\n\n\n\n<li>Per reserva de drets d\u2019imatge, no est\u00e0 perm\u00e8s fer fotos dels alumnes durant el seu servei. Agra\u00efm la seva col\u00b7laboraci\u00f3 i comprensi\u00f3.<\/li>\n<\/ul>\n\n\n\n<p>Podeu consultar el men\u00fa d&#8217;hivern aqu\u00ed:<\/p>\n","protected":false},"excerpt":{"rendered":"<p>Podeu consultar el men\u00fa d&#8217;hivern aqu\u00ed:<\/p>\n","protected":false},"author":1,"featured_media":0,"parent":57,"menu_order":0,"comment_status":"closed","ping_status":"close","template":"","meta":{"site-sidebar-layout":"default","site-content-layout":"","ast-site-content-layout":"default","site-content-style":"default","site-sidebar-style":"default","ast-global-header-display":"","ast-banner-title-visibility":"","ast-main-header-display":"","ast-hfb-above-header-display":"","ast-hfb-below-header-display":"","ast-hfb-mobile-header-display":"","site-post-title":"","ast-breadcrumbs-content":"","ast-featured-img":"","footer-sml-layout":"","theme-transparent-header-meta":"","adv-header-id-meta":"","stick-header-meta":"","header-above-stick-meta":"","header-main-stick-meta":"","header-below-stick-meta":"","astra-migrate-meta-layouts":"set","ast-page-background-enabled":"default","ast-page-background-meta":{"desktop":{"background-color":"var(--ast-global-color-4)","background-image":"","background-repeat":"repeat","background-position":"center center","background-size":"auto","background-attachment":"scroll","background-type":"","background-media":"","overlay-type":"","overlay-color":"","overlay-opacity":"","overlay-gradient":""},"tablet":{"background-color":"","background-image":"","background-repeat":"repeat","background-position":"center center","background-size":"auto","background-attachment":"scroll","background-type":"","background-media":"","overlay-type":"","overlay-color":"","overlay-opacity":"","overlay-gradient":""},"mobile":{"background-color":"","background-image":"","background-repeat":"repeat","background-position":"center center","background-size":"auto","background-attachment":"scroll","background-type":"","background-media":"","overlay-type":"","overlay-color":"","overlay-opacity":"","overlay-gradient":""}},"ast-content-background-meta":{"desktop":{"background-color":"var(--ast-global-color-5)","background-image":"","background-repeat":"repeat","background-position":"center center","background-size":"auto","background-attachment":"scroll","background-type":"","background-media":"","overlay-type":"","overlay-color":"","overlay-opacity":"","overlay-gradient":""},"tablet":{"background-color":"var(--ast-global-color-5)","background-image":"","background-repeat":"repeat","background-position":"center center","background-size":"auto","background-attachment":"scroll","background-type":"","background-media":"","overlay-type":"","overlay-color":"","overlay-opacity":"","overlay-gradient":""},"mobile":{"background-color":"var(--ast-global-color-5)","background-image":"","background-repeat":"repeat","background-position":"center center","background-size":"auto","background-attachment":"scroll","background-type":"","background-media":"","overlay-type":"","overlay-color":"","overlay-opacity":"","overlay-gradient":""}},"footnotes":""},"class_list":["post-617","page","type-page","status-publish","hentry"],"post_mailing_queue_ids":[],"_links":{"self":[{"href":"https:\/\/agora.xtec.cat\/escola-hostaleria-osona\/wp-json\/wp\/v2\/pages\/617","targetHints":{"allow":["GET"]}}],"collection":[{"href":"https:\/\/agora.xtec.cat\/escola-hostaleria-osona\/wp-json\/wp\/v2\/pages"}],"about":[{"href":"https:\/\/agora.xtec.cat\/escola-hostaleria-osona\/wp-json\/wp\/v2\/types\/page"}],"author":[{"embeddable":true,"href":"https:\/\/agora.xtec.cat\/escola-hostaleria-osona\/wp-json\/wp\/v2\/users\/1"}],"replies":[{"embeddable":true,"href":"https:\/\/agora.xtec.cat\/escola-hostaleria-osona\/wp-json\/wp\/v2\/comments?post=617"}],"version-history":[{"count":6,"href":"https:\/\/agora.xtec.cat\/escola-hostaleria-osona\/wp-json\/wp\/v2\/pages\/617\/revisions"}],"predecessor-version":[{"id":1004,"href":"https:\/\/agora.xtec.cat\/escola-hostaleria-osona\/wp-json\/wp\/v2\/pages\/617\/revisions\/1004"}],"up":[{"embeddable":true,"href":"https:\/\/agora.xtec.cat\/escola-hostaleria-osona\/wp-json\/wp\/v2\/pages\/57"}],"wp:attachment":[{"href":"https:\/\/agora.xtec.cat\/escola-hostaleria-osona\/wp-json\/wp\/v2\/media?parent=617"}],"curies":[{"name":"wp","href":"https:\/\/api.w.org\/{rel}","templated":true}]}}