{"id":614,"date":"2024-12-23T15:30:48","date_gmt":"2024-12-23T14:30:48","guid":{"rendered":"https:\/\/agora.xtec.cat\/escola-hostaleria-osona\/\/?page_id=614"},"modified":"2026-04-16T13:48:47","modified_gmt":"2026-04-16T11:48:47","slug":"projecte-1","status":"publish","type":"page","link":"https:\/\/agora.xtec.cat\/escola-hostaleria-osona\/projecte-educatiu\/projecte-1\/","title":{"rendered":"El men\u00fa fonda"},"content":{"rendered":"\n<p>El men\u00fa fonda no es tornar\u00e0 a realitzar fins a finals de setembre del 2026.<\/p>\n\n\n\n<p>El men\u00fa fonda es realitza els dimarts al preu de 20\u202f\u20ac.   \u00c9s realitzat per als alumnes de 2n de Direcci\u00f3 en cuina i servit pels alumnes de PFI de  cuina i serveis.<\/p>\n\n\n\n<ul class=\"wp-block-list\">\n<li>Hora entrada:&nbsp;&nbsp;dimarts,  13.30\u202fh \u2013 14.30\u202fh&nbsp; &nbsp; &nbsp; &nbsp; &nbsp; &nbsp; &nbsp;&nbsp;Hora tancament:&nbsp;a les 16.30\u202fh (Horari de l\u2019alumnat)<\/li>\n\n\n\n<li>\u00c9s important tenir en compte que els clients es troben en una aula d\u2019aprenentatge i l\u2019alumnat est\u00e0 realitzant un servei pedag\u00f2gic.<\/li>\n\n\n\n<li>Per reserva de drets d\u2019imatge, no est\u00e0 perm\u00e8s fer fotos dels alumnes durant el seu servei. Agra\u00efm la seva col\u00b7laboraci\u00f3 i comprensi\u00f3.<\/li>\n<\/ul>\n\n\n\n<p>Podeu consultar el men\u00fa exemple:<\/p>\n\n\n\n<p><\/p>\n\n\n\n<figure class=\"wp-block-image size-full\"><a href=\"https:\/\/agora.xtec.cat\/escola-hostaleria-osona\/wp-content\/uploads\/usu3608\/2026\/03\/F260310.png\"><img loading=\"lazy\" decoding=\"async\" width=\"596\" height=\"855\" src=\"https:\/\/agora.xtec.cat\/escola-hostaleria-osona\/wp-content\/uploads\/usu3608\/2026\/03\/F260310.png\" alt=\"\" class=\"wp-image-996\" srcset=\"https:\/\/agora.xtec.cat\/escola-hostaleria-osona\/wp-content\/uploads\/usu3608\/2026\/03\/F260310.png 596w, https:\/\/agora.xtec.cat\/escola-hostaleria-osona\/wp-content\/uploads\/usu3608\/2026\/03\/F260310-209x300.png 209w\" sizes=\"auto, (max-width: 596px) 100vw, 596px\" \/><\/a><\/figure>\n","protected":false},"excerpt":{"rendered":"<p>El men\u00fa fonda no es tornar\u00e0 a realitzar fins a finals de setembre del 2026. El men\u00fa fonda es realitza els dimarts al preu de 20\u202f\u20ac. \u00c9s realitzat per als alumnes de 2n de Direcci\u00f3 en cuina i servit pels alumnes de PFI de cuina i serveis. Podeu consultar el men\u00fa exemple:<\/p>\n","protected":false},"author":1,"featured_media":0,"parent":57,"menu_order":0,"comment_status":"closed","ping_status":"close","template":"","meta":{"site-sidebar-layout":"default","site-content-layout":"","ast-site-content-layout":"default","site-content-style":"default","site-sidebar-style":"default","ast-global-header-display":"","ast-banner-title-visibility":"","ast-main-header-display":"","ast-hfb-above-header-display":"","ast-hfb-below-header-display":"","ast-hfb-mobile-header-display":"","site-post-title":"","ast-breadcrumbs-content":"","ast-featured-img":"","footer-sml-layout":"","theme-transparent-header-meta":"","adv-header-id-meta":"","stick-header-meta":"","header-above-stick-meta":"","header-main-stick-meta":"","header-below-stick-meta":"","astra-migrate-meta-layouts":"set","ast-page-background-enabled":"default","ast-page-background-meta":{"desktop":{"background-color":"var(--ast-global-color-4)","background-image":"","background-repeat":"repeat","background-position":"center center","background-size":"auto","background-attachment":"scroll","background-type":"","background-media":"","overlay-type":"","overlay-color":"","overlay-opacity":"","overlay-gradient":""},"tablet":{"background-color":"","background-image":"","background-repeat":"repeat","background-position":"center center","background-size":"auto","background-attachment":"scroll","background-type":"","background-media":"","overlay-type":"","overlay-color":"","overlay-opacity":"","overlay-gradient":""},"mobile":{"background-color":"","background-image":"","background-repeat":"repeat","background-position":"center center","background-size":"auto","background-attachment":"scroll","background-type":"","background-media":"","overlay-type":"","overlay-color":"","overlay-opacity":"","overlay-gradient":""}},"ast-content-background-meta":{"desktop":{"background-color":"var(--ast-global-color-5)","background-image":"","background-repeat":"repeat","background-position":"center center","background-size":"auto","background-attachment":"scroll","background-type":"","background-media":"","overlay-type":"","overlay-color":"","overlay-opacity":"","overlay-gradient":""},"tablet":{"background-color":"var(--ast-global-color-5)","background-image":"","background-repeat":"repeat","background-position":"center center","background-size":"auto","background-attachment":"scroll","background-type":"","background-media":"","overlay-type":"","overlay-color":"","overlay-opacity":"","overlay-gradient":""},"mobile":{"background-color":"var(--ast-global-color-5)","background-image":"","background-repeat":"repeat","background-position":"center center","background-size":"auto","background-attachment":"scroll","background-type":"","background-media":"","overlay-type":"","overlay-color":"","overlay-opacity":"","overlay-gradient":""}},"footnotes":""},"class_list":["post-614","page","type-page","status-publish","hentry"],"post_mailing_queue_ids":[],"_links":{"self":[{"href":"https:\/\/agora.xtec.cat\/escola-hostaleria-osona\/wp-json\/wp\/v2\/pages\/614","targetHints":{"allow":["GET"]}}],"collection":[{"href":"https:\/\/agora.xtec.cat\/escola-hostaleria-osona\/wp-json\/wp\/v2\/pages"}],"about":[{"href":"https:\/\/agora.xtec.cat\/escola-hostaleria-osona\/wp-json\/wp\/v2\/types\/page"}],"author":[{"embeddable":true,"href":"https:\/\/agora.xtec.cat\/escola-hostaleria-osona\/wp-json\/wp\/v2\/users\/1"}],"replies":[{"embeddable":true,"href":"https:\/\/agora.xtec.cat\/escola-hostaleria-osona\/wp-json\/wp\/v2\/comments?post=614"}],"version-history":[{"count":6,"href":"https:\/\/agora.xtec.cat\/escola-hostaleria-osona\/wp-json\/wp\/v2\/pages\/614\/revisions"}],"predecessor-version":[{"id":1006,"href":"https:\/\/agora.xtec.cat\/escola-hostaleria-osona\/wp-json\/wp\/v2\/pages\/614\/revisions\/1006"}],"up":[{"embeddable":true,"href":"https:\/\/agora.xtec.cat\/escola-hostaleria-osona\/wp-json\/wp\/v2\/pages\/57"}],"wp:attachment":[{"href":"https:\/\/agora.xtec.cat\/escola-hostaleria-osona\/wp-json\/wp\/v2\/media?parent=614"}],"curies":[{"name":"wp","href":"https:\/\/api.w.org\/{rel}","templated":true}]}}