{"id":57,"date":"2014-09-17T17:01:07","date_gmt":"2014-09-17T17:01:07","guid":{"rendered":"http:\/\/agora.xtec.cat\/escola-hostaleria-osona\/\/?page_id=57"},"modified":"2025-10-28T15:56:22","modified_gmt":"2025-10-28T14:56:22","slug":"projecte-educatiu","status":"publish","type":"page","link":"https:\/\/agora.xtec.cat\/escola-hostaleria-osona\/projecte-educatiu\/","title":{"rendered":"El Restaurant de l&#8217;escola"},"content":{"rendered":"\n<p>El Restaurant de l&#8217;escola, d&#8217;hostaleria, amb m\u00e9s de 15 anys d&#8217;hist\u00f2ria, \u00e9s un referent de la cuina en el territori. Els nostres alumnes elaboren i serveixen els plats elaborats per ells mateixos.<\/p>\n\n\n\n<ul class=\"wp-block-list\">\n<li>Hora entrada:\u00a0\u00a0dimarts, dimecres i dijous de 13.30\u202fh &#8211; 14.30\u202fh\u00a0 \u00a0 \u00a0 \u00a0 \u00a0 \u00a0 \u00a0\u00a0Hora tancament:\u00a0a les 16.30\u202fh (Horari de l&#8217;alumnat)<\/li>\n\n\n\n<li>\u00c9s important tenir en compte que els clients es troben en una aula d&#8217;aprenentatge i l&#8217;alumnat est\u00e0 realitzant un servei pedag\u00f2gic. <\/li>\n\n\n\n<li>Per reserva de drets d&#8217;imatge, no est\u00e0 perm\u00e8s fer fotos dels alumnes durant el seu servei. Agra\u00efm la seva col\u00b7laboraci\u00f3 i comprensi\u00f3.<\/li>\n<\/ul>\n\n\n\n<figure class=\"wp-block-image size-large\"><a href=\"https:\/\/agora.xtec.cat\/escola-hostaleria-osona\/wp-content\/uploads\/usu3608\/2025\/10\/restaurant.jpeg\"><img loading=\"lazy\" decoding=\"async\" width=\"1024\" height=\"682\" src=\"https:\/\/agora.xtec.cat\/escola-hostaleria-osona\/wp-content\/uploads\/usu3608\/2025\/10\/restaurant-1024x682.jpeg\" alt=\"\" class=\"wp-image-822\" srcset=\"https:\/\/agora.xtec.cat\/escola-hostaleria-osona\/wp-content\/uploads\/usu3608\/2025\/10\/restaurant-1024x682.jpeg 1024w, https:\/\/agora.xtec.cat\/escola-hostaleria-osona\/wp-content\/uploads\/usu3608\/2025\/10\/restaurant-300x200.jpeg 300w, https:\/\/agora.xtec.cat\/escola-hostaleria-osona\/wp-content\/uploads\/usu3608\/2025\/10\/restaurant-768x512.jpeg 768w, https:\/\/agora.xtec.cat\/escola-hostaleria-osona\/wp-content\/uploads\/usu3608\/2025\/10\/restaurant-1536x1023.jpeg 1536w, https:\/\/agora.xtec.cat\/escola-hostaleria-osona\/wp-content\/uploads\/usu3608\/2025\/10\/restaurant.jpeg 1600w\" sizes=\"auto, (max-width: 1024px) 100vw, 1024px\" \/><\/a><\/figure>\n","protected":false},"excerpt":{"rendered":"<p>El Restaurant de l&#8217;escola, d&#8217;hostaleria, amb m\u00e9s de 15 anys d&#8217;hist\u00f2ria, \u00e9s un referent de la cuina en el territori. Els nostres alumnes elaboren i serveixen els plats elaborats per ells mateixos.<\/p>\n","protected":false},"author":1,"featured_media":0,"parent":0,"menu_order":0,"comment_status":"closed","ping_status":"closed","template":"","meta":{"site-sidebar-layout":"default","site-content-layout":"","ast-site-content-layout":"default","site-content-style":"default","site-sidebar-style":"default","ast-global-header-display":"","ast-banner-title-visibility":"","ast-main-header-display":"","ast-hfb-above-header-display":"","ast-hfb-below-header-display":"","ast-hfb-mobile-header-display":"","site-post-title":"","ast-breadcrumbs-content":"","ast-featured-img":"","footer-sml-layout":"","theme-transparent-header-meta":"","adv-header-id-meta":"","stick-header-meta":"","header-above-stick-meta":"","header-main-stick-meta":"","header-below-stick-meta":"","astra-migrate-meta-layouts":"set","ast-page-background-enabled":"default","ast-page-background-meta":{"desktop":{"background-color":"var(--ast-global-color-4)","background-image":"","background-repeat":"repeat","background-position":"center center","background-size":"auto","background-attachment":"scroll","background-type":"","background-media":"","overlay-type":"","overlay-color":"","overlay-opacity":"","overlay-gradient":""},"tablet":{"background-color":"","background-image":"","background-repeat":"repeat","background-position":"center center","background-size":"auto","background-attachment":"scroll","background-type":"","background-media":"","overlay-type":"","overlay-color":"","overlay-opacity":"","overlay-gradient":""},"mobile":{"background-color":"","background-image":"","background-repeat":"repeat","background-position":"center center","background-size":"auto","background-attachment":"scroll","background-type":"","background-media":"","overlay-type":"","overlay-color":"","overlay-opacity":"","overlay-gradient":""}},"ast-content-background-meta":{"desktop":{"background-color":"var(--ast-global-color-5)","background-image":"","background-repeat":"repeat","background-position":"center center","background-size":"auto","background-attachment":"scroll","background-type":"","background-media":"","overlay-type":"","overlay-color":"","overlay-opacity":"","overlay-gradient":""},"tablet":{"background-color":"var(--ast-global-color-5)","background-image":"","background-repeat":"repeat","background-position":"center center","background-size":"auto","background-attachment":"scroll","background-type":"","background-media":"","overlay-type":"","overlay-color":"","overlay-opacity":"","overlay-gradient":""},"mobile":{"background-color":"var(--ast-global-color-5)","background-image":"","background-repeat":"repeat","background-position":"center center","background-size":"auto","background-attachment":"scroll","background-type":"","background-media":"","overlay-type":"","overlay-color":"","overlay-opacity":"","overlay-gradient":""}},"footnotes":""},"class_list":["post-57","page","type-page","status-publish","hentry"],"post_mailing_queue_ids":[],"_links":{"self":[{"href":"https:\/\/agora.xtec.cat\/escola-hostaleria-osona\/wp-json\/wp\/v2\/pages\/57","targetHints":{"allow":["GET"]}}],"collection":[{"href":"https:\/\/agora.xtec.cat\/escola-hostaleria-osona\/wp-json\/wp\/v2\/pages"}],"about":[{"href":"https:\/\/agora.xtec.cat\/escola-hostaleria-osona\/wp-json\/wp\/v2\/types\/page"}],"author":[{"embeddable":true,"href":"https:\/\/agora.xtec.cat\/escola-hostaleria-osona\/wp-json\/wp\/v2\/users\/1"}],"replies":[{"embeddable":true,"href":"https:\/\/agora.xtec.cat\/escola-hostaleria-osona\/wp-json\/wp\/v2\/comments?post=57"}],"version-history":[{"count":3,"href":"https:\/\/agora.xtec.cat\/escola-hostaleria-osona\/wp-json\/wp\/v2\/pages\/57\/revisions"}],"predecessor-version":[{"id":823,"href":"https:\/\/agora.xtec.cat\/escola-hostaleria-osona\/wp-json\/wp\/v2\/pages\/57\/revisions\/823"}],"wp:attachment":[{"href":"https:\/\/agora.xtec.cat\/escola-hostaleria-osona\/wp-json\/wp\/v2\/media?parent=57"}],"curies":[{"name":"wp","href":"https:\/\/api.w.org\/{rel}","templated":true}]}}