{"id":77,"date":"2014-09-18T14:05:08","date_gmt":"2014-09-18T13:05:08","guid":{"rendered":"http:\/\/agora.xtec.cat\/ceipheura\/?page_id=77"},"modified":"2025-09-18T10:36:30","modified_gmt":"2025-09-18T08:36:30","slug":"acollida","status":"publish","type":"page","link":"https:\/\/agora.xtec.cat\/escola-heura\/afa\/acollida\/","title":{"rendered":"Acollida"},"content":{"rendered":"<h4><strong>SAM (Servei d&#8217;Acollida Matinal)<\/strong><\/h4>\n<ul>\n<li>\u00c9s un servei optatiu d\u2019acollida matinal (de 7.20 h a 9.00 h) per a les fam\u00edlies de l\u2019escola. <span style=\"font-weight: 400;\">Aquest servei tamb\u00e9 est\u00e0 contractat per l\u2019AFA amb l\u2019empresa Valors, que porta la gesti\u00f3 amb el vistiplau del Consell escolar.<\/span><\/li>\n<li><span style=\"font-weight: 400;\">Se\u2019n pot fer \u00fas des de l\u2019inici de curs, excepte els infants d&#8217;I3, que el podran utilitzar a partir d\u2019octubre.<br \/>\n<\/span><\/li>\n<li><span style=\"font-weight: 400;\"><strong>MODALITATS DE PAGAMENT.<\/strong> Hi ha diverses modalitats de pagament en funci\u00f3 del seu \u00fas i de la franja hor\u00e0ria definida:<\/span><\/li>\n<\/ul>\n<table style=\"height: 96px; width: 93.7823%; border-collapse: collapse;\">\n<tbody>\n<tr style=\"height: 32px;\">\n<td style=\"height: 32px; width: 39.9351%;\"><strong>Servei<\/strong><\/td>\n<td style=\"height: 32px; width: 20.2381%;\"><strong>1\u202fh 40 min<br \/>\n<\/strong><strong>(de 7:20 h a 9:00 h)<\/strong><\/td>\n<td style=\"height: 32px; width: 19.5887%;\"><strong>1 h 15 min<br \/>\n(de 7:45 h a 9:00 h<\/strong><\/td>\n<td style=\"height: 32px; width: 81.6017%;\"><strong>0:30 min<br \/>\n(de 8:30 h a 9:00 h)<\/strong><\/td>\n<\/tr>\n<tr style=\"height: 32px;\">\n<td style=\"height: 32px; width: 39.9351%;\"><strong>Acollida mat\u00ed (5 dies)<\/strong><\/td>\n<td style=\"height: 32px; width: 20.2381%;\">41,00 \u20ac<\/td>\n<td style=\"height: 32px; width: 19.5887%;\">34,00 \u20ac<\/td>\n<td style=\"height: 32px; width: 81.6017%;\">25,00 \u20ac<\/td>\n<\/tr>\n<tr style=\"height: 32px;\">\n<td style=\"height: 32px; width: 39.9351%;\"><strong>Acollida mat\u00ed (espor\u00e0dic)<\/strong><\/td>\n<td style=\"height: 32px; width: 20.2381%;\">5,00 \u20ac<\/td>\n<td style=\"height: 32px; width: 19.5887%;\">3,00 \u20ac<\/td>\n<td style=\"height: 32px; width: 81.6017%;\">2,50 \u20ac<\/td>\n<\/tr>\n<\/tbody>\n<\/table>\n<ul>\n<li style=\"font-weight: 400;\" aria-level=\"1\"><b>INSCRIPCI\u00d3<\/b><span style=\"font-weight: 400;\">: Per fer \u00fas del<\/span><span style=\"font-weight: 400;\"> servei de manera fixa,<\/span><span style=\"font-weight: 400;\"> cal haver fet la inscripci\u00f3 mitjan\u00e7ant l\u2019aplicatiu de Valors, seguint aquests passos:<\/span>\n<ul>\n<li style=\"font-weight: 400;\" aria-level=\"2\"><span style=\"font-weight: 400;\">Registrar-se dins l\u2019aplicatiu: <\/span><a href=\"https:\/\/inscripcions.somvalors.com\/login\/\"><span style=\"font-weight: 400;\">Inscripcions.somvalors.com<\/span><\/a><\/li>\n<li style=\"font-weight: 400;\" aria-level=\"2\"><span style=\"font-weight: 400;\">Seguir les instruccions del <a href=\"https:\/\/agora.xtec.cat\/escola-heura\/wp-content\/uploads\/usu2926\/2024\/04\/Instruccions-inscripcions-online.pdf\">PDF Instruccions<\/a><\/span><i><span style=\"font-weight: 400;\">. <\/span><\/i><span style=\"font-weight: 400;\">El Codi que cal introduir \u00e9s HEU1010<\/span><\/li>\n<li style=\"font-weight: 400;\" aria-level=\"2\"><span style=\"font-weight: 400;\">Un cop registrats, clicar sobre l\u2019acc\u00e9s directe \u201cNOVA INSCRIPCI\u00d3\u201d<\/span><\/li>\n<li style=\"font-weight: 400;\" aria-level=\"2\"><span style=\"font-weight: 400;\">Seleccionar \u201cACOLLIDES 2025\/26\u201d<\/span><\/li>\n<li style=\"font-weight: 400;\" aria-level=\"2\"><span style=\"font-weight: 400;\">A l\u2019apartat \u201cACOLLIDA MATINAL\u201d seleccionar la franja hor\u00e0ria.<\/span><\/li>\n<\/ul>\n<\/li>\n<\/ul>\n<p>Les seves <strong>funcions<\/strong> principals s\u00f3n:<\/p>\n<ul>\n<li>Tenir cura dels infants que utilitzen el servei.<\/li>\n<li>Disposar de material que ofereixi possibilitats de joc i entreteniment.<\/li>\n<li>Mantenir contacte amb l\u2019equip coordinador per establir un lligam amb la l\u00ednia pedag\u00f2gica de l\u2019escola.<\/li>\n<\/ul>\n","protected":false},"excerpt":{"rendered":"<p>SAM (Servei d&#8217;Acollida Matinal) \u00c9s un servei optatiu d\u2019acollida matinal (de 7.20 h a 9.00 h) per a les fam\u00edlies de l\u2019escola. Aquest servei tamb\u00e9 est\u00e0 contractat per l\u2019AFA amb l\u2019empresa Valors, que porta la gesti\u00f3 amb el vistiplau del Consell escolar. Se\u2019n pot fer \u00fas des de l\u2019inici de curs, excepte els infants d&#8217;I3, [&hellip;]<\/p>\n","protected":false},"author":1,"featured_media":0,"parent":66,"menu_order":20,"comment_status":"closed","ping_status":"closed","template":"page-templates\/side-menu.php","meta":{"_bbp_topic_count":0,"_bbp_reply_count":0,"_bbp_total_topic_count":0,"_bbp_total_reply_count":0,"_bbp_voice_count":0,"_bbp_anonymous_reply_count":0,"_bbp_topic_count_hidden":0,"_bbp_reply_count_hidden":0,"_bbp_forum_subforum_count":0,"site-sidebar-layout":"default","site-content-layout":"","ast-site-content-layout":"","site-content-style":"default","site-sidebar-style":"default","ast-global-header-display":"","ast-banner-title-visibility":"","ast-main-header-display":"","ast-hfb-above-header-display":"","ast-hfb-below-header-display":"","ast-hfb-mobile-header-display":"","site-post-title":"","ast-breadcrumbs-content":"","ast-featured-img":"","footer-sml-layout":"","theme-transparent-header-meta":"","adv-header-id-meta":"","stick-header-meta":"","header-above-stick-meta":"","header-main-stick-meta":"","header-below-stick-meta":"","astra-migrate-meta-layouts":"default","ast-page-background-enabled":"default","ast-page-background-meta":{"desktop":{"background-color":"var(--ast-global-color-4)","background-image":"","background-repeat":"repeat","background-position":"center center","background-size":"auto","background-attachment":"scroll","background-type":"","background-media":"","overlay-type":"","overlay-color":"","overlay-opacity":"","overlay-gradient":""},"tablet":{"background-color":"","background-image":"","background-repeat":"repeat","background-position":"center center","background-size":"auto","background-attachment":"scroll","background-type":"","background-media":"","overlay-type":"","overlay-color":"","overlay-opacity":"","overlay-gradient":""},"mobile":{"background-color":"","background-image":"","background-repeat":"repeat","background-position":"center center","background-size":"auto","background-attachment":"scroll","background-type":"","background-media":"","overlay-type":"","overlay-color":"","overlay-opacity":"","overlay-gradient":""}},"ast-content-background-meta":{"desktop":{"background-color":"var(--ast-global-color-5)","background-image":"","background-repeat":"repeat","background-position":"center center","background-size":"auto","background-attachment":"scroll","background-type":"","background-media":"","overlay-type":"","overlay-color":"","overlay-opacity":"","overlay-gradient":""},"tablet":{"background-color":"var(--ast-global-color-5)","background-image":"","background-repeat":"repeat","background-position":"center center","background-size":"auto","background-attachment":"scroll","background-type":"","background-media":"","overlay-type":"","overlay-color":"","overlay-opacity":"","overlay-gradient":""},"mobile":{"background-color":"var(--ast-global-color-5)","background-image":"","background-repeat":"repeat","background-position":"center center","background-size":"auto","background-attachment":"scroll","background-type":"","background-media":"","overlay-type":"","overlay-color":"","overlay-opacity":"","overlay-gradient":""}},"footnotes":""},"class_list":["post-77","page","type-page","status-publish","hentry"],"post_mailing_queue_ids":[],"_links":{"self":[{"href":"https:\/\/agora.xtec.cat\/escola-heura\/wp-json\/wp\/v2\/pages\/77","targetHints":{"allow":["GET"]}}],"collection":[{"href":"https:\/\/agora.xtec.cat\/escola-heura\/wp-json\/wp\/v2\/pages"}],"about":[{"href":"https:\/\/agora.xtec.cat\/escola-heura\/wp-json\/wp\/v2\/types\/page"}],"author":[{"embeddable":true,"href":"https:\/\/agora.xtec.cat\/escola-heura\/wp-json\/wp\/v2\/users\/1"}],"replies":[{"embeddable":true,"href":"https:\/\/agora.xtec.cat\/escola-heura\/wp-json\/wp\/v2\/comments?post=77"}],"version-history":[{"count":6,"href":"https:\/\/agora.xtec.cat\/escola-heura\/wp-json\/wp\/v2\/pages\/77\/revisions"}],"predecessor-version":[{"id":5221,"href":"https:\/\/agora.xtec.cat\/escola-heura\/wp-json\/wp\/v2\/pages\/77\/revisions\/5221"}],"up":[{"embeddable":true,"href":"https:\/\/agora.xtec.cat\/escola-heura\/wp-json\/wp\/v2\/pages\/66"}],"wp:attachment":[{"href":"https:\/\/agora.xtec.cat\/escola-heura\/wp-json\/wp\/v2\/media?parent=77"}],"curies":[{"name":"wp","href":"https:\/\/api.w.org\/{rel}","templated":true}]}}