{"id":71,"date":"2014-09-18T12:44:56","date_gmt":"2014-09-18T10:44:56","guid":{"rendered":"http:\/\/agora.xtec.cat\/ceipheura\/?page_id=71"},"modified":"2023-06-27T16:40:09","modified_gmt":"2023-06-27T14:40:09","slug":"serveis-digitals","status":"publish","type":"page","link":"https:\/\/agora.xtec.cat\/escola-heura\/lescola\/serveis-digitals\/","title":{"rendered":"Estrat\u00e8gia Digital de Centre"},"content":{"rendered":"<p><strong>Iniciem el Pla per elaborar la nostra Estrat\u00e8gia Digital de Centre (EDC)\u00a0<\/strong><\/p>\n<div class=\"ast-oembed-container \" style=\"height: 100%;\"><iframe loading=\"lazy\" title=\"Estrat\u00e8gia digital de centre\" width=\"500\" height=\"281\" src=\"https:\/\/www.youtube.com\/embed\/uS5UUZIYLPQ?feature=oembed\" frameborder=\"0\" allow=\"accelerometer; autoplay; clipboard-write; encrypted-media; gyroscope; picture-in-picture; web-share\" referrerpolicy=\"strict-origin-when-cross-origin\" allowfullscreen><\/iframe><\/div>\n<p>L&#8217;estrat\u00e8gia digital de centre (EDC) defineix i concreta les l\u00ednies d&#8217;actuaci\u00f3 d&#8217;un centre que fan possible que docents, alumnat i centre assoleixin la compet\u00e8ncia digital. Per aconseguir aquesta compet\u00e8ncia digital, l&#8217;EDC compr\u00e8n tots els \u00e0mbits del centre: organitzatius, metodol\u00f2gics, curriculars i comunicatius, els quals s&#8217;han de veure necess\u00e0riament implicats i, si escau, transformats, des d\u2019una perspectiva d&#8217;innovaci\u00f3 i de millora cont\u00ednua.<\/p>\n<p>Els objectius de l&#8217;EDC es poden agrupar en cinc \u00e0mbits, que tenen com a fita el m\u00e0xim assoliment de la compet\u00e8ncia digital de l\u2019alumnat, del professorat i del centre:<\/p>\n<ul>\n<li>Assoliment de la compet\u00e8ncia digital<\/li>\n<li>Planificaci\u00f3 estrat\u00e8gica i organitzaci\u00f3<\/li>\n<li>Metodologies did\u00e0ctiques i innovaci\u00f3<\/li>\n<li>Inclusi\u00f3 digital i de g\u00e8nere<\/li>\n<li>Seguretat i protecci\u00f3 de dades<\/li>\n<\/ul>\n<p>Accedeix a la nostra Estrat\u00e8gia Digital de Centre:<\/p>\n<p><a href=\"https:\/\/wp.escolaheura.cat\/edcescolaheura\/\" target=\"_blank\" rel=\"noopener\"><img loading=\"lazy\" decoding=\"async\" class=\"aligncenter wp-image-3076 size-large\" src=\"https:\/\/agora.xtec.cat\/escola-heura\/wp-content\/uploads\/usu2926\/2023\/06\/EDC-1024x324.jpg\" alt=\"https:\/\/wp.escolaheura.cat\/edcescolaheura\/\" width=\"1024\" height=\"324\" srcset=\"https:\/\/agora.xtec.cat\/escola-heura\/wp-content\/uploads\/usu2926\/2023\/06\/EDC-1024x324.jpg 1024w, https:\/\/agora.xtec.cat\/escola-heura\/wp-content\/uploads\/usu2926\/2023\/06\/EDC-300x95.jpg 300w, https:\/\/agora.xtec.cat\/escola-heura\/wp-content\/uploads\/usu2926\/2023\/06\/EDC-768x243.jpg 768w, https:\/\/agora.xtec.cat\/escola-heura\/wp-content\/uploads\/usu2926\/2023\/06\/EDC-1536x486.jpg 1536w, https:\/\/agora.xtec.cat\/escola-heura\/wp-content\/uploads\/usu2926\/2023\/06\/EDC.jpg 1868w\" sizes=\"auto, (max-width: 1024px) 100vw, 1024px\" \/><\/a><\/p>\n","protected":false},"excerpt":{"rendered":"<p>Iniciem el Pla per elaborar la nostra Estrat\u00e8gia Digital de Centre (EDC)\u00a0 L&#8217;estrat\u00e8gia digital de centre (EDC) defineix i concreta les l\u00ednies d&#8217;actuaci\u00f3 d&#8217;un centre que fan possible que docents, alumnat i centre assoleixin la compet\u00e8ncia digital. Per aconseguir aquesta compet\u00e8ncia digital, l&#8217;EDC compr\u00e8n tots els \u00e0mbits del centre: organitzatius, metodol\u00f2gics, curriculars i comunicatius, els [&hellip;]<\/p>\n","protected":false},"author":1,"featured_media":0,"parent":22,"menu_order":9,"comment_status":"closed","ping_status":"closed","template":"page-templates\/side-menu.php","meta":{"_bbp_topic_count":0,"_bbp_reply_count":0,"_bbp_total_topic_count":0,"_bbp_total_reply_count":0,"_bbp_voice_count":0,"_bbp_anonymous_reply_count":0,"_bbp_topic_count_hidden":0,"_bbp_reply_count_hidden":0,"_bbp_forum_subforum_count":0,"site-sidebar-layout":"default","site-content-layout":"","ast-site-content-layout":"","site-content-style":"default","site-sidebar-style":"default","ast-global-header-display":"","ast-banner-title-visibility":"","ast-main-header-display":"","ast-hfb-above-header-display":"","ast-hfb-below-header-display":"","ast-hfb-mobile-header-display":"","site-post-title":"","ast-breadcrumbs-content":"","ast-featured-img":"","footer-sml-layout":"","theme-transparent-header-meta":"","adv-header-id-meta":"","stick-header-meta":"","header-above-stick-meta":"","header-main-stick-meta":"","header-below-stick-meta":"","astra-migrate-meta-layouts":"default","ast-page-background-enabled":"default","ast-page-background-meta":{"desktop":{"background-color":"var(--ast-global-color-4)","background-image":"","background-repeat":"repeat","background-position":"center center","background-size":"auto","background-attachment":"scroll","background-type":"","background-media":"","overlay-type":"","overlay-color":"","overlay-opacity":"","overlay-gradient":""},"tablet":{"background-color":"","background-image":"","background-repeat":"repeat","background-position":"center center","background-size":"auto","background-attachment":"scroll","background-type":"","background-media":"","overlay-type":"","overlay-color":"","overlay-opacity":"","overlay-gradient":""},"mobile":{"background-color":"","background-image":"","background-repeat":"repeat","background-position":"center center","background-size":"auto","background-attachment":"scroll","background-type":"","background-media":"","overlay-type":"","overlay-color":"","overlay-opacity":"","overlay-gradient":""}},"ast-content-background-meta":{"desktop":{"background-color":"var(--ast-global-color-5)","background-image":"","background-repeat":"repeat","background-position":"center center","background-size":"auto","background-attachment":"scroll","background-type":"","background-media":"","overlay-type":"","overlay-color":"","overlay-opacity":"","overlay-gradient":""},"tablet":{"background-color":"var(--ast-global-color-5)","background-image":"","background-repeat":"repeat","background-position":"center center","background-size":"auto","background-attachment":"scroll","background-type":"","background-media":"","overlay-type":"","overlay-color":"","overlay-opacity":"","overlay-gradient":""},"mobile":{"background-color":"var(--ast-global-color-5)","background-image":"","background-repeat":"repeat","background-position":"center center","background-size":"auto","background-attachment":"scroll","background-type":"","background-media":"","overlay-type":"","overlay-color":"","overlay-opacity":"","overlay-gradient":""}},"footnotes":""},"class_list":["post-71","page","type-page","status-publish","hentry"],"post_mailing_queue_ids":[],"_links":{"self":[{"href":"https:\/\/agora.xtec.cat\/escola-heura\/wp-json\/wp\/v2\/pages\/71","targetHints":{"allow":["GET"]}}],"collection":[{"href":"https:\/\/agora.xtec.cat\/escola-heura\/wp-json\/wp\/v2\/pages"}],"about":[{"href":"https:\/\/agora.xtec.cat\/escola-heura\/wp-json\/wp\/v2\/types\/page"}],"author":[{"embeddable":true,"href":"https:\/\/agora.xtec.cat\/escola-heura\/wp-json\/wp\/v2\/users\/1"}],"replies":[{"embeddable":true,"href":"https:\/\/agora.xtec.cat\/escola-heura\/wp-json\/wp\/v2\/comments?post=71"}],"version-history":[{"count":4,"href":"https:\/\/agora.xtec.cat\/escola-heura\/wp-json\/wp\/v2\/pages\/71\/revisions"}],"predecessor-version":[{"id":1407,"href":"https:\/\/agora.xtec.cat\/escola-heura\/wp-json\/wp\/v2\/pages\/71\/revisions\/1407"}],"up":[{"embeddable":true,"href":"https:\/\/agora.xtec.cat\/escola-heura\/wp-json\/wp\/v2\/pages\/22"}],"wp:attachment":[{"href":"https:\/\/agora.xtec.cat\/escola-heura\/wp-json\/wp\/v2\/media?parent=71"}],"curies":[{"name":"wp","href":"https:\/\/api.w.org\/{rel}","templated":true}]}}