{"id":66,"date":"2014-09-18T12:40:47","date_gmt":"2014-09-18T11:40:47","guid":{"rendered":"http:\/\/agora.xtec.cat\/ceipheura\/?page_id=66"},"modified":"2026-02-06T12:01:55","modified_gmt":"2026-02-06T11:01:55","slug":"afa","status":"publish","type":"page","link":"https:\/\/agora.xtec.cat\/escola-heura\/afa\/","title":{"rendered":"AFA"},"content":{"rendered":"<h5 style=\"text-align: center;\">\u00a0<\/h5>\n<h4 style=\"text-align: center;\"><strong>Us donem la benvinguda a l&#8217;espai de fam\u00edlies de l&#8217;Escola Heura.<\/strong><\/h4>\n<h5 style=\"text-align: center;\"><del><a href=\"https:\/\/agora.xtec.cat\/escola-heura\/wp-content\/uploads\/usu2926\/2024\/11\/AFA-HEURALOGO-1-scaled.jpg\"><img loading=\"lazy\" decoding=\"async\" class=\"wp-image-4619 alignnone\" title=\"Us donem la benvinguda a l'espai de fam\u00edlies de l'Escola Heura.\" src=\"https:\/\/agora.xtec.cat\/escola-heura\/wp-content\/uploads\/usu2926\/2024\/11\/AFA-HEURALOGO-1-1024x1002.jpg\" alt=\"\" width=\"288\" height=\"282\" srcset=\"https:\/\/agora.xtec.cat\/escola-heura\/wp-content\/uploads\/usu2926\/2024\/11\/AFA-HEURALOGO-1-1024x1002.jpg 1024w, https:\/\/agora.xtec.cat\/escola-heura\/wp-content\/uploads\/usu2926\/2024\/11\/AFA-HEURALOGO-1-300x294.jpg 300w, https:\/\/agora.xtec.cat\/escola-heura\/wp-content\/uploads\/usu2926\/2024\/11\/AFA-HEURALOGO-1-768x752.jpg 768w, https:\/\/agora.xtec.cat\/escola-heura\/wp-content\/uploads\/usu2926\/2024\/11\/AFA-HEURALOGO-1-1536x1503.jpg 1536w, https:\/\/agora.xtec.cat\/escola-heura\/wp-content\/uploads\/usu2926\/2024\/11\/AFA-HEURALOGO-1-2048x2004.jpg 2048w\" sizes=\"auto, (max-width: 288px) 100vw, 288px\" \/><\/a><\/del><\/h5>\n<h5 style=\"padding-left: 40px; text-align: center;\">La col\u00b7laboraci\u00f3 de tots i totes \u00e9s molt important per dur a terme les activitats que organitza l&#8217;AFA,<\/h5>\n<h5 style=\"padding-left: 40px; text-align: center;\">aix\u00ed que us animem a participar-hi!<\/h5>\n<p>\u00a0<\/p>\n<h5 style=\"padding-left: 40px; text-align: justify;\"><strong>Voleu saber qu\u00e8 fem?<\/strong> Cliqueu a <strong><a href=\"https:\/\/agora.xtec.cat\/escola-heura\/categoria\/afa\/\">not\u00edcies<\/a>.<\/strong><\/h5>\n<p>\u00a0<\/p>\n<p style=\"text-align: right;\"><span style=\"color: #999999;\"><em>[P\u00e0gina antiga: https:\/\/blocs.xarxanet.org\/ampaheura\/ ]<\/em><\/span><\/p>\n\n\n<p><\/p>\n","protected":false},"excerpt":{"rendered":"<p>\u00a0 Us donem la benvinguda a l&#8217;espai de fam\u00edlies de l&#8217;Escola Heura. La col\u00b7laboraci\u00f3 de tots i totes \u00e9s molt important per dur a terme les activitats que organitza l&#8217;AFA, aix\u00ed que us animem a participar-hi! \u00a0 Voleu saber qu\u00e8 fem? Cliqueu a not\u00edcies. \u00a0 [P\u00e0gina antiga: https:\/\/blocs.xarxanet.org\/ampaheura\/ ]<\/p>\n","protected":false},"author":1,"featured_media":0,"parent":0,"menu_order":0,"comment_status":"closed","ping_status":"closed","template":"","meta":{"_bbp_topic_count":0,"_bbp_reply_count":0,"_bbp_total_topic_count":0,"_bbp_total_reply_count":0,"_bbp_voice_count":0,"_bbp_anonymous_reply_count":0,"_bbp_topic_count_hidden":0,"_bbp_reply_count_hidden":0,"_bbp_forum_subforum_count":0,"site-sidebar-layout":"default","site-content-layout":"","ast-site-content-layout":"default","site-content-style":"default","site-sidebar-style":"default","ast-global-header-display":"","ast-banner-title-visibility":"","ast-main-header-display":"","ast-hfb-above-header-display":"","ast-hfb-below-header-display":"","ast-hfb-mobile-header-display":"","site-post-title":"","ast-breadcrumbs-content":"","ast-featured-img":"","footer-sml-layout":"","theme-transparent-header-meta":"","adv-header-id-meta":"","stick-header-meta":"","header-above-stick-meta":"","header-main-stick-meta":"","header-below-stick-meta":"","astra-migrate-meta-layouts":"set","ast-page-background-enabled":"default","ast-page-background-meta":{"desktop":{"background-color":"var(--ast-global-color-4)","background-image":"","background-repeat":"repeat","background-position":"center center","background-size":"auto","background-attachment":"scroll","background-type":"","background-media":"","overlay-type":"","overlay-color":"","overlay-opacity":"","overlay-gradient":""},"tablet":{"background-color":"","background-image":"","background-repeat":"repeat","background-position":"center center","background-size":"auto","background-attachment":"scroll","background-type":"","background-media":"","overlay-type":"","overlay-color":"","overlay-opacity":"","overlay-gradient":""},"mobile":{"background-color":"","background-image":"","background-repeat":"repeat","background-position":"center center","background-size":"auto","background-attachment":"scroll","background-type":"","background-media":"","overlay-type":"","overlay-color":"","overlay-opacity":"","overlay-gradient":""}},"ast-content-background-meta":{"desktop":{"background-color":"var(--ast-global-color-5)","background-image":"","background-repeat":"repeat","background-position":"center center","background-size":"auto","background-attachment":"scroll","background-type":"","background-media":"","overlay-type":"","overlay-color":"","overlay-opacity":"","overlay-gradient":""},"tablet":{"background-color":"var(--ast-global-color-5)","background-image":"","background-repeat":"repeat","background-position":"center center","background-size":"auto","background-attachment":"scroll","background-type":"","background-media":"","overlay-type":"","overlay-color":"","overlay-opacity":"","overlay-gradient":""},"mobile":{"background-color":"var(--ast-global-color-5)","background-image":"","background-repeat":"repeat","background-position":"center center","background-size":"auto","background-attachment":"scroll","background-type":"","background-media":"","overlay-type":"","overlay-color":"","overlay-opacity":"","overlay-gradient":""}},"footnotes":""},"class_list":["post-66","page","type-page","status-publish","hentry"],"post_mailing_queue_ids":[],"_links":{"self":[{"href":"https:\/\/agora.xtec.cat\/escola-heura\/wp-json\/wp\/v2\/pages\/66","targetHints":{"allow":["GET"]}}],"collection":[{"href":"https:\/\/agora.xtec.cat\/escola-heura\/wp-json\/wp\/v2\/pages"}],"about":[{"href":"https:\/\/agora.xtec.cat\/escola-heura\/wp-json\/wp\/v2\/types\/page"}],"author":[{"embeddable":true,"href":"https:\/\/agora.xtec.cat\/escola-heura\/wp-json\/wp\/v2\/users\/1"}],"replies":[{"embeddable":true,"href":"https:\/\/agora.xtec.cat\/escola-heura\/wp-json\/wp\/v2\/comments?post=66"}],"version-history":[{"count":6,"href":"https:\/\/agora.xtec.cat\/escola-heura\/wp-json\/wp\/v2\/pages\/66\/revisions"}],"predecessor-version":[{"id":5939,"href":"https:\/\/agora.xtec.cat\/escola-heura\/wp-json\/wp\/v2\/pages\/66\/revisions\/5939"}],"wp:attachment":[{"href":"https:\/\/agora.xtec.cat\/escola-heura\/wp-json\/wp\/v2\/media?parent=66"}],"curies":[{"name":"wp","href":"https:\/\/api.w.org\/{rel}","templated":true}]}}