{"id":30,"date":"2014-09-18T12:30:23","date_gmt":"2014-09-18T10:30:23","guid":{"rendered":"http:\/\/agora.xtec.cat\/ceipheura\/?page_id=30"},"modified":"2026-02-24T15:32:32","modified_gmt":"2026-02-24T14:32:32","slug":"instal%c2%b7lacions","status":"publish","type":"page","link":"https:\/\/agora.xtec.cat\/escola-heura\/lescola\/instal%c2%b7lacions\/","title":{"rendered":"Documents de Centre"},"content":{"rendered":"<p><a href=\"https:\/\/docs.google.com\/document\/d\/e\/2PACX-1vRgy-g7-G3tF0SOxejQiPA0K0SXK2V8VWnNzQCO2a9rvCbortV9w35fWeKbNVsvOw\/pub\" target=\"_blank\" rel=\"noopener\">GUIA DEL CENTRE, CURS 2025-2026<\/a><\/p>\n<p><a href=\"https:\/\/drive.google.com\/file\/d\/1qLpCAs88AIBV6fAFKXE6A5Ld4q4Rdt6z\/view\" target=\"_blank\" rel=\"noopener\">NOFC ESCOLA HEURA<\/a><\/p>\n<p><a href=\"https:\/\/drive.google.com\/file\/d\/11POqvuhjHmAk2GNsYQqxigcOIFhDUvDM\/view?usp=sharing\" target=\"_blank\" rel=\"noopener\">PLA D&#8217;ATENCI\u00d3 A LA DIVERSITAT 2025<\/a><\/p>\n<p><a href=\"https:\/\/drive.google.com\/file\/d\/1W9PD9Q68PMrXxnR6CpeTJ7frrvp4e_fZ\/view?usp=sharing\" target=\"_blank\" rel=\"noopener\">PLA D&#8217;ACCI\u00d3 TUTORIAL revisi\u00f3 2025<\/a><\/p>\n<p><a href=\"https:\/\/drive.google.com\/file\/d\/1TwXcNG7JwEkxLnaL-ITdSgS8d-t2mkt9\/view\" target=\"_blank\" rel=\"noopener\">PLA DE CONVIV\u00c8NCIA juny 2020<\/a><\/p>\n<p><a href=\"https:\/\/drive.google.com\/file\/d\/1qlu0fB5pESvlZtP3Mt6Cm6Pc0Gr0LVJV\/view\" target=\"_blank\" rel=\"noopener\">PROJECTE EDUCATIU DE CENTRE<\/a><\/p>\n<p><a href=\"https:\/\/drive.google.com\/file\/d\/1hq4LZ23UROHEUmHrE0OkBQeuWO68hBP4\/view\" target=\"_blank\" rel=\"noopener\">PROJECTE LING\u00dc\u00cdSTIC<\/a><\/p>\n<p><a href=\"https:\/\/drive.google.com\/file\/d\/1ne5tuR4nuzriRcTf1alhlHQR2DtpTeEJ\/view?usp=sharing\" target=\"_blank\" rel=\"noopener\">PROTOCOL \u00daS WHATSAPP FAM\u00cdLIES<\/a><\/p>\n<p><a href=\"https:\/\/drive.google.com\/file\/d\/1OsSQGlwXPVbu1vytVfXMx_c4FYjJlxLH\/view?usp=sharing\" target=\"_blank\" rel=\"noopener\">ORIENTACIONS MARES I PARES DELEGATS DE CLASSE<\/a><\/p>\n<p><a href=\"https:\/\/drive.google.com\/file\/d\/1uSPNNvkBKCHZLFQqP5DX58fKLdPKafGh\/view?usp=sharing\" target=\"_blank\" rel=\"noopener\">DADES B\u00c0SIQUES DE LA QUOTA ESCOLAR<\/a><\/p>\n\n\n<p><\/p>\n","protected":false},"excerpt":{"rendered":"<p>GUIA DEL CENTRE, CURS 2025-2026 NOFC ESCOLA HEURA PLA D&#8217;ATENCI\u00d3 A LA DIVERSITAT 2025 PLA D&#8217;ACCI\u00d3 TUTORIAL revisi\u00f3 2025 PLA DE CONVIV\u00c8NCIA juny 2020 PROJECTE EDUCATIU DE CENTRE PROJECTE LING\u00dc\u00cdSTIC PROTOCOL \u00daS WHATSAPP FAM\u00cdLIES ORIENTACIONS MARES I PARES DELEGATS DE CLASSE DADES B\u00c0SIQUES DE LA QUOTA ESCOLAR<\/p>\n","protected":false},"author":1,"featured_media":0,"parent":22,"menu_order":5,"comment_status":"closed","ping_status":"closed","template":"","meta":{"_bbp_topic_count":0,"_bbp_reply_count":0,"_bbp_total_topic_count":0,"_bbp_total_reply_count":0,"_bbp_voice_count":0,"_bbp_anonymous_reply_count":0,"_bbp_topic_count_hidden":0,"_bbp_reply_count_hidden":0,"_bbp_forum_subforum_count":0,"site-sidebar-layout":"default","site-content-layout":"","ast-site-content-layout":"default","site-content-style":"default","site-sidebar-style":"default","ast-global-header-display":"","ast-banner-title-visibility":"","ast-main-header-display":"","ast-hfb-above-header-display":"","ast-hfb-below-header-display":"","ast-hfb-mobile-header-display":"","site-post-title":"","ast-breadcrumbs-content":"","ast-featured-img":"","footer-sml-layout":"","theme-transparent-header-meta":"","adv-header-id-meta":"","stick-header-meta":"","header-above-stick-meta":"","header-main-stick-meta":"","header-below-stick-meta":"","astra-migrate-meta-layouts":"set","ast-page-background-enabled":"default","ast-page-background-meta":{"desktop":{"background-color":"var(--ast-global-color-4)","background-image":"","background-repeat":"repeat","background-position":"center center","background-size":"auto","background-attachment":"scroll","background-type":"","background-media":"","overlay-type":"","overlay-color":"","overlay-opacity":"","overlay-gradient":""},"tablet":{"background-color":"","background-image":"","background-repeat":"repeat","background-position":"center center","background-size":"auto","background-attachment":"scroll","background-type":"","background-media":"","overlay-type":"","overlay-color":"","overlay-opacity":"","overlay-gradient":""},"mobile":{"background-color":"","background-image":"","background-repeat":"repeat","background-position":"center center","background-size":"auto","background-attachment":"scroll","background-type":"","background-media":"","overlay-type":"","overlay-color":"","overlay-opacity":"","overlay-gradient":""}},"ast-content-background-meta":{"desktop":{"background-color":"var(--ast-global-color-5)","background-image":"","background-repeat":"repeat","background-position":"center center","background-size":"auto","background-attachment":"scroll","background-type":"","background-media":"","overlay-type":"","overlay-color":"","overlay-opacity":"","overlay-gradient":""},"tablet":{"background-color":"var(--ast-global-color-5)","background-image":"","background-repeat":"repeat","background-position":"center center","background-size":"auto","background-attachment":"scroll","background-type":"","background-media":"","overlay-type":"","overlay-color":"","overlay-opacity":"","overlay-gradient":""},"mobile":{"background-color":"var(--ast-global-color-5)","background-image":"","background-repeat":"repeat","background-position":"center center","background-size":"auto","background-attachment":"scroll","background-type":"","background-media":"","overlay-type":"","overlay-color":"","overlay-opacity":"","overlay-gradient":""}},"footnotes":""},"class_list":["post-30","page","type-page","status-publish","hentry"],"post_mailing_queue_ids":[],"_links":{"self":[{"href":"https:\/\/agora.xtec.cat\/escola-heura\/wp-json\/wp\/v2\/pages\/30","targetHints":{"allow":["GET"]}}],"collection":[{"href":"https:\/\/agora.xtec.cat\/escola-heura\/wp-json\/wp\/v2\/pages"}],"about":[{"href":"https:\/\/agora.xtec.cat\/escola-heura\/wp-json\/wp\/v2\/types\/page"}],"author":[{"embeddable":true,"href":"https:\/\/agora.xtec.cat\/escola-heura\/wp-json\/wp\/v2\/users\/1"}],"replies":[{"embeddable":true,"href":"https:\/\/agora.xtec.cat\/escola-heura\/wp-json\/wp\/v2\/comments?post=30"}],"version-history":[{"count":6,"href":"https:\/\/agora.xtec.cat\/escola-heura\/wp-json\/wp\/v2\/pages\/30\/revisions"}],"predecessor-version":[{"id":6039,"href":"https:\/\/agora.xtec.cat\/escola-heura\/wp-json\/wp\/v2\/pages\/30\/revisions\/6039"}],"up":[{"embeddable":true,"href":"https:\/\/agora.xtec.cat\/escola-heura\/wp-json\/wp\/v2\/pages\/22"}],"wp:attachment":[{"href":"https:\/\/agora.xtec.cat\/escola-heura\/wp-json\/wp\/v2\/media?parent=30"}],"curies":[{"name":"wp","href":"https:\/\/api.w.org\/{rel}","templated":true}]}}