{"id":28,"date":"2014-09-18T12:29:35","date_gmt":"2014-09-18T10:29:35","guid":{"rendered":"http:\/\/agora.xtec.cat\/ceipheura\/?page_id=28"},"modified":"2026-02-24T15:31:15","modified_gmt":"2026-02-24T14:31:15","slug":"consell-escolar","status":"publish","type":"page","link":"https:\/\/agora.xtec.cat\/escola-heura\/lescola\/consell-escolar\/","title":{"rendered":"Documents per descarregar"},"content":{"rendered":"<p>En cas\u00a0 que ho necessiteu, descarregueu, empleneu i envieu a l&#8217;escola els documents d&#8217;autoritzaci\u00f3.<\/p>\n<ul>\n<li><a href=\"https:\/\/drive.google.com\/file\/d\/1UcnBAdirAVfPGcaZD8Pu6B21mAVmpqgb\/view?usp=drive_link\" target=\"_blank\" rel=\"noopener\">Carta de comprom\u00eds educatiu curs 25-26.<\/a><\/li>\n<li><a href=\"https:\/\/drive.google.com\/file\/d\/1ElE46_tGK_OFpkmMWh4S0JJSWmYHzjHI\/view?usp=drive_link\" target=\"_blank\" rel=\"noopener\">Autoritzaci\u00f3 pels alumnes que surten sols de l&#8217;escola (a partir de 4t curs).<\/a><\/li>\n<li><a href=\"https:\/\/drive.google.com\/file\/d\/1rwe6AHIt4R2oHrYbcL4xT2vOfp5hP9TP\/view?usp=sharing\" target=\"_blank\" rel=\"noopener\">Autoritzaci\u00f3 perqu\u00e8 una persona diferent de l&#8217;habitual passi a buscar el nen o nena en sortir de l&#8217;escola.<\/a><\/li>\n<li><a href=\"https:\/\/drive.google.com\/file\/d\/1pqwSaloDNofYH9SHyfQwdTLc3QQK0-GS\/view?usp=drive_link\" target=\"_blank\" rel=\"noopener\">Autoritzaci\u00f3 perqu\u00e8 a l&#8217;escola es pugui subministrar paracetamol a l&#8217;alumne\/a en cas de necessitar-ho.\u00a0<\/a><\/li>\n<li><a href=\"https:\/\/drive.google.com\/file\/d\/1crv6dlYSJXRnUzqIXee8rYs64Sy5M-tZ\/view?usp=drive_link\" target=\"_blank\" rel=\"noopener\">Instruccions per seguir una pauta de medicaci\u00f3 receptada per un\/a metge o metgessa.<\/a><\/li>\n<li><a href=\"https:\/\/drive.google.com\/file\/d\/1uSPNNvkBKCHZLFQqP5DX58fKLdPKafGh\/view?usp=sharing\" target=\"_blank\" rel=\"noopener\">Autoritzaci\u00f3 per la domiciliaci\u00f3 banc\u00e0ria de rebuts<\/a><\/li>\n<\/ul>\n","protected":false},"excerpt":{"rendered":"<p>En cas\u00a0 que ho necessiteu, descarregueu, empleneu i envieu a l&#8217;escola els documents d&#8217;autoritzaci\u00f3. Carta de comprom\u00eds educatiu curs 25-26. Autoritzaci\u00f3 pels alumnes que surten sols de l&#8217;escola (a partir de 4t curs). Autoritzaci\u00f3 perqu\u00e8 una persona diferent de l&#8217;habitual passi a buscar el nen o nena en sortir de l&#8217;escola. Autoritzaci\u00f3 perqu\u00e8 a l&#8217;escola [&hellip;]<\/p>\n","protected":false},"author":1,"featured_media":0,"parent":22,"menu_order":4,"comment_status":"closed","ping_status":"closed","template":"","meta":{"_bbp_topic_count":0,"_bbp_reply_count":0,"_bbp_total_topic_count":0,"_bbp_total_reply_count":0,"_bbp_voice_count":0,"_bbp_anonymous_reply_count":0,"_bbp_topic_count_hidden":0,"_bbp_reply_count_hidden":0,"_bbp_forum_subforum_count":0,"site-sidebar-layout":"default","site-content-layout":"","ast-site-content-layout":"default","site-content-style":"default","site-sidebar-style":"default","ast-global-header-display":"","ast-banner-title-visibility":"","ast-main-header-display":"","ast-hfb-above-header-display":"","ast-hfb-below-header-display":"","ast-hfb-mobile-header-display":"","site-post-title":"","ast-breadcrumbs-content":"","ast-featured-img":"","footer-sml-layout":"","theme-transparent-header-meta":"","adv-header-id-meta":"","stick-header-meta":"","header-above-stick-meta":"","header-main-stick-meta":"","header-below-stick-meta":"","astra-migrate-meta-layouts":"set","ast-page-background-enabled":"default","ast-page-background-meta":{"desktop":{"background-color":"var(--ast-global-color-4)","background-image":"","background-repeat":"repeat","background-position":"center center","background-size":"auto","background-attachment":"scroll","background-type":"","background-media":"","overlay-type":"","overlay-color":"","overlay-opacity":"","overlay-gradient":""},"tablet":{"background-color":"","background-image":"","background-repeat":"repeat","background-position":"center center","background-size":"auto","background-attachment":"scroll","background-type":"","background-media":"","overlay-type":"","overlay-color":"","overlay-opacity":"","overlay-gradient":""},"mobile":{"background-color":"","background-image":"","background-repeat":"repeat","background-position":"center center","background-size":"auto","background-attachment":"scroll","background-type":"","background-media":"","overlay-type":"","overlay-color":"","overlay-opacity":"","overlay-gradient":""}},"ast-content-background-meta":{"desktop":{"background-color":"var(--ast-global-color-5)","background-image":"","background-repeat":"repeat","background-position":"center center","background-size":"auto","background-attachment":"scroll","background-type":"","background-media":"","overlay-type":"","overlay-color":"","overlay-opacity":"","overlay-gradient":""},"tablet":{"background-color":"var(--ast-global-color-5)","background-image":"","background-repeat":"repeat","background-position":"center center","background-size":"auto","background-attachment":"scroll","background-type":"","background-media":"","overlay-type":"","overlay-color":"","overlay-opacity":"","overlay-gradient":""},"mobile":{"background-color":"var(--ast-global-color-5)","background-image":"","background-repeat":"repeat","background-position":"center center","background-size":"auto","background-attachment":"scroll","background-type":"","background-media":"","overlay-type":"","overlay-color":"","overlay-opacity":"","overlay-gradient":""}},"footnotes":""},"class_list":["post-28","page","type-page","status-publish","hentry"],"post_mailing_queue_ids":[],"_links":{"self":[{"href":"https:\/\/agora.xtec.cat\/escola-heura\/wp-json\/wp\/v2\/pages\/28","targetHints":{"allow":["GET"]}}],"collection":[{"href":"https:\/\/agora.xtec.cat\/escola-heura\/wp-json\/wp\/v2\/pages"}],"about":[{"href":"https:\/\/agora.xtec.cat\/escola-heura\/wp-json\/wp\/v2\/types\/page"}],"author":[{"embeddable":true,"href":"https:\/\/agora.xtec.cat\/escola-heura\/wp-json\/wp\/v2\/users\/1"}],"replies":[{"embeddable":true,"href":"https:\/\/agora.xtec.cat\/escola-heura\/wp-json\/wp\/v2\/comments?post=28"}],"version-history":[{"count":6,"href":"https:\/\/agora.xtec.cat\/escola-heura\/wp-json\/wp\/v2\/pages\/28\/revisions"}],"predecessor-version":[{"id":6037,"href":"https:\/\/agora.xtec.cat\/escola-heura\/wp-json\/wp\/v2\/pages\/28\/revisions\/6037"}],"up":[{"embeddable":true,"href":"https:\/\/agora.xtec.cat\/escola-heura\/wp-json\/wp\/v2\/pages\/22"}],"wp:attachment":[{"href":"https:\/\/agora.xtec.cat\/escola-heura\/wp-json\/wp\/v2\/media?parent=28"}],"curies":[{"name":"wp","href":"https:\/\/api.w.org\/{rel}","templated":true}]}}