{"id":1869,"date":"2022-06-28T11:18:00","date_gmt":"2022-06-28T09:18:00","guid":{"rendered":"https:\/\/agora.xtec.cat\/escola-heura\/?page_id=1869"},"modified":"2024-02-16T14:33:02","modified_gmt":"2024-02-16T13:33:02","slug":"reunions-i-estatuts","status":"publish","type":"page","link":"https:\/\/agora.xtec.cat\/escola-heura\/afa\/qui-som-contacte\/reunions-i-estatuts\/","title":{"rendered":"Reunions i estatuts"},"content":{"rendered":"<p><b>A PARTIR DEL CURS 2022\/23<\/b><\/p>\n<p>A partir d\u2019aquest curs, les actes de les reunions de l\u2019AFA es comparteixen directament amb les fam\u00edlies associades a trav\u00e9s dels canals de WhatsApp i correu electr\u00f2nic.<\/p>\n<p><strong>Curs 2021\/22<\/strong><\/p>\n<ul>\n<li><a href=\"http:\/\/blocs.xarxanet.org\/ampaheura\/files\/2022\/05\/Acta-Junta-Oberta-20220331.pdf\" target=\"_blank\" rel=\"noopener\">Reuni\u00f3 de l\u2019AFA del 31 de mar\u00e7 de 2022<\/a><\/li>\n<li><a href=\"http:\/\/blocs.xarxanet.org\/ampaheura\/files\/2022\/03\/Acta-Junta-Oberta-20220222.pdf\" target=\"_blank\" rel=\"noopener\">Reuni\u00f3 de l\u2019AFA del 22 de febrer de 2022<\/a><\/li>\n<li><a href=\"http:\/\/blocs.xarxanet.org\/ampaheura\/files\/2022\/02\/acta_assemblea_20211215.docx_.pdf\" target=\"_blank\" rel=\"noopener\">Assemblea de l\u2019AFA del 15 de desembre de 2021<\/a><\/li>\n<li><a href=\"http:\/\/blocs.xarxanet.org\/ampaheura\/files\/2021\/12\/Acta-Junta-Oberta-20211027.docx_.pdf\" target=\"_blank\" rel=\"noopener\">Reuni\u00f3 de l\u2019AFA del 27 d\u2019octubre de 2021<\/a><\/li>\n<\/ul>\n<p><strong>Curs 2020\/21<\/strong><\/p>\n<ul>\n<li><a href=\"http:\/\/blocs.xarxanet.org\/ampaheura\/files\/2021\/12\/Acta-Junta-Oberta-20210610.docx_.pdf\" target=\"_blank\" rel=\"noopener\">Reuni\u00f3 de l\u2019AFA del 10 de juny de 2021<\/a><\/li>\n<li><a href=\"http:\/\/blocs.xarxanet.org\/ampaheura\/files\/2021\/05\/Acta-Junta-Oberta-20210325.pdf\" target=\"_blank\" rel=\"noopener\">Reuni\u00f3 de l\u2019AFA del 25 de mar\u00e7 de 2021<\/a><\/li>\n<li><a href=\"http:\/\/blocs.xarxanet.org\/ampaheura\/files\/2021\/02\/Acta-Junta-Oberta-20210201.pdf\" target=\"_blank\" rel=\"noopener\">Reuni\u00f3 de l\u2019AFA de l\u20191 de febrer de 2021<\/a><\/li>\n<li><a href=\"http:\/\/blocs.xarxanet.org\/ampaheura\/files\/2021\/01\/acta_assemblea_20201210.pdf\" target=\"_blank\" rel=\"noopener\">Assemblea general de l\u2019AFA del 10 de desembre de 2020<\/a><\/li>\n<li><a href=\"http:\/\/blocs.xarxanet.org\/ampaheura\/files\/2020\/10\/Acta-Junta-Oberta-21-octubre-2020.pdf\" target=\"_blank\" rel=\"noopener\">Reuni\u00f3 de l\u2019AFA del 21 d\u2019octubre de 2020<\/a><\/li>\n<\/ul>\n<p><strong>Curs 2019\/20<\/strong><\/p>\n<ul>\n<li><a href=\"http:\/\/blocs.xarxanet.org\/ampaheura\/files\/2020\/03\/Acta-Junta-Oberta-20200227_signada.pdf\" target=\"_blank\" rel=\"noopener\">Reuni\u00f3 de l\u2019AFA del 27 de febrer de 2020<\/a><\/li>\n<li><a href=\"http:\/\/blocs.xarxanet.org\/ampaheura\/files\/2020\/01\/Acta-Assemblea-27-11-2019rev.pdf\" target=\"_blank\" rel=\"noopener\">Assemblea general de l\u2019AFA 27 de novembre de 2019<\/a><\/li>\n<\/ul>\n<p><strong>Curs 2018\/2019<\/strong><\/p>\n<ul>\n<li><a href=\"http:\/\/blocs.xarxanet.org\/ampaheura\/files\/2018\/11\/Acta-assemblea-AMPA-12-11-18-.pdf\" target=\"_blank\" rel=\"noopener\">Assemblea general de l\u2019AFA 12 de novembre de 2018<\/a><\/li>\n<li><a href=\"http:\/\/blocs.xarxanet.org\/ampaheura\/files\/2018\/12\/Acta-Junta-Oberta-8-10-18.pdf\" target=\"_blank\" rel=\"noopener\">Reuni\u00f3 de l\u2019AFA del 8 d\u2019octubre de 2018<\/a><\/li>\n<\/ul>\n<p><strong>Curs 2017\/2018<\/strong><\/p>\n<ul>\n<li><a href=\"http:\/\/blocs.xarxanet.org\/ampaheura\/files\/2010\/03\/Acta-Junta-Oberta-28-maig.pdf\" target=\"_blank\" rel=\"noopener\">Reuni\u00f3 de l\u2019AMPA del 28 de maig de 2018<\/a><\/li>\n<li><a href=\"http:\/\/blocs.xarxanet.org\/ampaheura\/files\/2018\/02\/Acta-Assemblea-04_12_2017.pdf\" target=\"_blank\" rel=\"noopener\">Assemblea general de l\u2019AMPA 4 de desembre de 2017<\/a><\/li>\n<li><a href=\"http:\/\/blocs.xarxanet.org\/ampaheura\/files\/2017\/11\/Acta-de-Reuni%C3%B3-JO-Oct-30102017.pdf\" target=\"_blank\" rel=\"noopener\">Reuni\u00f3 de l\u2019AMPA del 30 d\u2019octubre de 2017<\/a><\/li>\n<\/ul>\n<p><strong>Curs 2016\/2017<\/strong><\/p>\n<ul>\n<li><a href=\"http:\/\/blocs.xarxanet.org\/ampaheura\/files\/2016\/12\/actaassamblea281116.pdf\" target=\"_blank\" rel=\"noopener\">Assemblea general de l\u2019AMPA 28 de novembre de 2016<\/a><\/li>\n<li><a href=\"http:\/\/blocs.xarxanet.org\/ampaheura\/files\/2016\/12\/reunio071116.pdf\" target=\"_blank\" rel=\"noopener\">Reuni\u00f3 de l\u2019AMPA del 7 de novembre\u00a0de 2016<\/a><\/li>\n<li><a href=\"http:\/\/blocs.xarxanet.org\/ampaheura\/files\/2016\/11\/reunio101016.pdf\" target=\"_blank\" rel=\"noopener\">Reuni\u00f3 de l\u2019AMPA del 10 d\u2019octubre\u00a0de 2016<\/a><\/li>\n<\/ul>\n<p><strong>Curs 2015\/2016<\/strong><\/p>\n<ul>\n<li><a href=\"http:\/\/blocs.xarxanet.org\/ampaheura\/files\/2016\/06\/acta020516.pdf\" target=\"_blank\" rel=\"noopener\">Reuni\u00f3 de l\u2019AMPA del 2 de Maig de 2016<\/a><\/li>\n<li><a href=\"http:\/\/blocs.xarxanet.org\/ampaheura\/files\/2016\/04\/acta040416.pdf\" target=\"_blank\" rel=\"noopener\">Reuni\u00f3 de l\u2019AMPA del 4 d\u2019Abril de 2016<\/a><\/li>\n<li><a href=\"http:\/\/blocs.xarxanet.org\/ampaheura\/files\/2016\/03\/reunio070316.pdf\" target=\"_blank\" rel=\"noopener\">Reuni\u00f3 de l\u2019AMPA 7 de Mar\u00e7 de 2016<\/a><\/li>\n<li><a href=\"http:\/\/blocs.xarxanet.org\/ampaheura\/files\/2016\/02\/acta010216.pdf\" target=\"_blank\" rel=\"noopener\">Reuni\u00f3 de l\u2019AMPA 1 de febrer de 2016<\/a><\/li>\n<li><a href=\"http:\/\/blocs.xarxanet.org\/ampaheura\/files\/2016\/01\/actaassamblea161215.pdf\" target=\"_blank\" rel=\"noopener\">Assemblea general de l\u2019AMPA 16 de desembre de 2015<\/a><\/li>\n<li><a href=\"http:\/\/blocs.xarxanet.org\/ampaheura\/files\/2016\/01\/reunio161115.pdf\" target=\"_blank\" rel=\"noopener\">Reuni\u00f3 de l\u2019AMPA 16 de novembre\u00a0de 2015<\/a><\/li>\n<\/ul>\n<p><strong>Curs 2014\/2015<\/strong><\/p>\n<ul>\n<li><a href=\"https:\/\/blocs.xarxanet.org\/ampaheura\/files\/2015\/06\/reunio040615.pdf\" target=\"_blank\" rel=\"noopener\">Reuni\u00f3 de l\u2019AMPA 4 de juny de 2015<\/a><\/li>\n<li><a href=\"https:\/\/blocs.xarxanet.org\/ampaheura\/files\/2015\/04\/actaassamblea090415.pdf\" target=\"_blank\" rel=\"noopener\">Reuni\u00f3 de l\u2019AMPA 9 d\u2019 abril de 2015<\/a><\/li>\n<li><a href=\"https:\/\/blocs.xarxanet.org\/ampaheura\/files\/2015\/03\/actaassamblea050315.pdf\" target=\"_blank\" rel=\"noopener\">Reuni\u00f3 de l\u2019AMPA 5 de mar\u00e7 de 2015<\/a><\/li>\n<li><a href=\"https:\/\/blocs.xarxanet.org\/ampaheura\/files\/2015\/02\/actaassamblea050215.pdf\" target=\"_blank\" rel=\"noopener\">Reuni\u00f3 de l\u2019AMPA 5 de febrer de 2015<\/a><\/li>\n<li><a href=\"https:\/\/blocs.xarxanet.org\/ampaheura\/files\/2015\/01\/actaassamblea271114.pdf\" target=\"_blank\" rel=\"noopener\">Assemblea general de l\u2019AMPA 27 de novembre de 2014<\/a><\/li>\n<li><a href=\"https:\/\/blocs.xarxanet.org\/ampaheura\/files\/2014\/12\/reunio061114.pdf\" target=\"_blank\" rel=\"noopener\">Reuni\u00f3 de l\u2019AMPA 6 de novembre de 2014<\/a><\/li>\n<li><a href=\"https:\/\/blocs.xarxanet.org\/ampaheura\/files\/2014\/10\/reunio021014.pdf\" target=\"_blank\" rel=\"noopener\">Reuni\u00f3 de l\u2019AMPA 2 d\u2019octubre de 2014<\/a><\/li>\n<\/ul>\n<p><strong>Curs 2013\/2014<\/strong><\/p>\n<ul>\n<li><a href=\"https:\/\/blocs.xarxanet.org\/ampaheura\/files\/2014\/07\/reunio050614.pdf\" target=\"_blank\" rel=\"noopener\">Reuni\u00f3 de l\u2019AMPA 5 de juny de 2014<\/a><\/li>\n<li><a href=\"https:\/\/blocs.xarxanet.org\/ampaheura\/files\/2014\/06\/reunio080514.pdf\" target=\"_blank\" rel=\"noopener\">Reuni\u00f3 de l\u2019AMPA 8 de maig de 2014<\/a><\/li>\n<li><a href=\"https:\/\/blocs.xarxanet.org\/ampaheura\/files\/2014\/03\/reunio060314.pdf\" target=\"_blank\" rel=\"noopener\">Reuni\u00f3 de l\u2019AMPA 6 de mar\u00e7 de 2014<\/a><\/li>\n<li><a href=\"https:\/\/blocs.xarxanet.org\/ampaheura\/files\/2014\/02\/reunio060214.pdf\" target=\"_blank\" rel=\"noopener\">Reuni\u00f3 de l\u2019AMPA 6 de febrer de 2014<\/a><\/li>\n<li><a href=\"https:\/\/blocs.xarxanet.org\/ampaheura\/files\/2014\/01\/reunio121213.pdf\" target=\"_blank\" rel=\"noopener\">Reuni\u00f3 de l\u2019AMPA 12 de desembre de 2013<\/a><\/li>\n<li><a href=\"https:\/\/blocs.xarxanet.org\/ampaheura\/files\/2013\/12\/actaassamblea071113.pdf\" target=\"_blank\" rel=\"noopener\">Assemblea general de l\u2019AMPA 7 de novembre de 2013<\/a><\/li>\n<li><a href=\"https:\/\/blocs.xarxanet.org\/ampaheura\/files\/2013\/10\/reunio031013.pdf\" target=\"_blank\" rel=\"noopener\">Reuni\u00f3 de l\u2019AMPA 3 d\u2019octubre de 2013<\/a><\/li>\n<\/ul>\n<p><strong>Curs 2012\/2013<\/strong><\/p>\n<ul>\n<li><a href=\"https:\/\/blocs.xarxanet.org\/ampaheura\/files\/2013\/06\/Reunio060613_2.pdf\" target=\"_blank\" rel=\"noopener\">Reuni\u00f3 de la Junta directiva 6 de juny de 2013<\/a><\/li>\n<li><a href=\"https:\/\/blocs.xarxanet.org\/ampaheura\/files\/2013\/05\/Reunio020513.pdf\" target=\"_blank\" rel=\"noopener\">Reuni\u00f3 de la Junta directiva 2 de maig de 2013<\/a><\/li>\n<li><a href=\"https:\/\/blocs.xarxanet.org\/ampaheura\/files\/2013\/04\/reunio110413.pdf\" target=\"_blank\" rel=\"noopener\">Reuni\u00f3 de la Junta directiva 11 d\u2019abril de 2013<\/a><\/li>\n<li><a href=\"https:\/\/blocs.xarxanet.org\/ampaheura\/files\/2013\/03\/reunio070313.pdf\" target=\"_blank\" rel=\"noopener\">Reuni\u00f3 de la Junta directiva 7 de mar\u00e7 de 2013<\/a><\/li>\n<li><a href=\"https:\/\/blocs.xarxanet.org\/ampaheura\/files\/2013\/02\/reunio070213.pdf\" target=\"_blank\" rel=\"noopener\">Reuni\u00f3 de la Junta directiva 7 de febrer de 2013<\/a><\/li>\n<li><a href=\"https:\/\/blocs.xarxanet.org\/ampaheura\/files\/2013\/01\/reunio131212.pdf\" target=\"_blank\" rel=\"noopener\">Reuni\u00f3 de la Junta directiva 13 de desembre de 2012<\/a><\/li>\n<li><a href=\"https:\/\/blocs.xarxanet.org\/ampaheura\/files\/2012\/11\/reunio_ampa081112.pdf\" target=\"_blank\" rel=\"noopener\">Reuni\u00f3 de la Junta directiva 08 de novembre de 2012<\/a><\/li>\n<li><a href=\"https:\/\/blocs.xarxanet.org\/ampaheura\/files\/2012\/11\/acta_assamblea_251012.pdf\" target=\"_blank\" rel=\"noopener\">Assemblea general de l\u2019AMPA 25 d\u2019octubre de 2012<\/a><\/li>\n<li><a href=\"https:\/\/blocs.xarxanet.org\/ampaheura\/files\/2012\/10\/reunio_ampa041012.pdf\" target=\"_blank\" rel=\"noopener\">Reuni\u00f3 de la Junta directiva 04 d\u2019octubre de 2012<\/a><\/li>\n<\/ul>\n<p><strong>Curs 2011\/2012<\/strong><\/p>\n<ul>\n<li><a href=\"https:\/\/blocs.xarxanet.org\/ampaheura\/files\/2012\/06\/reunio_ampa070612.pdf\" target=\"_blank\" rel=\"noopener\">Reuni\u00f3 de la Junta directiva 07 de juny de 2012<\/a><\/li>\n<li><a href=\"https:\/\/blocs.xarxanet.org\/ampaheura\/files\/2012\/05\/reunio_ampa030512.pdf\" target=\"_blank\" rel=\"noopener\">Reuni\u00f3 de la Junta directiva 03 de maig de 2012<\/a><\/li>\n<li><a href=\"https:\/\/blocs.xarxanet.org\/ampaheura\/files\/2012\/03\/reunio_ampa010312.pdf\" target=\"_blank\" rel=\"noopener\">Reuni\u00f3 de la Junta directiva 01 de mar\u00e7 de 2012<\/a><\/li>\n<li><a href=\"https:\/\/blocs.xarxanet.org\/ampaheura\/files\/2012\/02\/reunio_ampa020212.pdf\" target=\"_blank\" rel=\"noopener\">Reuni\u00f3 de la Junta directiva 02 de febrer de 2012<\/a><\/li>\n<li><a href=\"https:\/\/blocs.xarxanet.org\/ampaheura\/files\/2012\/01\/reunio_ampa011211.pdf\" target=\"_blank\" rel=\"noopener\">Reuni\u00f3 de la Junta directiva 01 de desembre de 2011<\/a><\/li>\n<li><a href=\"https:\/\/blocs.xarxanet.org\/ampaheura\/files\/2011\/12\/acta_assamblea_171111.pdf\" target=\"_blank\" rel=\"noopener\">Assemblea general de l\u2019AMPA 17 de novembre de 2011<\/a><\/li>\n<li><a href=\"https:\/\/blocs.xarxanet.org\/ampaheura\/files\/2011\/11\/reunio_ampa31111.pdf\" target=\"_blank\" rel=\"noopener\">Reuni\u00f3 de la Junta directiva 03 de novembre de 2011<\/a><\/li>\n<li><a href=\"https:\/\/blocs.xarxanet.org\/ampaheura\/files\/2011\/11\/reunio_ampa061011.pdf\" target=\"_blank\" rel=\"noopener\">Reuni\u00f3 de la Junta directiva 06 d\u2019octubre de 2011<\/a><\/li>\n<\/ul>\n<p><strong>Curs 2010\/2011<\/strong><\/p>\n<ul>\n<li><a href=\"https:\/\/blocs.xarxanet.org\/ampaheura\/files\/2011\/11\/actaassamblea_160611.pdf\" target=\"_blank\" rel=\"noopener\">Assemblea extraordin\u00e0ria de l\u2019AMPA 16 de juny de 2011<\/a><\/li>\n<li><a href=\"https:\/\/blocs.xarxanet.org\/ampaheura\/files\/2011\/06\/reunio_ampa020611.pdf\" target=\"_blank\" rel=\"noopener\">Reuni\u00f3 de la Junta directiva 02 de juny de 2011<\/a><\/li>\n<li><a href=\"https:\/\/blocs.xarxanet.org\/ampaheura\/files\/2011\/05\/reunio_ampa050511.pdf\" target=\"_blank\" rel=\"noopener\">Reuni\u00f3 de la Junta directiva 05 de maig de 2011<\/a><\/li>\n<li><a href=\"https:\/\/blocs.xarxanet.org\/ampaheura\/files\/2011\/04\/reunio_ampa070411.pdf\" target=\"_blank\" rel=\"noopener\">Reuni\u00f3 de la Junta directiva 07 d\u2019abril de 2011<\/a><\/li>\n<li><a href=\"https:\/\/blocs.xarxanet.org\/ampaheura\/files\/2011\/03\/reunio_ampa030311.pdf\" target=\"_blank\" rel=\"noopener\">Reuni\u00f3 de la Junta directiva 03 de mar\u00e7 de 2011<\/a><\/li>\n<li><a href=\"https:\/\/blocs.xarxanet.org\/ampaheura\/files\/2011\/02\/reunio_ampa030211.pdf\" target=\"_blank\" rel=\"noopener\">Reuni\u00f3 de la Junta directiva 03 de febrer de 2011<\/a><\/li>\n<li><a href=\"https:\/\/blocs.xarxanet.org\/ampaheura\/files\/2010\/12\/reunio_ampa021210.pdf\" target=\"_blank\" rel=\"noopener\">Reuni\u00f3 de la Junta directiva 02 de desembre de 2010<\/a><\/li>\n<li><a href=\"https:\/\/blocs.xarxanet.org\/ampaheura\/files\/2010\/12\/reunio_ampa221110.pdf\" target=\"_blank\" rel=\"noopener\">Assemblea general de l\u2019AMPA 22 de novembre de 2010<\/a><\/li>\n<li><a href=\"https:\/\/blocs.xarxanet.org\/ampaheura\/files\/2010\/11\/reunio_ampa81110.pdf\" target=\"_blank\" rel=\"noopener\">Reuni\u00f3 de la Junta directiva 08 de novembre de 2010<\/a><\/li>\n<\/ul>\n<hr \/>\n<p><a href=\"https:\/\/blocs.xarxanet.org\/ampaheura\/files\/2014\/02\/Estatuts-AMPA-Heura.pdf\">ESTATUTS de l&#8217;AFA<\/a><\/p>\n<hr \/>\n<p>&nbsp;<\/p>\n","protected":false},"excerpt":{"rendered":"<p>A PARTIR DEL CURS 2022\/23 A partir d\u2019aquest curs, les actes de les reunions de l\u2019AFA es comparteixen directament amb les fam\u00edlies associades a trav\u00e9s dels canals de WhatsApp i correu electr\u00f2nic. Curs 2021\/22 Reuni\u00f3 de l\u2019AFA del 31 de mar\u00e7 de 2022 Reuni\u00f3 de l\u2019AFA del 22 de febrer de 2022 Assemblea de l\u2019AFA [&hellip;]<\/p>\n","protected":false},"author":1,"featured_media":0,"parent":1865,"menu_order":0,"comment_status":"closed","ping_status":"closed","template":"page-templates\/side-menu.php","meta":{"_bbp_topic_count":0,"_bbp_reply_count":0,"_bbp_total_topic_count":0,"_bbp_total_reply_count":0,"_bbp_voice_count":0,"_bbp_anonymous_reply_count":0,"_bbp_topic_count_hidden":0,"_bbp_reply_count_hidden":0,"_bbp_forum_subforum_count":0,"site-sidebar-layout":"default","site-content-layout":"","ast-site-content-layout":"","site-content-style":"default","site-sidebar-style":"default","ast-global-header-display":"","ast-banner-title-visibility":"","ast-main-header-display":"","ast-hfb-above-header-display":"","ast-hfb-below-header-display":"","ast-hfb-mobile-header-display":"","site-post-title":"","ast-breadcrumbs-content":"","ast-featured-img":"","footer-sml-layout":"","theme-transparent-header-meta":"","adv-header-id-meta":"","stick-header-meta":"","header-above-stick-meta":"","header-main-stick-meta":"","header-below-stick-meta":"","astra-migrate-meta-layouts":"default","ast-page-background-enabled":"default","ast-page-background-meta":{"desktop":{"background-color":"var(--ast-global-color-4)","background-image":"","background-repeat":"repeat","background-position":"center center","background-size":"auto","background-attachment":"scroll","background-type":"","background-media":"","overlay-type":"","overlay-color":"","overlay-opacity":"","overlay-gradient":""},"tablet":{"background-color":"","background-image":"","background-repeat":"repeat","background-position":"center center","background-size":"auto","background-attachment":"scroll","background-type":"","background-media":"","overlay-type":"","overlay-color":"","overlay-opacity":"","overlay-gradient":""},"mobile":{"background-color":"","background-image":"","background-repeat":"repeat","background-position":"center center","background-size":"auto","background-attachment":"scroll","background-type":"","background-media":"","overlay-type":"","overlay-color":"","overlay-opacity":"","overlay-gradient":""}},"ast-content-background-meta":{"desktop":{"background-color":"var(--ast-global-color-5)","background-image":"","background-repeat":"repeat","background-position":"center center","background-size":"auto","background-attachment":"scroll","background-type":"","background-media":"","overlay-type":"","overlay-color":"","overlay-opacity":"","overlay-gradient":""},"tablet":{"background-color":"var(--ast-global-color-5)","background-image":"","background-repeat":"repeat","background-position":"center center","background-size":"auto","background-attachment":"scroll","background-type":"","background-media":"","overlay-type":"","overlay-color":"","overlay-opacity":"","overlay-gradient":""},"mobile":{"background-color":"var(--ast-global-color-5)","background-image":"","background-repeat":"repeat","background-position":"center center","background-size":"auto","background-attachment":"scroll","background-type":"","background-media":"","overlay-type":"","overlay-color":"","overlay-opacity":"","overlay-gradient":""}},"footnotes":""},"class_list":["post-1869","page","type-page","status-publish","hentry"],"post_mailing_queue_ids":[],"_links":{"self":[{"href":"https:\/\/agora.xtec.cat\/escola-heura\/wp-json\/wp\/v2\/pages\/1869","targetHints":{"allow":["GET"]}}],"collection":[{"href":"https:\/\/agora.xtec.cat\/escola-heura\/wp-json\/wp\/v2\/pages"}],"about":[{"href":"https:\/\/agora.xtec.cat\/escola-heura\/wp-json\/wp\/v2\/types\/page"}],"author":[{"embeddable":true,"href":"https:\/\/agora.xtec.cat\/escola-heura\/wp-json\/wp\/v2\/users\/1"}],"replies":[{"embeddable":true,"href":"https:\/\/agora.xtec.cat\/escola-heura\/wp-json\/wp\/v2\/comments?post=1869"}],"version-history":[{"count":5,"href":"https:\/\/agora.xtec.cat\/escola-heura\/wp-json\/wp\/v2\/pages\/1869\/revisions"}],"predecessor-version":[{"id":4085,"href":"https:\/\/agora.xtec.cat\/escola-heura\/wp-json\/wp\/v2\/pages\/1869\/revisions\/4085"}],"up":[{"embeddable":true,"href":"https:\/\/agora.xtec.cat\/escola-heura\/wp-json\/wp\/v2\/pages\/1865"}],"wp:attachment":[{"href":"https:\/\/agora.xtec.cat\/escola-heura\/wp-json\/wp\/v2\/media?parent=1869"}],"curies":[{"name":"wp","href":"https:\/\/api.w.org\/{rel}","templated":true}]}}