{"id":1865,"date":"2022-06-28T11:17:21","date_gmt":"2022-06-28T09:17:21","guid":{"rendered":"https:\/\/agora.xtec.cat\/escola-heura\/?page_id=1865"},"modified":"2026-03-18T11:54:24","modified_gmt":"2026-03-18T10:54:24","slug":"qui-som-contacte","status":"publish","type":"page","link":"https:\/\/agora.xtec.cat\/escola-heura\/afa\/qui-som-contacte\/","title":{"rendered":"Qui som? Contacte"},"content":{"rendered":"\n<p class=\"has-text-align-center\"><\/p>\n\n\n\n<figure class=\"wp-block-table\"><table class=\"has-fixed-layout\"><tbody><tr><td class=\"has-text-align-center\" data-align=\"center\"><strong>Presidenta<\/strong><\/td><td class=\"has-text-align-center\" data-align=\"center\"><strong>Berta Carreras Molin\u00e9<\/strong><\/td><\/tr><tr><td class=\"has-text-align-center\" data-align=\"center\"><strong>Vicepresidenta\u00a0<\/strong><\/td><td class=\"has-text-align-center\" data-align=\"center\"><strong>Miriam L\u00f3pez Ferrer<\/strong><\/td><\/tr><tr><td class=\"has-text-align-center\" data-align=\"center\"><strong>Tresorer<\/strong><\/td><td class=\"has-text-align-center\" data-align=\"center\"><strong>Beno\u00eet Peleran\u00a0<\/strong><\/td><\/tr><tr><td class=\"has-text-align-center\" data-align=\"center\"><strong>Secret\u00e0ria<\/strong><\/td><td class=\"has-text-align-center\" data-align=\"center\"><strong>Ethel Vasconcellos Mart\u00ed<\/strong><\/td><\/tr><tr><td class=\"has-text-align-center\" data-align=\"center\"><strong>Vocals<\/strong><\/td><td class=\"has-text-align-center\" data-align=\"center\"><strong>Gabriel Barba Codina<br>Manel Castell\u00f3 Casellas<br>Elisabet Santiago Valero<\/strong><\/td><\/tr><\/tbody><\/table><\/figure>\n\n\n\n<p class=\"has-text-align-center\"><strong>afaheura@gmail.com<\/strong><\/p>\n\n\n\n<p><\/p>\n","protected":false},"excerpt":{"rendered":"<p>Presidenta Berta Carreras Molin\u00e9 Vicepresidenta\u00a0 Miriam L\u00f3pez Ferrer Tresorer Beno\u00eet Peleran\u00a0 Secret\u00e0ria Ethel Vasconcellos Mart\u00ed Vocals Gabriel Barba CodinaManel Castell\u00f3 CasellasElisabet Santiago Valero afaheura@gmail.com<\/p>\n","protected":false},"author":1,"featured_media":0,"parent":66,"menu_order":0,"comment_status":"closed","ping_status":"closed","template":"","meta":{"_bbp_topic_count":0,"_bbp_reply_count":0,"_bbp_total_topic_count":0,"_bbp_total_reply_count":0,"_bbp_voice_count":0,"_bbp_anonymous_reply_count":0,"_bbp_topic_count_hidden":0,"_bbp_reply_count_hidden":0,"_bbp_forum_subforum_count":0,"site-sidebar-layout":"default","site-content-layout":"","ast-site-content-layout":"default","site-content-style":"default","site-sidebar-style":"default","ast-global-header-display":"","ast-banner-title-visibility":"","ast-main-header-display":"","ast-hfb-above-header-display":"","ast-hfb-below-header-display":"","ast-hfb-mobile-header-display":"","site-post-title":"","ast-breadcrumbs-content":"","ast-featured-img":"","footer-sml-layout":"","theme-transparent-header-meta":"","adv-header-id-meta":"","stick-header-meta":"","header-above-stick-meta":"","header-main-stick-meta":"","header-below-stick-meta":"","astra-migrate-meta-layouts":"set","ast-page-background-enabled":"default","ast-page-background-meta":{"desktop":{"background-color":"var(--ast-global-color-4)","background-image":"","background-repeat":"repeat","background-position":"center center","background-size":"auto","background-attachment":"scroll","background-type":"","background-media":"","overlay-type":"","overlay-color":"","overlay-opacity":"","overlay-gradient":""},"tablet":{"background-color":"","background-image":"","background-repeat":"repeat","background-position":"center center","background-size":"auto","background-attachment":"scroll","background-type":"","background-media":"","overlay-type":"","overlay-color":"","overlay-opacity":"","overlay-gradient":""},"mobile":{"background-color":"","background-image":"","background-repeat":"repeat","background-position":"center center","background-size":"auto","background-attachment":"scroll","background-type":"","background-media":"","overlay-type":"","overlay-color":"","overlay-opacity":"","overlay-gradient":""}},"ast-content-background-meta":{"desktop":{"background-color":"var(--ast-global-color-5)","background-image":"","background-repeat":"repeat","background-position":"center center","background-size":"auto","background-attachment":"scroll","background-type":"","background-media":"","overlay-type":"","overlay-color":"","overlay-opacity":"","overlay-gradient":""},"tablet":{"background-color":"var(--ast-global-color-5)","background-image":"","background-repeat":"repeat","background-position":"center center","background-size":"auto","background-attachment":"scroll","background-type":"","background-media":"","overlay-type":"","overlay-color":"","overlay-opacity":"","overlay-gradient":""},"mobile":{"background-color":"var(--ast-global-color-5)","background-image":"","background-repeat":"repeat","background-position":"center center","background-size":"auto","background-attachment":"scroll","background-type":"","background-media":"","overlay-type":"","overlay-color":"","overlay-opacity":"","overlay-gradient":""}},"footnotes":""},"class_list":["post-1865","page","type-page","status-publish","hentry"],"post_mailing_queue_ids":[],"_links":{"self":[{"href":"https:\/\/agora.xtec.cat\/escola-heura\/wp-json\/wp\/v2\/pages\/1865","targetHints":{"allow":["GET"]}}],"collection":[{"href":"https:\/\/agora.xtec.cat\/escola-heura\/wp-json\/wp\/v2\/pages"}],"about":[{"href":"https:\/\/agora.xtec.cat\/escola-heura\/wp-json\/wp\/v2\/types\/page"}],"author":[{"embeddable":true,"href":"https:\/\/agora.xtec.cat\/escola-heura\/wp-json\/wp\/v2\/users\/1"}],"replies":[{"embeddable":true,"href":"https:\/\/agora.xtec.cat\/escola-heura\/wp-json\/wp\/v2\/comments?post=1865"}],"version-history":[{"count":6,"href":"https:\/\/agora.xtec.cat\/escola-heura\/wp-json\/wp\/v2\/pages\/1865\/revisions"}],"predecessor-version":[{"id":6098,"href":"https:\/\/agora.xtec.cat\/escola-heura\/wp-json\/wp\/v2\/pages\/1865\/revisions\/6098"}],"up":[{"embeddable":true,"href":"https:\/\/agora.xtec.cat\/escola-heura\/wp-json\/wp\/v2\/pages\/66"}],"wp:attachment":[{"href":"https:\/\/agora.xtec.cat\/escola-heura\/wp-json\/wp\/v2\/media?parent=1865"}],"curies":[{"name":"wp","href":"https:\/\/api.w.org\/{rel}","templated":true}]}}