{"id":73,"date":"2014-09-18T14:01:51","date_gmt":"2014-09-18T13:01:51","guid":{"rendered":"http:\/\/agora.xtec.cat\/escola-giroi\/?page_id=73"},"modified":"2026-04-13T11:46:22","modified_gmt":"2026-04-13T09:46:22","slug":"menjador-escolar","status":"publish","type":"page","link":"https:\/\/agora.xtec.cat\/escola-giroi\/lescola\/serveis\/menjador-escolar\/","title":{"rendered":"Menjador escolar"},"content":{"rendered":"<p><strong>Benvinguts i benvingudes<\/strong> al nou curs 25\/26 que iniciem amb il\u00b7lusi\u00f3 i les piles ben carregades!!<\/p>\n<p>Comencem el\u00a0 curs amb un nou projecte que desenvoluparem a l&#8217;espai del migdia durant dos cursos: la proposta educativa &#8220;Amb veu i en Pau&#8221;, que t\u00e9 com a objectiu fomentar una conviv\u00e8ncia pac\u00edfica i una participaci\u00f3 democr\u00e0tica entre els infants. Aquest programa vol acompanyar els nens i nenes en el sur creixement com a persones cr\u00edtiques, compromeses\u00a0 actives, promovent valors com la pau, la just\u00edcia social i la democr\u00e0cia. Amb les activitats, jocs i tallers que proposarem durant el temps del migdia treballarem diferents \u00e0mbits que creiem que s\u00f3n essencials per fer un m\u00f3n m\u00e9s just i amb pau:<\/p>\n<ol>\n<li style=\"font-weight: 400;\" aria-level=\"1\"><span style=\"font-weight: 400;\">Desenvolupament personal: autoconeixement, autoestima i gesti\u00f3 emocional.<\/span><\/li>\n<li style=\"font-weight: 400;\" aria-level=\"1\"><span style=\"font-weight: 400;\">Comunicaci\u00f3 i relacions interpersonals: di\u00e0leg, empatia i escolta activa.<\/span><\/li>\n<li style=\"font-weight: 400;\" aria-level=\"1\"><span style=\"font-weight: 400;\">Resoluci\u00f3 de conflictes: eines per gestionar-los de manera no violenta.<\/span><\/li>\n<li style=\"font-weight: 400;\" aria-level=\"1\"><span style=\"font-weight: 400;\">Conviv\u00e8ncia i diversitat: respecte per les difer\u00e8ncies i inclusi\u00f3.<\/span><\/li>\n<li style=\"font-weight: 400;\" aria-level=\"1\"><span style=\"font-weight: 400;\">Comprom\u00eds social i creativitat: participaci\u00f3 activa i transformaci\u00f3 de la realitat.<\/span><\/li>\n<\/ol>\n<p>A l&#8217;escola disposem de cuina pr\u00f2pia, apostant pels productes ecol\u00f2gics, frescos i de proximitat, preferentment. Tamb\u00e9 seguim les recomanacions diet\u00e8tiques per una alimentaci\u00f3 saludable, introduint aliments amb contingut de prote\u00efna vegetal, croquetes de cigrons o salsa bolognesa amb soja texturitzada i iogurt natural a granel, que servim en bols, endolcit amb unes gotes d&#8217;est\u00e8via.<\/p>\n<h5>ORGANITZACI\u00d3:<\/h5>\n<p>El menjador t\u00e9 una capacitat de 120 comensals i els diferents grups dinen distribu\u00efts en 2 torns:<\/p>\n<p>1r torn: I3-I4-I5, 1r i 2n .<\/p>\n<p>2n torn: 3r, 4t, 5\u00e8 i 6\u00e8.<\/p>\n<ul>\n<li>L&#8217;alumnat de I3 descansa despr\u00e9s de dinar a l&#8217;aula de psicomotricitat.<\/li>\n<li>L&#8217;alumnat de I4 a 6\u00e8 gaudeixen d&#8217;una estona de lleure abans i\/o despr\u00e9s de l&#8217;\u00e0pat, amb la possibilitat de fer activitats guiades per l&#8217;equip de monitoratge o extraescolars proposades per l&#8217;AFA.<\/li>\n<\/ul>\n<p>Qu\u00e8 cal portar?<\/p>\n<ul>\n<li>L&#8217;alumnat de I3 i I4 porta cada dia un pitet o tovall\u00f3 dins d\u2019una bossa de roba, el canvi \u00e9s diari.<\/li>\n<li>L&#8217;alumnat de I5 i Prim\u00e0ria porta un tovall\u00f3 de roba o de paper, dins d\u2019una bossa de roba, el canvi \u00e9s diari.<\/li>\n<\/ul>\n<h5>QUOTES:<\/h5>\n<p>Les quotes del servei educatiu del temps del Migdia per aquest curs 2025\/26 seran les seg\u00fcents:<\/p>\n<ul>\n<li>Assist\u00e8ncia fixa (tres o m\u00e9s dies, alterns o seguits): 7,74\u20ac\/dia.<\/li>\n<li>Assist\u00e8ncia fixa discont\u00ednua (un o dos dies a la setmana): 8,48\u20ac\/dia<\/li>\n<li>Assist\u00e8ncia eventual: 8,70\u20ac\/dia.<\/li>\n<\/ul>\n<p>Els pagaments es fan mitjan\u00e7ant domiciliaci\u00f3 banc\u00e0ria, ingr\u00e9s a trav\u00e9s de la p\u00e0gina web de 7itria (<a href=\"https:\/\/7itria.cat\/index.php?option=com_users&amp;view=login&amp;return=aW5kZXgucGhwL2ZhbWlsaWVzL2ludHJhbmV0Lmh0bWw%3D\" target=\"_blank\" rel=\"noopener\">intranet fam\u00edlies<\/a>) o per transfer\u00e8ncia banc\u00e0ria.<\/p>\n<p>L&#8217;alumnat fix que avisi <strong><u>anticipadament la no assist\u00e8ncia (abans de les 9&#8217;30h)<\/u><\/strong>se li retornar\u00e0 la quantitat de 3,20\u20ac (en concepte d\u2019absentisme) corresponent al dinar del dia.<\/p>\n<p><strong>Per quedar-se a dinar eventualment o fora de la rutina establerta, cal avisar abans de les 9&#8217;30h via telef\u00f2nica (Whatsapp, trucada o missatge de text). Per fer canvis o per a qualsevol comunicaci\u00f3 podeu enviar un correu a menjadorgiroi@gmail.com i\/o trucar o enviar un missatge via Whatsapp al tel\u00e8fon del Menjador: 658 90 88 14. Si deixeu el missatge al contestador tamb\u00e9 es tindr\u00e0 en compte la informaci\u00f3.<\/strong><\/p>\n<p class=\"m_3343510247889048306paragraph\"><span class=\"m_3343510247889048306normaltextrun\">Aquest curs continuem amb l&#8217;APP amb la qual mantindrem la comunicaci\u00f3 amb les fam\u00edlies i a trav\u00e9s de la qual heu de fer les inscripcions pel servei de menjador i pel SAM ( Servei d&#8217;Acollida Matinal). Podeu trobar els detalls i funcionalitats a: <\/span><a href=\"https:\/\/activitats.fundesplai.org\/public\/landing\/app-7itria\" target=\"_blank\" rel=\"noopener\" data-saferedirecturl=\"https:\/\/www.google.com\/url?q=https:\/\/activitats.fundesplai.org\/public\/landing\/app-7itria&amp;source=gmail&amp;ust=1694012998621000&amp;usg=AOvVaw220QB8FehJiVAR4ZKTGjkB\">App 7 i TRIA \/ Fundesplai<\/a><u><\/u><u><\/u><\/p>\n<p class=\"m_3343510247889048306paragraph\"><span class=\"m_3343510247889048306normaltextrun\">Aquesta aplicaci\u00f3\u00a0<b>permet rebre directament al tel\u00e8fon m\u00f2bil<\/b>:<u><\/u><u><\/u><\/span><\/p>\n<ul type=\"disc\">\n<li class=\"m_3343510247889048306paragraph\"><span class=\"m_3343510247889048306normaltextrun\">Informacions de les activitats que realitzem a l\u2019escola durant els temps del migdia.<u><\/u><\/span><\/li>\n<li class=\"m_3343510247889048306paragraph\"><span class=\"m_3343510247889048306normaltextrun\">Informes de seguiment (diari de I3 i dos durant el curs per la resta de grups: un al gener i un altre al juny).<u><\/u><\/span><\/li>\n<li class=\"m_3343510247889048306paragraph\"><span class=\"m_3343510247889048306normaltextrun\">Men\u00fas mensuals.<u><\/u><\/span><\/li>\n<li class=\"m_3343510247889048306paragraph\"><span class=\"m_3343510247889048306normaltextrun\">Rebuts del servei.<u><\/u><\/span><\/li>\n<li class=\"m_3343510247889048306paragraph\"><span class=\"m_3343510247889048306normaltextrun\">Modificar la inscripci\u00f3 (rutines, forma de pagament).<u><\/u><\/span><\/li>\n<li class=\"m_3343510247889048306paragraph\"><span class=\"m_3343510247889048306normaltextrun\">Actualitzar dades sanit\u00e0ries (al\u00b7l\u00e8rgies, intoler\u00e0ncies, etc.).<u><\/u><u><\/u><\/span><\/li>\n<li class=\"m_3343510247889048306paragraph\"><span class=\"m_3343510247889048306normaltextrun\">Enviar correus i comunicacions a la coordinadora del servei.<u><\/u><\/span><\/li>\n<li class=\"m_3343510247889048306paragraph\"><span class=\"m_3343510247889048306normaltextrun\">Fer una nova inscripci\u00f3 a una activitat (acollida, extraescolars) sense haver de tornar a incorporar les dades del fill\/a.<u><\/u><\/span><\/li>\n<\/ul>\n<p>Per a qualsevol dubte no dubteu en consultar-ho a la Gemma Omella, coordinadora del servei.<\/p>\n<p>Moltes gr\u00e0cies!<\/p>\n<h5>MEN\u00da TRIMESTRAL:<\/h5>\n<p>Cliqueu a la foto de la Salam, que \u00e9s l&#8217;ocelleta que ens guiar\u00e0 aquest curs i el vinent, per veure els men\u00fas diaris del 3r trimestre.<\/p>\n<p><a href=\"https:\/\/agora.xtec.cat\/escola-giroi\/wp-content\/uploads\/usu1526\/2026\/04\/REVISTA_MENU_BASE_ESCOLES_PDV_B_TERCER_TRIMESTRE.pdf\"><img loading=\"lazy\" decoding=\"async\" class=\"\" src=\"https:\/\/fundesplai.org\/amb-veu-i-en-peu\/wp-content\/uploads\/sites\/34\/2025\/09\/AmbVeuEnPeu_WEB_Ocell_Espiral.png\" alt=\"Imatge de l'ocelleta Salam del conte de l'eix d'animaci\u00f3 per a petits\" width=\"371\" height=\"353\" \/><\/a><\/p>\n<p>IMPORTANT: es tenen en compte les particularitats aliment\u00e0ries de l&#8217;alumnat per motius de salut (intoler\u00e0ncies i al\u00b7l\u00e8rgies) o religi\u00f3.<\/p>\n","protected":false},"excerpt":{"rendered":"<p>Benvinguts i benvingudes al nou curs 25\/26 que iniciem amb il\u00b7lusi\u00f3 i les piles ben carregades!! Comencem el\u00a0 curs amb [&hellip;]<\/p>\n","protected":false},"author":1,"featured_media":0,"parent":36,"menu_order":30,"comment_status":"closed","ping_status":"closed","template":"","meta":{"_bbp_topic_count":0,"_bbp_reply_count":0,"_bbp_total_topic_count":0,"_bbp_total_reply_count":0,"_bbp_voice_count":0,"_bbp_anonymous_reply_count":0,"_bbp_topic_count_hidden":0,"_bbp_reply_count_hidden":0,"_bbp_forum_subforum_count":0,"site-sidebar-layout":"default","site-content-layout":"","ast-site-content-layout":"default","site-content-style":"default","site-sidebar-style":"default","ast-global-header-display":"","ast-banner-title-visibility":"","ast-main-header-display":"","ast-hfb-above-header-display":"","ast-hfb-below-header-display":"","ast-hfb-mobile-header-display":"","site-post-title":"","ast-breadcrumbs-content":"","ast-featured-img":"","footer-sml-layout":"","theme-transparent-header-meta":"","adv-header-id-meta":"","stick-header-meta":"","header-above-stick-meta":"","header-main-stick-meta":"","header-below-stick-meta":"","astra-migrate-meta-layouts":"set","ast-page-background-enabled":"default","ast-page-background-meta":{"desktop":{"background-color":"var(--ast-global-color-4)","background-image":"","background-repeat":"repeat","background-position":"center center","background-size":"auto","background-attachment":"scroll","background-type":"","background-media":"","overlay-type":"","overlay-color":"","overlay-opacity":"","overlay-gradient":""},"tablet":{"background-color":"","background-image":"","background-repeat":"repeat","background-position":"center center","background-size":"auto","background-attachment":"scroll","background-type":"","background-media":"","overlay-type":"","overlay-color":"","overlay-opacity":"","overlay-gradient":""},"mobile":{"background-color":"","background-image":"","background-repeat":"repeat","background-position":"center center","background-size":"auto","background-attachment":"scroll","background-type":"","background-media":"","overlay-type":"","overlay-color":"","overlay-opacity":"","overlay-gradient":""}},"ast-content-background-meta":{"desktop":{"background-color":"var(--ast-global-color-5)","background-image":"","background-repeat":"repeat","background-position":"center center","background-size":"auto","background-attachment":"scroll","background-type":"","background-media":"","overlay-type":"","overlay-color":"","overlay-opacity":"","overlay-gradient":""},"tablet":{"background-color":"var(--ast-global-color-5)","background-image":"","background-repeat":"repeat","background-position":"center center","background-size":"auto","background-attachment":"scroll","background-type":"","background-media":"","overlay-type":"","overlay-color":"","overlay-opacity":"","overlay-gradient":""},"mobile":{"background-color":"var(--ast-global-color-5)","background-image":"","background-repeat":"repeat","background-position":"center center","background-size":"auto","background-attachment":"scroll","background-type":"","background-media":"","overlay-type":"","overlay-color":"","overlay-opacity":"","overlay-gradient":""}},"footnotes":""},"class_list":["post-73","page","type-page","status-publish","hentry"],"post_mailing_queue_ids":[],"_links":{"self":[{"href":"https:\/\/agora.xtec.cat\/escola-giroi\/wp-json\/wp\/v2\/pages\/73","targetHints":{"allow":["GET"]}}],"collection":[{"href":"https:\/\/agora.xtec.cat\/escola-giroi\/wp-json\/wp\/v2\/pages"}],"about":[{"href":"https:\/\/agora.xtec.cat\/escola-giroi\/wp-json\/wp\/v2\/types\/page"}],"author":[{"embeddable":true,"href":"https:\/\/agora.xtec.cat\/escola-giroi\/wp-json\/wp\/v2\/users\/1"}],"replies":[{"embeddable":true,"href":"https:\/\/agora.xtec.cat\/escola-giroi\/wp-json\/wp\/v2\/comments?post=73"}],"version-history":[{"count":6,"href":"https:\/\/agora.xtec.cat\/escola-giroi\/wp-json\/wp\/v2\/pages\/73\/revisions"}],"predecessor-version":[{"id":21054,"href":"https:\/\/agora.xtec.cat\/escola-giroi\/wp-json\/wp\/v2\/pages\/73\/revisions\/21054"}],"up":[{"embeddable":true,"href":"https:\/\/agora.xtec.cat\/escola-giroi\/wp-json\/wp\/v2\/pages\/36"}],"wp:attachment":[{"href":"https:\/\/agora.xtec.cat\/escola-giroi\/wp-json\/wp\/v2\/media?parent=73"}],"curies":[{"name":"wp","href":"https:\/\/api.w.org\/{rel}","templated":true}]}}