{"id":36,"date":"2014-09-18T12:33:11","date_gmt":"2014-09-18T10:33:11","guid":{"rendered":"http:\/\/agora.xtec.cat\/escola-giroi\/?page_id=36"},"modified":"2021-03-08T13:16:26","modified_gmt":"2021-03-08T12:16:26","slug":"serveis","status":"publish","type":"page","link":"https:\/\/agora.xtec.cat\/escola-giroi\/lescola\/serveis\/","title":{"rendered":"Serveis"},"content":{"rendered":"<p>L&#8217;escola compta amb la col\u00b7laboraci\u00f3 de l&#8217;AFA per poder oferir a les fam\u00edlies activitats que permeten millorar la conciliaci\u00f3 familiar, aix\u00ed com ajustar al m\u00e0xim les despeses en mat\u00e8ria de llibres, material, sortides i col\u00f2nies.<\/p>\n<p><a href=\"http:\/\/agora.xtec.cat\/escola-giroi\/lescola\/serveis\/socialitzacio\/\">Socialitzaci\u00f3<\/a><\/p>\n<p>AFA i Escola organitzen i coordinen la gesti\u00f3 de la socialitzaci\u00f3 dels llibres de text i del material escolar per tal que se&#8217;n faciliti l&#8217;aprofitament i es redueixi la despesa per part de les fam\u00edlies.<\/p>\n<p>De la mateixa manera, les sortides pedag\u00f2giques tenen un preu homogeni per a tot l&#8217;alumnat.<\/p>\n<p>Pel que fa a les col\u00f2nies, hi ha un preu per a l&#8217;alumnat d&#8217;Infantil i un altre per a l&#8217;alumnat de 1r a 5\u00e8 de Prim\u00e0ria. Els de 6\u00e8, en fer una nit m\u00e9s d&#8217;estada, tenen un preu superior.<\/p>\n<p>L&#8217;AFA ajuda amb beques les fam\u00edlies que ho necessiten, per tal que tots els infants puguin gaudir de les col\u00f2nies, com a m\u00ednim, cada final de cada cicle.<\/p>\n<p><a href=\"http:\/\/agora.xtec.cat\/escola-giroi\/lescola\/serveis\/acollida\/\">Acollida<\/a><\/p>\n<p>Servei gestionat i coordinat per l&#8217;AFA a trav\u00e9s de l&#8217;empresa 7 i tria.<\/p>\n<p><a href=\"http:\/\/agora.xtec.cat\/escola-giroi\/lescola\/serveis\/menjador-escolar\/\">Menjador escolar<\/a><\/p>\n<p>Servei gestionat i coordinat per l&#8217;AFA, en la franja hor\u00e0ria de 12 :00 &#8211; 15:00h, actualment contractat a l\u2019empresa 7 i Tria.<\/p>\n<p><a href=\"http:\/\/agora.xtec.cat\/escola-giroi\/lescola\/serveis\/activitats-extraescolars\/\">Activitats extraescolars<\/a><\/p>\n<p>L&#8217;AFA proposa, planifica i gestiona els diferents extraescolars oferts curs a curs.<\/p>\n","protected":false},"excerpt":{"rendered":"<p>L&#8217;escola compta amb la col\u00b7laboraci\u00f3 de l&#8217;AFA per poder oferir a les fam\u00edlies activitats que permeten millorar la conciliaci\u00f3 familiar, [&hellip;]<\/p>\n","protected":false},"author":1,"featured_media":0,"parent":22,"menu_order":70,"comment_status":"closed","ping_status":"closed","template":"","meta":{"_bbp_topic_count":0,"_bbp_reply_count":0,"_bbp_total_topic_count":0,"_bbp_total_reply_count":0,"_bbp_voice_count":0,"_bbp_anonymous_reply_count":0,"_bbp_topic_count_hidden":0,"_bbp_reply_count_hidden":0,"_bbp_forum_subforum_count":0,"site-sidebar-layout":"default","site-content-layout":"","ast-site-content-layout":"","site-content-style":"default","site-sidebar-style":"default","ast-global-header-display":"","ast-banner-title-visibility":"","ast-main-header-display":"","ast-hfb-above-header-display":"","ast-hfb-below-header-display":"","ast-hfb-mobile-header-display":"","site-post-title":"","ast-breadcrumbs-content":"","ast-featured-img":"","footer-sml-layout":"","theme-transparent-header-meta":"","adv-header-id-meta":"","stick-header-meta":"","header-above-stick-meta":"","header-main-stick-meta":"","header-below-stick-meta":"","astra-migrate-meta-layouts":"default","ast-page-background-enabled":"default","ast-page-background-meta":{"desktop":{"background-color":"var(--ast-global-color-4)","background-image":"","background-repeat":"repeat","background-position":"center center","background-size":"auto","background-attachment":"scroll","background-type":"","background-media":"","overlay-type":"","overlay-color":"","overlay-opacity":"","overlay-gradient":""},"tablet":{"background-color":"","background-image":"","background-repeat":"repeat","background-position":"center center","background-size":"auto","background-attachment":"scroll","background-type":"","background-media":"","overlay-type":"","overlay-color":"","overlay-opacity":"","overlay-gradient":""},"mobile":{"background-color":"","background-image":"","background-repeat":"repeat","background-position":"center center","background-size":"auto","background-attachment":"scroll","background-type":"","background-media":"","overlay-type":"","overlay-color":"","overlay-opacity":"","overlay-gradient":""}},"ast-content-background-meta":{"desktop":{"background-color":"var(--ast-global-color-5)","background-image":"","background-repeat":"repeat","background-position":"center center","background-size":"auto","background-attachment":"scroll","background-type":"","background-media":"","overlay-type":"","overlay-color":"","overlay-opacity":"","overlay-gradient":""},"tablet":{"background-color":"var(--ast-global-color-5)","background-image":"","background-repeat":"repeat","background-position":"center center","background-size":"auto","background-attachment":"scroll","background-type":"","background-media":"","overlay-type":"","overlay-color":"","overlay-opacity":"","overlay-gradient":""},"mobile":{"background-color":"var(--ast-global-color-5)","background-image":"","background-repeat":"repeat","background-position":"center center","background-size":"auto","background-attachment":"scroll","background-type":"","background-media":"","overlay-type":"","overlay-color":"","overlay-opacity":"","overlay-gradient":""}},"footnotes":""},"class_list":["post-36","page","type-page","status-publish","hentry"],"post_mailing_queue_ids":[],"_links":{"self":[{"href":"https:\/\/agora.xtec.cat\/escola-giroi\/wp-json\/wp\/v2\/pages\/36","targetHints":{"allow":["GET"]}}],"collection":[{"href":"https:\/\/agora.xtec.cat\/escola-giroi\/wp-json\/wp\/v2\/pages"}],"about":[{"href":"https:\/\/agora.xtec.cat\/escola-giroi\/wp-json\/wp\/v2\/types\/page"}],"author":[{"embeddable":true,"href":"https:\/\/agora.xtec.cat\/escola-giroi\/wp-json\/wp\/v2\/users\/1"}],"replies":[{"embeddable":true,"href":"https:\/\/agora.xtec.cat\/escola-giroi\/wp-json\/wp\/v2\/comments?post=36"}],"version-history":[{"count":4,"href":"https:\/\/agora.xtec.cat\/escola-giroi\/wp-json\/wp\/v2\/pages\/36\/revisions"}],"predecessor-version":[{"id":19859,"href":"https:\/\/agora.xtec.cat\/escola-giroi\/wp-json\/wp\/v2\/pages\/36\/revisions\/19859"}],"up":[{"embeddable":true,"href":"https:\/\/agora.xtec.cat\/escola-giroi\/wp-json\/wp\/v2\/pages\/22"}],"wp:attachment":[{"href":"https:\/\/agora.xtec.cat\/escola-giroi\/wp-json\/wp\/v2\/media?parent=36"}],"curies":[{"name":"wp","href":"https:\/\/api.w.org\/{rel}","templated":true}]}}