{"id":30,"date":"2014-09-18T12:30:23","date_gmt":"2014-09-18T10:30:23","guid":{"rendered":"http:\/\/agora.xtec.cat\/escola-giroi\/?page_id=30"},"modified":"2024-01-23T12:56:13","modified_gmt":"2024-01-23T11:56:13","slug":"projectesescola","status":"publish","type":"page","link":"https:\/\/agora.xtec.cat\/escola-giroi\/projectesescola\/","title":{"rendered":"Projectes d&#8217;escola"},"content":{"rendered":"\r\n\t<div class=\"slideshow_container slideshow_container_style-light\" style=\"height: 150px; \" data-slideshow-id=\"19578\" data-style-name=\"style-light\" data-style-version=\"2.3.1\" >\r\n\r\n\t\t\t\t\t<div class=\"slideshow_loading_icon\"><\/div>\r\n\t\t\r\n\t\t<div class=\"slideshow_content\" style=\"display: none;\">\r\n\r\n\t\t\t<div class=\"slideshow_view\">\r\n\t\t\t\t<div class=\"slideshow_slide slideshow_slide_image\">\r\n\t\t\t\t\t\t\t\t\t\t\t<img src=\"https:\/\/agora.xtec.cat\/escola-giroi\/wp-content\/uploads\/usu1526\/2021\/02\/WhatsApp-Image-2021-02-10-at-09.38.47.jpeg\" alt=\"Hort\" width=\"1200\" height=\"1600\" \/>\r\n\t\t\t\t\t\t\t\t\t\t<div class=\"slideshow_description_box slideshow_transparent\">\r\n\t\t\t\t\t\t<div class=\"slideshow_title\">Hort<\/div>\t\t\t\t\t\t\t\t\t\t\t<\/div>\r\n\t\t\t\t<\/div>\r\n\r\n\t\t\t\t\t\t\r\n\t\t\t\t<div class=\"slideshow_slide slideshow_slide_image\">\r\n\t\t\t\t\t\t\t\t\t\t\t<img src=\"https:\/\/agora.xtec.cat\/escola-giroi\/wp-content\/uploads\/usu1526\/2021\/02\/WhatsApp-Image-2021-02-10-at-09.37.40-1.jpeg\" alt=\"El poble\" width=\"1600\" height=\"1200\" \/>\r\n\t\t\t\t\t\t\t\t\t\t<div class=\"slideshow_description_box slideshow_transparent\">\r\n\t\t\t\t\t\t<div class=\"slideshow_title\">El poble<\/div>\t\t\t\t\t\t\t\t\t\t\t<\/div>\r\n\t\t\t\t<\/div>\r\n\r\n\t\t\t\t\t\t\r\n\t\t\t\t<div class=\"slideshow_slide slideshow_slide_image\">\r\n\t\t\t\t\t\t\t\t\t\t\t<img src=\"https:\/\/agora.xtec.cat\/escola-giroi\/wp-content\/uploads\/usu1526\/2021\/02\/WhatsApp-Image-2021-02-10-at-09.37.41.jpeg\" alt=\"Giroier\" width=\"1600\" height=\"1200\" \/>\r\n\t\t\t\t\t\t\t\t\t\t<div class=\"slideshow_description_box slideshow_transparent\">\r\n\t\t\t\t\t\t<div class=\"slideshow_title\">Giroier<\/div>\t\t\t\t\t\t\t\t\t\t\t<\/div>\r\n\t\t\t\t<\/div>\r\n\r\n\t\t\t\t\t\t\r\n\t\t\t\t<div class=\"slideshow_slide slideshow_slide_image\">\r\n\t\t\t\t\t\t\t\t\t\t\t<img src=\"https:\/\/agora.xtec.cat\/escola-giroi\/wp-content\/uploads\/usu1526\/2021\/02\/IMG_20200217_152012.jpg\" alt=\"El cos\" width=\"3104\" height=\"3104\" \/>\r\n\t\t\t\t\t\t\t\t\t\t<div class=\"slideshow_description_box slideshow_transparent\">\r\n\t\t\t\t\t\t<div class=\"slideshow_title\">El cos<\/div>\t\t\t\t\t\t\t\t\t\t\t<\/div>\r\n\t\t\t\t<\/div>\r\n\r\n\t\t\t\t\t\t<div style=\"clear: both;\"><\/div><\/div><div class=\"slideshow_view\">\r\n\t\t\t\t<div class=\"slideshow_slide slideshow_slide_image\">\r\n\t\t\t\t\t\t\t\t\t\t\t<img src=\"https:\/\/agora.xtec.cat\/escola-giroi\/wp-content\/uploads\/usu1526\/2021\/02\/FD79ABDC-623C-4022-AC70-86C3C49B829B.jpeg\" alt=\"Experimentaci\u00f3\" width=\"4032\" height=\"3024\" \/>\r\n\t\t\t\t\t\t\t\t\t\t<div class=\"slideshow_description_box slideshow_transparent\">\r\n\t\t\t\t\t\t<div class=\"slideshow_title\">Experimentaci\u00f3<\/div>\t\t\t\t\t\t\t\t\t\t\t<\/div>\r\n\t\t\t\t<\/div>\r\n\r\n\t\t\t\t\t\t\r\n\t\t\t\t<div class=\"slideshow_slide slideshow_slide_image\">\r\n\t\t\t\t\t\t\t\t\t\t\t<img src=\"https:\/\/agora.xtec.cat\/escola-giroi\/wp-content\/uploads\/usu1526\/2021\/02\/20180607_100334-1.jpg\" alt=\"Giroier\" width=\"2560\" height=\"1536\" \/>\r\n\t\t\t\t\t\t\t\t\t\t<div class=\"slideshow_description_box slideshow_transparent\">\r\n\t\t\t\t\t\t<div class=\"slideshow_title\">Giroier<\/div>\t\t\t\t\t\t\t\t\t\t\t<\/div>\r\n\t\t\t\t<\/div>\r\n\r\n\t\t\t\t\t\t\r\n\t\t\t\t<div class=\"slideshow_slide slideshow_slide_image\">\r\n\t\t\t\t\t\t\t\t\t\t\t<img src=\"https:\/\/agora.xtec.cat\/escola-giroi\/wp-content\/uploads\/usu1526\/2021\/02\/IMG_20200217_160915.jpg\" alt=\"El cos\" width=\"3104\" height=\"3104\" \/>\r\n\t\t\t\t\t\t\t\t\t\t<div class=\"slideshow_description_box slideshow_transparent\">\r\n\t\t\t\t\t\t<div class=\"slideshow_title\">El cos<\/div>\t\t\t\t\t\t\t\t\t\t\t<\/div>\r\n\t\t\t\t<\/div>\r\n\r\n\t\t\t\t\t\t\r\n\t\t\t\t<div class=\"slideshow_slide slideshow_slide_image\">\r\n\t\t\t\t\t\t\t\t\t\t\t<img src=\"https:\/\/agora.xtec.cat\/escola-giroi\/wp-content\/uploads\/usu1526\/2021\/02\/IMG_20190306_111432.jpg\" alt=\"El poble\" width=\"3104\" height=\"3104\" \/>\r\n\t\t\t\t\t\t\t\t\t\t<div class=\"slideshow_description_box slideshow_transparent\">\r\n\t\t\t\t\t\t<div class=\"slideshow_title\">El poble<\/div>\t\t\t\t\t\t\t\t\t\t\t<\/div>\r\n\t\t\t\t<\/div>\r\n\r\n\t\t\t\t\t\t<div style=\"clear: both;\"><\/div><\/div>\r\n\t\t<\/div>\r\n\r\n\t\t<div class=\"slideshow_controlPanel slideshow_transparent\" style=\"display: none;\"><ul><li class=\"slideshow_togglePlay\" data-play-text=\"Visualitza\" data-pause-text=\"Pausa\"><\/li><\/ul><\/div>\r\n\r\n\t\t<div class=\"slideshow_button slideshow_previous slideshow_transparent\" role=\"button\" data-previous-text=\"Anterior\" style=\"display: none;\"><\/div>\r\n\t\t<div class=\"slideshow_button slideshow_next slideshow_transparent\" role=\"button\" data-next-text=\"Seg\u00fcent\" style=\"display: none;\"><\/div>\r\n\r\n\t\t<div class=\"slideshow_pagination\" style=\"display: none;\" data-go-to-text=\"V\u00e9s a la diapositiva\"><div class=\"slideshow_pagination_center\"><\/div><\/div>\r\n\r\n\t\t<!-- WordPress Slideshow Version 2.3.1 -->\r\n\r\n\t\t\t<\/div>\r\n\r\n\n<h3>Qu\u00e8 entenem per <em>projecte<\/em> a l&#8217;escola Giroi?<\/h3>\n<ul class=\"n8H08c UVNKR\">\n<li class=\"TYR86d wXCUfe zfr3Q\" dir=\"ltr\">\n<p class=\"CDt4Ke zfr3Q\" dir=\"ltr\">El punt de partida \u00e9s l&#8217;<strong>\u00e0mbit de coneixement del medi<\/strong>.<\/p>\n<\/li>\n<li class=\"TYR86d wXCUfe zfr3Q\" dir=\"ltr\">\n<p class=\"CDt4Ke zfr3Q\" dir=\"ltr\">\u00c9s\u00a0<strong>globalitzat<\/strong>.<\/p>\n<\/li>\n<li class=\"TYR86d wXCUfe zfr3Q\" dir=\"ltr\">\n<p class=\"CDt4Ke zfr3Q\" dir=\"ltr\">Seguim la <strong>metodologia sist\u00e8mica<\/strong>, on es treballa el concret per despr\u00e9s fer una generalitzaci\u00f3, integrant-lo en el m\u00f3n i les interrelacions que s&#8217;estableixen entre diferents elements de l&#8217;entorn.<\/p>\n<\/li>\n<li class=\"TYR86d wXCUfe zfr3Q\" dir=\"ltr\">\n<p class=\"CDt4Ke zfr3Q\" dir=\"ltr\"><strong>L&#8217;alumnat \u00e9s el protagonista<\/strong>\u00a0del proc\u00e9s d&#8217;aprenentatge.<\/p>\n<\/li>\n<li class=\"TYR86d wXCUfe zfr3Q\" dir=\"ltr\">\n<p class=\"CDt4Ke zfr3Q\" dir=\"ltr\">A partir dels\u00a0<strong>coneixements previs<\/strong>\u00a0(plasmats en un dibuix o una maqueta) en traiem\u00a0<strong>bones preguntes\u00a0<\/strong>per estirar el fil del projecte.<\/p>\n<\/li>\n<li class=\"TYR86d wXCUfe zfr3Q\" dir=\"ltr\">\n<p class=\"CDt4Ke zfr3Q\" dir=\"ltr\">L&#8217;alumnat s&#8217;organitza en\u00a0<strong>equips cooperatius<\/strong>\u00a0per tal d&#8217;assolir uns\u00a0<strong>objectius d&#8217;aprenentatge<\/strong>\u00a0relacionats amb unes\u00a0<strong>idees clau<\/strong>\u00a0concretes.<\/p>\n<\/li>\n<li class=\"TYR86d wXCUfe zfr3Q\" dir=\"ltr\">\n<p class=\"CDt4Ke zfr3Q\" dir=\"ltr\">Mitjan\u00e7ant\u00a0<strong>activitats competencials<\/strong>, s&#8217;assoleix un\u00a0<strong>producte final<\/strong>\u00a0com a recull dels aprenentatges<\/p>\n<\/li>\n<\/ul>\n<p>&nbsp;<\/p>\n<p data-wp-editing=\"1\"><img loading=\"lazy\" decoding=\"async\" class=\"wp-image-20657 aligncenter\" src=\"https:\/\/agora.xtec.cat\/escola-giroi\/wp-content\/uploads\/usu1526\/2024\/01\/c-petits-300x119.jpg\" alt=\"\" width=\"555\" height=\"220\" srcset=\"https:\/\/agora.xtec.cat\/escola-giroi\/wp-content\/uploads\/usu1526\/2024\/01\/c-petits-300x119.jpg 300w, https:\/\/agora.xtec.cat\/escola-giroi\/wp-content\/uploads\/usu1526\/2024\/01\/c-petits-768x304.jpg 768w, https:\/\/agora.xtec.cat\/escola-giroi\/wp-content\/uploads\/usu1526\/2024\/01\/c-petits.jpg 784w\" sizes=\"auto, (max-width: 555px) 100vw, 555px\" \/> <img loading=\"lazy\" decoding=\"async\" class=\"wp-image-20656 aligncenter\" src=\"https:\/\/agora.xtec.cat\/escola-giroi\/wp-content\/uploads\/usu1526\/2024\/01\/c-mitjans-300x153.jpg\" alt=\"\" width=\"539\" height=\"275\" srcset=\"https:\/\/agora.xtec.cat\/escola-giroi\/wp-content\/uploads\/usu1526\/2024\/01\/c-mitjans-300x153.jpg 300w, https:\/\/agora.xtec.cat\/escola-giroi\/wp-content\/uploads\/usu1526\/2024\/01\/c-mitjans-768x392.jpg 768w, https:\/\/agora.xtec.cat\/escola-giroi\/wp-content\/uploads\/usu1526\/2024\/01\/c-mitjans.jpg 784w\" sizes=\"auto, (max-width: 539px) 100vw, 539px\" \/><\/p>\n<p><img loading=\"lazy\" decoding=\"async\" class=\" wp-image-20655 aligncenter\" src=\"https:\/\/agora.xtec.cat\/escola-giroi\/wp-content\/uploads\/usu1526\/2024\/01\/c-grans-300x170.jpg\" alt=\"\" width=\"547\" height=\"310\" srcset=\"https:\/\/agora.xtec.cat\/escola-giroi\/wp-content\/uploads\/usu1526\/2024\/01\/c-grans-300x170.jpg 300w, https:\/\/agora.xtec.cat\/escola-giroi\/wp-content\/uploads\/usu1526\/2024\/01\/c-grans-768x435.jpg 768w, https:\/\/agora.xtec.cat\/escola-giroi\/wp-content\/uploads\/usu1526\/2024\/01\/c-grans.jpg 817w\" sizes=\"auto, (max-width: 547px) 100vw, 547px\" \/><\/p>\n<p>&nbsp;<\/p>\n<p>&nbsp;<\/p>\n<p>&nbsp;<\/p>\n<p>&nbsp;<\/p>\n","protected":false},"excerpt":{"rendered":"<p>Qu\u00e8 entenem per projecte a l&#8217;escola Giroi? El punt de partida \u00e9s l&#8217;\u00e0mbit de coneixement del medi. \u00c9s\u00a0globalitzat. Seguim la [&hellip;]<\/p>\n","protected":false},"author":1,"featured_media":0,"parent":0,"menu_order":40,"comment_status":"closed","ping_status":"closed","template":"","meta":{"_bbp_topic_count":0,"_bbp_reply_count":0,"_bbp_total_topic_count":0,"_bbp_total_reply_count":0,"_bbp_voice_count":0,"_bbp_anonymous_reply_count":0,"_bbp_topic_count_hidden":0,"_bbp_reply_count_hidden":0,"_bbp_forum_subforum_count":0,"site-sidebar-layout":"default","site-content-layout":"","ast-site-content-layout":"","site-content-style":"default","site-sidebar-style":"default","ast-global-header-display":"","ast-banner-title-visibility":"","ast-main-header-display":"","ast-hfb-above-header-display":"","ast-hfb-below-header-display":"","ast-hfb-mobile-header-display":"","site-post-title":"","ast-breadcrumbs-content":"","ast-featured-img":"","footer-sml-layout":"","theme-transparent-header-meta":"","adv-header-id-meta":"","stick-header-meta":"","header-above-stick-meta":"","header-main-stick-meta":"","header-below-stick-meta":"","astra-migrate-meta-layouts":"default","ast-page-background-enabled":"default","ast-page-background-meta":{"desktop":{"background-color":"var(--ast-global-color-4)","background-image":"","background-repeat":"repeat","background-position":"center center","background-size":"auto","background-attachment":"scroll","background-type":"","background-media":"","overlay-type":"","overlay-color":"","overlay-opacity":"","overlay-gradient":""},"tablet":{"background-color":"","background-image":"","background-repeat":"repeat","background-position":"center center","background-size":"auto","background-attachment":"scroll","background-type":"","background-media":"","overlay-type":"","overlay-color":"","overlay-opacity":"","overlay-gradient":""},"mobile":{"background-color":"","background-image":"","background-repeat":"repeat","background-position":"center center","background-size":"auto","background-attachment":"scroll","background-type":"","background-media":"","overlay-type":"","overlay-color":"","overlay-opacity":"","overlay-gradient":""}},"ast-content-background-meta":{"desktop":{"background-color":"var(--ast-global-color-5)","background-image":"","background-repeat":"repeat","background-position":"center center","background-size":"auto","background-attachment":"scroll","background-type":"","background-media":"","overlay-type":"","overlay-color":"","overlay-opacity":"","overlay-gradient":""},"tablet":{"background-color":"var(--ast-global-color-5)","background-image":"","background-repeat":"repeat","background-position":"center center","background-size":"auto","background-attachment":"scroll","background-type":"","background-media":"","overlay-type":"","overlay-color":"","overlay-opacity":"","overlay-gradient":""},"mobile":{"background-color":"var(--ast-global-color-5)","background-image":"","background-repeat":"repeat","background-position":"center center","background-size":"auto","background-attachment":"scroll","background-type":"","background-media":"","overlay-type":"","overlay-color":"","overlay-opacity":"","overlay-gradient":""}},"footnotes":""},"class_list":["post-30","page","type-page","status-publish","hentry"],"post_mailing_queue_ids":[],"_links":{"self":[{"href":"https:\/\/agora.xtec.cat\/escola-giroi\/wp-json\/wp\/v2\/pages\/30","targetHints":{"allow":["GET"]}}],"collection":[{"href":"https:\/\/agora.xtec.cat\/escola-giroi\/wp-json\/wp\/v2\/pages"}],"about":[{"href":"https:\/\/agora.xtec.cat\/escola-giroi\/wp-json\/wp\/v2\/types\/page"}],"author":[{"embeddable":true,"href":"https:\/\/agora.xtec.cat\/escola-giroi\/wp-json\/wp\/v2\/users\/1"}],"replies":[{"embeddable":true,"href":"https:\/\/agora.xtec.cat\/escola-giroi\/wp-json\/wp\/v2\/comments?post=30"}],"version-history":[{"count":6,"href":"https:\/\/agora.xtec.cat\/escola-giroi\/wp-json\/wp\/v2\/pages\/30\/revisions"}],"predecessor-version":[{"id":20659,"href":"https:\/\/agora.xtec.cat\/escola-giroi\/wp-json\/wp\/v2\/pages\/30\/revisions\/20659"}],"wp:attachment":[{"href":"https:\/\/agora.xtec.cat\/escola-giroi\/wp-json\/wp\/v2\/media?parent=30"}],"curies":[{"name":"wp","href":"https:\/\/api.w.org\/{rel}","templated":true}]}}