{"id":28,"date":"2014-09-18T12:29:35","date_gmt":"2014-09-18T10:29:35","guid":{"rendered":"http:\/\/agora.xtec.cat\/escola-giroi\/?page_id=28"},"modified":"2026-01-23T17:52:21","modified_gmt":"2026-01-23T16:52:21","slug":"contacte","status":"publish","type":"page","link":"https:\/\/agora.xtec.cat\/escola-giroi\/lescola\/contacte\/","title":{"rendered":"Contacte"},"content":{"rendered":"<p>Per tal d\u2019evitar despla\u00e7aments innecessaris aconsellem que concerteu entrevista per mitj\u00e0 de l\u2019<strong>agenda<\/strong> de l\u2019alumnat o a trav\u00e9s del correu electr\u00f2nic <a href=\"mailto:administracio@escola-giroi.com\"><strong>administracio<span class=\"\">@escola-giroi<\/span>.com<\/strong><\/a> i us assegureu que us puguem atendre correctament.<\/p>\n<p>Tamb\u00e9 podeu contactar directament amb el professorat a trav\u00e9s del seu correu electr\u00f2nic:<\/p>\n<table style=\"height: 898px; width: 72.5182%;\">\n<tbody>\n<tr style=\"height: 31px;\">\n<td style=\"height: 31px; width: 112.246%;\" colspan=\"4\"><strong><u>EQUIP DIRECTIU<\/u><\/strong><\/td>\n<td style=\"width: 2.41383%; height: 31px;\">\u00a0<\/td>\n<\/tr>\n<tr style=\"height: 31px;\">\n<td style=\"height: 93px; width: 3.27144%;\" rowspan=\"3\">\u00a0<\/td>\n<td style=\"height: 31px; width: 28.3251%;\">DIRECTOR<\/td>\n<td style=\"height: 31px; width: 31.0071%;\">Jordi Marc\u00f3<\/td>\n<td style=\"height: 31px; width: 49.6426%;\"><a href=\"mailto:jmarco9@escola-giroi.com\">jmarco9@escola-giroi.com<\/a><\/td>\n<td style=\"width: 2.41383%; height: 31px;\">\u00a0<\/td>\n<\/tr>\n<tr style=\"height: 31px;\">\n<td style=\"height: 31px; width: 28.3251%;\">CAP D\u2019ESTUDIS<\/td>\n<td style=\"height: 31px; width: 31.0071%;\">Cristina Palma<\/td>\n<td style=\"height: 31px; width: 49.6426%;\"><a href=\"mailto:cpalma2@escola-giroi.com\">cpalma2@escola-giroi.com<\/a><\/td>\n<td style=\"width: 2.41383%; height: 31px;\">\u00a0<\/td>\n<\/tr>\n<tr style=\"height: 31px;\">\n<td style=\"height: 31px; width: 28.3251%;\">SECRET\u00c0RIA<\/td>\n<td style=\"height: 31px; width: 31.0071%;\">Mireia Velasco<\/td>\n<td style=\"height: 31px; width: 49.6426%;\"><a href=\"mailto:mvelas42@escola-giroi.com\">mvelas42@escola-giroi.com<\/a><\/td>\n<td style=\"width: 2.41383%; height: 31px;\">\u00a0<\/td>\n<\/tr>\n<tr style=\"height: 31px;\">\n<td style=\"height: 31px; width: 112.246%;\" colspan=\"4\"><strong><u>PERSONAL DOCENT 25\/26<\/u><\/strong><\/td>\n<td style=\"width: 2.41383%; height: 31px;\">\u00a0<\/td>\n<\/tr>\n<tr style=\"height: 31px;\">\n<td style=\"height: 31px; width: 112.246%;\" colspan=\"4\"><u>INFANTIL<\/u><\/td>\n<td style=\"width: 2.41383%; height: 31px;\">\u00a0<\/td>\n<\/tr>\n<tr style=\"height: 31px;\">\n<td style=\"height: 93px; width: 3.27144%;\" rowspan=\"3\">\u00a0<\/td>\n<td style=\"height: 31px; width: 28.3251%;\">Infantil A<\/td>\n<td style=\"width: 31.0071%; height: 31px;\">Irene Sola<\/td>\n<td style=\"height: 31px; width: 49.6426%;\"><a href=\"mailto:isola3@escola-giroi.com\">isola3@escola-giroi.com<\/a><\/td>\n<td style=\"width: 2.41383%; height: 31px;\">\u00a0<\/td>\n<\/tr>\n<tr style=\"height: 31px;\">\n<td style=\"height: 31px; width: 28.3251%;\">Infantil B<\/td>\n<td style=\"width: 31.0071%; height: 31px;\">Maribel Garcia<\/td>\n<td style=\"height: 31px; width: 49.6426%;\"><a href=\"mailto:mgar387@escola-giroi.com\">mgar387@escola-giroi.com<\/a><\/td>\n<td style=\"width: 2.41383%; height: 31px;\">\u00a0<\/td>\n<\/tr>\n<tr style=\"height: 31px;\">\n<td style=\"height: 31px; width: 28.3251%;\">Infantil C<\/td>\n<td style=\"width: 31.0071%; height: 31px;\">Sandra Duarte<\/td>\n<td style=\"width: 49.6426%; height: 31px;\"><a href=\"mailto:sduarte3@escola-giroi.com\">sduarte3@escola-giroi.com<\/a><\/td>\n<td style=\"height: 31px; width: 2.41383%;\">\u00a0<\/td>\n<\/tr>\n<tr style=\"height: 23px;\">\n<td style=\"width: 3.27144%; height: 23px;\">\u00a0<\/td>\n<td style=\"width: 28.3251%; height: 23px;\">Suport infantil i piscina<\/td>\n<td style=\"width: 31.0071%; height: 23px;\">M\u00edriam Colom<\/td>\n<td style=\"width: 49.6426%; height: 23px;\"><a href=\"mailto:mcolom9@escola-giroi.com\">mcolom9@escola-giroi.com<\/a><\/td>\n<td style=\"width: 2.41383%; height: 23px;\">\u00a0<\/td>\n<\/tr>\n<tr style=\"height: 31px;\">\n<td style=\"height: 31px; width: 112.246%;\" colspan=\"4\"><u>PRIM\u00c0RIA<\/u><\/td>\n<td style=\"width: 2.41383%; height: 31px;\">\u00a0<\/td>\n<\/tr>\n<tr style=\"height: 31px;\">\n<td style=\"height: 198px; width: 3.27144%;\" rowspan=\"7\">\u00a0<\/td>\n<td style=\"height: 31px; width: 28.3251%;\">Primer &#8211; 1r A<\/td>\n<td style=\"width: 31.0071%; height: 31px;\">Albert Ametlla<\/td>\n<td style=\"height: 31px; width: 49.6426%;\"><a href=\"mailto:aametll3@escola-giroi.com\">aametll3@escola-giroi.com<\/a><\/td>\n<td style=\"width: 2.41383%; height: 31px;\">\u00a0<\/td>\n<\/tr>\n<tr style=\"height: 31px;\">\n<td style=\"width: 28.3251%; height: 31px;\">Primer &#8211; 1r B<\/td>\n<td style=\"width: 31.0071%; height: 31px;\">Maite Mar\u00edn<\/td>\n<td style=\"height: 31px; width: 49.6426%;\"><a href=\"mailto:mmarin46@escola-giroi.com\">mmarin46@escola-giroi.com<\/a><\/td>\n<td style=\"width: 2.41383%; height: 31px;\">\u00a0<\/td>\n<\/tr>\n<tr style=\"height: 36px;\">\n<td style=\"width: 28.3251%; height: 36px;\">Segon &#8211; 2n<\/td>\n<td style=\"width: 31.0071%; height: 36px;\">Laura Soto<\/td>\n<td style=\"width: 49.6426%; height: 36px;\"><a href=\"mailto:lsoto2@escola-giroi.com\">lsoto2@escola-giroi.com<\/a><\/td>\n<td style=\"width: 2.41383%; height: 36px;\">\u00a0<\/td>\n<\/tr>\n<tr style=\"height: 31px;\">\n<td style=\"width: 28.3251%; height: 31px;\">Tercer &#8211; 3r<\/td>\n<td style=\"width: 31.0071%; height: 31px;\">Laia Frutos<\/td>\n<td style=\"width: 49.6426%; height: 31px;\"><a href=\"mailto:lfrutos2@escola-giroi.com\">lfrutos2@escola-giroi.com<\/a><\/td>\n<td style=\"width: 2.41383%; height: 31px;\">\u00a0<\/td>\n<\/tr>\n<tr style=\"height: 31px;\">\n<td style=\"height: 10px; width: 28.3251%;\">Quart &#8211; 4t<\/td>\n<td style=\"height: 10px; width: 31.0071%;\">Llu\u00efsa Vigas\n<p>Maria Lorente<\/p>\n<\/td>\n<td style=\"height: 10px; width: 49.6426%;\"><a href=\"mailto:lvigas2@escola-giroi.com\">lvigas2@escola-giroi.com<\/a>\n<p><a href=\"mailto:mloren21@escola-giroi.com\">mloren21@escola-giroi.com<\/a><\/p>\n<\/td>\n<td style=\"width: 2.41383%; height: 10px;\">\u00a0<\/td>\n<\/tr>\n<tr style=\"height: 28px;\">\n<td style=\"width: 28.3251%; height: 28px;\">Cinqu\u00e8 &#8211; 5\u00e8<\/td>\n<td style=\"width: 31.0071%; height: 28px;\">Panti Berrozpe<\/td>\n<td style=\"width: 49.6426%; height: 28px;\"><a href=\"mailto:pberrozp@escola-giroi.com\">pberrozp@escola-giroi.com<\/a><\/td>\n<td style=\"width: 2.41383%; height: 28px;\">\u00a0<\/td>\n<\/tr>\n<tr style=\"height: 31px;\">\n<td style=\"height: 31px; width: 28.3251%;\">Sis\u00e8\u00a0 &#8211; 6\u00e8<\/td>\n<td style=\"height: 31px; width: 31.0071%;\">Roger Morat\u00f3<\/td>\n<td style=\"height: 31px; width: 49.6426%;\"><a href=\"mailto:rmorato5@escola-giroi.com\">rmorato5@escola-giroi.com<\/a><\/td>\n<td style=\"width: 2.41383%; height: 31px;\">\u00a0<\/td>\n<\/tr>\n<tr style=\"height: 31px;\">\n<td style=\"height: 31px; width: 112.246%;\" colspan=\"4\"><u>ESPECIALISTES\u00a0<\/u><\/td>\n<td style=\"width: 2.41383%; height: 31px;\">\u00a0<\/td>\n<\/tr>\n<tr style=\"height: 21px;\">\n<td style=\"width: 3.27144%; height: 21px;\">\u00a0<\/td>\n<td style=\"width: 28.3251%; height: 21px;\">ANGL\u00c8S<\/td>\n<td style=\"width: 31.0071%; height: 21px;\">Elisabet Soria<\/td>\n<td style=\"width: 49.6426%; height: 21px;\"><a href=\"mailto:esoria2@escola-giroi.com\">esoria2@escola-giroi.com<\/a><\/td>\n<td style=\"width: 2.41383%; height: 21px;\">\u00a0<\/td>\n<\/tr>\n<tr style=\"height: 31px;\">\n<td style=\"height: 20px; width: 3.27144%;\">\u00a0<\/td>\n<td style=\"height: 20px; width: 28.3251%;\">M\u00daSICA<\/td>\n<td style=\"width: 31.0071%; height: 20px;\">CI- Laura SotoCM- Mireia MonmanyCS- Roger Morat\u00f3<\/td>\n<td style=\"height: 20px; width: 49.6426%;\"><a href=\"mailto:lsoto2@escola-giroi.com\">lsoto2@escola-giroi.com<\/a> <a href=\"mailto:mmonmany@escola-giroi.com\">mmonmany@escola-giroi.com<\/a> <a href=\"mailto:rmorato5@escola-giroi.com\">rmorato5@escola-giroi.com<\/a><\/td>\n<td style=\"width: 2.41383%; height: 20px;\">\u00a0<\/td>\n<\/tr>\n<tr style=\"height: 33px;\">\n<td style=\"width: 3.27144%; height: 33px;\">\u00a0<\/td>\n<td style=\"width: 28.3251%; height: 33px;\">EDUCACI\u00d3 F\u00cdSICA<\/td>\n<td style=\"width: 31.0071%; height: 33px;\">CI i CM &#8211; Mireia MonmanyCS- Panti Berrozpe<\/td>\n<td style=\"width: 49.6426%; height: 33px;\"><a href=\"mailto:mmonmany@escola-giroi.com\">mmonmany@escola-giroi.com<\/a> <a href=\"mailto:pberrozp@escola-giroi.com\">pberrozp@escola-giroi.com<\/a><\/td>\n<td style=\"width: 2.41383%; height: 33px;\">\u00a0<\/td>\n<\/tr>\n<tr style=\"height: 31px;\">\n<td style=\"width: 3.27144%; height: 10px;\">\u00a0<\/td>\n<td style=\"width: 28.3251%; height: 10px;\">EDUCACI\u00d3 ESPECIAL<\/td>\n<td style=\"width: 31.0071%; height: 10px;\">Myriam Garc\u00eda<\/td>\n<td style=\"width: 49.6426%; height: 10px;\"><a href=\"mailto:mgarc135@escola-giroi.com\">mgarc135@escola-giroi.com<\/a><\/td>\n<td style=\"width: 2.41383%; height: 10px;\">\u00a0<\/td>\n<\/tr>\n<tr style=\"height: 33px;\">\n<td style=\"width: 3.27144%; height: 33px;\">\u00a0<\/td>\n<td style=\"width: 28.3251%; height: 33px;\">\u00a0<\/td>\n<td style=\"width: 31.0071%; height: 33px;\">\u00a0<\/td>\n<td style=\"width: 49.6426%; height: 33px;\">\u00a0<\/td>\n<td style=\"width: 2.41383%; height: 33px;\">\u00a0<\/td>\n<\/tr>\n<tr style=\"height: 31px;\">\n<td style=\"height: 31px; width: 112.246%;\" colspan=\"4\"><strong><u>PERSONAL NO DOCENT<\/u><\/strong><\/td>\n<td style=\"width: 2.41383%; height: 31px;\">\u00a0<\/td>\n<\/tr>\n<tr style=\"height: 31px;\">\n<td style=\"height: 188px; width: 3.27144%;\" rowspan=\"6\">\u00a0<\/td>\n<td style=\"height: 31px; width: 28.3251%;\">T\u00c8CNICA EDUCACI\u00d3 INFANTIL<\/td>\n<td style=\"height: 31px; width: 31.0071%;\">Montse Lores<\/td>\n<td style=\"height: 31px; width: 49.6426%;\"><a href=\"mailto:mlores5@escola-giroi.com\">mlores5@escola-giroi.com<\/a><\/td>\n<td style=\"width: 2.41383%; height: 31px;\">\u00a0<\/td>\n<\/tr>\n<tr style=\"height: 33px;\">\n<td style=\"width: 28.3251%; height: 33px;\">VETLLADORA<\/td>\n<td style=\"width: 31.0071%; height: 33px;\">Kati Ridao<\/td>\n<td style=\"width: 49.6426%; height: 33px;\">&#8212;<\/td>\n<td style=\"width: 2.41383%; height: 33px;\">\u00a0<\/td>\n<\/tr>\n<tr style=\"height: 31px;\">\n<td style=\"height: 31px; width: 28.3251%;\">AUX.ADMINISTRATIVA<\/td>\n<td style=\"height: 31px; width: 31.0071%;\">Teresa Alc\u00e0ntara<\/td>\n<td style=\"height: 31px; width: 49.6426%;\"><a href=\"mailto:administracio@escola-giroi.com\">administracio@escola-giroi.com<\/a><\/td>\n<td style=\"width: 2.41383%; height: 31px;\">\u00a0<\/td>\n<\/tr>\n<tr style=\"height: 31px;\">\n<td style=\"height: 31px; width: 28.3251%;\">CONSERGE<\/td>\n<td style=\"height: 31px; width: 31.0071%;\">Jordi Figueras<\/td>\n<td style=\"height: 31px; width: 49.6426%;\">&#8212;<\/td>\n<td style=\"width: 2.41383%; height: 31px;\">\u00a0<\/td>\n<\/tr>\n<tr style=\"height: 31px;\">\n<td style=\"height: 31px; width: 28.3251%;\">LOGOPEDA<\/td>\n<td style=\"height: 31px; width: 31.0071%;\">Susanna Gonzalez<\/td>\n<td style=\"height: 31px; width: 49.6426%;\"><a href=\"mailto:susannag79@escola-giroi.com\">susannag79<span class=\"\">@escola-giroi.com<\/span><\/a><\/td>\n<td style=\"width: 2.41383%; height: 31px;\">\u00a0<\/td>\n<\/tr>\n<tr style=\"height: 31px;\">\n<td style=\"height: 31px; width: 28.3251%;\">COORD. MENJADOR<\/td>\n<td style=\"height: 31px; width: 31.0071%;\">Gemma Omella<\/td>\n<td style=\"height: 31px; width: 49.6426%;\">&#8212;<\/td>\n<td style=\"width: 2.41383%; height: 31px;\">\u00a0<\/td>\n<\/tr>\n<\/tbody>\n<\/table>\n<p>MENJADOR<\/p>\n<ul>\n<li>Dilluns a divendres de 7:30 a 15:00 hores<\/li>\n<li>Tel\u00e8fon<b style=\"font-family: inherit; font-size: 1em;\">: 658.90.88.14<\/b><\/li>\n<\/ul>\n<table>\n<tbody>\n<tr style=\"height: 31px;\">\n<td style=\"height: 31px; width: 97.9933%;\" colspan=\"4\"><strong><u>AFA &#8211; JUNTA<\/u><\/strong><\/td>\n<\/tr>\n<tr style=\"height: 31px;\">\n<td style=\"height: 93px; width: 3.84615%;\" rowspan=\"4\">\u00a0<\/td>\n<td style=\"height: 31px; width: 28.0936%;\">PRESIDENTA<\/td>\n<td style=\"height: 31px; width: 26.7559%;\">Ayel\u00e9n Seras<\/td>\n<td style=\"height: 31px; width: 39.2977%;\"><a href=\"mailto:afa.giroi@gmail.com\">afa.giroi@gmail.com<\/a><\/td>\n<\/tr>\n<tr>\n<td style=\"width: 28.0936%;\">VICEPRESIDENTA<\/td>\n<td style=\"width: 26.7559%;\">Zaida Garc\u00eda<\/td>\n<td style=\"width: 39.2977%;\"><a href=\"mailto:afa.giroi@gmail.com\">afa.giroi@gmail.com<\/a><\/td>\n<\/tr>\n<tr style=\"height: 31px;\">\n<td style=\"height: 31px; width: 28.0936%;\">SECRET\u00c0RIA<\/td>\n<td style=\"height: 31px; width: 26.7559%;\">Eli Carol<\/td>\n<td style=\"height: 31px; width: 39.2977%;\"><a href=\"mailto:afa.giroi@gmail.com\">afa.giroi@gmail.com<\/a><\/td>\n<\/tr>\n<tr style=\"height: 31px;\">\n<td style=\"height: 31px; width: 28.0936%;\">TRESORER<\/td>\n<td style=\"height: 31px; width: 26.7559%;\">M\u00edriam L\u00f3pez<\/td>\n<td style=\"height: 31px; width: 39.2977%;\"><a href=\"mailto:afa.giroi@gmail.com\">afa.giroi@gmail.com<\/a><\/td>\n<\/tr>\n<tr style=\"height: 31px;\">\n<td style=\"height: 31px; width: 97.9933%;\" colspan=\"4\"><strong><u>AFA\u00a0<\/u><\/strong><\/td>\n<\/tr>\n<tr style=\"height: 31px;\">\n<td style=\"height: 31px; width: 97.9933%;\" colspan=\"4\"><u>COMISSIONS<\/u><\/td>\n<\/tr>\n<tr style=\"height: 31px;\">\n<td style=\"height: 93px; width: 3.84615%;\" rowspan=\"3\">\u00a0<\/td>\n<td style=\"height: 31px; width: 28.0936%;\">Comissi\u00f3 Angl\u00e8s<\/td>\n<td style=\"width: 26.7559%; height: 31px;\">\u00a0<\/td>\n<td style=\"height: 31px; width: 39.2977%;\"><a href=\"mailto:angles@escola-giroi.com\">angles@escola-giroi.com<\/a><\/td>\n<\/tr>\n<tr style=\"height: 31px;\">\n<td style=\"height: 31px; width: 28.0936%;\">Comissi\u00f3 Nataci\u00f3<\/td>\n<td style=\"width: 26.7559%; height: 31px;\">\u00a0<\/td>\n<td style=\"height: 31px; width: 39.2977%;\"><a href=\"mailto:natacio.giroi@gmail.com\">natacio.giroi@gmail.com<\/a><\/td>\n<\/tr>\n<tr style=\"height: 31px;\">\n<td style=\"height: 31px; width: 28.0936%;\">Secci\u00f3 Esportiva de l\u2019AFA<\/td>\n<td style=\"width: 26.7559%; height: 31px;\">\u00a0<\/td>\n<td style=\"height: 31px; width: 39.2977%;\"><a href=\"mailto:sea.giroi@gmail.com\">sea.giroi@gmail.com<\/a><\/td>\n<\/tr>\n<\/tbody>\n<\/table>\n\n\n<p><\/p>\n","protected":false},"excerpt":{"rendered":"<p>Per tal d\u2019evitar despla\u00e7aments innecessaris aconsellem que concerteu entrevista per mitj\u00e0 de l\u2019agenda de l\u2019alumnat o a trav\u00e9s del correu [&hellip;]<\/p>\n","protected":false},"author":1,"featured_media":0,"parent":22,"menu_order":30,"comment_status":"closed","ping_status":"closed","template":"","meta":{"_bbp_topic_count":0,"_bbp_reply_count":0,"_bbp_total_topic_count":0,"_bbp_total_reply_count":0,"_bbp_voice_count":0,"_bbp_anonymous_reply_count":0,"_bbp_topic_count_hidden":0,"_bbp_reply_count_hidden":0,"_bbp_forum_subforum_count":0,"site-sidebar-layout":"default","site-content-layout":"","ast-site-content-layout":"default","site-content-style":"default","site-sidebar-style":"default","ast-global-header-display":"","ast-banner-title-visibility":"","ast-main-header-display":"","ast-hfb-above-header-display":"","ast-hfb-below-header-display":"","ast-hfb-mobile-header-display":"","site-post-title":"","ast-breadcrumbs-content":"","ast-featured-img":"","footer-sml-layout":"","theme-transparent-header-meta":"","adv-header-id-meta":"","stick-header-meta":"","header-above-stick-meta":"","header-main-stick-meta":"","header-below-stick-meta":"","astra-migrate-meta-layouts":"set","ast-page-background-enabled":"default","ast-page-background-meta":{"desktop":{"background-color":"var(--ast-global-color-4)","background-image":"","background-repeat":"repeat","background-position":"center center","background-size":"auto","background-attachment":"scroll","background-type":"","background-media":"","overlay-type":"","overlay-color":"","overlay-opacity":"","overlay-gradient":""},"tablet":{"background-color":"","background-image":"","background-repeat":"repeat","background-position":"center center","background-size":"auto","background-attachment":"scroll","background-type":"","background-media":"","overlay-type":"","overlay-color":"","overlay-opacity":"","overlay-gradient":""},"mobile":{"background-color":"","background-image":"","background-repeat":"repeat","background-position":"center center","background-size":"auto","background-attachment":"scroll","background-type":"","background-media":"","overlay-type":"","overlay-color":"","overlay-opacity":"","overlay-gradient":""}},"ast-content-background-meta":{"desktop":{"background-color":"var(--ast-global-color-5)","background-image":"","background-repeat":"repeat","background-position":"center center","background-size":"auto","background-attachment":"scroll","background-type":"","background-media":"","overlay-type":"","overlay-color":"","overlay-opacity":"","overlay-gradient":""},"tablet":{"background-color":"var(--ast-global-color-5)","background-image":"","background-repeat":"repeat","background-position":"center center","background-size":"auto","background-attachment":"scroll","background-type":"","background-media":"","overlay-type":"","overlay-color":"","overlay-opacity":"","overlay-gradient":""},"mobile":{"background-color":"var(--ast-global-color-5)","background-image":"","background-repeat":"repeat","background-position":"center center","background-size":"auto","background-attachment":"scroll","background-type":"","background-media":"","overlay-type":"","overlay-color":"","overlay-opacity":"","overlay-gradient":""}},"footnotes":""},"class_list":["post-28","page","type-page","status-publish","hentry"],"post_mailing_queue_ids":[],"_links":{"self":[{"href":"https:\/\/agora.xtec.cat\/escola-giroi\/wp-json\/wp\/v2\/pages\/28","targetHints":{"allow":["GET"]}}],"collection":[{"href":"https:\/\/agora.xtec.cat\/escola-giroi\/wp-json\/wp\/v2\/pages"}],"about":[{"href":"https:\/\/agora.xtec.cat\/escola-giroi\/wp-json\/wp\/v2\/types\/page"}],"author":[{"embeddable":true,"href":"https:\/\/agora.xtec.cat\/escola-giroi\/wp-json\/wp\/v2\/users\/1"}],"replies":[{"embeddable":true,"href":"https:\/\/agora.xtec.cat\/escola-giroi\/wp-json\/wp\/v2\/comments?post=28"}],"version-history":[{"count":5,"href":"https:\/\/agora.xtec.cat\/escola-giroi\/wp-json\/wp\/v2\/pages\/28\/revisions"}],"predecessor-version":[{"id":20939,"href":"https:\/\/agora.xtec.cat\/escola-giroi\/wp-json\/wp\/v2\/pages\/28\/revisions\/20939"}],"up":[{"embeddable":true,"href":"https:\/\/agora.xtec.cat\/escola-giroi\/wp-json\/wp\/v2\/pages\/22"}],"wp:attachment":[{"href":"https:\/\/agora.xtec.cat\/escola-giroi\/wp-json\/wp\/v2\/media?parent=28"}],"curies":[{"name":"wp","href":"https:\/\/api.w.org\/{rel}","templated":true}]}}