{"id":20815,"date":"2025-02-26T11:55:52","date_gmt":"2025-02-26T10:55:52","guid":{"rendered":"https:\/\/agora.xtec.cat\/escola-giroi\/?page_id=20815"},"modified":"2025-02-27T20:16:22","modified_gmt":"2025-02-27T19:16:22","slug":"faig","status":"publish","type":"page","link":"https:\/\/agora.xtec.cat\/escola-giroi\/faig\/","title":{"rendered":"PROGRAMA FAIG"},"content":{"rendered":"\n<figure class=\"wp-block-image alignleft size-full\"><a href=\"https:\/\/agora.xtec.cat\/escola-giroi\/wp-content\/uploads\/usu1526\/2024\/01\/faig.png\"><img loading=\"lazy\" decoding=\"async\" width=\"302\" height=\"167\" src=\"https:\/\/agora.xtec.cat\/escola-giroi\/wp-content\/uploads\/usu1526\/2024\/01\/faig.png\" alt=\"\" class=\"wp-image-20686\" srcset=\"https:\/\/agora.xtec.cat\/escola-giroi\/wp-content\/uploads\/usu1526\/2024\/01\/faig.png 302w, https:\/\/agora.xtec.cat\/escola-giroi\/wp-content\/uploads\/usu1526\/2024\/01\/faig-300x167.png 300w\" sizes=\"auto, (max-width: 302px) 100vw, 302px\" \/><\/a><\/figure>\n\n\n\n<p>El programa FAIG, \u00e9s un programa experimental que impulsa el desenvolupament de projectes de treball vinculats als desafiaments de les persones i del planeta, els quals integren processos de creaci\u00f3 \u201cmaker\u201d i de fabricaci\u00f3 digital, amb el prop\u00f2sit que infants i joves donin resposta a les necessitats de les seves comunitats i esdevinguin persones cr\u00edtiques, participatives i transformadores del seu entorn.<\/p>\n\n\n\n<p>El programa FAIG implica:<\/p>\n\n\n\n<ul class=\"wp-block-list\">\n<li>La creaci\u00f3 d\u2019un espai \u201cmaker\u201d (anomenat FAIGLab) obert a la comunitat educativa.<\/li>\n\n\n\n<li>L\u2019acompanyament i formaci\u00f3 pedag\u00f2gica necess\u00e0ria per a consolidar l\u2019aprenentatge per projectes des d\u2019un enfocament globalitzat com a l\u00ednia pedag\u00f2gica de centre.<\/li>\n\n\n\n<li>La realitzaci\u00f3 de projectes interdisciplinaris que connectin l\u2019alumnat amb problemes socialment rellevants, perqu\u00e8 esdevinguin projectes d\u2019aprenentatge amb sentit.<\/li>\n\n\n\n<li>La capacitaci\u00f3 tecnol\u00f2gica necess\u00e0ria (per al professorat) per a integrar el \u201cmaker\u201d i les possibilitats creatives de la fabricaci\u00f3 digital en els projectes d\u2019aprenentatge amb sentit, possibilitant que l\u2019alumnat doni respostes innovadores a les necessitats de l\u2019entorn.<\/li>\n\n\n\n<li>La col\u00b7laboraci\u00f3 amb agents externs capdavanters en la recerca i la creaci\u00f3 de solucions davant els desafiaments socials actuals i reptes de futur.<\/li>\n\n\n\n<li>La participaci\u00f3 activa en la xarxa de centres FAIG de Catalunya.<\/li>\n\n\n\n<li>La creaci\u00f3 d\u2019una comunitat activa d\u2019aprenentatge al voltant del FAIGLab que possibiliti la seva obertura a l\u2019entorn.<\/li>\n<\/ul>\n\n\n\n<figure class=\"wp-block-gallery has-nested-images columns-default is-cropped wp-block-gallery-1 is-layout-flex wp-block-gallery-is-layout-flex\">\n<figure class=\"wp-block-image size-large\"><a href=\"https:\/\/agora.xtec.cat\/escola-giroi\/wp-content\/uploads\/usu1526\/2025\/02\/WhatsApp-Image-2025-02-26-at-10.37.02-3.jpeg\"><img loading=\"lazy\" decoding=\"async\" width=\"1024\" height=\"768\" data-id=\"20839\" src=\"https:\/\/agora.xtec.cat\/escola-giroi\/wp-content\/uploads\/usu1526\/2025\/02\/WhatsApp-Image-2025-02-26-at-10.37.02-3-1024x768.jpeg\" alt=\"\" class=\"wp-image-20839\" srcset=\"https:\/\/agora.xtec.cat\/escola-giroi\/wp-content\/uploads\/usu1526\/2025\/02\/WhatsApp-Image-2025-02-26-at-10.37.02-3-1024x768.jpeg 1024w, https:\/\/agora.xtec.cat\/escola-giroi\/wp-content\/uploads\/usu1526\/2025\/02\/WhatsApp-Image-2025-02-26-at-10.37.02-3-300x225.jpeg 300w, https:\/\/agora.xtec.cat\/escola-giroi\/wp-content\/uploads\/usu1526\/2025\/02\/WhatsApp-Image-2025-02-26-at-10.37.02-3-768x576.jpeg 768w, https:\/\/agora.xtec.cat\/escola-giroi\/wp-content\/uploads\/usu1526\/2025\/02\/WhatsApp-Image-2025-02-26-at-10.37.02-3-1536x1152.jpeg 1536w, https:\/\/agora.xtec.cat\/escola-giroi\/wp-content\/uploads\/usu1526\/2025\/02\/WhatsApp-Image-2025-02-26-at-10.37.02-3.jpeg 1600w\" sizes=\"auto, (max-width: 1024px) 100vw, 1024px\" \/><\/a><figcaption class=\"wp-element-caption\">Fira FAIG 2024<\/figcaption><\/figure>\n\n\n\n<figure class=\"wp-block-image size-large\"><a href=\"https:\/\/agora.xtec.cat\/escola-giroi\/wp-content\/uploads\/usu1526\/2025\/02\/WhatsApp-Image-2025-02-26-at-10.32.46-2.jpeg\"><img loading=\"lazy\" decoding=\"async\" width=\"1024\" height=\"768\" data-id=\"20840\" src=\"https:\/\/agora.xtec.cat\/escola-giroi\/wp-content\/uploads\/usu1526\/2025\/02\/WhatsApp-Image-2025-02-26-at-10.32.46-2-1024x768.jpeg\" alt=\"\" class=\"wp-image-20840\" srcset=\"https:\/\/agora.xtec.cat\/escola-giroi\/wp-content\/uploads\/usu1526\/2025\/02\/WhatsApp-Image-2025-02-26-at-10.32.46-2-1024x768.jpeg 1024w, https:\/\/agora.xtec.cat\/escola-giroi\/wp-content\/uploads\/usu1526\/2025\/02\/WhatsApp-Image-2025-02-26-at-10.32.46-2-300x225.jpeg 300w, https:\/\/agora.xtec.cat\/escola-giroi\/wp-content\/uploads\/usu1526\/2025\/02\/WhatsApp-Image-2025-02-26-at-10.32.46-2-768x576.jpeg 768w, https:\/\/agora.xtec.cat\/escola-giroi\/wp-content\/uploads\/usu1526\/2025\/02\/WhatsApp-Image-2025-02-26-at-10.32.46-2-1536x1152.jpeg 1536w, https:\/\/agora.xtec.cat\/escola-giroi\/wp-content\/uploads\/usu1526\/2025\/02\/WhatsApp-Image-2025-02-26-at-10.32.46-2.jpeg 1600w\" sizes=\"auto, (max-width: 1024px) 100vw, 1024px\" \/><\/a><figcaption class=\"wp-element-caption\">Fira STEAM 2024<\/figcaption><\/figure>\n\n\n\n<figure class=\"wp-block-image size-large\"><a href=\"https:\/\/agora.xtec.cat\/escola-giroi\/wp-content\/uploads\/usu1526\/2025\/02\/WhatsApp-Image-2025-02-26-at-11.39.59-2.jpeg\"><img loading=\"lazy\" decoding=\"async\" width=\"1024\" height=\"768\" data-id=\"20841\" src=\"https:\/\/agora.xtec.cat\/escola-giroi\/wp-content\/uploads\/usu1526\/2025\/02\/WhatsApp-Image-2025-02-26-at-11.39.59-2-1024x768.jpeg\" alt=\"\" class=\"wp-image-20841\" srcset=\"https:\/\/agora.xtec.cat\/escola-giroi\/wp-content\/uploads\/usu1526\/2025\/02\/WhatsApp-Image-2025-02-26-at-11.39.59-2-1024x768.jpeg 1024w, https:\/\/agora.xtec.cat\/escola-giroi\/wp-content\/uploads\/usu1526\/2025\/02\/WhatsApp-Image-2025-02-26-at-11.39.59-2-300x225.jpeg 300w, https:\/\/agora.xtec.cat\/escola-giroi\/wp-content\/uploads\/usu1526\/2025\/02\/WhatsApp-Image-2025-02-26-at-11.39.59-2-768x576.jpeg 768w, https:\/\/agora.xtec.cat\/escola-giroi\/wp-content\/uploads\/usu1526\/2025\/02\/WhatsApp-Image-2025-02-26-at-11.39.59-2-1536x1152.jpeg 1536w, https:\/\/agora.xtec.cat\/escola-giroi\/wp-content\/uploads\/usu1526\/2025\/02\/WhatsApp-Image-2025-02-26-at-11.39.59-2.jpeg 1600w\" sizes=\"auto, (max-width: 1024px) 100vw, 1024px\" \/><\/a><figcaption class=\"wp-element-caption\">Comunitat FAIG 2025<\/figcaption><\/figure>\n<\/figure>\n","protected":false},"excerpt":{"rendered":"<p>El programa FAIG, \u00e9s un programa experimental que impulsa el desenvolupament de projectes de treball vinculats als desafiaments de les [&hellip;]<\/p>\n","protected":false},"author":1,"featured_media":20686,"parent":0,"menu_order":0,"comment_status":"closed","ping_status":"close","template":"","meta":{"_bbp_topic_count":0,"_bbp_reply_count":0,"_bbp_total_topic_count":0,"_bbp_total_reply_count":0,"_bbp_voice_count":0,"_bbp_anonymous_reply_count":0,"_bbp_topic_count_hidden":0,"_bbp_reply_count_hidden":0,"_bbp_forum_subforum_count":0,"site-sidebar-layout":"default","site-content-layout":"","ast-site-content-layout":"default","site-content-style":"default","site-sidebar-style":"default","ast-global-header-display":"","ast-banner-title-visibility":"","ast-main-header-display":"","ast-hfb-above-header-display":"","ast-hfb-below-header-display":"","ast-hfb-mobile-header-display":"","site-post-title":"","ast-breadcrumbs-content":"","ast-featured-img":"","footer-sml-layout":"","theme-transparent-header-meta":"","adv-header-id-meta":"","stick-header-meta":"","header-above-stick-meta":"","header-main-stick-meta":"","header-below-stick-meta":"","astra-migrate-meta-layouts":"set","ast-page-background-enabled":"default","ast-page-background-meta":{"desktop":{"background-color":"var(--ast-global-color-4)","background-image":"","background-repeat":"repeat","background-position":"center center","background-size":"auto","background-attachment":"scroll","background-type":"","background-media":"","overlay-type":"","overlay-color":"","overlay-opacity":"","overlay-gradient":""},"tablet":{"background-color":"","background-image":"","background-repeat":"repeat","background-position":"center center","background-size":"auto","background-attachment":"scroll","background-type":"","background-media":"","overlay-type":"","overlay-color":"","overlay-opacity":"","overlay-gradient":""},"mobile":{"background-color":"","background-image":"","background-repeat":"repeat","background-position":"center center","background-size":"auto","background-attachment":"scroll","background-type":"","background-media":"","overlay-type":"","overlay-color":"","overlay-opacity":"","overlay-gradient":""}},"ast-content-background-meta":{"desktop":{"background-color":"var(--ast-global-color-5)","background-image":"","background-repeat":"repeat","background-position":"center center","background-size":"auto","background-attachment":"scroll","background-type":"","background-media":"","overlay-type":"","overlay-color":"","overlay-opacity":"","overlay-gradient":""},"tablet":{"background-color":"var(--ast-global-color-5)","background-image":"","background-repeat":"repeat","background-position":"center center","background-size":"auto","background-attachment":"scroll","background-type":"","background-media":"","overlay-type":"","overlay-color":"","overlay-opacity":"","overlay-gradient":""},"mobile":{"background-color":"var(--ast-global-color-5)","background-image":"","background-repeat":"repeat","background-position":"center center","background-size":"auto","background-attachment":"scroll","background-type":"","background-media":"","overlay-type":"","overlay-color":"","overlay-opacity":"","overlay-gradient":""}},"footnotes":""},"class_list":["post-20815","page","type-page","status-publish","has-post-thumbnail","hentry"],"post_mailing_queue_ids":[],"_links":{"self":[{"href":"https:\/\/agora.xtec.cat\/escola-giroi\/wp-json\/wp\/v2\/pages\/20815","targetHints":{"allow":["GET"]}}],"collection":[{"href":"https:\/\/agora.xtec.cat\/escola-giroi\/wp-json\/wp\/v2\/pages"}],"about":[{"href":"https:\/\/agora.xtec.cat\/escola-giroi\/wp-json\/wp\/v2\/types\/page"}],"author":[{"embeddable":true,"href":"https:\/\/agora.xtec.cat\/escola-giroi\/wp-json\/wp\/v2\/users\/1"}],"replies":[{"embeddable":true,"href":"https:\/\/agora.xtec.cat\/escola-giroi\/wp-json\/wp\/v2\/comments?post=20815"}],"version-history":[{"count":6,"href":"https:\/\/agora.xtec.cat\/escola-giroi\/wp-json\/wp\/v2\/pages\/20815\/revisions"}],"predecessor-version":[{"id":20847,"href":"https:\/\/agora.xtec.cat\/escola-giroi\/wp-json\/wp\/v2\/pages\/20815\/revisions\/20847"}],"wp:featuredmedia":[{"embeddable":true,"href":"https:\/\/agora.xtec.cat\/escola-giroi\/wp-json\/wp\/v2\/media\/20686"}],"wp:attachment":[{"href":"https:\/\/agora.xtec.cat\/escola-giroi\/wp-json\/wp\/v2\/media?parent=20815"}],"curies":[{"name":"wp","href":"https:\/\/api.w.org\/{rel}","templated":true}]}}