{"id":20612,"date":"2023-10-26T13:23:26","date_gmt":"2023-10-26T11:23:26","guid":{"rendered":"https:\/\/agora.xtec.cat\/escola-giroi\/?page_id=20612"},"modified":"2023-10-26T13:23:26","modified_gmt":"2023-10-26T11:23:26","slug":"comissio-de-coeducacio-i-benestar-emocional","status":"publish","type":"page","link":"https:\/\/agora.xtec.cat\/escola-giroi\/projectesescola\/comissio-de-coeducacio-i-benestar-emocional\/","title":{"rendered":"Comissi\u00f3 de coeducaci\u00f3 i benestar emocional"},"content":{"rendered":"<p dir=\"ltr\"><span style=\"text-decoration: underline; color: #008000;\"><strong><img loading=\"lazy\" decoding=\"async\" class=\"alignleft size-full wp-image-20617\" src=\"https:\/\/agora.xtec.cat\/escola-giroi\/wp-content\/uploads\/usu1526\/2023\/10\/media.png\" alt=\"\" width=\"242\" height=\"208\" \/>QU\u00c8 ENTENEM PER COEDUCACI\u00d3?<\/strong><\/span><\/p>\n<p dir=\"ltr\">La coeducaci\u00f3 \u00e9s l\u2019acci\u00f3 educadora que potencia la igualtat real d\u2019oportunitats i valora indistintament l\u2019experi\u00e8ncia, les aptituds i l\u2019aportaci\u00f3 social i cultural de dones i homes, en igualtat de drets, sense estereotips sexistes, homof\u00f2bics, bif\u00f2bics, transf\u00f2bics o androc\u00e8ntrics ni actituds discriminat\u00f2ries per ra\u00f3 de sexe, orientaci\u00f3 sexual, identitat de g\u00e8nere o expressi\u00f3 de g\u00e8nere.<\/p>\n<p dir=\"ltr\">Des del sistema educatiu, hem de treballar amb perspectiva de g\u00e8nere, considerant les difer\u00e8ncies per sexe i g\u00e8nere en tota activitat, amb l\u2019objectiu de reflexionar-hi per trobar l\u00ednies d\u2019acci\u00f3 que permetin prevenir i resoldre desigualtats. Alhora, la perspectiva de g\u00e8nere s\u2019ha d\u2019implementar amb una mirada interseccional, valorant com el g\u00e8nere interactua amb altres condicionants que tamb\u00e9 travessen les persones, com poden ser la situaci\u00f3 de discapacitat, origen, classe.<\/p>\n<p dir=\"ltr\">Cal incorporar la coeducaci\u00f3 a tots els nivells i modalitats del sistema educatiu, en la programaci\u00f3 educativa i el curr\u00edculum, a l\u2019efecte d\u2019afavorir el desenvolupament de les persones al marge dels estereotips i rols en funci\u00f3 del sexe, garantint una orientaci\u00f3 personal, acad\u00e8mica i professional lliure de biaixos sexistes i androc\u00e8ntrics, evitant tota discriminaci\u00f3 associada al sexe o g\u00e8nere.<\/p>\n<p dir=\"ltr\">La coeducaci\u00f3 \u00e9s l\u2019eina que permet prevenir i abordar les viol\u00e8ncies masclistes.<\/p>\n<p dir=\"ltr\" style=\"text-align: right;\"><em>XTEC Xarxa Telem\u00e0tica Educativa de Catalunya<\/em><\/p>\n<p dir=\"ltr\"><span style=\"text-decoration: underline; color: #008000;\"><strong>DATES RELLEVANTS:<\/strong><\/span><\/p>\n<p dir=\"ltr\"><strong>6 febrer:<\/strong> Toler\u00e0ncia zero amb la mutilaci\u00f3 genital femenina<br \/>\n<strong>8 mar\u00e7: <\/strong>Dia Internacional de les Dones<br \/>\n<strong>17 maig:\u00a0<\/strong>Dia Internacional contra l\u2019Homof\u00f2bia, la Transf\u00f2bia i la Bif\u00f2bia (LGTBIf\u00f2bia)<br \/>\n<strong>21 juny: <\/strong>Dia internacional per a l\u2019educaci\u00f3 no sexista<br \/>\n<strong>25 novembre:<\/strong>\u00a0Dia internacional per a l\u2019eliminaci\u00f3 de la viol\u00e8ncia envers les dones<\/p>\n","protected":false},"excerpt":{"rendered":"<p>QU\u00c8 ENTENEM PER COEDUCACI\u00d3? La coeducaci\u00f3 \u00e9s l\u2019acci\u00f3 educadora que potencia la igualtat real d\u2019oportunitats i valora indistintament l\u2019experi\u00e8ncia, les [&hellip;]<\/p>\n","protected":false},"author":1,"featured_media":0,"parent":30,"menu_order":0,"comment_status":"closed","ping_status":"closed","template":"","meta":{"_bbp_topic_count":0,"_bbp_reply_count":0,"_bbp_total_topic_count":0,"_bbp_total_reply_count":0,"_bbp_voice_count":0,"_bbp_anonymous_reply_count":0,"_bbp_topic_count_hidden":0,"_bbp_reply_count_hidden":0,"_bbp_forum_subforum_count":0,"site-sidebar-layout":"default","site-content-layout":"","ast-site-content-layout":"","site-content-style":"default","site-sidebar-style":"default","ast-global-header-display":"","ast-banner-title-visibility":"","ast-main-header-display":"","ast-hfb-above-header-display":"","ast-hfb-below-header-display":"","ast-hfb-mobile-header-display":"","site-post-title":"","ast-breadcrumbs-content":"","ast-featured-img":"","footer-sml-layout":"","theme-transparent-header-meta":"","adv-header-id-meta":"","stick-header-meta":"","header-above-stick-meta":"","header-main-stick-meta":"","header-below-stick-meta":"","astra-migrate-meta-layouts":"default","ast-page-background-enabled":"default","ast-page-background-meta":{"desktop":{"background-color":"var(--ast-global-color-4)","background-image":"","background-repeat":"repeat","background-position":"center center","background-size":"auto","background-attachment":"scroll","background-type":"","background-media":"","overlay-type":"","overlay-color":"","overlay-opacity":"","overlay-gradient":""},"tablet":{"background-color":"","background-image":"","background-repeat":"repeat","background-position":"center center","background-size":"auto","background-attachment":"scroll","background-type":"","background-media":"","overlay-type":"","overlay-color":"","overlay-opacity":"","overlay-gradient":""},"mobile":{"background-color":"","background-image":"","background-repeat":"repeat","background-position":"center center","background-size":"auto","background-attachment":"scroll","background-type":"","background-media":"","overlay-type":"","overlay-color":"","overlay-opacity":"","overlay-gradient":""}},"ast-content-background-meta":{"desktop":{"background-color":"var(--ast-global-color-5)","background-image":"","background-repeat":"repeat","background-position":"center center","background-size":"auto","background-attachment":"scroll","background-type":"","background-media":"","overlay-type":"","overlay-color":"","overlay-opacity":"","overlay-gradient":""},"tablet":{"background-color":"var(--ast-global-color-5)","background-image":"","background-repeat":"repeat","background-position":"center center","background-size":"auto","background-attachment":"scroll","background-type":"","background-media":"","overlay-type":"","overlay-color":"","overlay-opacity":"","overlay-gradient":""},"mobile":{"background-color":"var(--ast-global-color-5)","background-image":"","background-repeat":"repeat","background-position":"center center","background-size":"auto","background-attachment":"scroll","background-type":"","background-media":"","overlay-type":"","overlay-color":"","overlay-opacity":"","overlay-gradient":""}},"footnotes":""},"class_list":["post-20612","page","type-page","status-publish","hentry"],"post_mailing_queue_ids":[],"_links":{"self":[{"href":"https:\/\/agora.xtec.cat\/escola-giroi\/wp-json\/wp\/v2\/pages\/20612","targetHints":{"allow":["GET"]}}],"collection":[{"href":"https:\/\/agora.xtec.cat\/escola-giroi\/wp-json\/wp\/v2\/pages"}],"about":[{"href":"https:\/\/agora.xtec.cat\/escola-giroi\/wp-json\/wp\/v2\/types\/page"}],"author":[{"embeddable":true,"href":"https:\/\/agora.xtec.cat\/escola-giroi\/wp-json\/wp\/v2\/users\/1"}],"replies":[{"embeddable":true,"href":"https:\/\/agora.xtec.cat\/escola-giroi\/wp-json\/wp\/v2\/comments?post=20612"}],"version-history":[{"count":5,"href":"https:\/\/agora.xtec.cat\/escola-giroi\/wp-json\/wp\/v2\/pages\/20612\/revisions"}],"predecessor-version":[{"id":20618,"href":"https:\/\/agora.xtec.cat\/escola-giroi\/wp-json\/wp\/v2\/pages\/20612\/revisions\/20618"}],"up":[{"embeddable":true,"href":"https:\/\/agora.xtec.cat\/escola-giroi\/wp-json\/wp\/v2\/pages\/30"}],"wp:attachment":[{"href":"https:\/\/agora.xtec.cat\/escola-giroi\/wp-json\/wp\/v2\/media?parent=20612"}],"curies":[{"name":"wp","href":"https:\/\/api.w.org\/{rel}","templated":true}]}}