{"id":19373,"date":"2021-02-03T19:59:12","date_gmt":"2021-02-03T18:59:12","guid":{"rendered":"http:\/\/agora.xtec.cat\/escola-giroi\/?page_id=19373"},"modified":"2025-09-26T17:12:04","modified_gmt":"2025-09-26T15:12:04","slug":"documents","status":"publish","type":"page","link":"https:\/\/agora.xtec.cat\/escola-giroi\/documents\/","title":{"rendered":"Documents"},"content":{"rendered":"<h1 style=\"text-align: left;\">Documents oficials de centre<\/h1>\n<table>\n<tbody>\n<tr>\n<td style=\"text-align: center; width: 236px;\"><a href=\"https:\/\/drive.google.com\/file\/d\/1Ct0rGOFIjNDTtSKaWKvDgAAYPOiFdpSa\/view?usp=sharing\" target=\"_blank\" rel=\"noopener noreferrer\"><img loading=\"lazy\" decoding=\"async\" class=\" wp-image-19838 aligncenter\" src=\"https:\/\/agora.xtec.cat\/escola-giroi\/wp-content\/uploads\/usu1526\/2021\/03\/PEC_ICON.png\" alt=\"\" width=\"183\" height=\"183\" srcset=\"https:\/\/agora.xtec.cat\/escola-giroi\/wp-content\/uploads\/usu1526\/2021\/03\/PEC_ICON.png 200w, https:\/\/agora.xtec.cat\/escola-giroi\/wp-content\/uploads\/usu1526\/2021\/03\/PEC_ICON-150x150.png 150w\" sizes=\"auto, (max-width: 183px) 100vw, 183px\" \/><\/a><\/td>\n<td style=\"text-align: center; width: 303px;\"><a href=\"http:\/\/agora.xtec.cat\/escola-giroi\/wp-content\/uploads\/usu1526\/2014\/09\/NOFC-web1.pdf\" target=\"_blank\" rel=\"noopener noreferrer\"><img loading=\"lazy\" decoding=\"async\" class=\"alignnone wp-image-19339 size-medium\" src=\"https:\/\/agora.xtec.cat\/escola-giroi\/wp-content\/uploads\/usu1526\/2021\/02\/nofc-300x211.jpg\" alt=\"\" width=\"300\" height=\"211\" srcset=\"https:\/\/agora.xtec.cat\/escola-giroi\/wp-content\/uploads\/usu1526\/2021\/02\/nofc-300x211.jpg 300w, https:\/\/agora.xtec.cat\/escola-giroi\/wp-content\/uploads\/usu1526\/2021\/02\/nofc.jpg 497w\" sizes=\"auto, (max-width: 300px) 100vw, 300px\" \/><\/a><\/td>\n<td style=\"text-align: center; width: 276px;\"><img loading=\"lazy\" decoding=\"async\" class=\"aligncenter wp-image-19426\" src=\"https:\/\/agora.xtec.cat\/escola-giroi\/wp-content\/uploads\/usu1526\/2021\/02\/167227471.jpg\" alt=\"\" width=\"161\" height=\"178\" srcset=\"https:\/\/agora.xtec.cat\/escola-giroi\/wp-content\/uploads\/usu1526\/2021\/02\/167227471.jpg 700w, https:\/\/agora.xtec.cat\/escola-giroi\/wp-content\/uploads\/usu1526\/2021\/02\/167227471-272x300.jpg 272w\" sizes=\"auto, (max-width: 161px) 100vw, 161px\" \/><\/td>\n<\/tr>\n<tr>\n<td style=\"text-align: center; width: 236px;\"><a href=\"https:\/\/drive.google.com\/file\/d\/1Ct0rGOFIjNDTtSKaWKvDgAAYPOiFdpSa\/view?usp=sharing\" target=\"_blank\" rel=\"noopener noreferrer\">Projecte Educatiu de Centre (PEC)<\/a><\/td>\n<td style=\"text-align: center; width: 303px;\"><a href=\"http:\/\/agora.xtec.cat\/escola-giroi\/wp-content\/uploads\/usu1526\/2014\/09\/NOFC-web1.pdf\" target=\"_blank\" rel=\"noopener noreferrer\">Normes d&#8217;Organitzaci\u00f3 i Funcionament<\/a><a href=\"http:\/\/agora.xtec.cat\/escola-giroi\/wp-content\/uploads\/usu1526\/2014\/09\/NOFC-web1.pdf\" target=\"_blank\" rel=\"noopener noreferrer\"> de Centre &#8211; NOFC &#8211; (en revisi\u00f3)<\/a><\/td>\n<td style=\"text-align: center; width: 276px;\"><a href=\"https:\/\/drive.google.com\/file\/d\/1qe0cfDY8eEXrua4d70Sy8KllzMCWjMM3\/view?usp=sharing\" target=\"_blank\" rel=\"noopener\">Projecte Direcci\u00f3 (PdD)<\/a><\/td>\n<\/tr>\n<tr>\n<td style=\"text-align: center; width: 236px;\"><a href=\"https:\/\/agora.xtec.cat\/escola-giroi\/wp-content\/uploads\/usu1526\/2021\/09\/Carta-de-compromis-2021.pdf\" target=\"_blank\" rel=\"noopener\"><img loading=\"lazy\" decoding=\"async\" class=\"alignnone wp-image-19340 size-full\" src=\"https:\/\/agora.xtec.cat\/escola-giroi\/wp-content\/uploads\/usu1526\/2021\/02\/escola-la-noguera-267122-med-190213155133.jpg\" alt=\"\" width=\"300\" height=\"242\" \/><\/a><\/td>\n<td style=\"text-align: center; width: 303px;\"><a href=\"http:\/\/agora.xtec.cat\/escola-giroi\/wp-content\/uploads\/usu1526\/2018\/09\/Pla-TAC.pdf\" target=\"_blank\" rel=\"noopener noreferrer\"><img loading=\"lazy\" decoding=\"async\" class=\"alignnone wp-image-10205 size-medium\" src=\"https:\/\/agora.xtec.cat\/escola-giroi\/wp-content\/uploads\/usu1526\/2017\/11\/informatica-300x203.jpg\" alt=\"\" width=\"300\" height=\"203\" srcset=\"https:\/\/agora.xtec.cat\/escola-giroi\/wp-content\/uploads\/usu1526\/2017\/11\/informatica-300x203.jpg 300w, https:\/\/agora.xtec.cat\/escola-giroi\/wp-content\/uploads\/usu1526\/2017\/11\/informatica.jpg 400w\" sizes=\"auto, (max-width: 300px) 100vw, 300px\" \/><\/a><\/td>\n<td style=\"text-align: center; width: 276px;\"><a href=\"https:\/\/agora.xtec.cat\/escola-giroi\/wp-content\/uploads\/usu1526\/2018\/10\/Eduquem-junts.pdf\" target=\"_blank\" rel=\"noopener noreferrer\"><img loading=\"lazy\" decoding=\"async\" class=\"alignnone wp-image-12123 size-medium\" src=\"https:\/\/agora.xtec.cat\/escola-giroi\/wp-content\/uploads\/usu1526\/2018\/09\/cropped-nens-feli\u00e7os-300x204.png\" alt=\"\" width=\"300\" height=\"204\" srcset=\"https:\/\/agora.xtec.cat\/escola-giroi\/wp-content\/uploads\/usu1526\/2018\/09\/cropped-nens-feli\u00e7os-300x204.png 300w, https:\/\/agora.xtec.cat\/escola-giroi\/wp-content\/uploads\/usu1526\/2018\/09\/cropped-nens-feli\u00e7os-768x523.png 768w, https:\/\/agora.xtec.cat\/escola-giroi\/wp-content\/uploads\/usu1526\/2018\/09\/cropped-nens-feli\u00e7os.png 1000w\" sizes=\"auto, (max-width: 300px) 100vw, 300px\" \/><\/a><\/td>\n<\/tr>\n<tr>\n<td style=\"text-align: center; width: 236px;\"><a href=\"https:\/\/drive.google.com\/file\/d\/11UDAUFWSqlbVr5zd9kIOJuoQY8050Kak\/view?usp=sharing\" target=\"_blank\" rel=\"noopener\">Carta de comprom\u00eds<\/a><\/td>\n<td style=\"text-align: center; width: 303px;\"><a href=\"http:\/\/agora.xtec.cat\/escola-giroi\/wp-content\/uploads\/usu1526\/2018\/09\/Pla-TAC.pdf\" target=\"_blank\" rel=\"noopener noreferrer\">TAC<\/a><\/td>\n<td style=\"text-align: center; width: 276px;\"><a href=\"https:\/\/agora.xtec.cat\/escola-giroi\/wp-content\/uploads\/usu1526\/2018\/10\/Eduquem-junts.pdf\" target=\"_blank\" rel=\"noopener noreferrer\">Eduquem Junts<\/a><\/td>\n<\/tr>\n<tr>\n<td style=\"text-align: center; width: 236px;\"><a href=\"https:\/\/drive.google.com\/file\/d\/1RluUJw9nJK5ZL5Xx4ma4qfsTKHXaAR08\/view?usp=sharing\" target=\"_blank\" rel=\"noopener noreferrer\"><img loading=\"lazy\" decoding=\"async\" class=\"aligncenter wp-image-19420\" src=\"https:\/\/agora.xtec.cat\/escola-giroi\/wp-content\/uploads\/usu1526\/2021\/02\/ec01fd93-f34b-4ad9-a034-07da0d63b871_16-9-aspect-ratio_default_0.jpg\" alt=\"\" width=\"265\" height=\"149\" srcset=\"https:\/\/agora.xtec.cat\/escola-giroi\/wp-content\/uploads\/usu1526\/2021\/02\/ec01fd93-f34b-4ad9-a034-07da0d63b871_16-9-aspect-ratio_default_0.jpg 880w, https:\/\/agora.xtec.cat\/escola-giroi\/wp-content\/uploads\/usu1526\/2021\/02\/ec01fd93-f34b-4ad9-a034-07da0d63b871_16-9-aspect-ratio_default_0-300x169.jpg 300w, https:\/\/agora.xtec.cat\/escola-giroi\/wp-content\/uploads\/usu1526\/2021\/02\/ec01fd93-f34b-4ad9-a034-07da0d63b871_16-9-aspect-ratio_default_0-768x432.jpg 768w\" sizes=\"auto, (max-width: 265px) 100vw, 265px\" \/><\/a><\/td>\n<td style=\"text-align: center; width: 303px;\"><a href=\"https:\/\/agora.xtec.cat\/escola-giroi\/wp-content\/uploads\/usu1526\/2021\/02\/PAT-GIROI.pdf\" target=\"_blank\" rel=\"noopener noreferrer\"><img loading=\"lazy\" decoding=\"async\" class=\"aligncenter wp-image-19424\" src=\"https:\/\/agora.xtec.cat\/escola-giroi\/wp-content\/uploads\/usu1526\/2021\/02\/PAT9.png\" alt=\"\" width=\"287\" height=\"143\" srcset=\"https:\/\/agora.xtec.cat\/escola-giroi\/wp-content\/uploads\/usu1526\/2021\/02\/PAT9.png 400w, https:\/\/agora.xtec.cat\/escola-giroi\/wp-content\/uploads\/usu1526\/2021\/02\/PAT9-300x150.png 300w\" sizes=\"auto, (max-width: 287px) 100vw, 287px\" \/><\/a><\/td>\n<td style=\"text-align: center; width: 276px;\"><img loading=\"lazy\" decoding=\"async\" class=\"aligncenter wp-image-19418\" src=\"https:\/\/agora.xtec.cat\/escola-giroi\/wp-content\/uploads\/usu1526\/2021\/02\/PGA.jpg\" alt=\"\" width=\"206\" height=\"129\" srcset=\"https:\/\/agora.xtec.cat\/escola-giroi\/wp-content\/uploads\/usu1526\/2021\/02\/PGA.jpg 820w, https:\/\/agora.xtec.cat\/escola-giroi\/wp-content\/uploads\/usu1526\/2021\/02\/PGA-300x187.jpg 300w, https:\/\/agora.xtec.cat\/escola-giroi\/wp-content\/uploads\/usu1526\/2021\/02\/PGA-768x480.jpg 768w\" sizes=\"auto, (max-width: 206px) 100vw, 206px\" \/><\/td>\n<\/tr>\n<tr>\n<td style=\"text-align: center; width: 236px;\"><a href=\"https:\/\/drive.google.com\/file\/d\/1RluUJw9nJK5ZL5Xx4ma4qfsTKHXaAR08\/view?usp=sharing\" target=\"_blank\" rel=\"noopener noreferrer\">Protocol d&#8217;absentisme (Ajuntament)<\/a><\/td>\n<td style=\"text-align: center; width: 303px;\"><a href=\"https:\/\/agora.xtec.cat\/escola-giroi\/wp-content\/uploads\/usu1526\/2021\/02\/PAT-GIROI.pdf\" target=\"_blank\" rel=\"noopener noreferrer\">Pla d&#8217;Acci\u00f3 Tutorial (PAT)<\/a><\/td>\n<td style=\"text-align: center; width: 276px;\"><a href=\"https:\/\/drive.google.com\/file\/d\/1U3JHqwzfgFTzmBZjG-Z_tHSm8wZMboE4\/view?usp=drive_link\">Programaci\u00f3 general Anual (PGA)<\/a><\/td>\n<\/tr>\n<tr>\n<td style=\"text-align: center; width: 236px;\"><a href=\"https:\/\/agora.xtec.cat\/escola-giroi\/wp-content\/uploads\/usu1526\/2021\/07\/Projecte-Conviv\u00e8ncia.pdf\"><img loading=\"lazy\" decoding=\"async\" class=\"alignleft wp-image-20058 size-medium\" src=\"https:\/\/agora.xtec.cat\/escola-giroi\/wp-content\/uploads\/usu1526\/2021\/07\/unnamed-300x300.jpg\" alt=\"\" width=\"300\" height=\"300\" srcset=\"https:\/\/agora.xtec.cat\/escola-giroi\/wp-content\/uploads\/usu1526\/2021\/07\/unnamed-300x300.jpg 300w, https:\/\/agora.xtec.cat\/escola-giroi\/wp-content\/uploads\/usu1526\/2021\/07\/unnamed-150x150.jpg 150w, https:\/\/agora.xtec.cat\/escola-giroi\/wp-content\/uploads\/usu1526\/2021\/07\/unnamed.jpg 512w\" sizes=\"auto, (max-width: 300px) 100vw, 300px\" \/><\/a><\/td>\n<td style=\"text-align: center; width: 303px;\"><a href=\"https:\/\/drive.google.com\/file\/d\/1rEMQ3EuSYani-LdsaupqQO7kiCE296nv\/view?usp=sharing\" target=\"_blank\" rel=\"noopener noreferrer\"><img loading=\"lazy\" decoding=\"async\" class=\"aligncenter wp-image-19437\" src=\"https:\/\/agora.xtec.cat\/escola-giroi\/wp-content\/uploads\/usu1526\/2021\/02\/como-hacer-un-presupuesto-usando-una-media-movil.png\" alt=\"\" width=\"334\" height=\"213\" srcset=\"https:\/\/agora.xtec.cat\/escola-giroi\/wp-content\/uploads\/usu1526\/2021\/02\/como-hacer-un-presupuesto-usando-una-media-movil.png 660w, https:\/\/agora.xtec.cat\/escola-giroi\/wp-content\/uploads\/usu1526\/2021\/02\/como-hacer-un-presupuesto-usando-una-media-movil-300x192.png 300w\" sizes=\"auto, (max-width: 334px) 100vw, 334px\" \/><\/a><\/td>\n<td style=\"text-align: center; width: 276px;\"><a href=\"https:\/\/agora.xtec.cat\/escola-giroi\/wp-content\/uploads\/usu1526\/2019\/02\/PROJECTE-LING\u00dc\u00cdSTIC-GIROI.pdf\" target=\"_blank\" rel=\"noopener noreferrer\"><img loading=\"lazy\" decoding=\"async\" class=\"wp-image-19837 aligncenter\" src=\"https:\/\/agora.xtec.cat\/escola-giroi\/wp-content\/uploads\/usu1526\/2021\/03\/baixa-2.jpg\" alt=\"\" width=\"158\" height=\"158\" srcset=\"https:\/\/agora.xtec.cat\/escola-giroi\/wp-content\/uploads\/usu1526\/2021\/03\/baixa-2.jpg 224w, https:\/\/agora.xtec.cat\/escola-giroi\/wp-content\/uploads\/usu1526\/2021\/03\/baixa-2-150x150.jpg 150w\" sizes=\"auto, (max-width: 158px) 100vw, 158px\" \/><\/a><\/td>\n<\/tr>\n<tr>\n<td style=\"text-align: center; width: 236px;\"><a href=\"https:\/\/agora.xtec.cat\/escola-giroi\/wp-content\/uploads\/usu1526\/2021\/07\/Projecte-Conviv\u00e8ncia.pdf\">Projecte Conviv\u00e8ncia<\/a><\/td>\n<td style=\"text-align: center; width: 303px;\"><a href=\"https:\/\/drive.google.com\/file\/d\/104Teq2g2BBcSr8Er331vYBCZdZmoD3Kc\/view?usp=sharing\">Pressupost 2024<\/a><\/td>\n<td style=\"text-align: center; width: 276px;\"><a href=\"https:\/\/drive.google.com\/file\/d\/1bKFaZ05hlKLMUEXwm5AtaC4NDRYAj0Am\/view?usp=drive_link\" target=\"_blank\" rel=\"noopener noreferrer\">Projecte ling\u00fc\u00edstic<\/a><\/td>\n<\/tr>\n<tr>\n<td style=\"text-align: center; width: 236px;\"><a href=\"https:\/\/agora.xtec.cat\/escola-giroi\/wp-content\/uploads\/usu1526\/2021\/03\/PLA-DE-TREBALL-ALUMNAT-EN-PR\u00c0CTIQUES.pdf\" target=\"_blank\" rel=\"noopener noreferrer\"><img loading=\"lazy\" decoding=\"async\" class=\"alignleft size-medium wp-image-19868\" src=\"https:\/\/agora.xtec.cat\/escola-giroi\/wp-content\/uploads\/usu1526\/2021\/03\/xarxa-300x225.jpg\" alt=\"\" width=\"300\" height=\"225\" srcset=\"https:\/\/agora.xtec.cat\/escola-giroi\/wp-content\/uploads\/usu1526\/2021\/03\/xarxa-300x225.jpg 300w, https:\/\/agora.xtec.cat\/escola-giroi\/wp-content\/uploads\/usu1526\/2021\/03\/xarxa-200x150.jpg 200w, https:\/\/agora.xtec.cat\/escola-giroi\/wp-content\/uploads\/usu1526\/2021\/03\/xarxa.jpg 346w\" sizes=\"auto, (max-width: 300px) 100vw, 300px\" \/><\/a><\/td>\n<td style=\"text-align: center; width: 303px;\"><img loading=\"lazy\" decoding=\"async\" class=\"wp-image-20553 aligncenter\" src=\"https:\/\/agora.xtec.cat\/escola-giroi\/wp-content\/uploads\/usu1526\/2023\/07\/WhatsApp-Image-2023-07-17-at-12.53.27-203x300.jpeg\" alt=\"\" width=\"149\" height=\"220\" srcset=\"https:\/\/agora.xtec.cat\/escola-giroi\/wp-content\/uploads\/usu1526\/2023\/07\/WhatsApp-Image-2023-07-17-at-12.53.27-203x300.jpeg 203w, https:\/\/agora.xtec.cat\/escola-giroi\/wp-content\/uploads\/usu1526\/2023\/07\/WhatsApp-Image-2023-07-17-at-12.53.27.jpeg 347w\" sizes=\"auto, (max-width: 149px) 100vw, 149px\" \/><\/td>\n<td style=\"text-align: center; width: 276px;\"><\/td>\n<\/tr>\n<tr>\n<td style=\"text-align: center; width: 236px;\"><a href=\"https:\/\/drive.google.com\/file\/d\/1cR0QQDGWtJXOxbEFcKPqgsh5qpehb58j\/view?usp=sharing\" target=\"_blank\" rel=\"noopener noreferrer\">Pla de treball alumnat en pr\u00e0ctiques<\/a><\/td>\n<td style=\"text-align: center; width: 303px;\"><a href=\"https:\/\/sites.google.com\/escola-giroi.com\/estrategia-digital-de-centre\/p%C3%A0gina-principal\">EDC<\/a><\/td>\n<td style=\"text-align: center; width: 276px;\"><\/td>\n<\/tr>\n<\/tbody>\n<\/table>\n<h1>Normativa del Departament<\/h1>\n<table>\n<tbody>\n<tr>\n<td style=\"text-align: center;\"><img loading=\"lazy\" decoding=\"async\" class=\"alignleft size-medium wp-image-20558\" src=\"https:\/\/agora.xtec.cat\/escola-giroi\/wp-content\/uploads\/usu1526\/2023\/07\/consolida-2-208x300.png\" alt=\"\" width=\"208\" height=\"300\" srcset=\"https:\/\/agora.xtec.cat\/escola-giroi\/wp-content\/uploads\/usu1526\/2023\/07\/consolida-2-208x300.png 208w, https:\/\/agora.xtec.cat\/escola-giroi\/wp-content\/uploads\/usu1526\/2023\/07\/consolida-2-709x1024.png 709w, https:\/\/agora.xtec.cat\/escola-giroi\/wp-content\/uploads\/usu1526\/2023\/07\/consolida-2-768x1109.png 768w, https:\/\/agora.xtec.cat\/escola-giroi\/wp-content\/uploads\/usu1526\/2023\/07\/consolida-2-1063x1536.png 1063w, https:\/\/agora.xtec.cat\/escola-giroi\/wp-content\/uploads\/usu1526\/2023\/07\/consolida-2-1418x2048.png 1418w\" sizes=\"auto, (max-width: 208px) 100vw, 208px\" \/><\/td>\n<td style=\"text-align: center;\"><img loading=\"lazy\" decoding=\"async\" class=\"alignleft size-medium wp-image-20557\" src=\"https:\/\/agora.xtec.cat\/escola-giroi\/wp-content\/uploads\/usu1526\/2023\/07\/infantil-2-709x1024-1-208x300.png\" alt=\"\" width=\"208\" height=\"300\" srcset=\"https:\/\/agora.xtec.cat\/escola-giroi\/wp-content\/uploads\/usu1526\/2023\/07\/infantil-2-709x1024-1-208x300.png 208w, https:\/\/agora.xtec.cat\/escola-giroi\/wp-content\/uploads\/usu1526\/2023\/07\/infantil-2-709x1024-1.png 709w\" sizes=\"auto, (max-width: 208px) 100vw, 208px\" \/><\/td>\n<\/tr>\n<tr>\n<td style=\"text-align: center;\"><a href=\"https:\/\/projectes.xtec.cat\/nou-curriculum\/educacio-basica\/decret-educacio-basica\/\">Curr\u00edculum educaci\u00f3 prim\u00e0ria<\/a><\/td>\n<td style=\"text-align: center;\"><a href=\"https:\/\/projectes.xtec.cat\/nou-curriculum\/educacio-infantil\/decret-educacio-infantil\/\">Curr\u00edculum educaci\u00f3 infantil<\/a><\/td>\n<\/tr>\n<\/tbody>\n<\/table>\n<h1>Fulls d&#8217;autoritzacions<\/h1>\n<table>\n<tbody>\n<tr>\n<td><a href=\"https:\/\/drive.google.com\/file\/d\/1EXj192x2EwIkideXe1JakSKE3G6Z8Rwm\/view?usp=sharing\" target=\"_blank\" rel=\"noopener noreferrer\"><img loading=\"lazy\" decoding=\"async\" class=\"aligncenter wp-image-19413\" src=\"https:\/\/agora.xtec.cat\/escola-giroi\/wp-content\/uploads\/usu1526\/2021\/02\/7.png\" alt=\"\" width=\"206\" height=\"154\" srcset=\"https:\/\/agora.xtec.cat\/escola-giroi\/wp-content\/uploads\/usu1526\/2021\/02\/7.png 900w, https:\/\/agora.xtec.cat\/escola-giroi\/wp-content\/uploads\/usu1526\/2021\/02\/7-300x225.png 300w, https:\/\/agora.xtec.cat\/escola-giroi\/wp-content\/uploads\/usu1526\/2021\/02\/7-768x576.png 768w, https:\/\/agora.xtec.cat\/escola-giroi\/wp-content\/uploads\/usu1526\/2021\/02\/7-200x150.png 200w\" sizes=\"auto, (max-width: 206px) 100vw, 206px\" \/><\/a><\/td>\n<td><a href=\"https:\/\/drive.google.com\/file\/d\/1RRI-hEqUEUm8BCv-h9nuhQVcR63ETLZl\/view?usp=sharing\" target=\"_blank\" rel=\"noopener noreferrer\"><img loading=\"lazy\" decoding=\"async\" class=\"aligncenter wp-image-19414\" src=\"https:\/\/agora.xtec.cat\/escola-giroi\/wp-content\/uploads\/usu1526\/2021\/02\/p_adap.jpg\" alt=\"\" width=\"213\" height=\"152\" srcset=\"https:\/\/agora.xtec.cat\/escola-giroi\/wp-content\/uploads\/usu1526\/2021\/02\/p_adap.jpg 320w, https:\/\/agora.xtec.cat\/escola-giroi\/wp-content\/uploads\/usu1526\/2021\/02\/p_adap-300x214.jpg 300w\" sizes=\"auto, (max-width: 213px) 100vw, 213px\" \/><\/a><\/td>\n<td><a href=\"https:\/\/drive.google.com\/file\/d\/1iWPZQfb88jGHKzp21jyG2IszDnHuEzqz\/view?usp=sharing\" target=\"_blank\" rel=\"noopener noreferrer\"><img loading=\"lazy\" decoding=\"async\" class=\"aligncenter wp-image-19415\" src=\"https:\/\/agora.xtec.cat\/escola-giroi\/wp-content\/uploads\/usu1526\/2021\/02\/depositphotos_10117988-stock-photo-kids-going-to-school.jpg\" alt=\"\" width=\"275\" height=\"114\" srcset=\"https:\/\/agora.xtec.cat\/escola-giroi\/wp-content\/uploads\/usu1526\/2021\/02\/depositphotos_10117988-stock-photo-kids-going-to-school.jpg 1024w, https:\/\/agora.xtec.cat\/escola-giroi\/wp-content\/uploads\/usu1526\/2021\/02\/depositphotos_10117988-stock-photo-kids-going-to-school-300x124.jpg 300w, https:\/\/agora.xtec.cat\/escola-giroi\/wp-content\/uploads\/usu1526\/2021\/02\/depositphotos_10117988-stock-photo-kids-going-to-school-768x318.jpg 768w\" sizes=\"auto, (max-width: 275px) 100vw, 275px\" \/><\/a><\/td>\n<\/tr>\n<tr>\n<td><a href=\"https:\/\/drive.google.com\/file\/d\/1EXj192x2EwIkideXe1JakSKE3G6Z8Rwm\/view?usp=sharing\" target=\"_blank\" rel=\"noopener\">Administraci\u00f3 de medicaments<\/a><\/td>\n<td><a href=\"https:\/\/drive.google.com\/file\/d\/1RRI-hEqUEUm8BCv-h9nuhQVcR63ETLZl\/view?usp=sharing\">Recollida a c\u00e0rrec d&#8217;un menor d&#8217;edat<\/a><\/td>\n<td><a href=\"https:\/\/drive.google.com\/file\/d\/10HRwFmj4THFMxmFRbol7WbbbWk_b2qZ5\/view?usp=sharing\" target=\"_blank\" rel=\"noopener\">Autoritzaci\u00f3 per sortir sols i soles (5\u00e8 i 6\u00e8)<\/a><\/td>\n<\/tr>\n<tr>\n<td><img loading=\"lazy\" decoding=\"async\" class=\"aligncenter\" src=\"https:\/\/cdn-icons-png.flaticon.com\/512\/709\/709401.png\" alt=\"Jarabe - Iconos gratis de m\u00e9dico\" width=\"117\" height=\"117\" \/><\/td>\n<td><\/td>\n<td><\/td>\n<\/tr>\n<tr>\n<td><a href=\"https:\/\/drive.google.com\/file\/d\/1D9fhfaOIhuPAoB8OhrMH9ZN3HE-EEgqK\/view?usp=sharing\" target=\"_blank\" rel=\"noopener\">Paracetamol<\/a><\/td>\n<td><\/td>\n<td><\/td>\n<\/tr>\n<\/tbody>\n<\/table>\n<p><!--more--><\/p>\n","protected":false},"excerpt":{"rendered":"<p>Documents oficials de centre Projecte Educatiu de Centre (PEC) Normes d&#8217;Organitzaci\u00f3 i Funcionament de Centre &#8211; NOFC &#8211; (en revisi\u00f3) [&hellip;]<\/p>\n","protected":false},"author":1,"featured_media":0,"parent":0,"menu_order":0,"comment_status":"closed","ping_status":"closed","template":"","meta":{"_bbp_topic_count":0,"_bbp_reply_count":0,"_bbp_total_topic_count":0,"_bbp_total_reply_count":0,"_bbp_voice_count":0,"_bbp_anonymous_reply_count":0,"_bbp_topic_count_hidden":0,"_bbp_reply_count_hidden":0,"_bbp_forum_subforum_count":0,"site-sidebar-layout":"default","site-content-layout":"","ast-site-content-layout":"default","site-content-style":"default","site-sidebar-style":"default","ast-global-header-display":"","ast-banner-title-visibility":"","ast-main-header-display":"","ast-hfb-above-header-display":"","ast-hfb-below-header-display":"","ast-hfb-mobile-header-display":"","site-post-title":"","ast-breadcrumbs-content":"","ast-featured-img":"","footer-sml-layout":"","theme-transparent-header-meta":"","adv-header-id-meta":"","stick-header-meta":"","header-above-stick-meta":"","header-main-stick-meta":"","header-below-stick-meta":"","astra-migrate-meta-layouts":"set","ast-page-background-enabled":"default","ast-page-background-meta":{"desktop":{"background-color":"var(--ast-global-color-4)","background-image":"","background-repeat":"repeat","background-position":"center center","background-size":"auto","background-attachment":"scroll","background-type":"","background-media":"","overlay-type":"","overlay-color":"","overlay-opacity":"","overlay-gradient":""},"tablet":{"background-color":"","background-image":"","background-repeat":"repeat","background-position":"center center","background-size":"auto","background-attachment":"scroll","background-type":"","background-media":"","overlay-type":"","overlay-color":"","overlay-opacity":"","overlay-gradient":""},"mobile":{"background-color":"","background-image":"","background-repeat":"repeat","background-position":"center center","background-size":"auto","background-attachment":"scroll","background-type":"","background-media":"","overlay-type":"","overlay-color":"","overlay-opacity":"","overlay-gradient":""}},"ast-content-background-meta":{"desktop":{"background-color":"var(--ast-global-color-5)","background-image":"","background-repeat":"repeat","background-position":"center center","background-size":"auto","background-attachment":"scroll","background-type":"","background-media":"","overlay-type":"","overlay-color":"","overlay-opacity":"","overlay-gradient":""},"tablet":{"background-color":"var(--ast-global-color-5)","background-image":"","background-repeat":"repeat","background-position":"center center","background-size":"auto","background-attachment":"scroll","background-type":"","background-media":"","overlay-type":"","overlay-color":"","overlay-opacity":"","overlay-gradient":""},"mobile":{"background-color":"var(--ast-global-color-5)","background-image":"","background-repeat":"repeat","background-position":"center center","background-size":"auto","background-attachment":"scroll","background-type":"","background-media":"","overlay-type":"","overlay-color":"","overlay-opacity":"","overlay-gradient":""}},"footnotes":""},"class_list":["post-19373","page","type-page","status-publish","hentry"],"post_mailing_queue_ids":[],"_links":{"self":[{"href":"https:\/\/agora.xtec.cat\/escola-giroi\/wp-json\/wp\/v2\/pages\/19373","targetHints":{"allow":["GET"]}}],"collection":[{"href":"https:\/\/agora.xtec.cat\/escola-giroi\/wp-json\/wp\/v2\/pages"}],"about":[{"href":"https:\/\/agora.xtec.cat\/escola-giroi\/wp-json\/wp\/v2\/types\/page"}],"author":[{"embeddable":true,"href":"https:\/\/agora.xtec.cat\/escola-giroi\/wp-json\/wp\/v2\/users\/1"}],"replies":[{"embeddable":true,"href":"https:\/\/agora.xtec.cat\/escola-giroi\/wp-json\/wp\/v2\/comments?post=19373"}],"version-history":[{"count":6,"href":"https:\/\/agora.xtec.cat\/escola-giroi\/wp-json\/wp\/v2\/pages\/19373\/revisions"}],"predecessor-version":[{"id":20927,"href":"https:\/\/agora.xtec.cat\/escola-giroi\/wp-json\/wp\/v2\/pages\/19373\/revisions\/20927"}],"wp:attachment":[{"href":"https:\/\/agora.xtec.cat\/escola-giroi\/wp-json\/wp\/v2\/media?parent=19373"}],"curies":[{"name":"wp","href":"https:\/\/api.w.org\/{rel}","templated":true}]}}