{"id":15588,"date":"2020-02-17T11:24:33","date_gmt":"2020-02-17T10:24:33","guid":{"rendered":"http:\/\/agora.xtec.cat\/escola-giroi\/?page_id=15588"},"modified":"2026-02-08T20:18:06","modified_gmt":"2026-02-08T19:18:06","slug":"aprenent-amb-noves-tecnologies","status":"publish","type":"page","link":"https:\/\/agora.xtec.cat\/escola-giroi\/projectesescola\/aprenent-amb-noves-tecnologies\/","title":{"rendered":"Aprenentatge digital"},"content":{"rendered":"<p>L&#8217;escola Giroi aposta perqu\u00e8 l&#8217;alumnat desenvolupi la seva compet\u00e8ncia digital en tots els aspectes. \u00c9s per aix\u00f2 que treballem:<\/p>\n<table style=\"height: 197px;\">\n<tbody>\n<tr style=\"height: 166px;\">\n<td style=\"height: 166px; width: 170px;\"><a href=\"https:\/\/agora.xtec.cat\/escola-giroi\/wp-content\/uploads\/usu1526\/2021\/02\/g-suite.png\"><img loading=\"lazy\" decoding=\"async\" class=\"aligncenter size-thumbnail wp-image-19638\" src=\"https:\/\/agora.xtec.cat\/escola-giroi\/wp-content\/uploads\/usu1526\/2021\/02\/g-suite-150x150.png\" alt=\"\" width=\"150\" height=\"150\" srcset=\"https:\/\/agora.xtec.cat\/escola-giroi\/wp-content\/uploads\/usu1526\/2021\/02\/g-suite-150x150.png 150w, https:\/\/agora.xtec.cat\/escola-giroi\/wp-content\/uploads\/usu1526\/2021\/02\/g-suite-300x300.png 300w, https:\/\/agora.xtec.cat\/escola-giroi\/wp-content\/uploads\/usu1526\/2021\/02\/g-suite.png 480w\" sizes=\"auto, (max-width: 150px) 100vw, 150px\" \/><\/a><\/td>\n<td style=\"height: 166px; width: 170px;\"><a href=\"https:\/\/agora.xtec.cat\/escola-giroi\/wp-content\/uploads\/usu1526\/2021\/02\/xhlcazvpjtdun1m71knh.png\"><img loading=\"lazy\" decoding=\"async\" class=\"aligncenter size-thumbnail wp-image-19639\" src=\"https:\/\/agora.xtec.cat\/escola-giroi\/wp-content\/uploads\/usu1526\/2021\/02\/xhlcazvpjtdun1m71knh-150x150.png\" alt=\"\" width=\"150\" height=\"150\" srcset=\"https:\/\/agora.xtec.cat\/escola-giroi\/wp-content\/uploads\/usu1526\/2021\/02\/xhlcazvpjtdun1m71knh-150x150.png 150w, https:\/\/agora.xtec.cat\/escola-giroi\/wp-content\/uploads\/usu1526\/2021\/02\/xhlcazvpjtdun1m71knh-300x300.png 300w, https:\/\/agora.xtec.cat\/escola-giroi\/wp-content\/uploads\/usu1526\/2021\/02\/xhlcazvpjtdun1m71knh-768x768.png 768w, https:\/\/agora.xtec.cat\/escola-giroi\/wp-content\/uploads\/usu1526\/2021\/02\/xhlcazvpjtdun1m71knh.png 1024w\" sizes=\"auto, (max-width: 150px) 100vw, 150px\" \/><\/a><\/td>\n<\/tr>\n<tr style=\"height: 31px;\">\n<td style=\"height: 31px; width: 170px;\">Google App for Education a Educaci\u00f3 Prim\u00e0ria<\/td>\n<td style=\"height: 31px; width: 170px;\">Entorn virtual aprenentatge (EVA) Seesaw a Educaci\u00f3 Infantil i Cicle Inicial<\/td>\n<\/tr>\n<\/tbody>\n<\/table>\n<p>Programaci\u00f3 i rob\u00f2tica (llenguatge de programaci\u00f3 adaptat al nivell educatiu):<\/p>\n<table style=\"width: 1071px; height: 249px;\">\n<tbody>\n<tr style=\"height: 199px;\">\n<td style=\"width: 172px; height: 199px;\"><a href=\"https:\/\/agora.xtec.cat\/escola-giroi\/wp-content\/uploads\/usu1526\/2021\/02\/lego-wedo-2.jpg\"><img loading=\"lazy\" decoding=\"async\" class=\"aligncenter size-thumbnail wp-image-19631\" src=\"https:\/\/agora.xtec.cat\/escola-giroi\/wp-content\/uploads\/usu1526\/2021\/02\/lego-wedo-2-150x150.jpg\" alt=\"\" width=\"150\" height=\"150\" \/><\/a><\/td>\n<td style=\"width: 179px; height: 199px;\"><a href=\"https:\/\/agora.xtec.cat\/escola-giroi\/wp-content\/uploads\/usu1526\/2021\/02\/51xPK4DtnUL._SX342_.jpg\"><img loading=\"lazy\" decoding=\"async\" class=\"aligncenter size-thumbnail wp-image-19627\" src=\"https:\/\/agora.xtec.cat\/escola-giroi\/wp-content\/uploads\/usu1526\/2021\/02\/51xPK4DtnUL._SX342_-150x150.jpg\" alt=\"\" width=\"150\" height=\"150\" \/><\/a><\/td>\n<td style=\"width: 179px; height: 199px;\"><a href=\"https:\/\/agora.xtec.cat\/escola-giroi\/wp-content\/uploads\/usu1526\/2021\/02\/81eBQ2yEYcL._AC_SS350_.jpg\"><img loading=\"lazy\" decoding=\"async\" class=\"aligncenter size-thumbnail wp-image-19628\" src=\"https:\/\/agora.xtec.cat\/escola-giroi\/wp-content\/uploads\/usu1526\/2021\/02\/81eBQ2yEYcL._AC_SS350_-150x150.jpg\" alt=\"\" width=\"150\" height=\"150\" srcset=\"https:\/\/agora.xtec.cat\/escola-giroi\/wp-content\/uploads\/usu1526\/2021\/02\/81eBQ2yEYcL._AC_SS350_-150x150.jpg 150w, https:\/\/agora.xtec.cat\/escola-giroi\/wp-content\/uploads\/usu1526\/2021\/02\/81eBQ2yEYcL._AC_SS350_-300x300.jpg 300w, https:\/\/agora.xtec.cat\/escola-giroi\/wp-content\/uploads\/usu1526\/2021\/02\/81eBQ2yEYcL._AC_SS350_.jpg 350w\" sizes=\"auto, (max-width: 150px) 100vw, 150px\" \/><\/a><\/td>\n<td style=\"width: 175px; height: 199px;\"><a href=\"https:\/\/agora.xtec.cat\/escola-giroi\/wp-content\/uploads\/usu1526\/2021\/02\/81Or74Q0RYL._AC_SL1500_.jpg\"><img loading=\"lazy\" decoding=\"async\" class=\"aligncenter size-thumbnail wp-image-19634\" src=\"https:\/\/agora.xtec.cat\/escola-giroi\/wp-content\/uploads\/usu1526\/2021\/02\/81Or74Q0RYL._AC_SL1500_-150x150.jpg\" alt=\"\" width=\"150\" height=\"150\" \/><\/a><\/td>\n<td style=\"width: 175px; height: 199px;\"><img decoding=\"async\" src=\"https:\/\/www.prodel.es\/wp-content\/uploads\/2024\/04\/209804_07.jpg\" alt=\"Tale-Bot Pro - Prodel, S.A.\" \/><\/td>\n<td style=\"width: 175px; height: 199px;\"><\/td>\n<\/tr>\n<tr style=\"height: 50px;\">\n<td style=\"width: 172px; height: 50px; text-align: center;\">Lego WeDo<\/td>\n<td style=\"width: 179px; height: 50px; text-align: center;\">Lego Mindstorm<\/td>\n<td style=\"width: 179px; height: 50px; text-align: center;\">Micro:bit<\/td>\n<td style=\"width: 175px; height: 50px; text-align: center;\">Makey makey<\/td>\n<td style=\"width: 175px; height: 50px; text-align: center;\">Tale-bot<\/td>\n<td style=\"width: 175px; height: 50px; text-align: center;\"><\/td>\n<\/tr>\n<\/tbody>\n<\/table>\n<p>Treballem amb diferents webs i aplicacions educatives:<\/p>\n<table style=\"width: 87.3218%;\">\n<tbody>\n<tr>\n<td style=\"width: 148px;\"><a href=\"https:\/\/agora.xtec.cat\/escola-giroi\/wp-content\/uploads\/usu1526\/2021\/02\/Canva_Logo.png\"><img loading=\"lazy\" decoding=\"async\" class=\"aligncenter wp-image-19644\" src=\"https:\/\/agora.xtec.cat\/escola-giroi\/wp-content\/uploads\/usu1526\/2021\/02\/Canva_Logo-300x300.png\" alt=\"\" width=\"146\" height=\"146\" srcset=\"https:\/\/agora.xtec.cat\/escola-giroi\/wp-content\/uploads\/usu1526\/2021\/02\/Canva_Logo-300x300.png 300w, https:\/\/agora.xtec.cat\/escola-giroi\/wp-content\/uploads\/usu1526\/2021\/02\/Canva_Logo-150x150.png 150w, https:\/\/agora.xtec.cat\/escola-giroi\/wp-content\/uploads\/usu1526\/2021\/02\/Canva_Logo.png 316w\" sizes=\"auto, (max-width: 146px) 100vw, 146px\" \/><\/a><\/td>\n<td style=\"width: 163px;\"><a href=\"https:\/\/agora.xtec.cat\/escola-giroi\/wp-content\/uploads\/usu1526\/2021\/02\/nENeGzy2_400x400.jpg\"><img loading=\"lazy\" decoding=\"async\" class=\"aligncenter wp-image-19645\" src=\"https:\/\/agora.xtec.cat\/escola-giroi\/wp-content\/uploads\/usu1526\/2021\/02\/nENeGzy2_400x400-300x300.jpg\" alt=\"\" width=\"145\" height=\"145\" srcset=\"https:\/\/agora.xtec.cat\/escola-giroi\/wp-content\/uploads\/usu1526\/2021\/02\/nENeGzy2_400x400-300x300.jpg 300w, https:\/\/agora.xtec.cat\/escola-giroi\/wp-content\/uploads\/usu1526\/2021\/02\/nENeGzy2_400x400-150x150.jpg 150w, https:\/\/agora.xtec.cat\/escola-giroi\/wp-content\/uploads\/usu1526\/2021\/02\/nENeGzy2_400x400.jpg 400w\" sizes=\"auto, (max-width: 145px) 100vw, 145px\" \/><\/a><\/td>\n<td style=\"width: 164px;\"><a href=\"https:\/\/agora.xtec.cat\/escola-giroi\/wp-content\/uploads\/usu1526\/2021\/02\/arcademics-icon.png\"><img loading=\"lazy\" decoding=\"async\" class=\"aligncenter size-full wp-image-19662\" src=\"https:\/\/agora.xtec.cat\/escola-giroi\/wp-content\/uploads\/usu1526\/2021\/02\/arcademics-icon.png\" alt=\"\" width=\"170\" height=\"170\" srcset=\"https:\/\/agora.xtec.cat\/escola-giroi\/wp-content\/uploads\/usu1526\/2021\/02\/arcademics-icon.png 170w, https:\/\/agora.xtec.cat\/escola-giroi\/wp-content\/uploads\/usu1526\/2021\/02\/arcademics-icon-150x150.png 150w\" sizes=\"auto, (max-width: 170px) 100vw, 170px\" \/><\/a><\/td>\n<td style=\"width: 162px;\"><a href=\"https:\/\/agora.xtec.cat\/escola-giroi\/wp-content\/uploads\/usu1526\/2021\/02\/ep.png\"><img loading=\"lazy\" decoding=\"async\" class=\"aligncenter size-medium wp-image-19647\" src=\"https:\/\/agora.xtec.cat\/escola-giroi\/wp-content\/uploads\/usu1526\/2021\/02\/ep-300x150.png\" alt=\"\" width=\"300\" height=\"150\" srcset=\"https:\/\/agora.xtec.cat\/escola-giroi\/wp-content\/uploads\/usu1526\/2021\/02\/ep-300x150.png 300w, https:\/\/agora.xtec.cat\/escola-giroi\/wp-content\/uploads\/usu1526\/2021\/02\/ep-768x384.png 768w, https:\/\/agora.xtec.cat\/escola-giroi\/wp-content\/uploads\/usu1526\/2021\/02\/ep.png 800w\" sizes=\"auto, (max-width: 300px) 100vw, 300px\" \/><\/a><\/td>\n<td style=\"width: 160px;\"><a href=\"https:\/\/agora.xtec.cat\/escola-giroi\/wp-content\/uploads\/usu1526\/2021\/02\/unnamed.png\"><img loading=\"lazy\" decoding=\"async\" class=\"aligncenter size-medium wp-image-19663\" src=\"https:\/\/agora.xtec.cat\/escola-giroi\/wp-content\/uploads\/usu1526\/2021\/02\/unnamed-300x300.png\" alt=\"\" width=\"300\" height=\"300\" srcset=\"https:\/\/agora.xtec.cat\/escola-giroi\/wp-content\/uploads\/usu1526\/2021\/02\/unnamed-300x300.png 300w, https:\/\/agora.xtec.cat\/escola-giroi\/wp-content\/uploads\/usu1526\/2021\/02\/unnamed-150x150.png 150w, https:\/\/agora.xtec.cat\/escola-giroi\/wp-content\/uploads\/usu1526\/2021\/02\/unnamed.png 512w\" sizes=\"auto, (max-width: 300px) 100vw, 300px\" \/><\/a><\/td>\n<td style=\"width: 160px;\"><a href=\"https:\/\/www.matific.com\/es\/ca\/home\/\" target=\"_blank\" rel=\"noopener\"><img decoding=\"async\" src=\"https:\/\/img.utdstc.com\/icon\/384\/c4c\/384c4cfe59ae0fb9b433ac003daa1270699b6b1e7e597ba896b1d8437ae00f64:200\" alt=\"Matific: Math Game for Kids para Android - Descarga el APK en Uptodown\" \/><\/a><\/td>\n<\/tr>\n<tr>\n<td style=\"width: 148px; text-align: center;\">Canva<\/td>\n<td style=\"width: 163px; text-align: center;\">Genial\u00b7ly<\/td>\n<td style=\"width: 164px; text-align: center;\">Arcad\u00e8mics<\/td>\n<td style=\"width: 162px; text-align: center;\">Edpuzzle<\/td>\n<td style=\"width: 160px; text-align: center;\">Flipgrid<\/td>\n<td style=\"width: 160px; text-align: center;\">Mat\u00edfic<\/td>\n<\/tr>\n<\/tbody>\n<\/table>\n<p>Tamb\u00e9 disposem de:<\/p>\n<table>\n<tbody>\n<tr>\n<td><a href=\"https:\/\/agora.xtec.cat\/escola-giroi\/wp-content\/uploads\/usu1526\/2021\/02\/sbx885-scaled.jpg\"><img loading=\"lazy\" decoding=\"async\" class=\"aligncenter wp-image-19665\" src=\"https:\/\/agora.xtec.cat\/escola-giroi\/wp-content\/uploads\/usu1526\/2021\/02\/sbx885-scaled-300x270.jpg\" alt=\"\" width=\"161\" height=\"145\" srcset=\"https:\/\/agora.xtec.cat\/escola-giroi\/wp-content\/uploads\/usu1526\/2021\/02\/sbx885-scaled-300x270.jpg 300w, https:\/\/agora.xtec.cat\/escola-giroi\/wp-content\/uploads\/usu1526\/2021\/02\/sbx885-scaled-768x691.jpg 768w, https:\/\/agora.xtec.cat\/escola-giroi\/wp-content\/uploads\/usu1526\/2021\/02\/sbx885-scaled-1024x921.jpg 1024w\" sizes=\"auto, (max-width: 161px) 100vw, 161px\" \/><\/a><\/td>\n<td><a href=\"https:\/\/agora.xtec.cat\/escola-giroi\/wp-content\/uploads\/usu1526\/2021\/02\/img_24500_c98688d8c45dda80714fc49d1847b346_20.png\"><img loading=\"lazy\" decoding=\"async\" class=\"aligncenter wp-image-19666\" src=\"https:\/\/agora.xtec.cat\/escola-giroi\/wp-content\/uploads\/usu1526\/2021\/02\/img_24500_c98688d8c45dda80714fc49d1847b346_20-300x187.png\" alt=\"\" width=\"198\" height=\"123\" srcset=\"https:\/\/agora.xtec.cat\/escola-giroi\/wp-content\/uploads\/usu1526\/2021\/02\/img_24500_c98688d8c45dda80714fc49d1847b346_20-300x187.png 300w, https:\/\/agora.xtec.cat\/escola-giroi\/wp-content\/uploads\/usu1526\/2021\/02\/img_24500_c98688d8c45dda80714fc49d1847b346_20.png 499w\" sizes=\"auto, (max-width: 198px) 100vw, 198px\" \/><\/a><\/td>\n<\/tr>\n<tr>\n<td style=\"text-align: center;\">Pissarra digital<\/td>\n<td style=\"text-align: center;\">Panell interactiu (fixes i m\u00f2bils)<\/td>\n<\/tr>\n<\/tbody>\n<\/table>\n<p>El nostre coordinador TAC \u00e9s el mentor digital de la zona.<\/p>\n","protected":false},"excerpt":{"rendered":"<p>L&#8217;escola Giroi aposta perqu\u00e8 l&#8217;alumnat desenvolupi la seva compet\u00e8ncia digital en tots els aspectes. \u00c9s per aix\u00f2 que treballem: Google [&hellip;]<\/p>\n","protected":false},"author":1,"featured_media":0,"parent":30,"menu_order":0,"comment_status":"closed","ping_status":"closed","template":"","meta":{"_bbp_topic_count":0,"_bbp_reply_count":0,"_bbp_total_topic_count":0,"_bbp_total_reply_count":0,"_bbp_voice_count":0,"_bbp_anonymous_reply_count":0,"_bbp_topic_count_hidden":0,"_bbp_reply_count_hidden":0,"_bbp_forum_subforum_count":0,"site-sidebar-layout":"default","site-content-layout":"","ast-site-content-layout":"default","site-content-style":"default","site-sidebar-style":"default","ast-global-header-display":"","ast-banner-title-visibility":"","ast-main-header-display":"","ast-hfb-above-header-display":"","ast-hfb-below-header-display":"","ast-hfb-mobile-header-display":"","site-post-title":"","ast-breadcrumbs-content":"","ast-featured-img":"","footer-sml-layout":"","theme-transparent-header-meta":"","adv-header-id-meta":"","stick-header-meta":"","header-above-stick-meta":"","header-main-stick-meta":"","header-below-stick-meta":"","astra-migrate-meta-layouts":"set","ast-page-background-enabled":"default","ast-page-background-meta":{"desktop":{"background-color":"var(--ast-global-color-4)","background-image":"","background-repeat":"repeat","background-position":"center center","background-size":"auto","background-attachment":"scroll","background-type":"","background-media":"","overlay-type":"","overlay-color":"","overlay-opacity":"","overlay-gradient":""},"tablet":{"background-color":"","background-image":"","background-repeat":"repeat","background-position":"center center","background-size":"auto","background-attachment":"scroll","background-type":"","background-media":"","overlay-type":"","overlay-color":"","overlay-opacity":"","overlay-gradient":""},"mobile":{"background-color":"","background-image":"","background-repeat":"repeat","background-position":"center center","background-size":"auto","background-attachment":"scroll","background-type":"","background-media":"","overlay-type":"","overlay-color":"","overlay-opacity":"","overlay-gradient":""}},"ast-content-background-meta":{"desktop":{"background-color":"var(--ast-global-color-5)","background-image":"","background-repeat":"repeat","background-position":"center center","background-size":"auto","background-attachment":"scroll","background-type":"","background-media":"","overlay-type":"","overlay-color":"","overlay-opacity":"","overlay-gradient":""},"tablet":{"background-color":"var(--ast-global-color-5)","background-image":"","background-repeat":"repeat","background-position":"center center","background-size":"auto","background-attachment":"scroll","background-type":"","background-media":"","overlay-type":"","overlay-color":"","overlay-opacity":"","overlay-gradient":""},"mobile":{"background-color":"var(--ast-global-color-5)","background-image":"","background-repeat":"repeat","background-position":"center center","background-size":"auto","background-attachment":"scroll","background-type":"","background-media":"","overlay-type":"","overlay-color":"","overlay-opacity":"","overlay-gradient":""}},"footnotes":""},"class_list":["post-15588","page","type-page","status-publish","hentry"],"post_mailing_queue_ids":[],"_links":{"self":[{"href":"https:\/\/agora.xtec.cat\/escola-giroi\/wp-json\/wp\/v2\/pages\/15588","targetHints":{"allow":["GET"]}}],"collection":[{"href":"https:\/\/agora.xtec.cat\/escola-giroi\/wp-json\/wp\/v2\/pages"}],"about":[{"href":"https:\/\/agora.xtec.cat\/escola-giroi\/wp-json\/wp\/v2\/types\/page"}],"author":[{"embeddable":true,"href":"https:\/\/agora.xtec.cat\/escola-giroi\/wp-json\/wp\/v2\/users\/1"}],"replies":[{"embeddable":true,"href":"https:\/\/agora.xtec.cat\/escola-giroi\/wp-json\/wp\/v2\/comments?post=15588"}],"version-history":[{"count":5,"href":"https:\/\/agora.xtec.cat\/escola-giroi\/wp-json\/wp\/v2\/pages\/15588\/revisions"}],"predecessor-version":[{"id":21003,"href":"https:\/\/agora.xtec.cat\/escola-giroi\/wp-json\/wp\/v2\/pages\/15588\/revisions\/21003"}],"up":[{"embeddable":true,"href":"https:\/\/agora.xtec.cat\/escola-giroi\/wp-json\/wp\/v2\/pages\/30"}],"wp:attachment":[{"href":"https:\/\/agora.xtec.cat\/escola-giroi\/wp-json\/wp\/v2\/media?parent=15588"}],"curies":[{"name":"wp","href":"https:\/\/api.w.org\/{rel}","templated":true}]}}