{"id":15566,"date":"2020-02-17T09:02:16","date_gmt":"2020-02-17T08:02:16","guid":{"rendered":"http:\/\/agora.xtec.cat\/escola-giroi\/?page_id=15566"},"modified":"2024-12-10T13:36:15","modified_gmt":"2024-12-10T12:36:15","slug":"innovamat","status":"publish","type":"page","link":"https:\/\/agora.xtec.cat\/escola-giroi\/projectesescola\/innovamat\/","title":{"rendered":"Matem\u00e0tiques manipulatives"},"content":{"rendered":"<p>Els conceptes queden m\u00e9s clars si els vius que si te&#8217;ls expliquen, per aix\u00f2 tamb\u00e9 les matem\u00e0tiques, les ensenyem el m\u00e9s manipulatives i vivencials possibles.<\/p>\n<p>Amb sessions manipulatives, reptes matem\u00e0tics i gamificaci\u00f3 s&#8217;afavoreix la resoluci\u00f3 de problemes a trav\u00e9s del raonament i l&#8217;estrat\u00e8gia.<\/p>\n<p>El curs 2024-2025, l&#8217;escola ha estat seleccionada per participar del programa d&#8217;innovaci\u00f3 <a href=\"https:\/\/espai.educacio.gencat.cat\/Centres\/Innovacio-pedagogica\/Suport-Innovacio\/Programa-Florence\/Pagines\/default.aspx#!#h20\">Florence<\/a>, que neix amb l&#8217;objectiu de millorar l&#8217;aprenentatge de les matem\u00e0tiques de l&#8217;alumnat i la millora i l&#8217;actualitzaci\u00f3 de les compet\u00e8ncies docents en matem\u00e0tiques, reduir la quantitat d&#8217;alumnes que obtenen resultats baixos en les proves de compet\u00e8ncies matem\u00e0tiques i oferir formaci\u00f3, assessorament i material de suport a tots els centres que s&#8217;integrin en el Programa.<\/p>\n<p><img loading=\"lazy\" decoding=\"async\" class=\"size-medium wp-image-20754 aligncenter\" src=\"https:\/\/agora.xtec.cat\/escola-giroi\/wp-content\/uploads\/usu1526\/2024\/12\/baixa-8-300x110.jpg\" alt=\"\" width=\"300\" height=\"110\" srcset=\"https:\/\/agora.xtec.cat\/escola-giroi\/wp-content\/uploads\/usu1526\/2024\/12\/baixa-8-300x110.jpg 300w, https:\/\/agora.xtec.cat\/escola-giroi\/wp-content\/uploads\/usu1526\/2024\/12\/baixa-8.jpg 386w\" sizes=\"auto, (max-width: 300px) 100vw, 300px\" \/><\/p>\n<p>&nbsp;<\/p>\n","protected":false},"excerpt":{"rendered":"<p>Els conceptes queden m\u00e9s clars si els vius que si te&#8217;ls expliquen, per aix\u00f2 tamb\u00e9 les matem\u00e0tiques, les ensenyem el [&hellip;]<\/p>\n","protected":false},"author":1,"featured_media":0,"parent":30,"menu_order":0,"comment_status":"closed","ping_status":"closed","template":"","meta":{"_bbp_topic_count":0,"_bbp_reply_count":0,"_bbp_total_topic_count":0,"_bbp_total_reply_count":0,"_bbp_voice_count":0,"_bbp_anonymous_reply_count":0,"_bbp_topic_count_hidden":0,"_bbp_reply_count_hidden":0,"_bbp_forum_subforum_count":0,"site-sidebar-layout":"default","site-content-layout":"","ast-site-content-layout":"","site-content-style":"default","site-sidebar-style":"default","ast-global-header-display":"","ast-banner-title-visibility":"","ast-main-header-display":"","ast-hfb-above-header-display":"","ast-hfb-below-header-display":"","ast-hfb-mobile-header-display":"","site-post-title":"","ast-breadcrumbs-content":"","ast-featured-img":"","footer-sml-layout":"","theme-transparent-header-meta":"","adv-header-id-meta":"","stick-header-meta":"","header-above-stick-meta":"","header-main-stick-meta":"","header-below-stick-meta":"","astra-migrate-meta-layouts":"default","ast-page-background-enabled":"default","ast-page-background-meta":{"desktop":{"background-color":"var(--ast-global-color-4)","background-image":"","background-repeat":"repeat","background-position":"center center","background-size":"auto","background-attachment":"scroll","background-type":"","background-media":"","overlay-type":"","overlay-color":"","overlay-opacity":"","overlay-gradient":""},"tablet":{"background-color":"","background-image":"","background-repeat":"repeat","background-position":"center center","background-size":"auto","background-attachment":"scroll","background-type":"","background-media":"","overlay-type":"","overlay-color":"","overlay-opacity":"","overlay-gradient":""},"mobile":{"background-color":"","background-image":"","background-repeat":"repeat","background-position":"center center","background-size":"auto","background-attachment":"scroll","background-type":"","background-media":"","overlay-type":"","overlay-color":"","overlay-opacity":"","overlay-gradient":""}},"ast-content-background-meta":{"desktop":{"background-color":"var(--ast-global-color-5)","background-image":"","background-repeat":"repeat","background-position":"center center","background-size":"auto","background-attachment":"scroll","background-type":"","background-media":"","overlay-type":"","overlay-color":"","overlay-opacity":"","overlay-gradient":""},"tablet":{"background-color":"var(--ast-global-color-5)","background-image":"","background-repeat":"repeat","background-position":"center center","background-size":"auto","background-attachment":"scroll","background-type":"","background-media":"","overlay-type":"","overlay-color":"","overlay-opacity":"","overlay-gradient":""},"mobile":{"background-color":"var(--ast-global-color-5)","background-image":"","background-repeat":"repeat","background-position":"center center","background-size":"auto","background-attachment":"scroll","background-type":"","background-media":"","overlay-type":"","overlay-color":"","overlay-opacity":"","overlay-gradient":""}},"footnotes":""},"class_list":["post-15566","page","type-page","status-publish","hentry"],"post_mailing_queue_ids":[],"_links":{"self":[{"href":"https:\/\/agora.xtec.cat\/escola-giroi\/wp-json\/wp\/v2\/pages\/15566","targetHints":{"allow":["GET"]}}],"collection":[{"href":"https:\/\/agora.xtec.cat\/escola-giroi\/wp-json\/wp\/v2\/pages"}],"about":[{"href":"https:\/\/agora.xtec.cat\/escola-giroi\/wp-json\/wp\/v2\/types\/page"}],"author":[{"embeddable":true,"href":"https:\/\/agora.xtec.cat\/escola-giroi\/wp-json\/wp\/v2\/users\/1"}],"replies":[{"embeddable":true,"href":"https:\/\/agora.xtec.cat\/escola-giroi\/wp-json\/wp\/v2\/comments?post=15566"}],"version-history":[{"count":5,"href":"https:\/\/agora.xtec.cat\/escola-giroi\/wp-json\/wp\/v2\/pages\/15566\/revisions"}],"predecessor-version":[{"id":20755,"href":"https:\/\/agora.xtec.cat\/escola-giroi\/wp-json\/wp\/v2\/pages\/15566\/revisions\/20755"}],"up":[{"embeddable":true,"href":"https:\/\/agora.xtec.cat\/escola-giroi\/wp-json\/wp\/v2\/pages\/30"}],"wp:attachment":[{"href":"https:\/\/agora.xtec.cat\/escola-giroi\/wp-json\/wp\/v2\/media?parent=15566"}],"curies":[{"name":"wp","href":"https:\/\/api.w.org\/{rel}","templated":true}]}}