{"id":15482,"date":"2020-02-14T11:43:31","date_gmt":"2020-02-14T10:43:31","guid":{"rendered":"http:\/\/agora.xtec.cat\/escola-giroi\/?page_id=15482"},"modified":"2022-02-23T13:45:05","modified_gmt":"2022-02-23T12:45:05","slug":"cantania","status":"publish","type":"page","link":"https:\/\/agora.xtec.cat\/escola-giroi\/projectesescola\/cantania\/","title":{"rendered":"Llenguatge musical"},"content":{"rendered":"<h3>M\u00daSICA<\/h3>\n<p>Treballem la m\u00fasica per racons i cada setmana els infants roten per aprofundir en els diferents apartats:<\/p>\n<ul>\n<li>Rac\u00f3 de treball de moviment<\/li>\n<li>Rac\u00f3 de treball r\u00edtmic<\/li>\n<li>Rac\u00f3 de treball mel\u00f2dic<\/li>\n<li>Rac\u00f3 de creativitat i\/o creaci\u00f3<\/li>\n<\/ul>\n<h3>PROJECTES: CANT\u00c0NIA I FEM DANSA<\/h3>\n<p>Des de l&#8217;inicis del projecte Cant\u00e0nia a la comarca, des de l&#8217;escola ens vam adherir a l&#8217;activitat.<\/p>\n<ul>\n<li style=\"list-style-type: none;\">\n<ul>\n<li style=\"list-style-type: none;\">\n<ul>\n<li>Fins ara hem participat amb l&#8217;alumnat de 4t, per\u00f2 a partir d&#8217;ara ho farem amb l&#8217;alumnat de 5\u00e8, per tal que no hi hagi cap generaci\u00f3 que es perdi aquest esdeveniment. Ens preparem durant tot el curs per aquesta activitat de cant, que realitzem alhora amb altres escoles i que les fam\u00edlies poden venir a veure al Teatre Auditori de Granollers.<\/li>\n<li>En aquest<a href=\"https:\/\/www.teatreauditoridegranollers.cat\/ca\/cantania.html\" target=\"_blank\" rel=\"noopener noreferrer\"> enlla\u00e7<\/a> hi trobareu m\u00e9s informaci\u00f3 general sobre la cant\u00e0nia.<\/li>\n<li>Tamb\u00e9 podeu veure un petit <a href=\"https:\/\/youtu.be\/piBzqPZMDiQ\" target=\"_blank\" rel=\"noopener noreferrer\">v\u00eddeo explicatiu<\/a> que van fer l&#8217;alumnat al mar\u00e7 del 2018.<\/li>\n<\/ul>\n<\/li>\n<\/ul>\n<\/li>\n<\/ul>\n<p>El Projecte Fem Dansa va comen\u00e7ar al curs 2018\/19, amb escoles de la Garriga i dels municipis propers (l&#8217;Ametlla, Lli\u00e7\u00e0, St. Feliu), dirigit a l&#8217;alumnat de P5 i 2n.<\/p>\n<ul>\n<li style=\"list-style-type: none;\">\n<ul>\n<li style=\"list-style-type: none;\">\n<ul>\n<li><a href=\"https:\/\/agora.xtec.cat\/escola-giroi\/general\/p5-i-2n-han-fet-dansa\/\" target=\"_blank\" rel=\"noopener noreferrer\">Enlla\u00e7 a la not\u00edcia<\/a><\/li>\n<\/ul>\n<\/li>\n<\/ul>\n<\/li>\n<\/ul>\n","protected":false},"excerpt":{"rendered":"<p>M\u00daSICA Treballem la m\u00fasica per racons i cada setmana els infants roten per aprofundir en els diferents apartats: Rac\u00f3 de [&hellip;]<\/p>\n","protected":false},"author":1,"featured_media":0,"parent":30,"menu_order":0,"comment_status":"closed","ping_status":"closed","template":"","meta":{"_bbp_topic_count":0,"_bbp_reply_count":0,"_bbp_total_topic_count":0,"_bbp_total_reply_count":0,"_bbp_voice_count":0,"_bbp_anonymous_reply_count":0,"_bbp_topic_count_hidden":0,"_bbp_reply_count_hidden":0,"_bbp_forum_subforum_count":0,"site-sidebar-layout":"default","site-content-layout":"","ast-site-content-layout":"","site-content-style":"default","site-sidebar-style":"default","ast-global-header-display":"","ast-banner-title-visibility":"","ast-main-header-display":"","ast-hfb-above-header-display":"","ast-hfb-below-header-display":"","ast-hfb-mobile-header-display":"","site-post-title":"","ast-breadcrumbs-content":"","ast-featured-img":"","footer-sml-layout":"","theme-transparent-header-meta":"","adv-header-id-meta":"","stick-header-meta":"","header-above-stick-meta":"","header-main-stick-meta":"","header-below-stick-meta":"","astra-migrate-meta-layouts":"default","ast-page-background-enabled":"default","ast-page-background-meta":{"desktop":{"background-color":"var(--ast-global-color-4)","background-image":"","background-repeat":"repeat","background-position":"center center","background-size":"auto","background-attachment":"scroll","background-type":"","background-media":"","overlay-type":"","overlay-color":"","overlay-opacity":"","overlay-gradient":""},"tablet":{"background-color":"","background-image":"","background-repeat":"repeat","background-position":"center center","background-size":"auto","background-attachment":"scroll","background-type":"","background-media":"","overlay-type":"","overlay-color":"","overlay-opacity":"","overlay-gradient":""},"mobile":{"background-color":"","background-image":"","background-repeat":"repeat","background-position":"center center","background-size":"auto","background-attachment":"scroll","background-type":"","background-media":"","overlay-type":"","overlay-color":"","overlay-opacity":"","overlay-gradient":""}},"ast-content-background-meta":{"desktop":{"background-color":"var(--ast-global-color-5)","background-image":"","background-repeat":"repeat","background-position":"center center","background-size":"auto","background-attachment":"scroll","background-type":"","background-media":"","overlay-type":"","overlay-color":"","overlay-opacity":"","overlay-gradient":""},"tablet":{"background-color":"var(--ast-global-color-5)","background-image":"","background-repeat":"repeat","background-position":"center center","background-size":"auto","background-attachment":"scroll","background-type":"","background-media":"","overlay-type":"","overlay-color":"","overlay-opacity":"","overlay-gradient":""},"mobile":{"background-color":"var(--ast-global-color-5)","background-image":"","background-repeat":"repeat","background-position":"center center","background-size":"auto","background-attachment":"scroll","background-type":"","background-media":"","overlay-type":"","overlay-color":"","overlay-opacity":"","overlay-gradient":""}},"footnotes":""},"class_list":["post-15482","page","type-page","status-publish","hentry"],"post_mailing_queue_ids":[],"_links":{"self":[{"href":"https:\/\/agora.xtec.cat\/escola-giroi\/wp-json\/wp\/v2\/pages\/15482","targetHints":{"allow":["GET"]}}],"collection":[{"href":"https:\/\/agora.xtec.cat\/escola-giroi\/wp-json\/wp\/v2\/pages"}],"about":[{"href":"https:\/\/agora.xtec.cat\/escola-giroi\/wp-json\/wp\/v2\/types\/page"}],"author":[{"embeddable":true,"href":"https:\/\/agora.xtec.cat\/escola-giroi\/wp-json\/wp\/v2\/users\/1"}],"replies":[{"embeddable":true,"href":"https:\/\/agora.xtec.cat\/escola-giroi\/wp-json\/wp\/v2\/comments?post=15482"}],"version-history":[{"count":3,"href":"https:\/\/agora.xtec.cat\/escola-giroi\/wp-json\/wp\/v2\/pages\/15482\/revisions"}],"predecessor-version":[{"id":20273,"href":"https:\/\/agora.xtec.cat\/escola-giroi\/wp-json\/wp\/v2\/pages\/15482\/revisions\/20273"}],"up":[{"embeddable":true,"href":"https:\/\/agora.xtec.cat\/escola-giroi\/wp-json\/wp\/v2\/pages\/30"}],"wp:attachment":[{"href":"https:\/\/agora.xtec.cat\/escola-giroi\/wp-json\/wp\/v2\/media?parent=15482"}],"curies":[{"name":"wp","href":"https:\/\/api.w.org\/{rel}","templated":true}]}}