{"id":1108,"date":"2017-02-17T09:23:39","date_gmt":"2017-02-17T08:23:39","guid":{"rendered":"http:\/\/agora.xtec.cat\/escola-giroi\/?page_id=1108"},"modified":"2024-02-23T17:20:09","modified_gmt":"2024-02-23T16:20:09","slug":"projecte-educatiu","status":"publish","type":"page","link":"https:\/\/agora.xtec.cat\/escola-giroi\/lescola\/projecte-educatiu\/","title":{"rendered":"La nostra hist\u00f2ria"},"content":{"rendered":"<h2><span style=\"font-weight: 400;\">\u00a0<\/span><b>Refer\u00e8ncia hist\u00f2rica de l\u2019escola\u00a0<\/b><\/h2>\n<p><span style=\"font-weight: 400;\">L\u2019escola va n\u00e9ixer el curs 1998-1999, com a extensi\u00f3 del CEIP Tagamanent, degut al creixement de poblaci\u00f3, per raons migrat\u00f2ries i de proximitat a Barcelona.<\/span><\/p>\n<p><span style=\"font-weight: 400;\">El curs 2000-01 ja es va independitzar i va prendre el nom del barri on est\u00e0 situada CEIP Ca N\u2019Illa.<\/span><\/p>\n<p><span style=\"font-weight: 400;\">En la Resoluci\u00f3 del DOGC del 19-9-01 n\u00famero 3494 s\u2019aprova el canvi de nom per Giroi.<\/span><\/p>\n<p><span style=\"font-weight: 400;\">El centre est\u00e0 ubicat al costat de la pista poliesportiva n\u00ba2 del barri.\u00a0<\/span><\/p>\n<p><span style=\"font-weight: 400;\">Les classes s\u2019impartien en aules prefabricades, el primer curs nom\u00e9s hi havia tres aules d\u2019Educaci\u00f3 Infantil (de P-3 a P-5), cada curs es va anar ampliant un nivell, fins arribar el curs 2005-06, que es va completar una l\u00ednia d\u2019escola.<\/span><\/p>\n<p><span style=\"font-weight: 400;\">\u00a0<\/span><span style=\"font-weight: 400;\">A partir del curs 2005-2006 es va iniciar el desdoblament de P3, amb els infants nascuts el 2002.<\/span><\/p>\n<p><span style=\"font-weight: 400;\">Des del curs 2010-2011, l\u2019escola disposa d\u2019un edifici ampliat adequat a les necessitats d\u2019un centre amb dues l\u00ednies educatives. Puntualment s\u2019ha triplicat algun grup.<\/span><\/p>\n<p><span style=\"font-weight: 400;\">Des del curs 2016-2017 estem variant la composici\u00f3 de l\u2019escola per anar paulatinament esdevenint un centre d\u2019una sola l\u00ednia, per efecte de la disminuci\u00f3 de la natalitat al municipi.<\/span><\/p>\n<h2><b>Marc f\u00edsic<\/b><\/h2>\n<p><span style=\"font-weight: 400;\">L\u2019escola est\u00e0 ubicada a la Garriga, una poblaci\u00f3 del Vall\u00e8s Oriental amb un cens, l\u2019any 2019, de 16.500 habitants, a uns 30 km de Barcelona i a les faldes del mass\u00eds del Montseny.<\/span><\/p>\n<p><span style=\"font-weight: 400;\">El clima, la situaci\u00f3 propera a Barcelona, juntament amb les bones vies de comunicaci\u00f3, tant a nivell de carreteres com de ferrocarrils, fan de la Garriga una zona privilegiada.<\/span><\/p>\n<p><span style=\"font-weight: 400;\">L\u2019escola Giroi est\u00e0 situada a la zona sud del municipi, al barri de Ca n\u2019Illa,\u00a0 entre la\u00a0 zona residencial i la industrial, al costat de l\u2019Institut Vil\u00b7la Romana i\u00a0 l\u2019escola bressol municipal Les Caliues, a prop hi ha el riu Congost, el bosc del Malhivern, les ru\u00efnes\u00a0 romanes de can Terr\u00e9s i el passeig del poble.<\/span><\/p>\n<p><span style=\"font-weight: 400;\">En el passat aquest barri era una zona agr\u00edcola situada entre la masia de Ca n\u2019Illa i la de can Terr\u00e9s. S\u2019ha anat urbanitzant amb cases unifamiliars, torres\u00a0 i edificis amplis de poca al\u00e7ada i ara est\u00e0 integrat a la xarxa del poble.<\/span><\/p>\n","protected":false},"excerpt":{"rendered":"<p>\u00a0Refer\u00e8ncia hist\u00f2rica de l\u2019escola\u00a0 L\u2019escola va n\u00e9ixer el curs 1998-1999, com a extensi\u00f3 del CEIP Tagamanent, degut al creixement de [&hellip;]<\/p>\n","protected":false},"author":1,"featured_media":0,"parent":22,"menu_order":8,"comment_status":"closed","ping_status":"closed","template":"","meta":{"_bbp_topic_count":0,"_bbp_reply_count":0,"_bbp_total_topic_count":0,"_bbp_total_reply_count":0,"_bbp_voice_count":0,"_bbp_anonymous_reply_count":0,"_bbp_topic_count_hidden":0,"_bbp_reply_count_hidden":0,"_bbp_forum_subforum_count":0,"site-sidebar-layout":"default","site-content-layout":"","ast-site-content-layout":"","site-content-style":"default","site-sidebar-style":"default","ast-global-header-display":"","ast-banner-title-visibility":"","ast-main-header-display":"","ast-hfb-above-header-display":"","ast-hfb-below-header-display":"","ast-hfb-mobile-header-display":"","site-post-title":"","ast-breadcrumbs-content":"","ast-featured-img":"","footer-sml-layout":"","theme-transparent-header-meta":"","adv-header-id-meta":"","stick-header-meta":"","header-above-stick-meta":"","header-main-stick-meta":"","header-below-stick-meta":"","astra-migrate-meta-layouts":"default","ast-page-background-enabled":"default","ast-page-background-meta":{"desktop":{"background-color":"var(--ast-global-color-4)","background-image":"","background-repeat":"repeat","background-position":"center center","background-size":"auto","background-attachment":"scroll","background-type":"","background-media":"","overlay-type":"","overlay-color":"","overlay-opacity":"","overlay-gradient":""},"tablet":{"background-color":"","background-image":"","background-repeat":"repeat","background-position":"center center","background-size":"auto","background-attachment":"scroll","background-type":"","background-media":"","overlay-type":"","overlay-color":"","overlay-opacity":"","overlay-gradient":""},"mobile":{"background-color":"","background-image":"","background-repeat":"repeat","background-position":"center center","background-size":"auto","background-attachment":"scroll","background-type":"","background-media":"","overlay-type":"","overlay-color":"","overlay-opacity":"","overlay-gradient":""}},"ast-content-background-meta":{"desktop":{"background-color":"var(--ast-global-color-5)","background-image":"","background-repeat":"repeat","background-position":"center center","background-size":"auto","background-attachment":"scroll","background-type":"","background-media":"","overlay-type":"","overlay-color":"","overlay-opacity":"","overlay-gradient":""},"tablet":{"background-color":"var(--ast-global-color-5)","background-image":"","background-repeat":"repeat","background-position":"center center","background-size":"auto","background-attachment":"scroll","background-type":"","background-media":"","overlay-type":"","overlay-color":"","overlay-opacity":"","overlay-gradient":""},"mobile":{"background-color":"var(--ast-global-color-5)","background-image":"","background-repeat":"repeat","background-position":"center center","background-size":"auto","background-attachment":"scroll","background-type":"","background-media":"","overlay-type":"","overlay-color":"","overlay-opacity":"","overlay-gradient":""}},"footnotes":""},"class_list":["post-1108","page","type-page","status-publish","hentry"],"post_mailing_queue_ids":[],"_links":{"self":[{"href":"https:\/\/agora.xtec.cat\/escola-giroi\/wp-json\/wp\/v2\/pages\/1108","targetHints":{"allow":["GET"]}}],"collection":[{"href":"https:\/\/agora.xtec.cat\/escola-giroi\/wp-json\/wp\/v2\/pages"}],"about":[{"href":"https:\/\/agora.xtec.cat\/escola-giroi\/wp-json\/wp\/v2\/types\/page"}],"author":[{"embeddable":true,"href":"https:\/\/agora.xtec.cat\/escola-giroi\/wp-json\/wp\/v2\/users\/1"}],"replies":[{"embeddable":true,"href":"https:\/\/agora.xtec.cat\/escola-giroi\/wp-json\/wp\/v2\/comments?post=1108"}],"version-history":[{"count":4,"href":"https:\/\/agora.xtec.cat\/escola-giroi\/wp-json\/wp\/v2\/pages\/1108\/revisions"}],"predecessor-version":[{"id":20705,"href":"https:\/\/agora.xtec.cat\/escola-giroi\/wp-json\/wp\/v2\/pages\/1108\/revisions\/20705"}],"up":[{"embeddable":true,"href":"https:\/\/agora.xtec.cat\/escola-giroi\/wp-json\/wp\/v2\/pages\/22"}],"wp:attachment":[{"href":"https:\/\/agora.xtec.cat\/escola-giroi\/wp-json\/wp\/v2\/media?parent=1108"}],"curies":[{"name":"wp","href":"https:\/\/api.w.org\/{rel}","templated":true}]}}