{"id":940,"date":"2018-10-12T09:09:24","date_gmt":"2018-10-12T07:09:24","guid":{"rendered":"http:\/\/agora.xtec.cat\/escola-ginesta\/?page_id=940"},"modified":"2018-10-12T09:10:28","modified_gmt":"2018-10-12T07:10:28","slug":"pati-obert","status":"publish","type":"page","link":"https:\/\/agora.xtec.cat\/escola-ginesta\/pati-obert\/","title":{"rendered":"Pati obert"},"content":{"rendered":"<p>El\u00a0<strong>PATI OBERT<\/strong>\u00a0\u00e9s un projecte que funciona des de l&#8217;estiu de 2010, i que est\u00e0 impulsat i coordinat pel Servei d&#8217;Educaci\u00f3 de l&#8217;IMET i per diferents regidories de l&#8217;Ajuntament: d&#8217;Esports, de Participaci\u00f3 Ciutadana i de Conviv\u00e8ncia, amb la intenci\u00f3 de posar a l&#8217;abast de la ciutadania els patis i les intal\u00b7lacions esportives exteriors d&#8217;algunes escoles.<\/p>\n<p>Actualment hi participen les escoles: Ginesta, Llebetx, Canig\u00f3, l&#8217;Arjau i \u00cdtaca i es compta amb la col\u00b7laboraci\u00f3 de l&#8217;Associaci\u00f3 de Ve\u00efns del Tac\u00f3, l&#8217;AMPA de l&#8217;escola Llebetx, l&#8217;AMPA de l&#8217;escola Canig\u00f3 i l&#8217;Associaci\u00f3 de Ve\u00efns del Barri de MAr i l&#8217;AMPA de l&#8217;escola \u00cdtaca, respectivament, que s&#8217;encarreguen del bon funcionament i bon \u00fas de les inatl\u00b7lacions.<\/p>\n<p><strong>Amb la posada en marxa d&#8217;aquest programa es pret\u00e9n:<\/strong><\/p>\n<p>&#8211; Ampliar les zones de joc i esbarjo de la ciutat.<\/p>\n<p>&#8211; Impulsar la utilitzaci\u00f3 dels patis i instal\u00b7lacions.<\/p>\n<p>&#8211; Disminuir els actes vand\u00e0lics, fruit de l&#8217;\u00fas indiscriminat i inapropiat que fan alguns ciutadans que salten les tanques dels recintes escolars. I poder aprofitar aquestes zones esportives de les escoles com a espais de lleure i esportius, per a infants, joves i ciutadania en general, en aquells per\u00edodes i horaris en que, fins ara, romanien tancats, com ara caps de setmana i determinats per\u00edodes de vacances.<\/p>\n<p>&#8211; Aprofitar els espais i equipaments disponibles en horari no escolar.<\/p>\n<p>&#8211; Donar resposta a la demanda social d&#8217;espais l\u00fadics, d&#8217;esbarjo i d&#8217;esport, aprofitant el temps en qu\u00e8 aquests espais estan en des\u00fas.<\/p>\n<p style=\"text-align: center;\"><a href=\"https:\/\/agora.xtec.cat\/escola-ginesta\/wp-content\/uploads\/usu1910\/2018\/10\/General-web1.jpg\"><img loading=\"lazy\" decoding=\"async\" class=\"alignnone wp-image-941\" src=\"https:\/\/agora.xtec.cat\/escola-ginesta\/wp-content\/uploads\/usu1910\/2018\/10\/General-web1-724x1024.jpg\" alt=\"\" width=\"499\" height=\"706\" srcset=\"https:\/\/agora.xtec.cat\/escola-ginesta\/wp-content\/uploads\/usu1910\/2018\/10\/General-web1-724x1024.jpg 724w, https:\/\/agora.xtec.cat\/escola-ginesta\/wp-content\/uploads\/usu1910\/2018\/10\/General-web1-212x300.jpg 212w, https:\/\/agora.xtec.cat\/escola-ginesta\/wp-content\/uploads\/usu1910\/2018\/10\/General-web1-768x1086.jpg 768w, https:\/\/agora.xtec.cat\/escola-ginesta\/wp-content\/uploads\/usu1910\/2018\/10\/General-web1.jpg 1588w\" sizes=\"auto, (max-width: 499px) 100vw, 499px\" \/>\u00a0\u00a0<\/a> <a href=\"https:\/\/agora.xtec.cat\/escola-ginesta\/wp-content\/uploads\/usu1910\/2018\/10\/General-web2.jpg\"><img loading=\"lazy\" decoding=\"async\" class=\"alignnone wp-image-942\" src=\"https:\/\/agora.xtec.cat\/escola-ginesta\/wp-content\/uploads\/usu1910\/2018\/10\/General-web2-724x1024.jpg\" alt=\"\" width=\"499\" height=\"706\" srcset=\"https:\/\/agora.xtec.cat\/escola-ginesta\/wp-content\/uploads\/usu1910\/2018\/10\/General-web2-724x1024.jpg 724w, https:\/\/agora.xtec.cat\/escola-ginesta\/wp-content\/uploads\/usu1910\/2018\/10\/General-web2-212x300.jpg 212w, https:\/\/agora.xtec.cat\/escola-ginesta\/wp-content\/uploads\/usu1910\/2018\/10\/General-web2-768x1086.jpg 768w, https:\/\/agora.xtec.cat\/escola-ginesta\/wp-content\/uploads\/usu1910\/2018\/10\/General-web2.jpg 1588w\" sizes=\"auto, (max-width: 499px) 100vw, 499px\" \/><\/a><\/p>\n","protected":false},"excerpt":{"rendered":"<p>El\u00a0PATI OBERT\u00a0\u00e9s un projecte que funciona des de l&#8217;estiu de 2010, i que est\u00e0 impulsat i coordinat pel Servei d&#8217;Educaci\u00f3 de l&#8217;IMET i per diferents regidories de l&#8217;Ajuntament: d&#8217;Esports, de Participaci\u00f3 Ciutadana i de Conviv\u00e8ncia, amb la intenci\u00f3 de posar a l&#8217;abast de la ciutadania els patis i les intal\u00b7lacions esportives exteriors d&#8217;algunes escoles. Actualment [&hellip;]<\/p>\n","protected":false},"author":3,"featured_media":0,"parent":0,"menu_order":0,"comment_status":"closed","ping_status":"closed","template":"","meta":{"_bbp_topic_count":0,"_bbp_reply_count":0,"_bbp_total_topic_count":0,"_bbp_total_reply_count":0,"_bbp_voice_count":0,"_bbp_anonymous_reply_count":0,"_bbp_topic_count_hidden":0,"_bbp_reply_count_hidden":0,"_bbp_forum_subforum_count":0,"site-sidebar-layout":"default","site-content-layout":"","ast-site-content-layout":"","site-content-style":"default","site-sidebar-style":"default","ast-global-header-display":"","ast-banner-title-visibility":"","ast-main-header-display":"","ast-hfb-above-header-display":"","ast-hfb-below-header-display":"","ast-hfb-mobile-header-display":"","site-post-title":"","ast-breadcrumbs-content":"","ast-featured-img":"","footer-sml-layout":"","theme-transparent-header-meta":"","adv-header-id-meta":"","stick-header-meta":"","header-above-stick-meta":"","header-main-stick-meta":"","header-below-stick-meta":"","astra-migrate-meta-layouts":"default","ast-page-background-enabled":"default","ast-page-background-meta":{"desktop":{"background-color":"var(--ast-global-color-4)","background-image":"","background-repeat":"repeat","background-position":"center center","background-size":"auto","background-attachment":"scroll","background-type":"","background-media":"","overlay-type":"","overlay-color":"","overlay-opacity":"","overlay-gradient":""},"tablet":{"background-color":"","background-image":"","background-repeat":"repeat","background-position":"center center","background-size":"auto","background-attachment":"scroll","background-type":"","background-media":"","overlay-type":"","overlay-color":"","overlay-opacity":"","overlay-gradient":""},"mobile":{"background-color":"","background-image":"","background-repeat":"repeat","background-position":"center center","background-size":"auto","background-attachment":"scroll","background-type":"","background-media":"","overlay-type":"","overlay-color":"","overlay-opacity":"","overlay-gradient":""}},"ast-content-background-meta":{"desktop":{"background-color":"var(--ast-global-color-5)","background-image":"","background-repeat":"repeat","background-position":"center center","background-size":"auto","background-attachment":"scroll","background-type":"","background-media":"","overlay-type":"","overlay-color":"","overlay-opacity":"","overlay-gradient":""},"tablet":{"background-color":"var(--ast-global-color-5)","background-image":"","background-repeat":"repeat","background-position":"center center","background-size":"auto","background-attachment":"scroll","background-type":"","background-media":"","overlay-type":"","overlay-color":"","overlay-opacity":"","overlay-gradient":""},"mobile":{"background-color":"var(--ast-global-color-5)","background-image":"","background-repeat":"repeat","background-position":"center center","background-size":"auto","background-attachment":"scroll","background-type":"","background-media":"","overlay-type":"","overlay-color":"","overlay-opacity":"","overlay-gradient":""}},"footnotes":""},"class_list":["post-940","page","type-page","status-publish","hentry"],"post_mailing_queue_ids":[],"_links":{"self":[{"href":"https:\/\/agora.xtec.cat\/escola-ginesta\/wp-json\/wp\/v2\/pages\/940","targetHints":{"allow":["GET"]}}],"collection":[{"href":"https:\/\/agora.xtec.cat\/escola-ginesta\/wp-json\/wp\/v2\/pages"}],"about":[{"href":"https:\/\/agora.xtec.cat\/escola-ginesta\/wp-json\/wp\/v2\/types\/page"}],"author":[{"embeddable":true,"href":"https:\/\/agora.xtec.cat\/escola-ginesta\/wp-json\/wp\/v2\/users\/3"}],"replies":[{"embeddable":true,"href":"https:\/\/agora.xtec.cat\/escola-ginesta\/wp-json\/wp\/v2\/comments?post=940"}],"version-history":[{"count":2,"href":"https:\/\/agora.xtec.cat\/escola-ginesta\/wp-json\/wp\/v2\/pages\/940\/revisions"}],"predecessor-version":[{"id":946,"href":"https:\/\/agora.xtec.cat\/escola-ginesta\/wp-json\/wp\/v2\/pages\/940\/revisions\/946"}],"wp:attachment":[{"href":"https:\/\/agora.xtec.cat\/escola-ginesta\/wp-json\/wp\/v2\/media?parent=940"}],"curies":[{"name":"wp","href":"https:\/\/api.w.org\/{rel}","templated":true}]}}