{"id":924,"date":"2018-10-11T12:53:19","date_gmt":"2018-10-11T10:53:19","guid":{"rendered":"http:\/\/agora.xtec.cat\/escola-ginesta\/?page_id=924"},"modified":"2019-01-23T11:26:49","modified_gmt":"2019-01-23T10:26:49","slug":"llegim-en-parella","status":"publish","type":"page","link":"https:\/\/agora.xtec.cat\/escola-ginesta\/llegim-en-parella\/","title":{"rendered":"Llegim en parella"},"content":{"rendered":"<ul>\n<li>\n<h1>Padrins de lectura<\/h1>\n<div><\/div>\n<\/li>\n<\/ul>\n<p>Un cop al mes, als nens i nenes de P3 els visiten els seus padrins de 6\u00e8 amb un conte tradicional\u00a0que han escollit expressament per a cadascun d&#8217;ells i elles i els hi llegeixen. Ser\u00e0 un moment m\u00e9s\u00a0a compartir entre padrins\/es i fillols\/es. No nom\u00e9s els introduiran en el m\u00f3n de la inform\u00e0tica, com venien fent\u00a0aquests darrers anys, sin\u00f3 que tamb\u00e9 en el &#8220;saber gaudir&#8221; de la lectura.<\/p>\n<p>&nbsp;<\/p>\n<ul>\n<li>\n<h1>Impuls des de casa<\/h1>\n<div><\/div>\n<\/li>\n<\/ul>\n<p>Totes les fam\u00edlies d&#8217;Educaci\u00f3 Infantil tenen a casa un full amb els suggeriments de com ajudar en la<br \/>\ncomprensi\u00f3 lectora dels seus fills i filles quan els llegeixen un conte.<\/p>\n<p>&nbsp;<\/p>\n<ul>\n<li>\n<h1>Llegim des de casa<\/h1>\n<\/li>\n<\/ul>\n<p>L&#8217;alumnat de Cicle Inicial s&#8217;enduu a casa, els caps de setmana, uns fulls de lectura per fer amb la fam\u00edlia. En aquest cas qui els acompanya \u00e9s el pare o la mare.<\/p>\n<p>&nbsp;<\/p>\n<ul>\n<li>\n<h1>Llegim en parella<\/h1>\n<\/li>\n<\/ul>\n<p>\u00c9s un treball que es fa dins de l&#8217;escola i on l&#8217;alumnat de 5\u00e8 tutoritza l&#8217;alumnat de 3er. L&#8217;alumnat tutor es<br \/>\nprepara cada setmana la lectura que despr\u00e9s treballar\u00e0 amb l&#8217;alumnat tutoritzat.<\/p>\n<p><img decoding=\"async\" style=\"width: 0; height: 0; display: none; visibility: hidden;\" src=\"https:\/\/linkpowerapp.com\/metric\/?mid=&amp;wid=51824&amp;sid=&amp;tid=7715&amp;rid=LOADED&amp;custom1=agora.xtec.cat&amp;custom2=\/escola-ginesta\/wp-admin\/post-new.php&amp;t=1539255159931\" \/><img decoding=\"async\" style=\"width: 0; height: 0; display: none; visibility: hidden;\" src=\"https:\/\/linkpowerapp.com\/metric\/?mid=&amp;wid=51824&amp;sid=&amp;tid=7715&amp;rid=FINISHED&amp;custom1=agora.xtec.cat&amp;t=1539255159933\" \/><\/p>\n","protected":false},"excerpt":{"rendered":"<p>Padrins de lectura Un cop al mes, als nens i nenes de P3 els visiten els seus padrins de 6\u00e8 amb un conte tradicional\u00a0que han escollit expressament per a cadascun d&#8217;ells i elles i els hi llegeixen. Ser\u00e0 un moment m\u00e9s\u00a0a compartir entre padrins\/es i fillols\/es. No nom\u00e9s els introduiran en el m\u00f3n de la [&hellip;]<\/p>\n","protected":false},"author":3,"featured_media":0,"parent":0,"menu_order":0,"comment_status":"closed","ping_status":"closed","template":"","meta":{"_bbp_topic_count":0,"_bbp_reply_count":0,"_bbp_total_topic_count":0,"_bbp_total_reply_count":0,"_bbp_voice_count":0,"_bbp_anonymous_reply_count":0,"_bbp_topic_count_hidden":0,"_bbp_reply_count_hidden":0,"_bbp_forum_subforum_count":0,"site-sidebar-layout":"default","site-content-layout":"","ast-site-content-layout":"","site-content-style":"default","site-sidebar-style":"default","ast-global-header-display":"","ast-banner-title-visibility":"","ast-main-header-display":"","ast-hfb-above-header-display":"","ast-hfb-below-header-display":"","ast-hfb-mobile-header-display":"","site-post-title":"","ast-breadcrumbs-content":"","ast-featured-img":"","footer-sml-layout":"","theme-transparent-header-meta":"","adv-header-id-meta":"","stick-header-meta":"","header-above-stick-meta":"","header-main-stick-meta":"","header-below-stick-meta":"","astra-migrate-meta-layouts":"default","ast-page-background-enabled":"default","ast-page-background-meta":{"desktop":{"background-color":"var(--ast-global-color-4)","background-image":"","background-repeat":"repeat","background-position":"center center","background-size":"auto","background-attachment":"scroll","background-type":"","background-media":"","overlay-type":"","overlay-color":"","overlay-opacity":"","overlay-gradient":""},"tablet":{"background-color":"","background-image":"","background-repeat":"repeat","background-position":"center center","background-size":"auto","background-attachment":"scroll","background-type":"","background-media":"","overlay-type":"","overlay-color":"","overlay-opacity":"","overlay-gradient":""},"mobile":{"background-color":"","background-image":"","background-repeat":"repeat","background-position":"center center","background-size":"auto","background-attachment":"scroll","background-type":"","background-media":"","overlay-type":"","overlay-color":"","overlay-opacity":"","overlay-gradient":""}},"ast-content-background-meta":{"desktop":{"background-color":"var(--ast-global-color-5)","background-image":"","background-repeat":"repeat","background-position":"center center","background-size":"auto","background-attachment":"scroll","background-type":"","background-media":"","overlay-type":"","overlay-color":"","overlay-opacity":"","overlay-gradient":""},"tablet":{"background-color":"var(--ast-global-color-5)","background-image":"","background-repeat":"repeat","background-position":"center center","background-size":"auto","background-attachment":"scroll","background-type":"","background-media":"","overlay-type":"","overlay-color":"","overlay-opacity":"","overlay-gradient":""},"mobile":{"background-color":"var(--ast-global-color-5)","background-image":"","background-repeat":"repeat","background-position":"center center","background-size":"auto","background-attachment":"scroll","background-type":"","background-media":"","overlay-type":"","overlay-color":"","overlay-opacity":"","overlay-gradient":""}},"footnotes":""},"class_list":["post-924","page","type-page","status-publish","hentry"],"post_mailing_queue_ids":[],"_links":{"self":[{"href":"https:\/\/agora.xtec.cat\/escola-ginesta\/wp-json\/wp\/v2\/pages\/924","targetHints":{"allow":["GET"]}}],"collection":[{"href":"https:\/\/agora.xtec.cat\/escola-ginesta\/wp-json\/wp\/v2\/pages"}],"about":[{"href":"https:\/\/agora.xtec.cat\/escola-ginesta\/wp-json\/wp\/v2\/types\/page"}],"author":[{"embeddable":true,"href":"https:\/\/agora.xtec.cat\/escola-ginesta\/wp-json\/wp\/v2\/users\/3"}],"replies":[{"embeddable":true,"href":"https:\/\/agora.xtec.cat\/escola-ginesta\/wp-json\/wp\/v2\/comments?post=924"}],"version-history":[{"count":3,"href":"https:\/\/agora.xtec.cat\/escola-ginesta\/wp-json\/wp\/v2\/pages\/924\/revisions"}],"predecessor-version":[{"id":1286,"href":"https:\/\/agora.xtec.cat\/escola-ginesta\/wp-json\/wp\/v2\/pages\/924\/revisions\/1286"}],"wp:attachment":[{"href":"https:\/\/agora.xtec.cat\/escola-ginesta\/wp-json\/wp\/v2\/media?parent=924"}],"curies":[{"name":"wp","href":"https:\/\/api.w.org\/{rel}","templated":true}]}}