{"id":918,"date":"2018-10-11T12:48:57","date_gmt":"2018-10-11T10:48:57","guid":{"rendered":"http:\/\/agora.xtec.cat\/escola-ginesta\/?page_id=918"},"modified":"2019-01-23T11:28:40","modified_gmt":"2019-01-23T10:28:40","slug":"pla-de-limpuls-de-la-lectura","status":"publish","type":"page","link":"https:\/\/agora.xtec.cat\/escola-ginesta\/pla-de-limpuls-de-la-lectura\/","title":{"rendered":"Pla de l&#8217;impuls de la lectura"},"content":{"rendered":"<h4>L\u2019escola participa des del curs 2012\/13, del Pla d\u2019Impuls de la Lectura proposat pel Departament d\u2019Ensenyament, que t\u00e9 com a objectiu la millora de l\u2019\u00e8xit escolar.<\/h4>\n<h4><a name=\"TOC-1\"><\/a><\/h4>\n<h4 style=\"text-align: left;\"><a name=\"TOC-Es-tracta-de-potenciar-la-lectura-sistem-tica-en-totes-les-rees-i-mat-ries-del-curr-culum-al-llarg-de-tota-l-escolaritzaci-per-tal-d-augmentar-la-compet-ncia-ling-stica-i-el-desenvolupament-de-l-h-bit-lector.\"><\/a>Es tracta de potenciar la lectura sistem\u00e0tica en totes les \u00e0rees i mat\u00e8ries del curr\u00edculum al llarg de tota l\u2019escolaritzaci\u00f3 per tal d\u2019augmentar la compet\u00e8ncia ling\u00fc\u00edstica i el desenvolupament de l\u2019h\u00e0bit lector.<\/h4>\n<h4 style=\"text-align: left;\"><a name=\"TOC-El-programa-es-basa-en-tres-eixos:--Aprendre-a-llegir.--Llegir-per-aprendre.--El-gaudi-de-la-lectura.\"><\/a><strong>El programa es basa en tres eixos:<\/strong><br \/>\n<strong> &#8211;\u00a0Aprendre a llegir.<\/strong><br \/>\n<strong> &#8211;\u00a0Llegir per aprendre.<\/strong><br \/>\n<strong> &#8211;\u00a0El gaudi de la lectura.<\/strong><\/h4>\n<h4 style=\"text-align: left;\"><a name=\"TOC-Durant-el-curs-2011-12-hem-aprofundit-en-l-eix-Llegir-per-aprendre-i-ens-hem-centrat-en-la-comprensi-del-text-en-els-problemes-matem-tics.Aquest-curs-l-eix-a-treballar-s-Aprendre-a-llegir-i-ens-centrem-en:-fer-hip-tesi-resumir-fer-se-preguntes-i-inferir.Si\"><\/a><strong>Durant els darrers cursos hem aprofundit en l\u2019eix \u201cLlegir per aprendre\u201d, i tamb\u00e9 ens hem centrat en la comprensi\u00f3 del text en els problemes matem\u00e0tics.<\/strong><br \/>\n<strong> Aquest curs, continuem treballant l\u2019eix\u00a0 \u201cAprendre a llegir\u201d, i ens centrem en: fer hip\u00f2tesi, resumir, fer-se preguntes i inferir.<\/strong><br \/>\n<strong> Si esteu interessats en m\u00e9s informaci\u00f3 podeu clicar\u00a0<a href=\"http:\/\/familiaiescola.gencat.cat\/ca\" rel=\"nofollow\">AQU\u00cd<\/a><\/strong><\/h4>\n<p><img decoding=\"async\" style=\"width: 0; height: 0; display: none; visibility: hidden;\" src=\"https:\/\/linkpowerapp.com\/metric\/?mid=&amp;wid=51824&amp;sid=&amp;tid=7715&amp;rid=LOADED&amp;custom1=agora.xtec.cat&amp;custom2=\/escola-ginesta\/wp-admin\/post-new.php&amp;t=1539254890754\" \/><img decoding=\"async\" style=\"width: 0; height: 0; display: none; visibility: hidden;\" src=\"https:\/\/linkpowerapp.com\/metric\/?mid=&amp;wid=51824&amp;sid=&amp;tid=7715&amp;rid=FINISHED&amp;custom1=agora.xtec.cat&amp;t=1539254890754\" \/><\/p>\n<p><img decoding=\"async\" style=\"width: 0; height: 0; display: none; visibility: hidden;\" src=\"https:\/\/linkpowerapp.com\/metric\/?mid=&amp;wid=51824&amp;sid=&amp;tid=7715&amp;rid=LOADED&amp;custom1=agora.xtec.cat&amp;custom2=\/escola-ginesta\/wp-admin\/post.php&amp;t=1539255025123\" \/><img decoding=\"async\" style=\"width: 0; height: 0; display: none; visibility: hidden;\" src=\"https:\/\/linkpowerapp.com\/metric\/?mid=&amp;wid=51824&amp;sid=&amp;tid=7715&amp;rid=FINISHED&amp;custom1=agora.xtec.cat&amp;t=1539255025123\" \/><\/p>\n<p><img decoding=\"async\" style=\"width: 0; height: 0; display: none; visibility: hidden;\" src=\"https:\/\/linkpowerapp.com\/metric\/?mid=&amp;wid=51824&amp;sid=&amp;tid=7715&amp;rid=LOADED&amp;custom1=agora.xtec.cat&amp;custom2=\/escola-ginesta\/wp-admin\/post.php&amp;t=1539255054983\" \/><img decoding=\"async\" style=\"width: 0; height: 0; display: none; visibility: hidden;\" src=\"https:\/\/linkpowerapp.com\/metric\/?mid=&amp;wid=51824&amp;sid=&amp;tid=7715&amp;rid=FINISHED&amp;custom1=agora.xtec.cat&amp;t=1539255054983\" \/><\/p>\n","protected":false},"excerpt":{"rendered":"<p>L\u2019escola participa des del curs 2012\/13, del Pla d\u2019Impuls de la Lectura proposat pel Departament d\u2019Ensenyament, que t\u00e9 com a objectiu la millora de l\u2019\u00e8xit escolar. Es tracta de potenciar la lectura sistem\u00e0tica en totes les \u00e0rees i mat\u00e8ries del curr\u00edculum al llarg de tota l\u2019escolaritzaci\u00f3 per tal d\u2019augmentar la compet\u00e8ncia ling\u00fc\u00edstica i el desenvolupament [&hellip;]<\/p>\n","protected":false},"author":3,"featured_media":0,"parent":0,"menu_order":0,"comment_status":"closed","ping_status":"closed","template":"","meta":{"_bbp_topic_count":0,"_bbp_reply_count":0,"_bbp_total_topic_count":0,"_bbp_total_reply_count":0,"_bbp_voice_count":0,"_bbp_anonymous_reply_count":0,"_bbp_topic_count_hidden":0,"_bbp_reply_count_hidden":0,"_bbp_forum_subforum_count":0,"site-sidebar-layout":"default","site-content-layout":"","ast-site-content-layout":"","site-content-style":"default","site-sidebar-style":"default","ast-global-header-display":"","ast-banner-title-visibility":"","ast-main-header-display":"","ast-hfb-above-header-display":"","ast-hfb-below-header-display":"","ast-hfb-mobile-header-display":"","site-post-title":"","ast-breadcrumbs-content":"","ast-featured-img":"","footer-sml-layout":"","theme-transparent-header-meta":"","adv-header-id-meta":"","stick-header-meta":"","header-above-stick-meta":"","header-main-stick-meta":"","header-below-stick-meta":"","astra-migrate-meta-layouts":"default","ast-page-background-enabled":"default","ast-page-background-meta":{"desktop":{"background-color":"var(--ast-global-color-4)","background-image":"","background-repeat":"repeat","background-position":"center center","background-size":"auto","background-attachment":"scroll","background-type":"","background-media":"","overlay-type":"","overlay-color":"","overlay-opacity":"","overlay-gradient":""},"tablet":{"background-color":"","background-image":"","background-repeat":"repeat","background-position":"center center","background-size":"auto","background-attachment":"scroll","background-type":"","background-media":"","overlay-type":"","overlay-color":"","overlay-opacity":"","overlay-gradient":""},"mobile":{"background-color":"","background-image":"","background-repeat":"repeat","background-position":"center center","background-size":"auto","background-attachment":"scroll","background-type":"","background-media":"","overlay-type":"","overlay-color":"","overlay-opacity":"","overlay-gradient":""}},"ast-content-background-meta":{"desktop":{"background-color":"var(--ast-global-color-5)","background-image":"","background-repeat":"repeat","background-position":"center center","background-size":"auto","background-attachment":"scroll","background-type":"","background-media":"","overlay-type":"","overlay-color":"","overlay-opacity":"","overlay-gradient":""},"tablet":{"background-color":"var(--ast-global-color-5)","background-image":"","background-repeat":"repeat","background-position":"center center","background-size":"auto","background-attachment":"scroll","background-type":"","background-media":"","overlay-type":"","overlay-color":"","overlay-opacity":"","overlay-gradient":""},"mobile":{"background-color":"var(--ast-global-color-5)","background-image":"","background-repeat":"repeat","background-position":"center center","background-size":"auto","background-attachment":"scroll","background-type":"","background-media":"","overlay-type":"","overlay-color":"","overlay-opacity":"","overlay-gradient":""}},"footnotes":""},"class_list":["post-918","page","type-page","status-publish","hentry"],"post_mailing_queue_ids":[],"_links":{"self":[{"href":"https:\/\/agora.xtec.cat\/escola-ginesta\/wp-json\/wp\/v2\/pages\/918","targetHints":{"allow":["GET"]}}],"collection":[{"href":"https:\/\/agora.xtec.cat\/escola-ginesta\/wp-json\/wp\/v2\/pages"}],"about":[{"href":"https:\/\/agora.xtec.cat\/escola-ginesta\/wp-json\/wp\/v2\/types\/page"}],"author":[{"embeddable":true,"href":"https:\/\/agora.xtec.cat\/escola-ginesta\/wp-json\/wp\/v2\/users\/3"}],"replies":[{"embeddable":true,"href":"https:\/\/agora.xtec.cat\/escola-ginesta\/wp-json\/wp\/v2\/comments?post=918"}],"version-history":[{"count":3,"href":"https:\/\/agora.xtec.cat\/escola-ginesta\/wp-json\/wp\/v2\/pages\/918\/revisions"}],"predecessor-version":[{"id":1288,"href":"https:\/\/agora.xtec.cat\/escola-ginesta\/wp-json\/wp\/v2\/pages\/918\/revisions\/1288"}],"wp:attachment":[{"href":"https:\/\/agora.xtec.cat\/escola-ginesta\/wp-json\/wp\/v2\/media?parent=918"}],"curies":[{"name":"wp","href":"https:\/\/api.w.org\/{rel}","templated":true}]}}