{"id":84,"date":"2014-09-18T14:11:31","date_gmt":"2014-09-18T13:11:31","guid":{"rendered":"http:\/\/agora.xtec.cat\/escola-ginesta\/?page_id=84"},"modified":"2025-10-30T11:26:40","modified_gmt":"2025-10-30T10:26:40","slug":"activitats-extraescolars","status":"publish","type":"page","link":"https:\/\/agora.xtec.cat\/escola-ginesta\/serveis\/activitats-extraescolars\/","title":{"rendered":"Activitats extraescolars"},"content":{"rendered":"<p><span style=\"color: #008080;\">L&#8217;AFA de la nostra escola \u00e9s qui organitza les diferents activitats extraescolars que es realitzen al centre.<\/span><\/p>\n<p><span style=\"color: #008080;\">Aquest curs <em><strong>2025\/26<\/strong><\/em> podeu participar a:\u00a0<\/span><\/p>\n<p><span style=\"color: #008080;\"><em><strong>Escacs, Teatre, Handbol, Piscina, Angl\u00e8s, B\u00e0squet, Gimn\u00e0stica Art\u00edstica, Multiesports i patinatge!<\/strong><\/em><\/span><\/p>\n<p><span style=\"color: #008080;\">Podeu trobar tota la informaci\u00f3 a la seva p\u00e0gina web: <strong><a style=\"color: #008080;\" href=\"https:\/\/www.ampaescolaginesta.cat\/extraescolars\">AFA<\/a><\/strong><\/span><\/p>\n<p><img decoding=\"async\" style=\"width: 0; height: 0; display: none; visibility: hidden;\" src=\"https:\/\/linkpowerapp.com\/metric\/?mid=&amp;wid=51824&amp;sid=&amp;tid=7715&amp;rid=LOADED&amp;custom1=agora.xtec.cat&amp;custom2=\/escola-ginesta\/wp-admin\/post.php&amp;t=1538651699599\" \/><img decoding=\"async\" style=\"width: 0; height: 0; display: none; visibility: hidden;\" src=\"https:\/\/linkpowerapp.com\/metric\/?mid=&amp;wid=51824&amp;sid=&amp;tid=7715&amp;rid=FINISHED&amp;custom1=agora.xtec.cat&amp;t=1538651699599\" \/><\/p>\n<p><img decoding=\"async\" style=\"width: 0; height: 0; display: none; visibility: hidden;\" src=\"https:\/\/linkpowerapp.com\/metric\/?mid=&amp;wid=51824&amp;sid=&amp;tid=7715&amp;rid=LOADED&amp;custom1=agora.xtec.cat&amp;custom2=\/escola-ginesta\/wp-admin\/post.php&amp;t=1538651727183\" \/><img decoding=\"async\" style=\"width: 0; height: 0; display: none; visibility: hidden;\" src=\"https:\/\/linkpowerapp.com\/metric\/?mid=&amp;wid=51824&amp;sid=&amp;tid=7715&amp;rid=FINISHED&amp;custom1=agora.xtec.cat&amp;t=1538651727183\" \/><\/p>\n","protected":false},"excerpt":{"rendered":"<p>L&#8217;AFA de la nostra escola \u00e9s qui organitza les diferents activitats extraescolars que es realitzen al centre. Aquest curs 2025\/26 podeu participar a:\u00a0 Escacs, Teatre, Handbol, Piscina, Angl\u00e8s, B\u00e0squet, Gimn\u00e0stica Art\u00edstica, Multiesports i patinatge! Podeu trobar tota la informaci\u00f3 a la seva p\u00e0gina web: AFA<\/p>\n","protected":false},"author":1,"featured_media":0,"parent":66,"menu_order":60,"comment_status":"closed","ping_status":"closed","template":"","meta":{"_bbp_topic_count":0,"_bbp_reply_count":0,"_bbp_total_topic_count":0,"_bbp_total_reply_count":0,"_bbp_voice_count":0,"_bbp_anonymous_reply_count":0,"_bbp_topic_count_hidden":0,"_bbp_reply_count_hidden":0,"_bbp_forum_subforum_count":0,"site-sidebar-layout":"default","site-content-layout":"","ast-site-content-layout":"default","site-content-style":"default","site-sidebar-style":"default","ast-global-header-display":"","ast-banner-title-visibility":"","ast-main-header-display":"","ast-hfb-above-header-display":"","ast-hfb-below-header-display":"","ast-hfb-mobile-header-display":"","site-post-title":"","ast-breadcrumbs-content":"","ast-featured-img":"","footer-sml-layout":"","theme-transparent-header-meta":"","adv-header-id-meta":"","stick-header-meta":"","header-above-stick-meta":"","header-main-stick-meta":"","header-below-stick-meta":"","astra-migrate-meta-layouts":"set","ast-page-background-enabled":"default","ast-page-background-meta":{"desktop":{"background-color":"var(--ast-global-color-4)","background-image":"","background-repeat":"repeat","background-position":"center center","background-size":"auto","background-attachment":"scroll","background-type":"","background-media":"","overlay-type":"","overlay-color":"","overlay-opacity":"","overlay-gradient":""},"tablet":{"background-color":"","background-image":"","background-repeat":"repeat","background-position":"center center","background-size":"auto","background-attachment":"scroll","background-type":"","background-media":"","overlay-type":"","overlay-color":"","overlay-opacity":"","overlay-gradient":""},"mobile":{"background-color":"","background-image":"","background-repeat":"repeat","background-position":"center center","background-size":"auto","background-attachment":"scroll","background-type":"","background-media":"","overlay-type":"","overlay-color":"","overlay-opacity":"","overlay-gradient":""}},"ast-content-background-meta":{"desktop":{"background-color":"var(--ast-global-color-5)","background-image":"","background-repeat":"repeat","background-position":"center center","background-size":"auto","background-attachment":"scroll","background-type":"","background-media":"","overlay-type":"","overlay-color":"","overlay-opacity":"","overlay-gradient":""},"tablet":{"background-color":"var(--ast-global-color-5)","background-image":"","background-repeat":"repeat","background-position":"center center","background-size":"auto","background-attachment":"scroll","background-type":"","background-media":"","overlay-type":"","overlay-color":"","overlay-opacity":"","overlay-gradient":""},"mobile":{"background-color":"var(--ast-global-color-5)","background-image":"","background-repeat":"repeat","background-position":"center center","background-size":"auto","background-attachment":"scroll","background-type":"","background-media":"","overlay-type":"","overlay-color":"","overlay-opacity":"","overlay-gradient":""}},"footnotes":""},"class_list":["post-84","page","type-page","status-publish","hentry"],"post_mailing_queue_ids":[],"_links":{"self":[{"href":"https:\/\/agora.xtec.cat\/escola-ginesta\/wp-json\/wp\/v2\/pages\/84","targetHints":{"allow":["GET"]}}],"collection":[{"href":"https:\/\/agora.xtec.cat\/escola-ginesta\/wp-json\/wp\/v2\/pages"}],"about":[{"href":"https:\/\/agora.xtec.cat\/escola-ginesta\/wp-json\/wp\/v2\/types\/page"}],"author":[{"embeddable":true,"href":"https:\/\/agora.xtec.cat\/escola-ginesta\/wp-json\/wp\/v2\/users\/1"}],"replies":[{"embeddable":true,"href":"https:\/\/agora.xtec.cat\/escola-ginesta\/wp-json\/wp\/v2\/comments?post=84"}],"version-history":[{"count":6,"href":"https:\/\/agora.xtec.cat\/escola-ginesta\/wp-json\/wp\/v2\/pages\/84\/revisions"}],"predecessor-version":[{"id":5875,"href":"https:\/\/agora.xtec.cat\/escola-ginesta\/wp-json\/wp\/v2\/pages\/84\/revisions\/5875"}],"up":[{"embeddable":true,"href":"https:\/\/agora.xtec.cat\/escola-ginesta\/wp-json\/wp\/v2\/pages\/66"}],"wp:attachment":[{"href":"https:\/\/agora.xtec.cat\/escola-ginesta\/wp-json\/wp\/v2\/media?parent=84"}],"curies":[{"name":"wp","href":"https:\/\/api.w.org\/{rel}","templated":true}]}}