{"id":7,"date":"2014-09-17T15:07:41","date_gmt":"2014-09-17T14:07:41","guid":{"rendered":"http:\/\/agora.xtec.cat\/escola-ginesta\/?page_id=7"},"modified":"2026-04-15T10:05:45","modified_gmt":"2026-04-15T08:05:45","slug":"pagines-dinici","status":"publish","type":"page","link":"https:\/\/agora.xtec.cat\/escola-ginesta\/","title":{"rendered":""},"content":{"rendered":"<p><a href=\"https:\/\/agora.xtec.cat\/escola-ginesta\/pagines-dinici\/attachment\/foto-agenda\/\" rel=\"attachment wp-att-5629\"><img loading=\"lazy\" decoding=\"async\" class=\" wp-image-5629 aligncenter\" src=\"https:\/\/agora.xtec.cat\/escola-ginesta\/wp-content\/uploads\/usu1910\/2025\/09\/FOTO-AGENDA-712x1024.jpg\" alt=\"\" width=\"398\" height=\"572\" srcset=\"https:\/\/agora.xtec.cat\/escola-ginesta\/wp-content\/uploads\/usu1910\/2025\/09\/FOTO-AGENDA-712x1024.jpg 712w, https:\/\/agora.xtec.cat\/escola-ginesta\/wp-content\/uploads\/usu1910\/2025\/09\/FOTO-AGENDA-209x300.jpg 209w, https:\/\/agora.xtec.cat\/escola-ginesta\/wp-content\/uploads\/usu1910\/2025\/09\/FOTO-AGENDA-768x1104.jpg 768w, https:\/\/agora.xtec.cat\/escola-ginesta\/wp-content\/uploads\/usu1910\/2025\/09\/FOTO-AGENDA-1068x1536.jpg 1068w, https:\/\/agora.xtec.cat\/escola-ginesta\/wp-content\/uploads\/usu1910\/2025\/09\/FOTO-AGENDA-1425x2048.jpg 1425w, https:\/\/agora.xtec.cat\/escola-ginesta\/wp-content\/uploads\/usu1910\/2025\/09\/FOTO-AGENDA-scaled.jpg 1781w\" sizes=\"auto, (max-width: 398px) 100vw, 398px\" \/><\/a><\/p>\n<h1 style=\"text-align: center;\"><span style=\"color: #008080;\"><em>Benvinguts i benvingudes a l&#8217;escola!<\/em><\/span><\/h1>\n<h3 style=\"text-align: center;\"><span style=\"color: #e36912;\"><em><strong>PREINSCRIPCI\u00d3 CURS 2026\/27<\/strong><\/em><\/span><\/h3>\n<p><span style=\"color: #008080;\"><em><strong>CALENDARI:<\/strong><\/em><\/span><\/p>\n<ul>\n<li><span style=\"color: #008080;\">Oferta inicial de places escolars: <strong>3 de mar\u00e7 de 2026: <em><span style=\"color: #ff6600;\"><a style=\"color: #ff6600;\" href=\"https:\/\/drive.google.com\/file\/d\/1YGDqjQBE4aVzaSgUzJsIi4O61eE-n-Bs\/view?usp=sharing\">LLISTAT<\/a><\/span><\/em><\/strong><\/span><\/li>\n<li><span style=\"color: #008080;\">Presentaci\u00f3 de sol\u00b7licituds:<strong> del 4 al 18 de mar\u00e7 de 2026<\/strong><\/span><\/li>\n<li><span style=\"color: #008080;\">Presentaci\u00f3 de documentaci\u00f3: <strong>fins al 19 de mar\u00e7 de 2026<\/strong><\/span><\/li>\n<li><span style=\"color: #008080;\">Llista de sol\u00b7licituds amb la puntuaci\u00f3 provisional: <strong>15 d&#8217;abril de 2026 <em><span style=\"color: #ff6600;\"><a style=\"color: #ff6600;\" href=\"https:\/\/drive.google.com\/file\/d\/1-eSSiJzo3eV35Uu_uEV6ZuYTTDs3LW7L\/view?usp=sharing\">LLISTAT<\/a><\/span><\/em><\/strong><\/span><\/li>\n<li><span style=\"color: #008080;\">Presentaci\u00f3 de reclamacions: <strong>del 15 al 20 d&#8217;abril de 2026<\/strong><\/span><\/li>\n<li><span style=\"color: #008080;\">Llista de sol\u00b7licituds amb la puntuaci\u00f3 un cop resoltes les reclamacions: <strong>23 d&#8217;abril de 2026<\/strong><\/span><\/li>\n<li><span style=\"color: #008080;\">Sorteig per resoldre les sol\u00b7licituds de preinscripci\u00f3 empatades en punts: <strong>28 d&#8217;abril de 2026<\/strong><\/span><\/li>\n<li><span style=\"color: #008080;\">Llista ordenada tenint en compte les puntuacions de cada sol\u00b7licitud: <strong>29 d&#8217;abril de 2026<\/strong><\/span><\/li>\n<li><span style=\"color: #008080;\">Ampliaci\u00f3 de peticions de preinscripci\u00f3 fora de termini: <strong>de l&#8217;1 al 3 de juny de 2026<\/strong><\/span><\/li>\n<li><span style=\"color: #008080;\">Oferta final de places escolars: <strong>10 de juny de 2026<\/strong><\/span><\/li>\n<li><span style=\"color: #008080;\">Llista d&#8217;alumnes admesos al centre i llista d&#8217;espera: <strong>10 de juny de 2026<\/strong><\/span><\/li>\n<li><span style=\"color: #008080;\">Matriculaci\u00f3: <strong>del 22 al 30 de juny de 2026<\/strong><\/span><\/li>\n<\/ul>\n<p><span style=\"color: #008080;\"><em>Podeu trobar m\u00e9s informaci\u00f3 clicant al seg\u00fcent enlla\u00e7: <a href=\"https:\/\/preinscripcio.gencat.cat\/ca\/estudis\/infantil-3-6\/inici\/\"><strong>Preinscripci\u00f3 escolar<\/strong><\/a><\/em><\/span><\/p>\n\n\n<p><\/p>\n","protected":false},"excerpt":{"rendered":"<p>Benvinguts i benvingudes a l&#8217;escola! PREINSCRIPCI\u00d3 CURS 2026\/27 CALENDARI: Oferta inicial de places escolars: 3 de mar\u00e7 de 2026: LLISTAT Presentaci\u00f3 de sol\u00b7licituds: del 4 al 18 de mar\u00e7 de 2026 Presentaci\u00f3 de documentaci\u00f3: fins al 19 de mar\u00e7 de 2026 Llista de sol\u00b7licituds amb la puntuaci\u00f3 provisional: 15 d&#8217;abril de 2026 LLISTAT Presentaci\u00f3 de [&hellip;]<\/p>\n","protected":false},"author":1,"featured_media":0,"parent":0,"menu_order":0,"comment_status":"closed","ping_status":"closed","template":"","meta":{"_bbp_topic_count":0,"_bbp_reply_count":0,"_bbp_total_topic_count":0,"_bbp_total_reply_count":0,"_bbp_voice_count":0,"_bbp_anonymous_reply_count":0,"_bbp_topic_count_hidden":0,"_bbp_reply_count_hidden":0,"_bbp_forum_subforum_count":0,"site-sidebar-layout":"default","site-content-layout":"","ast-site-content-layout":"default","site-content-style":"default","site-sidebar-style":"default","ast-global-header-display":"","ast-banner-title-visibility":"","ast-main-header-display":"","ast-hfb-above-header-display":"","ast-hfb-below-header-display":"","ast-hfb-mobile-header-display":"","site-post-title":"","ast-breadcrumbs-content":"","ast-featured-img":"","footer-sml-layout":"","theme-transparent-header-meta":"","adv-header-id-meta":"","stick-header-meta":"","header-above-stick-meta":"","header-main-stick-meta":"","header-below-stick-meta":"","astra-migrate-meta-layouts":"set","ast-page-background-enabled":"default","ast-page-background-meta":{"desktop":{"background-color":"var(--ast-global-color-4)","background-image":"","background-repeat":"repeat","background-position":"center center","background-size":"auto","background-attachment":"scroll","background-type":"","background-media":"","overlay-type":"","overlay-color":"","overlay-opacity":"","overlay-gradient":""},"tablet":{"background-color":"","background-image":"","background-repeat":"repeat","background-position":"center center","background-size":"auto","background-attachment":"scroll","background-type":"","background-media":"","overlay-type":"","overlay-color":"","overlay-opacity":"","overlay-gradient":""},"mobile":{"background-color":"","background-image":"","background-repeat":"repeat","background-position":"center center","background-size":"auto","background-attachment":"scroll","background-type":"","background-media":"","overlay-type":"","overlay-color":"","overlay-opacity":"","overlay-gradient":""}},"ast-content-background-meta":{"desktop":{"background-color":"var(--ast-global-color-5)","background-image":"","background-repeat":"repeat","background-position":"center center","background-size":"auto","background-attachment":"scroll","background-type":"","background-media":"","overlay-type":"","overlay-color":"","overlay-opacity":"","overlay-gradient":""},"tablet":{"background-color":"var(--ast-global-color-5)","background-image":"","background-repeat":"repeat","background-position":"center center","background-size":"auto","background-attachment":"scroll","background-type":"","background-media":"","overlay-type":"","overlay-color":"","overlay-opacity":"","overlay-gradient":""},"mobile":{"background-color":"var(--ast-global-color-5)","background-image":"","background-repeat":"repeat","background-position":"center center","background-size":"auto","background-attachment":"scroll","background-type":"","background-media":"","overlay-type":"","overlay-color":"","overlay-opacity":"","overlay-gradient":""}},"footnotes":""},"class_list":["post-7","page","type-page","status-publish","hentry"],"post_mailing_queue_ids":[],"_links":{"self":[{"href":"https:\/\/agora.xtec.cat\/escola-ginesta\/wp-json\/wp\/v2\/pages\/7","targetHints":{"allow":["GET"]}}],"collection":[{"href":"https:\/\/agora.xtec.cat\/escola-ginesta\/wp-json\/wp\/v2\/pages"}],"about":[{"href":"https:\/\/agora.xtec.cat\/escola-ginesta\/wp-json\/wp\/v2\/types\/page"}],"author":[{"embeddable":true,"href":"https:\/\/agora.xtec.cat\/escola-ginesta\/wp-json\/wp\/v2\/users\/1"}],"replies":[{"embeddable":true,"href":"https:\/\/agora.xtec.cat\/escola-ginesta\/wp-json\/wp\/v2\/comments?post=7"}],"version-history":[{"count":6,"href":"https:\/\/agora.xtec.cat\/escola-ginesta\/wp-json\/wp\/v2\/pages\/7\/revisions"}],"predecessor-version":[{"id":6500,"href":"https:\/\/agora.xtec.cat\/escola-ginesta\/wp-json\/wp\/v2\/pages\/7\/revisions\/6500"}],"wp:attachment":[{"href":"https:\/\/agora.xtec.cat\/escola-ginesta\/wp-json\/wp\/v2\/media?parent=7"}],"curies":[{"name":"wp","href":"https:\/\/api.w.org\/{rel}","templated":true}]}}