{"id":64,"date":"2014-09-18T12:39:08","date_gmt":"2014-09-18T11:39:08","guid":{"rendered":"http:\/\/agora.xtec.cat\/escola-ginesta\/?page_id=64"},"modified":"2026-02-05T11:44:34","modified_gmt":"2026-02-05T10:44:34","slug":"projecte-educatiu","status":"publish","type":"page","link":"https:\/\/agora.xtec.cat\/escola-ginesta\/projecte-educatiu\/","title":{"rendered":"Projecte educatiu"},"content":{"rendered":"<p>Som una escola p\u00fablica de tots\/es i per a tots\/es,\u00a0 creiem fermament en l\u2019educaci\u00f3 p\u00fablica i tot el que significa i implica. Creiem en la igualtat d\u2019oportunitats, l\u2019equitat i la gesti\u00f3 democr\u00e0tica. Som una escola on tothom hi t\u00e9 cabuda, sense cap tipus d\u2019excepci\u00f3 o exclusi\u00f3, on treballem per la inclusi\u00f3 i valorem molt positivament la diversitat.<\/p>\n<p>Com diu el segon punt del nostre PEC, la diversitat per nosaltres \u00e9s una fortalesa, ens enriqueix perqu\u00e8 les nostres aules, al cap i a la fi, s\u00f3n un fidel reflex de la nostra societat. Potenciem el di\u00e0leg, el respecte&#8230; ensenyant a acceptar i enriquir-se de la difer\u00e8ncia.<\/p>\n<p>L\u2019escola \u00e9s casa nostra, i com a tal ha de ser un espai respectat i estimat per tothom que en forma part, per nosaltres \u00e9s molt important treballar aquest sentiment de pertinen\u00e7a i que tota la Comunitat Educativa participi a la vida de l&#8217;escola.<\/p>\n<p>Creiem que l\u2019escola, i en particular si aquesta \u00e9s p\u00fablica, ha de treballar amb el m\u00e0xim rigor cient\u00edfic i acad\u00e8mic, defugint actituds \u201ccomplaents\u201d i esdevenir un lloc exigent i respectat, alhora que agradable i estimat. Aix\u00ed doncs, treballem per desenvolupar al m\u00e0xim el nostre curr\u00edculum tant en qualitat com en quantitat.<\/p>\n<p>Eduquem en treball individual i en el del grup, afavorint tant l\u2019autoexig\u00e8ncia personal com la interactivitat i cooperaci\u00f3 enfront els reptes de l\u2019aprenentatge.<\/p>\n<p>Promovem un medi cultural ric i adequat per ajudar als nens i les nenes a cr\u00e9ixer. Tanmateix eduquem en els valors democr\u00e0tics, de respecte i de llibertat individual, de toler\u00e0ncia i pluralisme. Entenem la coeducaci\u00f3 com alguna cosa m\u00e9s que \u201ccompartir\u201d i que aquesta implica un canvi profund d\u2019actituds per tal d\u2019arribar a una veritable igualtat d\u2019oportunitats i superar les actituds sexistes.<\/p>\n<p>Fomentem el respecte i l\u2019estimaci\u00f3 per la natura, conscienciem sobre la necessitat d\u2019un consum responsable i reciclem els materials que utilitzem. Tanmateix treballem l\u2019entorn social i natural m\u00e9s proper i afavorim la necessitat de participaci\u00f3 a la vida social i cultural de la ciutat i del pa\u00eds.<\/p>\n<p>I finalment, com hem dit a l&#8217;inici, som escola p\u00fablica i la gesti\u00f3 \u00e9s el m\u00e9s democr\u00e0tica possible. A la nostra escola tothom t\u00e9 veu, tothom t\u00e9 dret a expressar la seva opini\u00f3 i valorem molt la implicaci\u00f3 i participaci\u00f3 de tothom que forma part de l\u2019escola tot fomentant aquesta participaci\u00f3 amb reunions amb la nostra AFA, amb les fam\u00edlies delegades d\u2019aula, assemblees d&#8217;alumnat i molt m\u00e9s.<\/p>\n","protected":false},"excerpt":{"rendered":"<p>Som una escola p\u00fablica de tots\/es i per a tots\/es,\u00a0 creiem fermament en l\u2019educaci\u00f3 p\u00fablica i tot el que significa i implica. Creiem en la igualtat d\u2019oportunitats, l\u2019equitat i la gesti\u00f3 democr\u00e0tica. Som una escola on tothom hi t\u00e9 cabuda, sense cap tipus d\u2019excepci\u00f3 o exclusi\u00f3, on treballem per la inclusi\u00f3 i valorem molt positivament [&hellip;]<\/p>\n","protected":false},"author":1,"featured_media":0,"parent":0,"menu_order":0,"comment_status":"closed","ping_status":"closed","template":"","meta":{"_bbp_topic_count":0,"_bbp_reply_count":0,"_bbp_total_topic_count":0,"_bbp_total_reply_count":0,"_bbp_voice_count":0,"_bbp_anonymous_reply_count":0,"_bbp_topic_count_hidden":0,"_bbp_reply_count_hidden":0,"_bbp_forum_subforum_count":0,"site-sidebar-layout":"default","site-content-layout":"","ast-site-content-layout":"default","site-content-style":"default","site-sidebar-style":"default","ast-global-header-display":"","ast-banner-title-visibility":"","ast-main-header-display":"","ast-hfb-above-header-display":"","ast-hfb-below-header-display":"","ast-hfb-mobile-header-display":"","site-post-title":"","ast-breadcrumbs-content":"","ast-featured-img":"","footer-sml-layout":"","theme-transparent-header-meta":"","adv-header-id-meta":"","stick-header-meta":"","header-above-stick-meta":"","header-main-stick-meta":"","header-below-stick-meta":"","astra-migrate-meta-layouts":"set","ast-page-background-enabled":"default","ast-page-background-meta":{"desktop":{"background-color":"var(--ast-global-color-4)","background-image":"","background-repeat":"repeat","background-position":"center center","background-size":"auto","background-attachment":"scroll","background-type":"","background-media":"","overlay-type":"","overlay-color":"","overlay-opacity":"","overlay-gradient":""},"tablet":{"background-color":"","background-image":"","background-repeat":"repeat","background-position":"center center","background-size":"auto","background-attachment":"scroll","background-type":"","background-media":"","overlay-type":"","overlay-color":"","overlay-opacity":"","overlay-gradient":""},"mobile":{"background-color":"","background-image":"","background-repeat":"repeat","background-position":"center center","background-size":"auto","background-attachment":"scroll","background-type":"","background-media":"","overlay-type":"","overlay-color":"","overlay-opacity":"","overlay-gradient":""}},"ast-content-background-meta":{"desktop":{"background-color":"var(--ast-global-color-5)","background-image":"","background-repeat":"repeat","background-position":"center center","background-size":"auto","background-attachment":"scroll","background-type":"","background-media":"","overlay-type":"","overlay-color":"","overlay-opacity":"","overlay-gradient":""},"tablet":{"background-color":"var(--ast-global-color-5)","background-image":"","background-repeat":"repeat","background-position":"center center","background-size":"auto","background-attachment":"scroll","background-type":"","background-media":"","overlay-type":"","overlay-color":"","overlay-opacity":"","overlay-gradient":""},"mobile":{"background-color":"var(--ast-global-color-5)","background-image":"","background-repeat":"repeat","background-position":"center center","background-size":"auto","background-attachment":"scroll","background-type":"","background-media":"","overlay-type":"","overlay-color":"","overlay-opacity":"","overlay-gradient":""}},"footnotes":""},"class_list":["post-64","page","type-page","status-publish","hentry"],"post_mailing_queue_ids":[],"_links":{"self":[{"href":"https:\/\/agora.xtec.cat\/escola-ginesta\/wp-json\/wp\/v2\/pages\/64","targetHints":{"allow":["GET"]}}],"collection":[{"href":"https:\/\/agora.xtec.cat\/escola-ginesta\/wp-json\/wp\/v2\/pages"}],"about":[{"href":"https:\/\/agora.xtec.cat\/escola-ginesta\/wp-json\/wp\/v2\/types\/page"}],"author":[{"embeddable":true,"href":"https:\/\/agora.xtec.cat\/escola-ginesta\/wp-json\/wp\/v2\/users\/1"}],"replies":[{"embeddable":true,"href":"https:\/\/agora.xtec.cat\/escola-ginesta\/wp-json\/wp\/v2\/comments?post=64"}],"version-history":[{"count":6,"href":"https:\/\/agora.xtec.cat\/escola-ginesta\/wp-json\/wp\/v2\/pages\/64\/revisions"}],"predecessor-version":[{"id":6306,"href":"https:\/\/agora.xtec.cat\/escola-ginesta\/wp-json\/wp\/v2\/pages\/64\/revisions\/6306"}],"wp:attachment":[{"href":"https:\/\/agora.xtec.cat\/escola-ginesta\/wp-json\/wp\/v2\/media?parent=64"}],"curies":[{"name":"wp","href":"https:\/\/api.w.org\/{rel}","templated":true}]}}