{"id":4527,"date":"2023-04-21T12:48:19","date_gmt":"2023-04-21T10:48:19","guid":{"rendered":"https:\/\/agora.xtec.cat\/escola-ginesta\/?page_id=4527"},"modified":"2025-01-30T16:26:59","modified_gmt":"2025-01-30T15:26:59","slug":"objectius","status":"publish","type":"page","link":"https:\/\/agora.xtec.cat\/escola-ginesta\/pla-de-competencia-digital\/part-estrategica\/objectius\/","title":{"rendered":"Objectius"},"content":{"rendered":"<p dir=\"ltr\" style=\"line-height: 1.44; text-align: justify; margin-top: 6pt; margin-bottom: 10pt;\"><span style=\"font-size: 12pt; font-family: 'Open Sans',sans-serif; color: #444444; background-color: #ffffff; font-weight: 400; font-style: normal; font-variant: normal; text-decoration: none; vertical-align: baseline; white-space: pre-wrap;\">Els objectius de l\u2019Escola Ginesta, d\u2019acord amb les dades obtingudes al proc\u00e9s de diagnosi i en coher\u00e8ncia amb el Projecte Educatiu de Centre (PEC), s\u00f3n els seg\u00fcents:<\/span><\/p>\n<p>&nbsp;<\/p>\n<h1 dir=\"ltr\" style=\"line-height: 1.44; margin-top: 13pt; margin-bottom: 0pt;\" role=\"presentation\"><\/h1>\n<table>\n<tbody>\n<tr>\n<td><i><span style=\"font-weight: 400;\">1 Fomentar espais d\u2019avaluaci\u00f3 i \u00fas de la tecnologia al centre<\/span><\/i><\/td>\n<\/tr>\n<tr>\n<td><i><span style=\"font-weight: 400;\">2 Crear espais d&#8217;intercanvi de bones pr\u00e0ctiques digitals per la transformaci\u00f3 educativa per la millora de la CD del professorat<\/span><\/i><\/td>\n<\/tr>\n<tr>\n<td><i><span style=\"font-weight: 400;\">3 Definir el desplegament complet de la compet\u00e8ncia digital de l\u2019alumnat i Millorar el seguiment de la compet\u00e8ncia digital de l\u2019alumnat<\/span><\/i><\/td>\n<\/tr>\n<tr>\n<td><i><span style=\"font-weight: 400;\">4 Fomentar l\u2019\u00fas d\u2019eines digitals per l&#8217;avaluaci\u00f3 i la retroalimentaci\u00f3 de l\u2019alumnat<\/span><\/i><\/td>\n<\/tr>\n<tr>\n<td><i><span style=\"font-weight: 400;\">5 Introducci\u00f3 de la Rob\u00f2tica a Infantil i prim\u00e0ria<\/span><\/i><\/td>\n<\/tr>\n<\/tbody>\n<\/table>\n","protected":false},"excerpt":{"rendered":"<p>Els objectius de l\u2019Escola Ginesta, d\u2019acord amb les dades obtingudes al proc\u00e9s de diagnosi i en coher\u00e8ncia amb el Projecte Educatiu de Centre (PEC), s\u00f3n els seg\u00fcents: &nbsp; 1 Fomentar espais d\u2019avaluaci\u00f3 i \u00fas de la tecnologia al centre 2 Crear espais d&#8217;intercanvi de bones pr\u00e0ctiques digitals per la transformaci\u00f3 educativa per la millora de [&hellip;]<\/p>\n","protected":false},"author":3,"featured_media":0,"parent":4476,"menu_order":0,"comment_status":"closed","ping_status":"closed","template":"page-templates\/side-menu.php","meta":{"_bbp_topic_count":0,"_bbp_reply_count":0,"_bbp_total_topic_count":0,"_bbp_total_reply_count":0,"_bbp_voice_count":0,"_bbp_anonymous_reply_count":0,"_bbp_topic_count_hidden":0,"_bbp_reply_count_hidden":0,"_bbp_forum_subforum_count":0,"site-sidebar-layout":"default","site-content-layout":"","ast-site-content-layout":"","site-content-style":"default","site-sidebar-style":"default","ast-global-header-display":"","ast-banner-title-visibility":"","ast-main-header-display":"","ast-hfb-above-header-display":"","ast-hfb-below-header-display":"","ast-hfb-mobile-header-display":"","site-post-title":"","ast-breadcrumbs-content":"","ast-featured-img":"","footer-sml-layout":"","theme-transparent-header-meta":"","adv-header-id-meta":"","stick-header-meta":"","header-above-stick-meta":"","header-main-stick-meta":"","header-below-stick-meta":"","astra-migrate-meta-layouts":"default","ast-page-background-enabled":"default","ast-page-background-meta":{"desktop":{"background-color":"var(--ast-global-color-4)","background-image":"","background-repeat":"repeat","background-position":"center center","background-size":"auto","background-attachment":"scroll","background-type":"","background-media":"","overlay-type":"","overlay-color":"","overlay-opacity":"","overlay-gradient":""},"tablet":{"background-color":"","background-image":"","background-repeat":"repeat","background-position":"center center","background-size":"auto","background-attachment":"scroll","background-type":"","background-media":"","overlay-type":"","overlay-color":"","overlay-opacity":"","overlay-gradient":""},"mobile":{"background-color":"","background-image":"","background-repeat":"repeat","background-position":"center center","background-size":"auto","background-attachment":"scroll","background-type":"","background-media":"","overlay-type":"","overlay-color":"","overlay-opacity":"","overlay-gradient":""}},"ast-content-background-meta":{"desktop":{"background-color":"var(--ast-global-color-5)","background-image":"","background-repeat":"repeat","background-position":"center center","background-size":"auto","background-attachment":"scroll","background-type":"","background-media":"","overlay-type":"","overlay-color":"","overlay-opacity":"","overlay-gradient":""},"tablet":{"background-color":"var(--ast-global-color-5)","background-image":"","background-repeat":"repeat","background-position":"center center","background-size":"auto","background-attachment":"scroll","background-type":"","background-media":"","overlay-type":"","overlay-color":"","overlay-opacity":"","overlay-gradient":""},"mobile":{"background-color":"var(--ast-global-color-5)","background-image":"","background-repeat":"repeat","background-position":"center center","background-size":"auto","background-attachment":"scroll","background-type":"","background-media":"","overlay-type":"","overlay-color":"","overlay-opacity":"","overlay-gradient":""}},"footnotes":""},"class_list":["post-4527","page","type-page","status-publish","hentry"],"post_mailing_queue_ids":[],"_links":{"self":[{"href":"https:\/\/agora.xtec.cat\/escola-ginesta\/wp-json\/wp\/v2\/pages\/4527","targetHints":{"allow":["GET"]}}],"collection":[{"href":"https:\/\/agora.xtec.cat\/escola-ginesta\/wp-json\/wp\/v2\/pages"}],"about":[{"href":"https:\/\/agora.xtec.cat\/escola-ginesta\/wp-json\/wp\/v2\/types\/page"}],"author":[{"embeddable":true,"href":"https:\/\/agora.xtec.cat\/escola-ginesta\/wp-json\/wp\/v2\/users\/3"}],"replies":[{"embeddable":true,"href":"https:\/\/agora.xtec.cat\/escola-ginesta\/wp-json\/wp\/v2\/comments?post=4527"}],"version-history":[{"count":4,"href":"https:\/\/agora.xtec.cat\/escola-ginesta\/wp-json\/wp\/v2\/pages\/4527\/revisions"}],"predecessor-version":[{"id":5401,"href":"https:\/\/agora.xtec.cat\/escola-ginesta\/wp-json\/wp\/v2\/pages\/4527\/revisions\/5401"}],"up":[{"embeddable":true,"href":"https:\/\/agora.xtec.cat\/escola-ginesta\/wp-json\/wp\/v2\/pages\/4476"}],"wp:attachment":[{"href":"https:\/\/agora.xtec.cat\/escola-ginesta\/wp-json\/wp\/v2\/media?parent=4527"}],"curies":[{"name":"wp","href":"https:\/\/api.w.org\/{rel}","templated":true}]}}