{"id":4476,"date":"2023-03-29T12:55:31","date_gmt":"2023-03-29T10:55:31","guid":{"rendered":"https:\/\/agora.xtec.cat\/escola-ginesta\/?page_id=4476"},"modified":"2023-05-22T16:28:58","modified_gmt":"2023-05-22T14:28:58","slug":"part-estrategica","status":"publish","type":"page","link":"https:\/\/agora.xtec.cat\/escola-ginesta\/pla-de-competencia-digital\/part-estrategica\/","title":{"rendered":"Part Estrat\u00e8gica"},"content":{"rendered":"<p><span style=\"font-weight: 400;\">L\u2019<\/span><b>Estrat\u00e8gia Digital de Centre<\/b><span style=\"font-weight: 400;\"> (EDC) de l&#8217;Escola Ginesta<\/span><b>\u00a0<\/b><span style=\"font-weight: 400;\">\u00e9s un document viu i obert que recull totes les accions que es realitzen en el centre, i les que es realitzaran a mitj\u00e0 termini, per aconseguir la m\u00e0xima compet\u00e8ncia digital de l\u2019alumnat, del professorat i del centre educatiu. Per assolir aquesta compet\u00e8ncia digital, l\u2019EDC t\u00e9 com a referent el Pla d\u2019educaci\u00f3 digital de Catalunya (PEDC) i compr\u00e8n tots els \u00e0mbits del centre: organitzatius, metodol\u00f2gics, curriculars i comunicatius, els quals s\u2019han de veure necess\u00e0riament implicats i, si escau, transformats, des d\u2019una perspectiva d\u2019innovaci\u00f3 i de millora cont\u00ednua.<\/span><\/p>\n<p><span style=\"font-weight: 400;\">Seguint les indicacions del document on es defineix l\u2019EDC, s\u2019ha estructurat aquesta part en 4 fases que es presenten a continuaci\u00f3. Per poder consultar-les seleccioneu la fase que voleu veure:<\/span><\/p>\n<table style=\"border-collapse: collapse; width: 100%;\">\n<tbody>\n<tr>\n<td style=\"width: 25%; border-style: hidden;\"><a href=\"https:\/\/agora.xtec.cat\/escola-ginesta\/pla-de-competencia-digital\/part-estrategica\/diagnosi\/\"><img loading=\"lazy\" decoding=\"async\" class=\"alignnone size-medium wp-image-4497\" src=\"https:\/\/agora.xtec.cat\/escola-ginesta\/wp-content\/uploads\/usu1910\/2023\/03\/DIAGNOSI-300x169.jpg\" alt=\"\" width=\"300\" height=\"169\" srcset=\"https:\/\/agora.xtec.cat\/escola-ginesta\/wp-content\/uploads\/usu1910\/2023\/03\/DIAGNOSI-300x169.jpg 300w, https:\/\/agora.xtec.cat\/escola-ginesta\/wp-content\/uploads\/usu1910\/2023\/03\/DIAGNOSI-1024x576.jpg 1024w, https:\/\/agora.xtec.cat\/escola-ginesta\/wp-content\/uploads\/usu1910\/2023\/03\/DIAGNOSI-768x432.jpg 768w, https:\/\/agora.xtec.cat\/escola-ginesta\/wp-content\/uploads\/usu1910\/2023\/03\/DIAGNOSI-1536x864.jpg 1536w, https:\/\/agora.xtec.cat\/escola-ginesta\/wp-content\/uploads\/usu1910\/2023\/03\/DIAGNOSI.jpg 1920w\" sizes=\"auto, (max-width: 300px) 100vw, 300px\" \/><\/a><\/td>\n<td style=\"width: 25%; border-style: hidden;\"><a href=\"https:\/\/agora.xtec.cat\/escola-ginesta\/pla-de-competencia-digital\/part-estrategica\/objectius\/\"><img loading=\"lazy\" decoding=\"async\" class=\"alignnone size-medium wp-image-4498\" src=\"https:\/\/agora.xtec.cat\/escola-ginesta\/wp-content\/uploads\/usu1910\/2023\/03\/OBJECTIUS-300x169.jpg\" alt=\"\" width=\"300\" height=\"169\" srcset=\"https:\/\/agora.xtec.cat\/escola-ginesta\/wp-content\/uploads\/usu1910\/2023\/03\/OBJECTIUS-300x169.jpg 300w, https:\/\/agora.xtec.cat\/escola-ginesta\/wp-content\/uploads\/usu1910\/2023\/03\/OBJECTIUS-1024x576.jpg 1024w, https:\/\/agora.xtec.cat\/escola-ginesta\/wp-content\/uploads\/usu1910\/2023\/03\/OBJECTIUS-768x432.jpg 768w, https:\/\/agora.xtec.cat\/escola-ginesta\/wp-content\/uploads\/usu1910\/2023\/03\/OBJECTIUS-1536x864.jpg 1536w, https:\/\/agora.xtec.cat\/escola-ginesta\/wp-content\/uploads\/usu1910\/2023\/03\/OBJECTIUS.jpg 1920w\" sizes=\"auto, (max-width: 300px) 100vw, 300px\" \/><\/a><\/td>\n<td style=\"width: 25%; border-style: hidden;\"><a href=\"https:\/\/agora.xtec.cat\/escola-ginesta\/pla-de-competencia-digital\/part-estrategica\/planificacio-i-seguiment\/\"><img loading=\"lazy\" decoding=\"async\" class=\"alignnone size-medium wp-image-4499\" src=\"https:\/\/agora.xtec.cat\/escola-ginesta\/wp-content\/uploads\/usu1910\/2023\/03\/PLANIFICACIO-I-SEGUIEMENT-300x169.jpg\" alt=\"\" width=\"300\" height=\"169\" srcset=\"https:\/\/agora.xtec.cat\/escola-ginesta\/wp-content\/uploads\/usu1910\/2023\/03\/PLANIFICACIO-I-SEGUIEMENT-300x169.jpg 300w, https:\/\/agora.xtec.cat\/escola-ginesta\/wp-content\/uploads\/usu1910\/2023\/03\/PLANIFICACIO-I-SEGUIEMENT-1024x576.jpg 1024w, https:\/\/agora.xtec.cat\/escola-ginesta\/wp-content\/uploads\/usu1910\/2023\/03\/PLANIFICACIO-I-SEGUIEMENT-768x432.jpg 768w, https:\/\/agora.xtec.cat\/escola-ginesta\/wp-content\/uploads\/usu1910\/2023\/03\/PLANIFICACIO-I-SEGUIEMENT-1536x864.jpg 1536w, https:\/\/agora.xtec.cat\/escola-ginesta\/wp-content\/uploads\/usu1910\/2023\/03\/PLANIFICACIO-I-SEGUIEMENT.jpg 1920w\" sizes=\"auto, (max-width: 300px) 100vw, 300px\" \/><\/a><\/td>\n<td style=\"width: 25%; border-style: hidden;\"><a href=\"https:\/\/agora.xtec.cat\/escola-ginesta\/pla-de-competencia-digital\/part-estrategica\/avaluacio\/\"><img loading=\"lazy\" decoding=\"async\" class=\"alignnone size-medium wp-image-4500\" src=\"https:\/\/agora.xtec.cat\/escola-ginesta\/wp-content\/uploads\/usu1910\/2023\/03\/AVALUACIO-300x169.jpg\" alt=\"\" width=\"300\" height=\"169\" srcset=\"https:\/\/agora.xtec.cat\/escola-ginesta\/wp-content\/uploads\/usu1910\/2023\/03\/AVALUACIO-300x169.jpg 300w, https:\/\/agora.xtec.cat\/escola-ginesta\/wp-content\/uploads\/usu1910\/2023\/03\/AVALUACIO-1024x576.jpg 1024w, https:\/\/agora.xtec.cat\/escola-ginesta\/wp-content\/uploads\/usu1910\/2023\/03\/AVALUACIO-768x432.jpg 768w, https:\/\/agora.xtec.cat\/escola-ginesta\/wp-content\/uploads\/usu1910\/2023\/03\/AVALUACIO-1536x864.jpg 1536w, https:\/\/agora.xtec.cat\/escola-ginesta\/wp-content\/uploads\/usu1910\/2023\/03\/AVALUACIO.jpg 1920w\" sizes=\"auto, (max-width: 300px) 100vw, 300px\" \/><\/a><\/td>\n<\/tr>\n<\/tbody>\n<\/table>\n","protected":false},"excerpt":{"rendered":"<p>L\u2019Estrat\u00e8gia Digital de Centre (EDC) de l&#8217;Escola Ginesta\u00a0\u00e9s un document viu i obert que recull totes les accions que es realitzen en el centre, i les que es realitzaran a mitj\u00e0 termini, per aconseguir la m\u00e0xima compet\u00e8ncia digital de l\u2019alumnat, del professorat i del centre educatiu. Per assolir aquesta compet\u00e8ncia digital, l\u2019EDC t\u00e9 com a [&hellip;]<\/p>\n","protected":false},"author":3,"featured_media":0,"parent":4409,"menu_order":0,"comment_status":"closed","ping_status":"closed","template":"page-templates\/side-menu.php","meta":{"_bbp_topic_count":0,"_bbp_reply_count":0,"_bbp_total_topic_count":0,"_bbp_total_reply_count":0,"_bbp_voice_count":0,"_bbp_anonymous_reply_count":0,"_bbp_topic_count_hidden":0,"_bbp_reply_count_hidden":0,"_bbp_forum_subforum_count":0,"site-sidebar-layout":"default","site-content-layout":"","ast-site-content-layout":"","site-content-style":"default","site-sidebar-style":"default","ast-global-header-display":"","ast-banner-title-visibility":"","ast-main-header-display":"","ast-hfb-above-header-display":"","ast-hfb-below-header-display":"","ast-hfb-mobile-header-display":"","site-post-title":"","ast-breadcrumbs-content":"","ast-featured-img":"","footer-sml-layout":"","theme-transparent-header-meta":"","adv-header-id-meta":"","stick-header-meta":"","header-above-stick-meta":"","header-main-stick-meta":"","header-below-stick-meta":"","astra-migrate-meta-layouts":"default","ast-page-background-enabled":"default","ast-page-background-meta":{"desktop":{"background-color":"var(--ast-global-color-4)","background-image":"","background-repeat":"repeat","background-position":"center center","background-size":"auto","background-attachment":"scroll","background-type":"","background-media":"","overlay-type":"","overlay-color":"","overlay-opacity":"","overlay-gradient":""},"tablet":{"background-color":"","background-image":"","background-repeat":"repeat","background-position":"center center","background-size":"auto","background-attachment":"scroll","background-type":"","background-media":"","overlay-type":"","overlay-color":"","overlay-opacity":"","overlay-gradient":""},"mobile":{"background-color":"","background-image":"","background-repeat":"repeat","background-position":"center center","background-size":"auto","background-attachment":"scroll","background-type":"","background-media":"","overlay-type":"","overlay-color":"","overlay-opacity":"","overlay-gradient":""}},"ast-content-background-meta":{"desktop":{"background-color":"var(--ast-global-color-5)","background-image":"","background-repeat":"repeat","background-position":"center center","background-size":"auto","background-attachment":"scroll","background-type":"","background-media":"","overlay-type":"","overlay-color":"","overlay-opacity":"","overlay-gradient":""},"tablet":{"background-color":"var(--ast-global-color-5)","background-image":"","background-repeat":"repeat","background-position":"center center","background-size":"auto","background-attachment":"scroll","background-type":"","background-media":"","overlay-type":"","overlay-color":"","overlay-opacity":"","overlay-gradient":""},"mobile":{"background-color":"var(--ast-global-color-5)","background-image":"","background-repeat":"repeat","background-position":"center center","background-size":"auto","background-attachment":"scroll","background-type":"","background-media":"","overlay-type":"","overlay-color":"","overlay-opacity":"","overlay-gradient":""}},"footnotes":""},"class_list":["post-4476","page","type-page","status-publish","hentry"],"post_mailing_queue_ids":[],"_links":{"self":[{"href":"https:\/\/agora.xtec.cat\/escola-ginesta\/wp-json\/wp\/v2\/pages\/4476","targetHints":{"allow":["GET"]}}],"collection":[{"href":"https:\/\/agora.xtec.cat\/escola-ginesta\/wp-json\/wp\/v2\/pages"}],"about":[{"href":"https:\/\/agora.xtec.cat\/escola-ginesta\/wp-json\/wp\/v2\/types\/page"}],"author":[{"embeddable":true,"href":"https:\/\/agora.xtec.cat\/escola-ginesta\/wp-json\/wp\/v2\/users\/3"}],"replies":[{"embeddable":true,"href":"https:\/\/agora.xtec.cat\/escola-ginesta\/wp-json\/wp\/v2\/comments?post=4476"}],"version-history":[{"count":3,"href":"https:\/\/agora.xtec.cat\/escola-ginesta\/wp-json\/wp\/v2\/pages\/4476\/revisions"}],"predecessor-version":[{"id":4605,"href":"https:\/\/agora.xtec.cat\/escola-ginesta\/wp-json\/wp\/v2\/pages\/4476\/revisions\/4605"}],"up":[{"embeddable":true,"href":"https:\/\/agora.xtec.cat\/escola-ginesta\/wp-json\/wp\/v2\/pages\/4409"}],"wp:attachment":[{"href":"https:\/\/agora.xtec.cat\/escola-ginesta\/wp-json\/wp\/v2\/media?parent=4476"}],"curies":[{"name":"wp","href":"https:\/\/api.w.org\/{rel}","templated":true}]}}