{"id":4409,"date":"2023-03-02T16:15:38","date_gmt":"2023-03-02T15:15:38","guid":{"rendered":"https:\/\/agora.xtec.cat\/escola-ginesta\/?page_id=4409"},"modified":"2023-05-22T16:29:43","modified_gmt":"2023-05-22T14:29:43","slug":"pla-de-competencia-digital","status":"publish","type":"page","link":"https:\/\/agora.xtec.cat\/escola-ginesta\/pla-de-competencia-digital\/","title":{"rendered":"Estrat\u00e8gia Digital de Centre"},"content":{"rendered":"<p style=\"text-align: justify;\"><span style=\"font-weight: 400;\">L&#8217;escola Ginesta disposa d&#8217;una comissi\u00f3 d&#8217;estrat\u00e8gia Digital en la qual\u00a0 s\u2019ha realitzat una diagnosi tenint en compte: la visi\u00f3 del centre en l\u2019\u00e0mbit digital, els objectius del PEC i del PdD, sense perdre de vista els objectius del <\/span><a href=\"https:\/\/educacio.gencat.cat\/web\/.content\/home\/departament\/publicacions\/colleccions\/pla-educacio-digital\/pla-educacio-digital-catalunya\/pla-educacio-digital.pdf\"><span style=\"font-weight: 400;\">PEDC<\/span><\/a><span style=\"font-weight: 400;\">. La comissi\u00f3 digital ha fet una selecci\u00f3 d\u2019objectius prioritaris per avan\u00e7ar i millorar la compet\u00e8ncia digital del centre. Per cada objectiu plantejat, s\u2019han dissenyat activitats que permeten el seu assoliment amb els seus corresponents indicadors d\u2019impacte.<\/span><\/p>\n<p style=\"text-align: justify;\">Per tal de con\u00e8ixer l\u2019estrat\u00e8gia digital del centre podeu consultar els apartats: l\u2019estrat\u00e8gia digital i la cultura digital del centre.<\/p>\n<table style=\"border-collapse: collapse; width: 100%;\">\n<tbody>\n<tr>\n<td style=\"width: 50%; border-style: hidden;\"><a href=\"https:\/\/agora.xtec.cat\/escola-ginesta\/pla-de-competencia-digital\/part-estrategica\/\"><img loading=\"lazy\" decoding=\"async\" class=\"alignnone wp-image-4490\" src=\"https:\/\/agora.xtec.cat\/escola-ginesta\/wp-content\/uploads\/usu1910\/2023\/03\/PART-ESTRATEGICA-300x169.png\" alt=\"\" width=\"366\" height=\"206\" srcset=\"https:\/\/agora.xtec.cat\/escola-ginesta\/wp-content\/uploads\/usu1910\/2023\/03\/PART-ESTRATEGICA-300x169.png 300w, https:\/\/agora.xtec.cat\/escola-ginesta\/wp-content\/uploads\/usu1910\/2023\/03\/PART-ESTRATEGICA-1024x576.png 1024w, https:\/\/agora.xtec.cat\/escola-ginesta\/wp-content\/uploads\/usu1910\/2023\/03\/PART-ESTRATEGICA-768x432.png 768w, https:\/\/agora.xtec.cat\/escola-ginesta\/wp-content\/uploads\/usu1910\/2023\/03\/PART-ESTRATEGICA-1536x864.png 1536w, https:\/\/agora.xtec.cat\/escola-ginesta\/wp-content\/uploads\/usu1910\/2023\/03\/PART-ESTRATEGICA.png 1920w\" sizes=\"auto, (max-width: 366px) 100vw, 366px\" \/><\/a><\/td>\n<td style=\"width: 50%; border-style: hidden;\"><a href=\"https:\/\/agora.xtec.cat\/escola-ginesta\/pla-de-competencia-digital\/cultura-digital\/\"><img loading=\"lazy\" decoding=\"async\" class=\"alignnone wp-image-4492\" src=\"https:\/\/agora.xtec.cat\/escola-ginesta\/wp-content\/uploads\/usu1910\/2023\/03\/PART-ESTRATEGICA-300x169.jpg\" alt=\"\" width=\"339\" height=\"190\" srcset=\"https:\/\/agora.xtec.cat\/escola-ginesta\/wp-content\/uploads\/usu1910\/2023\/03\/PART-ESTRATEGICA-300x169.jpg 300w, https:\/\/agora.xtec.cat\/escola-ginesta\/wp-content\/uploads\/usu1910\/2023\/03\/PART-ESTRATEGICA-1024x576.jpg 1024w, https:\/\/agora.xtec.cat\/escola-ginesta\/wp-content\/uploads\/usu1910\/2023\/03\/PART-ESTRATEGICA-768x432.jpg 768w, https:\/\/agora.xtec.cat\/escola-ginesta\/wp-content\/uploads\/usu1910\/2023\/03\/PART-ESTRATEGICA-1536x864.jpg 1536w, https:\/\/agora.xtec.cat\/escola-ginesta\/wp-content\/uploads\/usu1910\/2023\/03\/PART-ESTRATEGICA.jpg 1920w\" sizes=\"auto, (max-width: 339px) 100vw, 339px\" \/><\/a><\/td>\n<\/tr>\n<\/tbody>\n<\/table>\n","protected":false},"excerpt":{"rendered":"<p>L&#8217;escola Ginesta disposa d&#8217;una comissi\u00f3 d&#8217;estrat\u00e8gia Digital en la qual\u00a0 s\u2019ha realitzat una diagnosi tenint en compte: la visi\u00f3 del centre en l\u2019\u00e0mbit digital, els objectius del PEC i del PdD, sense perdre de vista els objectius del PEDC. La comissi\u00f3 digital ha fet una selecci\u00f3 d\u2019objectius prioritaris per avan\u00e7ar i millorar la compet\u00e8ncia digital [&hellip;]<\/p>\n","protected":false},"author":3,"featured_media":0,"parent":0,"menu_order":1,"comment_status":"closed","ping_status":"closed","template":"page-templates\/side-menu.php","meta":{"_bbp_topic_count":0,"_bbp_reply_count":0,"_bbp_total_topic_count":0,"_bbp_total_reply_count":0,"_bbp_voice_count":0,"_bbp_anonymous_reply_count":0,"_bbp_topic_count_hidden":0,"_bbp_reply_count_hidden":0,"_bbp_forum_subforum_count":0,"site-sidebar-layout":"default","site-content-layout":"","ast-site-content-layout":"","site-content-style":"default","site-sidebar-style":"default","ast-global-header-display":"","ast-banner-title-visibility":"","ast-main-header-display":"","ast-hfb-above-header-display":"","ast-hfb-below-header-display":"","ast-hfb-mobile-header-display":"","site-post-title":"","ast-breadcrumbs-content":"","ast-featured-img":"","footer-sml-layout":"","theme-transparent-header-meta":"","adv-header-id-meta":"","stick-header-meta":"","header-above-stick-meta":"","header-main-stick-meta":"","header-below-stick-meta":"","astra-migrate-meta-layouts":"default","ast-page-background-enabled":"default","ast-page-background-meta":{"desktop":{"background-color":"var(--ast-global-color-4)","background-image":"","background-repeat":"repeat","background-position":"center center","background-size":"auto","background-attachment":"scroll","background-type":"","background-media":"","overlay-type":"","overlay-color":"","overlay-opacity":"","overlay-gradient":""},"tablet":{"background-color":"","background-image":"","background-repeat":"repeat","background-position":"center center","background-size":"auto","background-attachment":"scroll","background-type":"","background-media":"","overlay-type":"","overlay-color":"","overlay-opacity":"","overlay-gradient":""},"mobile":{"background-color":"","background-image":"","background-repeat":"repeat","background-position":"center center","background-size":"auto","background-attachment":"scroll","background-type":"","background-media":"","overlay-type":"","overlay-color":"","overlay-opacity":"","overlay-gradient":""}},"ast-content-background-meta":{"desktop":{"background-color":"var(--ast-global-color-5)","background-image":"","background-repeat":"repeat","background-position":"center center","background-size":"auto","background-attachment":"scroll","background-type":"","background-media":"","overlay-type":"","overlay-color":"","overlay-opacity":"","overlay-gradient":""},"tablet":{"background-color":"var(--ast-global-color-5)","background-image":"","background-repeat":"repeat","background-position":"center center","background-size":"auto","background-attachment":"scroll","background-type":"","background-media":"","overlay-type":"","overlay-color":"","overlay-opacity":"","overlay-gradient":""},"mobile":{"background-color":"var(--ast-global-color-5)","background-image":"","background-repeat":"repeat","background-position":"center center","background-size":"auto","background-attachment":"scroll","background-type":"","background-media":"","overlay-type":"","overlay-color":"","overlay-opacity":"","overlay-gradient":""}},"footnotes":""},"class_list":["post-4409","page","type-page","status-publish","hentry"],"post_mailing_queue_ids":[],"_links":{"self":[{"href":"https:\/\/agora.xtec.cat\/escola-ginesta\/wp-json\/wp\/v2\/pages\/4409","targetHints":{"allow":["GET"]}}],"collection":[{"href":"https:\/\/agora.xtec.cat\/escola-ginesta\/wp-json\/wp\/v2\/pages"}],"about":[{"href":"https:\/\/agora.xtec.cat\/escola-ginesta\/wp-json\/wp\/v2\/types\/page"}],"author":[{"embeddable":true,"href":"https:\/\/agora.xtec.cat\/escola-ginesta\/wp-json\/wp\/v2\/users\/3"}],"replies":[{"embeddable":true,"href":"https:\/\/agora.xtec.cat\/escola-ginesta\/wp-json\/wp\/v2\/comments?post=4409"}],"version-history":[{"count":3,"href":"https:\/\/agora.xtec.cat\/escola-ginesta\/wp-json\/wp\/v2\/pages\/4409\/revisions"}],"predecessor-version":[{"id":4606,"href":"https:\/\/agora.xtec.cat\/escola-ginesta\/wp-json\/wp\/v2\/pages\/4409\/revisions\/4606"}],"wp:attachment":[{"href":"https:\/\/agora.xtec.cat\/escola-ginesta\/wp-json\/wp\/v2\/media?parent=4409"}],"curies":[{"name":"wp","href":"https:\/\/api.w.org\/{rel}","templated":true}]}}