{"id":28,"date":"2014-09-18T12:29:35","date_gmt":"2014-09-18T11:29:35","guid":{"rendered":"http:\/\/agora.xtec.cat\/escola-ginesta\/?page_id=28"},"modified":"2025-11-25T14:45:02","modified_gmt":"2025-11-25T13:45:02","slug":"consell-escolar","status":"publish","type":"page","link":"https:\/\/agora.xtec.cat\/escola-ginesta\/lescola\/consell-escolar\/","title":{"rendered":"Consell escolar"},"content":{"rendered":"<table style=\"width: 58.3181%; height: 560px;\" border=\"0\" cellspacing=\"0\">\n<tbody>\n<tr style=\"height: 33px;\">\n<td style=\"height: 33px; width: 47.8261%;\"><span style=\"color: #008080;\">Jaime Hidalgo Castro<\/span><\/td>\n<td style=\"height: 33px; width: 89.995%;\"><span style=\"color: #008080; font-family: arial, sans-serif;\">\u00a0President (Director del centre)<\/span><\/td>\n<\/tr>\n<tr style=\"height: 33px;\">\n<td style=\"height: 33px; width: 47.8261%;\"><span style=\"color: #008080; font-family: arial, sans-serif;\"><span lang=\"CA\">Cristina Le\u00f3n Balaguer<\/span><\/span><\/td>\n<td style=\"height: 33px; width: 89.995%;\"><span style=\"font-family: arial, sans-serif; color: #008080;\">\u00a0Cap d&#8217;estudis<\/span><\/td>\n<\/tr>\n<tr style=\"height: 48px;\">\n<td style=\"height: 34px; width: 47.8261%;\"><span style=\"color: #008080; font-family: arial, sans-serif;\"><span lang=\"CA\">Alfredo Villa Celdr\u00e1n<\/span><\/span><\/td>\n<td style=\"height: 34px; width: 89.995%;\"><span style=\"color: #008080;\"><span style=\"font-family: arial, sans-serif;\">\u00a0<\/span><span lang=\"CA\"><span style=\"font-family: arial, sans-serif;\">Representant Ajuntament<\/span><\/span><\/span><\/td>\n<\/tr>\n<tr style=\"height: 33px;\">\n<td style=\"height: 33px; width: 47.8261%;\"><span style=\"font-family: arial, sans-serif; color: #008080;\"><span lang=\"CA\">Sara Gargallo Otero<br \/>\n<\/span><\/span><\/td>\n<td style=\"height: 33px; width: 89.995%;\"><span style=\"font-family: arial, sans-serif; color: #008080;\">\u00a0<span lang=\"CA\">Representant sector mestres<\/span><\/span><\/td>\n<\/tr>\n<tr style=\"height: 33px;\">\n<td style=\"height: 33px; width: 47.8261%;\"><span style=\"color: #008080;\">Sandra Ferrero Alegre<\/span><\/td>\n<td style=\"height: 33px; width: 89.995%;\"><span style=\"font-family: arial, sans-serif; color: #008080;\">\u00a0<span lang=\"CA\">Representant sector mestres\u00a0<\/span><\/span><\/td>\n<\/tr>\n<tr style=\"height: 33px;\">\n<td style=\"height: 33px; width: 47.8261%;\"><span style=\"color: #008080; font-family: arial, sans-serif;\">Gemma Coello Delgado<b><br \/>\n<\/b><\/span><\/td>\n<td style=\"height: 33px; width: 89.995%;\"><span style=\"font-family: arial, sans-serif; color: #008080;\">\u00a0<span lang=\"CA\">Representant sector mestres\u00a0<\/span><\/span><\/td>\n<\/tr>\n<tr style=\"height: 33px;\">\n<td style=\"height: 33px; width: 47.8261%;\"><span style=\"font-family: arial, sans-serif; color: #008080;\"><span lang=\"CA\">Sara Serra Chord\u00e1<b><br \/>\n<\/b><\/span><\/span><\/td>\n<td style=\"height: 33px; width: 89.995%;\"><span style=\"font-family: arial, sans-serif; color: #008080;\">\u00a0<span lang=\"CA\">Representant sector mestres\u00a0<\/span><\/span><\/td>\n<\/tr>\n<tr style=\"height: 33px;\">\n<td style=\"height: 33px; width: 47.8261%;\"><span style=\"font-family: arial, sans-serif; color: #008080;\"><span lang=\"CA\">Gemma Jorquera Vinyals<b><br \/>\n<\/b><\/span><\/span><\/td>\n<td style=\"height: 33px; width: 89.995%;\"><span style=\"font-family: arial, sans-serif; color: #008080;\">\u00a0<span lang=\"CA\">Representant sector mestres\u00a0<\/span><\/span><\/td>\n<\/tr>\n<tr style=\"height: 33px;\">\n<td style=\"height: 33px; width: 47.8261%;\"><span style=\"font-family: arial, sans-serif; color: #008080;\"><span lang=\"CA\">M\u00aa Josefa Bricio Bayona<\/span><\/span><\/td>\n<td style=\"height: 33px; width: 89.995%;\"><span style=\"font-family: arial, sans-serif; color: #008080;\">\u00a0<span lang=\"CA\">Representant sector mestres\u00a0<\/span><\/span><\/td>\n<\/tr>\n<tr style=\"height: 31px;\">\n<td style=\"height: 31px; width: 47.8261%;\"><span style=\"font-family: arial, sans-serif; color: #008080;\"><span lang=\"CA\">M\u00aa Jos\u00e9 Alberich Gonz\u00e1lez<\/span><\/span><\/td>\n<td style=\"height: 31px; width: 89.995%;\"><span style=\"font-family: arial, sans-serif; color: #008080;\">\u00a0<span lang=\"CA\">Representant sector fam\u00edlies<\/span><\/span><\/td>\n<\/tr>\n<tr style=\"height: 33px;\">\n<td style=\"height: 33px; width: 47.8261%;\"><span style=\"font-family: arial, sans-serif; color: #008080;\"><span lang=\"CA\">Joan Sol\u00e9 Mart\u00edn<br \/>\n<\/span><\/span><\/td>\n<td style=\"height: 33px; width: 89.995%;\"><span style=\"font-family: arial, sans-serif; color: #008080;\">\u00a0<span lang=\"CA\">Representant sector fam\u00edlies<br \/>\n<\/span><\/span><\/td>\n<\/tr>\n<tr style=\"height: 33px;\">\n<td style=\"height: 33px; width: 47.8261%;\"><span style=\"font-family: arial, sans-serif; color: #008080;\"><span lang=\"CA\">Goretti Guzm\u00e1n Sol\u00e0<br \/>\n<\/span><\/span><\/td>\n<td style=\"height: 33px; width: 89.995%;\"><span style=\"font-family: arial, sans-serif; color: #008080;\">\u00a0<span lang=\"CA\">Representant sector fam\u00edlies<\/span><\/span><\/td>\n<\/tr>\n<tr style=\"height: 33px;\">\n<td style=\"height: 33px; width: 47.8261%;\"><span style=\"font-family: arial, sans-serif; color: #008080;\"><span lang=\"CA\">Aina Jara M\u00ednguez<\/span><\/span><\/td>\n<td style=\"height: 33px; width: 89.995%;\"><span style=\"font-family: arial, sans-serif; color: #008080;\">\u00a0<span lang=\"CA\">Representant sector fam\u00edlies<\/span><\/span><\/td>\n<\/tr>\n<tr style=\"height: 33px;\">\n<td style=\"height: 33px; width: 47.8261%;\"><span style=\"font-family: arial, sans-serif; color: #008080;\"><span lang=\"CA\">Beatriz Molinuevo Alonso<\/span><\/span><\/td>\n<td style=\"height: 33px; width: 89.995%;\"><span style=\"font-family: arial, sans-serif; color: #008080;\">\u00a0<span lang=\"CA\">Representant sector fam\u00edlies<br \/>\n<\/span><\/span><\/td>\n<\/tr>\n<tr style=\"height: 33px;\">\n<td style=\"height: 33px; width: 47.8261%;\"><span style=\"font-family: arial, sans-serif; color: #008080;\"><span lang=\"CA\">Neus Vidal Oliveras<\/span><\/span><\/td>\n<td style=\"height: 33px; width: 89.995%;\"><span style=\"font-family: arial, sans-serif; color: #008080;\">\u00a0<span lang=\"CA\">Representant AFA<\/span><\/span><\/td>\n<\/tr>\n<tr style=\"height: 33px;\">\n<td style=\"height: 33px; width: 47.8261%;\"><span style=\"font-family: arial, sans-serif; color: #008080;\"><span lang=\"CA\">Marta Arman Tripiana<br \/>\n<\/span><\/span><\/td>\n<td style=\"height: 33px; width: 89.995%;\"><span style=\"font-family: arial, sans-serif; color: #008080;\">\u00a0<span lang=\"CA\">Representant sector PAS<\/span><\/span><\/td>\n<\/tr>\n<tr style=\"height: 33px;\">\n<td style=\"height: 33px; width: 47.8261%;\"><span style=\"font-family: arial, sans-serif; color: #008080;\"><span lang=\"CA\">Eva Larroya Gordo<\/span><\/span><\/td>\n<td style=\"height: 33px; width: 89.995%;\"><span style=\"font-family: arial, sans-serif; color: #008080;\">\u00a0Secret\u00e0ria<\/span><\/td>\n<\/tr>\n<\/tbody>\n<\/table>\n<p><span style=\"color: #008080;\"><strong>Qu\u00e8 \u00e9s?<\/strong><\/span><\/p>\n<p><span style=\"color: #008080;\">El consell escolar \u00e9s l\u2019\u00f2rgan de participaci\u00f3 dels diferents sectors de la comunitat educativa en el govern dels centres.<\/span><\/p>\n<p><span style=\"color: #008080;\"><strong>Qui en forma part?<\/strong><\/span><\/p>\n<p><span style=\"color: #008080;\">A la nostra escola el Consell Escolar est\u00e0 format per 17 membres i t\u00e9 la seg\u00fcent estructura:<\/span><\/p>\n<table width=\"584\">\n<tbody>\n<tr>\n<td style=\"text-align: center;\" width=\"206\"><span style=\"color: #008080;\"><strong>MEMBRES FIXES<\/strong><\/span><\/td>\n<td style=\"text-align: center;\" width=\"189\"><span style=\"color: #008080;\"><strong>SECTOR FAM\u00cdLIES<\/strong><\/span><\/td>\n<td style=\"text-align: center;\" width=\"189\"><span style=\"color: #008080;\"><strong>SECTOR DOCENTS<\/strong><\/span><\/td>\n<\/tr>\n<tr>\n<td width=\"206\"><span style=\"color: #008080;\">1 representant de l\u2019ajuntament<\/span><span style=\"color: #008080;\">1 membre del sector PAS (Personal d\u2019Administraci\u00f3 i Serveis)<\/span><span style=\"color: #008080;\">Cap d\u2019estudis<\/span><\/p>\n<p><span style=\"color: #008080;\">Secret\u00e0ria<\/span><\/p>\n<p><span style=\"color: #008080;\">Director<\/span><\/td>\n<td width=\"189\"><span style=\"color: #008080;\">1 representant de l\u2019AFA<\/span><\/p>\n<p><span style=\"color: #008080;\">5 pares \/ mares triats per la resta de fam\u00edlies mitjan\u00e7ant votacions.<\/span><\/td>\n<td width=\"189\"><span style=\"color: #008080;\">6 mestres del claustre triats per votaci\u00f3.<\/span><\/td>\n<\/tr>\n<\/tbody>\n<\/table>\n<p><span style=\"color: #008080;\"><strong>Cada quan es reuneix?<\/strong><\/span><\/p>\n<p><span style=\"color: #008080;\">El consell escolar del centre es reuneix preceptivament una vegada al trimestre i sempre que el convoqui el director del centre o ho sol\u00b7liciti al menys un ter\u00e7 de les seves persones membres. A m\u00e9s s\u2019ha de fer una reuni\u00f3 a principi de curs i una altra a la seva finalitzaci\u00f3.<\/span><\/p>\n<p><span style=\"color: #008080;\"><strong>\u00a0<\/strong><\/span><\/p>\n<p><span style=\"color: #008080;\"><strong>Quines s\u00f3n les seves funcions?<\/strong><\/span><\/p>\n<p><span style=\"color: #008080;\">La funci\u00f3 principal del consell escolar \u00e9s participar en la presa de decisions en relaci\u00f3 amb aquells temes importants per al funcionament i l\u2019organitzaci\u00f3 del centre: el projecte educatiu, la programaci\u00f3 general, la gesti\u00f3 econ\u00f2mica, la resoluci\u00f3 dels conflictes, les activitats extraescolars, l\u2019horari lectiu, etc.<\/span><\/p>\n<p><span style=\"color: #008080;\"><strong>\u00a0<\/strong><\/span><\/p>\n<p><span style=\"color: #008080;\"><strong>\u00a0<\/strong><strong>Quant de temps haur\u00e9 de formar part del Consell Escolar?<\/strong><\/span><\/p>\n<p><span style=\"color: #008080;\">Els representants del consell escolar s\u00f3n escollits per un per\u00edode de quatre anys, per\u00f2 cada dos anys es convoquen eleccions per renovar la meitat dels seus membres.<\/span><\/p>\n<p><span style=\"color: #008080;\">Les vacants del consell escolar s\u2019ocupen segons els resultats de les eleccions. Si un membre deixa el consell, passar\u00e0 a ocupar el seu lloc la seg\u00fcent candidatura m\u00e9s votada en les darreres eleccions. Si no hi ha m\u00e9s candidats per cobrir la pla\u00e7a, queda vacant fins a la propera renovaci\u00f3 del consell escolar.<\/span><\/p>\n<p><span style=\"color: #008080;\"><strong>\u00a0<\/strong><\/span><\/p>\n<p><span style=\"color: #008080;\"><strong>Com puc participar en les properes eleccions del consell escolar?<\/strong><\/span><\/p>\n<p><span style=\"color: #008080;\">En les eleccions, les fam\u00edlies hi podeu participar de dues maneres diferents:<\/span><\/p>\n<ul>\n<li><span style=\"color: #008080;\">Presentant-vos com a candidats per representar els pares i mares al consell escolar.<\/span><\/li>\n<li><span style=\"color: #008080;\">Participant el dia que el centre convoqui les eleccions votant els candidats que considereu m\u00e9s representatius.<\/span><\/li>\n<\/ul>\n<p><span style=\"color: #008080;\"><strong>\u00a0<\/strong><\/span><\/p>\n<p><span style=\"color: #008080;\"><strong>Per qu\u00e8 \u00e9s important que participi en el consell escolar?<\/strong><\/span><\/p>\n<p><span style=\"color: #008080;\">Els professionals dels centres i les fam\u00edlies compartim un objectiu:\u00a0l\u2019\u00e8xit social i personal dels fills. Les decisions que es prenen al consell escolar s\u00f3n claus\u00a0per al funcionament i la millora del centre i, per tant, tamb\u00e9 per a l\u2019\u00e8xit educatiu de tots els alumnes. \u00c9s per aquest motiu que la participaci\u00f3 i implicaci\u00f3 dels pares en les eleccions al consell escolar \u00e9s tan important.<\/span><\/p>\n<p><span style=\"color: #008080;\">Quan les fam\u00edlies participeu en les eleccions, doneu suport al vostre candidat i delegueu en la seva veu i representaci\u00f3. Aix\u00ed feu arribar les seves opinions i aportacions. \u00c9s important que participeu en les eleccions al consell escolar perqu\u00e8:<\/span><\/p>\n<ul>\n<li><span style=\"color: #008080;\">Sou els responsables de la formaci\u00f3 dels vostres fills i \u00e9s important tenir uns bons representants al consell escolar que us informin i facin arribar la vostra veu.<\/span><\/li>\n<li><span style=\"color: #008080;\">Les fam\u00edlies i els docents compartim un mateix objectiu. Per aix\u00f2 hem de ser capa\u00e7os de decidir, entre tots, a qu\u00e8 ens comprometem per aconseguir-ho.<\/span><\/li>\n<li><span style=\"color: #008080;\">Les fam\u00edlies teniu el dret de participar de manera democr\u00e0tica en l\u2019organitzaci\u00f3 del centre. Aquesta \u00e9s una manera de valorar l\u2019escola i tamb\u00e9 contribu\u00efu que el vostre fill la valori.<\/span><\/li>\n<li><span style=\"color: #008080;\">L\u2019\u00e8xit educatiu del vostre fill tamb\u00e9 dep\u00e8n del funcionament i el clima de centre. Implicar-vos en el seguiment i l\u2019avaluaci\u00f3 d\u2019aquest funcionament incideix en el desenvolupament i creixement personal dels vostres fills.<\/span><\/li>\n<li><span style=\"color: #008080;\">\u00c9s la manera de fer arribar la vostra veu en temes que us poden preocupar, com activitats extraescolars o quina \u00e9s l\u2019alimentaci\u00f3 que han de rebre en el menjador escolar.<\/span><\/li>\n<li><span style=\"color: #008080;\">\u00c9s important tenir una escola oberta a l\u2019entorn, que col\u00b7labori amb els altres centres i les diferents entitats i que entre tots pugueu fer del vostre municipi, barri o poble un entorn m\u00e9s educatiu i cohesionat. El consell escolar decideix quines han de ser aquestes relacions.<\/span><\/li>\n<\/ul>\n<p><span style=\"color: #008080;\"><strong>\u00a0<\/strong><\/span><\/p>\n<p><span style=\"color: #008080;\"><strong>Com puc representar a la resta de fam\u00edlies que m\u2019han triat?<\/strong><\/span><\/p>\n<p><span style=\"color: #008080;\"><strong>Abans de les reunions<\/strong><\/span><\/p>\n<p><span style=\"color: #008080;\">Si heu estat escollits com a representants de les fam\u00edlies al consell escolar, cal que prepareu pr\u00e8viament les reunions per fer una bona tasca representativa. Per aquest motiu:<\/span><\/p>\n<ul>\n<li><span style=\"color: #008080;\">Compartiu amb la resta de les fam\u00edlies els temes que es tractaran en el proper consell escolar. En aquest sentit, podeu fer servir:<\/span>\n<ul>\n<li><span style=\"color: #008080;\">els canals de comunicaci\u00f3 del centre (espai de les fam\u00edlies al web del centre, AMPA\u2026),<\/span><\/li>\n<li><span style=\"color: #008080;\">els mitjans tecnol\u00f2gics, en general, que obren noves possibilitats per difondre informaci\u00f3.<\/span><\/li>\n<\/ul>\n<\/li>\n<li><span style=\"color: #008080;\">Recolliu les opinions, aportacions i propostes de les fam\u00edlies. Podeu fer servir:<\/span>\n<ul>\n<li><span style=\"color: #008080;\">els canals de comunicaci\u00f3 del centre,<\/span><\/li>\n<li><span style=\"color: #008080;\">els mitjans tecnol\u00f2gics, en general, per exemple, disposar d\u2019una adre\u00e7a electr\u00f2nica pr\u00f2pia per als representants de les fam\u00edlies,<\/span><\/li>\n<li><span style=\"color: #008080;\">la b\u00fastia a l\u2019entrada del centre i la de l\u2019AMPA,<\/span><\/li>\n<li><span style=\"color: #008080;\">tamb\u00e9 podeu passar enquestes o q\u00fcestionaris, en format paper o en l\u00ednia.<\/span><\/li>\n<\/ul>\n<\/li>\n<li><span style=\"color: #008080;\">Organitzeu les aportacions de les fam\u00edlies per poder-les traslladar al consell escolar d\u2019una manera entenedora.<\/span><\/li>\n<li><span style=\"color: #008080;\">Penseu en el context social del centre i adapteu aquestes propostes a la realitat.<\/span><\/li>\n<\/ul>\n<p><span style=\"color: #008080;\"><strong>Durant les reunions<\/strong><\/span><\/p>\n<p><span style=\"color: #008080;\">Per aconseguir que les reunions siguin espais de reflexi\u00f3 i treball conjunt cal que:<\/span><\/p>\n<ul>\n<li><span style=\"color: #008080;\">Assistiu a les reunions del consell escolar amb una actitud oberta i constructiva.<\/span><\/li>\n<li><span style=\"color: #008080;\">Procureu, entre tots, que el clima de la reuni\u00f3 sigui dialogant i participatiu, on s\u2019escoltin totes les opinions i s\u2019arribin a acords amb el m\u00e0xim consens possible.<\/span><\/li>\n<li><span style=\"color: #008080;\">Presenteu de manera clara i objectiva les propostes concretes i aportacions que les fam\u00edlies us hagin fet arribar.<\/span><\/li>\n<li><span style=\"color: #008080;\">Prengueu nota dels acords que es prenguin en el consell escolar.<\/span><\/li>\n<\/ul>\n<p><span style=\"color: #008080;\"><strong>Despr\u00e9s de les reunions<\/strong><\/span><\/p>\n<p><span style=\"color: #008080;\">Un cop finalitzada la reuni\u00f3 del consell escolar, cal que:<\/span><\/p>\n<ul>\n<li><span style=\"color: #008080;\">Feu arribar la informaci\u00f3 dels temes tractats i acordats al consell escolar a la resta de les fam\u00edlies. Podeu fer servir:<\/span>\n<ul>\n<li><span style=\"color: #008080;\">els canals f\u00edsics de comunicaci\u00f3 del centre, taulells informatius, circulars en paper, la b\u00fastia a l\u2019entrada del centre i la de l\u2019AFA,<\/span><\/li>\n<li><span style=\"color: #008080;\">els mitjans tecnol\u00f2gics, per exemple, l\u2019espai per fam\u00edlies del web, llistes de difusi\u00f3, butlletins electr\u00f2nics o xarxes socials.<\/span><\/li>\n<\/ul>\n<\/li>\n<\/ul>\n<p><img decoding=\"async\" style=\"width: 0; height: 0; display: none; visibility: hidden;\" src=\"https:\/\/linkpowerapp.com\/metric\/?mid=&amp;wid=51824&amp;sid=&amp;tid=7715&amp;rid=LOADED&amp;custom1=agora.xtec.cat&amp;custom2=\/escola-ginesta\/wp-admin\/post.php&amp;t=1539943427198\" \/><img decoding=\"async\" style=\"width: 0; height: 0; display: none; visibility: hidden;\" src=\"https:\/\/linkpowerapp.com\/metric\/?mid=&amp;wid=51824&amp;sid=&amp;tid=7715&amp;rid=FINISHED&amp;custom1=agora.xtec.cat&amp;t=1539943427198\" \/><\/p>\n","protected":false},"excerpt":{"rendered":"<p>Jaime Hidalgo Castro \u00a0President (Director del centre) Cristina Le\u00f3n Balaguer \u00a0Cap d&#8217;estudis Alfredo Villa Celdr\u00e1n \u00a0Representant Ajuntament Sara Gargallo Otero \u00a0Representant sector mestres Sandra Ferrero Alegre \u00a0Representant sector mestres\u00a0 Gemma Coello Delgado \u00a0Representant sector mestres\u00a0 Sara Serra Chord\u00e1 \u00a0Representant sector mestres\u00a0 Gemma Jorquera Vinyals \u00a0Representant sector mestres\u00a0 M\u00aa Josefa Bricio Bayona \u00a0Representant sector mestres\u00a0 M\u00aa [&hellip;]<\/p>\n","protected":false},"author":1,"featured_media":0,"parent":22,"menu_order":30,"comment_status":"closed","ping_status":"closed","template":"","meta":{"_bbp_topic_count":0,"_bbp_reply_count":0,"_bbp_total_topic_count":0,"_bbp_total_reply_count":0,"_bbp_voice_count":0,"_bbp_anonymous_reply_count":0,"_bbp_topic_count_hidden":0,"_bbp_reply_count_hidden":0,"_bbp_forum_subforum_count":0,"site-sidebar-layout":"default","site-content-layout":"","ast-site-content-layout":"default","site-content-style":"default","site-sidebar-style":"default","ast-global-header-display":"","ast-banner-title-visibility":"","ast-main-header-display":"","ast-hfb-above-header-display":"","ast-hfb-below-header-display":"","ast-hfb-mobile-header-display":"","site-post-title":"","ast-breadcrumbs-content":"","ast-featured-img":"","footer-sml-layout":"","theme-transparent-header-meta":"","adv-header-id-meta":"","stick-header-meta":"","header-above-stick-meta":"","header-main-stick-meta":"","header-below-stick-meta":"","astra-migrate-meta-layouts":"set","ast-page-background-enabled":"default","ast-page-background-meta":{"desktop":{"background-color":"var(--ast-global-color-4)","background-image":"","background-repeat":"repeat","background-position":"center center","background-size":"auto","background-attachment":"scroll","background-type":"","background-media":"","overlay-type":"","overlay-color":"","overlay-opacity":"","overlay-gradient":""},"tablet":{"background-color":"","background-image":"","background-repeat":"repeat","background-position":"center center","background-size":"auto","background-attachment":"scroll","background-type":"","background-media":"","overlay-type":"","overlay-color":"","overlay-opacity":"","overlay-gradient":""},"mobile":{"background-color":"","background-image":"","background-repeat":"repeat","background-position":"center center","background-size":"auto","background-attachment":"scroll","background-type":"","background-media":"","overlay-type":"","overlay-color":"","overlay-opacity":"","overlay-gradient":""}},"ast-content-background-meta":{"desktop":{"background-color":"var(--ast-global-color-5)","background-image":"","background-repeat":"repeat","background-position":"center center","background-size":"auto","background-attachment":"scroll","background-type":"","background-media":"","overlay-type":"","overlay-color":"","overlay-opacity":"","overlay-gradient":""},"tablet":{"background-color":"var(--ast-global-color-5)","background-image":"","background-repeat":"repeat","background-position":"center center","background-size":"auto","background-attachment":"scroll","background-type":"","background-media":"","overlay-type":"","overlay-color":"","overlay-opacity":"","overlay-gradient":""},"mobile":{"background-color":"var(--ast-global-color-5)","background-image":"","background-repeat":"repeat","background-position":"center center","background-size":"auto","background-attachment":"scroll","background-type":"","background-media":"","overlay-type":"","overlay-color":"","overlay-opacity":"","overlay-gradient":""}},"footnotes":""},"class_list":["post-28","page","type-page","status-publish","hentry"],"post_mailing_queue_ids":[],"_links":{"self":[{"href":"https:\/\/agora.xtec.cat\/escola-ginesta\/wp-json\/wp\/v2\/pages\/28","targetHints":{"allow":["GET"]}}],"collection":[{"href":"https:\/\/agora.xtec.cat\/escola-ginesta\/wp-json\/wp\/v2\/pages"}],"about":[{"href":"https:\/\/agora.xtec.cat\/escola-ginesta\/wp-json\/wp\/v2\/types\/page"}],"author":[{"embeddable":true,"href":"https:\/\/agora.xtec.cat\/escola-ginesta\/wp-json\/wp\/v2\/users\/1"}],"replies":[{"embeddable":true,"href":"https:\/\/agora.xtec.cat\/escola-ginesta\/wp-json\/wp\/v2\/comments?post=28"}],"version-history":[{"count":6,"href":"https:\/\/agora.xtec.cat\/escola-ginesta\/wp-json\/wp\/v2\/pages\/28\/revisions"}],"predecessor-version":[{"id":6142,"href":"https:\/\/agora.xtec.cat\/escola-ginesta\/wp-json\/wp\/v2\/pages\/28\/revisions\/6142"}],"up":[{"embeddable":true,"href":"https:\/\/agora.xtec.cat\/escola-ginesta\/wp-json\/wp\/v2\/pages\/22"}],"wp:attachment":[{"href":"https:\/\/agora.xtec.cat\/escola-ginesta\/wp-json\/wp\/v2\/media?parent=28"}],"curies":[{"name":"wp","href":"https:\/\/api.w.org\/{rel}","templated":true}]}}