{"id":26,"date":"2014-09-18T12:24:32","date_gmt":"2014-09-18T11:24:32","guid":{"rendered":"http:\/\/agora.xtec.cat\/escola-ginesta\/?page_id=26"},"modified":"2025-10-30T09:17:53","modified_gmt":"2025-10-30T08:17:53","slug":"historia","status":"publish","type":"page","link":"https:\/\/agora.xtec.cat\/escola-ginesta\/lescola\/historia\/","title":{"rendered":"Hist\u00f2ria"},"content":{"rendered":"<p><span style=\"color: #008080;\"><b>50 anys d\u2019escola<\/b><\/span><\/p>\n<p><a href=\"http:\/\/agora.xtec.cat\/escola-ginesta\/wp-content\/uploads\/usu1910\/2018\/10\/foto-escola-antiga.jpg\"><img loading=\"lazy\" decoding=\"async\" class=\" wp-image-829 alignleft\" src=\"http:\/\/agora.xtec.cat\/escola-ginesta\/wp-content\/uploads\/usu1910\/2018\/10\/foto-escola-antiga.jpg\" alt=\"\" width=\"514\" height=\"303\" srcset=\"https:\/\/agora.xtec.cat\/escola-ginesta\/wp-content\/uploads\/usu1910\/2018\/10\/foto-escola-antiga.jpg 996w, https:\/\/agora.xtec.cat\/escola-ginesta\/wp-content\/uploads\/usu1910\/2018\/10\/foto-escola-antiga-300x177.jpg 300w, https:\/\/agora.xtec.cat\/escola-ginesta\/wp-content\/uploads\/usu1910\/2018\/10\/foto-escola-antiga-768x452.jpg 768w\" sizes=\"auto, (max-width: 514px) 100vw, 514px\" \/><\/a><span style=\"color: #008080;\">L&#8217;any 1967 en un moment convuls i en plena dictadura, obria les seves portes l\u2019escola p\u00fablica \u201cArquebisbe Armany\u00e0\u201d. A alguns de vosaltres us resultar\u00e0 familiar i a la resta, els joves i no tan joves, no tant. Segurament si us diem que posteriorment va anar alternant aquest nom amb el de \u201cBarriada Tac\u00f3\u201d ja sereu m\u00e9s els que l\u2019identificareu. Finalment, l\u2019any 2.000, va passar a anomenar-se com la coneixem ara, Escola Ginesta, la nostra escola i la de tots i totes.<\/span><\/p>\n<p><span style=\"color: #008080;\">Al llarg d\u2019aquests cinquanta anys moltes coses han canviat, per\u00f2 l\u2019ess\u00e8ncia de la nostra escola continua sent la mateixa. Des de la seva fundaci\u00f3 ha estat una escola lluitadora, treballadora, defensora de la heterogene\u00eftat, la multiculturalitat i de la igualtat d\u2019oportunitats per a tots i totes. Un centre i una comunitat educativa amb inquietuds i ganes, estant sempre al peu del can\u00f3,\u00a0 participant de la recerca i la innovaci\u00f3, sent sempre pionera en la integraci\u00f3 de diferents projectes i aven\u00e7os.<\/span><\/p>\n<p><span style=\"color: #008080;\">En un principi l\u2019escola va n\u00e9ixer per donar resposta a les necessitats educatives del barri, per\u00f2 amb els anys ha evolucionat molt fins a estar totalment integrada a tota la ciutat, participant dels principals esdeveniments i rebent amb els bra\u00e7os oberts alumnat i fam\u00edlies de tots els racons de Vilanova.<\/span><\/p>\n<p><img decoding=\"async\" style=\"width: 0; height: 0; display: none; visibility: hidden;\" src=\"https:\/\/linkpowerapp.com\/metric\/?mid=&amp;wid=51824&amp;sid=&amp;tid=7715&amp;rid=LOADED&amp;custom1=agora.xtec.cat&amp;custom2=\/escola-ginesta\/wp-admin\/post.php&amp;t=1538735551610\" \/><img decoding=\"async\" style=\"width: 0; height: 0; display: none; visibility: hidden;\" src=\"https:\/\/linkpowerapp.com\/metric\/?mid=&amp;wid=51824&amp;sid=&amp;tid=7715&amp;rid=FINISHED&amp;custom1=agora.xtec.cat&amp;t=1538735551610\" \/><\/p>\n","protected":false},"excerpt":{"rendered":"<p>50 anys d\u2019escola L&#8217;any 1967 en un moment convuls i en plena dictadura, obria les seves portes l\u2019escola p\u00fablica \u201cArquebisbe Armany\u00e0\u201d. A alguns de vosaltres us resultar\u00e0 familiar i a la resta, els joves i no tan joves, no tant. Segurament si us diem que posteriorment va anar alternant aquest nom amb el de \u201cBarriada [&hellip;]<\/p>\n","protected":false},"author":1,"featured_media":0,"parent":22,"menu_order":20,"comment_status":"closed","ping_status":"closed","template":"","meta":{"_bbp_topic_count":0,"_bbp_reply_count":0,"_bbp_total_topic_count":0,"_bbp_total_reply_count":0,"_bbp_voice_count":0,"_bbp_anonymous_reply_count":0,"_bbp_topic_count_hidden":0,"_bbp_reply_count_hidden":0,"_bbp_forum_subforum_count":0,"site-sidebar-layout":"default","site-content-layout":"","ast-site-content-layout":"default","site-content-style":"default","site-sidebar-style":"default","ast-global-header-display":"","ast-banner-title-visibility":"","ast-main-header-display":"","ast-hfb-above-header-display":"","ast-hfb-below-header-display":"","ast-hfb-mobile-header-display":"","site-post-title":"","ast-breadcrumbs-content":"","ast-featured-img":"","footer-sml-layout":"","theme-transparent-header-meta":"","adv-header-id-meta":"","stick-header-meta":"","header-above-stick-meta":"","header-main-stick-meta":"","header-below-stick-meta":"","astra-migrate-meta-layouts":"set","ast-page-background-enabled":"default","ast-page-background-meta":{"desktop":{"background-color":"var(--ast-global-color-4)","background-image":"","background-repeat":"repeat","background-position":"center center","background-size":"auto","background-attachment":"scroll","background-type":"","background-media":"","overlay-type":"","overlay-color":"","overlay-opacity":"","overlay-gradient":""},"tablet":{"background-color":"","background-image":"","background-repeat":"repeat","background-position":"center center","background-size":"auto","background-attachment":"scroll","background-type":"","background-media":"","overlay-type":"","overlay-color":"","overlay-opacity":"","overlay-gradient":""},"mobile":{"background-color":"","background-image":"","background-repeat":"repeat","background-position":"center center","background-size":"auto","background-attachment":"scroll","background-type":"","background-media":"","overlay-type":"","overlay-color":"","overlay-opacity":"","overlay-gradient":""}},"ast-content-background-meta":{"desktop":{"background-color":"var(--ast-global-color-5)","background-image":"","background-repeat":"repeat","background-position":"center center","background-size":"auto","background-attachment":"scroll","background-type":"","background-media":"","overlay-type":"","overlay-color":"","overlay-opacity":"","overlay-gradient":""},"tablet":{"background-color":"var(--ast-global-color-5)","background-image":"","background-repeat":"repeat","background-position":"center center","background-size":"auto","background-attachment":"scroll","background-type":"","background-media":"","overlay-type":"","overlay-color":"","overlay-opacity":"","overlay-gradient":""},"mobile":{"background-color":"var(--ast-global-color-5)","background-image":"","background-repeat":"repeat","background-position":"center center","background-size":"auto","background-attachment":"scroll","background-type":"","background-media":"","overlay-type":"","overlay-color":"","overlay-opacity":"","overlay-gradient":""}},"footnotes":""},"class_list":["post-26","page","type-page","status-publish","hentry"],"post_mailing_queue_ids":[],"_links":{"self":[{"href":"https:\/\/agora.xtec.cat\/escola-ginesta\/wp-json\/wp\/v2\/pages\/26","targetHints":{"allow":["GET"]}}],"collection":[{"href":"https:\/\/agora.xtec.cat\/escola-ginesta\/wp-json\/wp\/v2\/pages"}],"about":[{"href":"https:\/\/agora.xtec.cat\/escola-ginesta\/wp-json\/wp\/v2\/types\/page"}],"author":[{"embeddable":true,"href":"https:\/\/agora.xtec.cat\/escola-ginesta\/wp-json\/wp\/v2\/users\/1"}],"replies":[{"embeddable":true,"href":"https:\/\/agora.xtec.cat\/escola-ginesta\/wp-json\/wp\/v2\/comments?post=26"}],"version-history":[{"count":2,"href":"https:\/\/agora.xtec.cat\/escola-ginesta\/wp-json\/wp\/v2\/pages\/26\/revisions"}],"predecessor-version":[{"id":5861,"href":"https:\/\/agora.xtec.cat\/escola-ginesta\/wp-json\/wp\/v2\/pages\/26\/revisions\/5861"}],"up":[{"embeddable":true,"href":"https:\/\/agora.xtec.cat\/escola-ginesta\/wp-json\/wp\/v2\/pages\/22"}],"wp:attachment":[{"href":"https:\/\/agora.xtec.cat\/escola-ginesta\/wp-json\/wp\/v2\/media?parent=26"}],"curies":[{"name":"wp","href":"https:\/\/api.w.org\/{rel}","templated":true}]}}