{"id":706,"date":"2020-03-24T16:56:02","date_gmt":"2020-03-24T15:56:02","guid":{"rendered":"https:\/\/agora.xtec.cat\/escola-gassoividal\/?page_id=706"},"modified":"2026-01-09T12:53:40","modified_gmt":"2026-01-09T11:53:40","slug":"documents-descola","status":"publish","type":"page","link":"https:\/\/agora.xtec.cat\/escola-gassoividal\/lescola\/documents-descola\/","title":{"rendered":"Documents d\u00b4escola"},"content":{"rendered":"<p><strong><span style=\"font-family: inherit; font-size: 1em;\">DOCUMENTS D\u00b4ESCOLA<\/span><\/strong><\/p>\n<p><a href=\"https:\/\/drive.google.com\/file\/d\/1ryGacbWlmCJt06OMdLuD5TlDZ2IuvtCZ\/view?usp=drive_link\">NOFC (Normes d&#8217;organitzaci\u00f3 i funcionament de centre)<\/a><\/p>\n<p><a href=\"https:\/\/drive.google.com\/file\/d\/1w-zBok-EzXuIariYle7j1JUFxut9LHAd\/view?usp=sharing\">PEC (Projecte Educatiu de Centre) i projecte ling\u00fc\u00edstic (PL)<\/a><\/p>\n<p><a href=\"https:\/\/drive.google.com\/file\/d\/1CKN9_GFJApBdyDZyXB8icki3CR1NqlOq\/view?usp=sharing\">PROJECTE DE CONVIV\u00c8NCIA (PC)<\/a><\/p>\n<p><a href=\"https:\/\/drive.google.com\/file\/d\/1v1CWNT_tc292fcM9Z5qibdx5vATJtzan\/view?usp=sharing\">PLA D&#8217;ACTUACI\u00d3 2021-2022 (document viu)<\/a><\/p>\n<p><a href=\"https:\/\/drive.google.com\/file\/d\/1TEYPklAhXySA2_6nNr7ol1CVJrc_i58a\/view?usp=sharing\" target=\"_blank\" rel=\"noopener\">PROJECTE ESPORTIU DE CENTRE<\/a><\/p>\n<p><strong>INFORMACIONS<\/strong><\/p>\n<p><a href=\"https:\/\/drive.google.com\/file\/d\/1TsQwjuv2q9hpLKBhZRhgsKBqC-c6onQt\/view?usp=drive_link\">Autoritzaci\u00f3 de recollida d&#8217;alumnes<\/a><\/p>\n<p><a href=\"https:\/\/drive.google.com\/file\/d\/12OZ38EV_KROHd-_sdfFJMi-O9dR9g0p9\/view?usp=sharing\">Autoritzaci\u00f3 d&#8217;imatges<\/a><\/p>\n<p><a href=\"https:\/\/drive.google.com\/file\/d\/14F4vi4m4JEZFqD-C8sUJnTBnyHFA-KEy\/view?usp=drive_link\">Autoritzaci\u00f3 medicaments<\/a><\/p>\n<p><a href=\"https:\/\/drive.google.com\/file\/d\/1isF13DT3t5-VYHyB0gWcgkmqCPQrqVm3\/view?usp=sharing\">Autoritzaci\u00f3 paracetamol <\/a><\/p>\n<p><a href=\"https:\/\/drive.google.com\/file\/d\/195sd9b7i6dHgMpXEUhhDbvxTRWZGG_C1\/view?usp=drive_link\">Autoritzaci\u00f3 per sortir sols<\/a><\/p>\n<p><a href=\"https:\/\/drive.google.com\/file\/d\/1MB0wtkniwZqzKkLKewEoT96_D4DTUisK\/view?usp=drive_link\">Carta de comprom\u00eds educatiu<\/a><\/p>\n<p><a href=\"https:\/\/drive.google.com\/file\/d\/1WPqFyI23lreiUqWsCZPZTqhlb0dE14oz\/view?usp=drive_link\">Servei d&#8217;acollida <\/a><\/p>\n<p><a href=\"https:\/\/drive.google.com\/file\/d\/1uojv78O4h4lErsekfrSSDnjxWWFT7IaC\/view?usp=drive_link\">Comunicat quotes curs 25-26<\/a><\/p>\n<p><a href=\"https:\/\/drive.google.com\/file\/d\/1RTnsr3g6qnrperxxI26WU8KWriT8cP2M\/view?usp=drive_link\">LLIBRES CURS 25-26<\/a><\/p>\n<p><strong>GESTI\u00d3 ECON\u00d2MICA<\/strong><\/p>\n<p><a href=\"https:\/\/agora.xtec.cat\/escola-gassoividal\/wp-content\/uploads\/usu2061\/2020\/03\/Dades-del-pressupost-.pdf\">Dades del pressupost 2020<\/a><\/p>\n<p><a href=\"https:\/\/drive.google.com\/file\/d\/1Qv5B2tAALlKf0Y5OneTcp-sDlfQNQlAR\/view?usp=share_link\">Dades del pressupost 2021<\/a><\/p>\n<p><a href=\"https:\/\/drive.google.com\/file\/d\/11l7dgbxfJ3ePh3D3FyAzFTRoeWJct9cQ\/view?usp=share_link\">Dades del pressupost 2022<\/a><\/p>\n<p><a href=\"https:\/\/drive.google.com\/file\/d\/1r6Pgf1XFGai-D1qiQbo9i9KE2e9V8B8k\/view?usp=share_link\">Dades del pressupost 2023<\/a><\/p>\n<p><strong>ACORDS CONSELL ESCOLAR<\/strong><\/p>\n<p><a href=\"https:\/\/docs.google.com\/document\/d\/1h1EBpWaqlXZU_B6k1vj_E04kBTTHX0OO\/edit?usp=drive_link&amp;ouid=118333912479559237143&amp;rtpof=true&amp;sd=true\">7 de febrer de 2024<\/a><\/p>\n<p><a href=\"https:\/\/docs.google.com\/document\/d\/1JBeSO4_CGB5kh4x3pZ_Efksmm33U-QnS\/edit?usp=drive_link&amp;ouid=118333912479559237143&amp;rtpof=true&amp;sd=true\">28 de setembre de 2024<\/a><\/p>\n","protected":false},"excerpt":{"rendered":"<p>DOCUMENTS D\u00b4ESCOLA NOFC (Normes d&#8217;organitzaci\u00f3 i funcionament de centre) PEC (Projecte Educatiu de Centre) i projecte ling\u00fc\u00edstic (PL) PROJECTE DE [&hellip;]<\/p>\n","protected":false},"author":1,"featured_media":0,"parent":22,"menu_order":9,"comment_status":"closed","ping_status":"closed","template":"","meta":{"_bbp_topic_count":0,"_bbp_reply_count":0,"_bbp_total_topic_count":0,"_bbp_total_reply_count":0,"_bbp_voice_count":0,"_bbp_anonymous_reply_count":0,"_bbp_topic_count_hidden":0,"_bbp_reply_count_hidden":0,"_bbp_forum_subforum_count":0,"site-sidebar-layout":"default","site-content-layout":"","ast-site-content-layout":"default","site-content-style":"default","site-sidebar-style":"default","ast-global-header-display":"","ast-banner-title-visibility":"","ast-main-header-display":"","ast-hfb-above-header-display":"","ast-hfb-below-header-display":"","ast-hfb-mobile-header-display":"","site-post-title":"","ast-breadcrumbs-content":"","ast-featured-img":"","footer-sml-layout":"","theme-transparent-header-meta":"default","adv-header-id-meta":"","stick-header-meta":"","header-above-stick-meta":"","header-main-stick-meta":"","header-below-stick-meta":"","astra-migrate-meta-layouts":"set","ast-page-background-enabled":"default","ast-page-background-meta":{"desktop":{"background-color":"var(--ast-global-color-4)","background-image":"","background-repeat":"repeat","background-position":"center center","background-size":"auto","background-attachment":"scroll","background-type":"","background-media":"","overlay-type":"","overlay-color":"","overlay-opacity":"","overlay-gradient":""},"tablet":{"background-color":"","background-image":"","background-repeat":"repeat","background-position":"center center","background-size":"auto","background-attachment":"scroll","background-type":"","background-media":"","overlay-type":"","overlay-color":"","overlay-opacity":"","overlay-gradient":""},"mobile":{"background-color":"","background-image":"","background-repeat":"repeat","background-position":"center center","background-size":"auto","background-attachment":"scroll","background-type":"","background-media":"","overlay-type":"","overlay-color":"","overlay-opacity":"","overlay-gradient":""}},"ast-content-background-meta":{"desktop":{"background-color":"var(--ast-global-color-5)","background-image":"","background-repeat":"repeat","background-position":"center center","background-size":"auto","background-attachment":"scroll","background-type":"","background-media":"","overlay-type":"","overlay-color":"","overlay-opacity":"","overlay-gradient":""},"tablet":{"background-color":"var(--ast-global-color-5)","background-image":"","background-repeat":"repeat","background-position":"center center","background-size":"auto","background-attachment":"scroll","background-type":"","background-media":"","overlay-type":"","overlay-color":"","overlay-opacity":"","overlay-gradient":""},"mobile":{"background-color":"var(--ast-global-color-5)","background-image":"","background-repeat":"repeat","background-position":"center center","background-size":"auto","background-attachment":"scroll","background-type":"","background-media":"","overlay-type":"","overlay-color":"","overlay-opacity":"","overlay-gradient":""}},"footnotes":""},"class_list":["post-706","page","type-page","status-publish","hentry"],"post_mailing_queue_ids":[],"_links":{"self":[{"href":"https:\/\/agora.xtec.cat\/escola-gassoividal\/wp-json\/wp\/v2\/pages\/706","targetHints":{"allow":["GET"]}}],"collection":[{"href":"https:\/\/agora.xtec.cat\/escola-gassoividal\/wp-json\/wp\/v2\/pages"}],"about":[{"href":"https:\/\/agora.xtec.cat\/escola-gassoividal\/wp-json\/wp\/v2\/types\/page"}],"author":[{"embeddable":true,"href":"https:\/\/agora.xtec.cat\/escola-gassoividal\/wp-json\/wp\/v2\/users\/1"}],"replies":[{"embeddable":true,"href":"https:\/\/agora.xtec.cat\/escola-gassoividal\/wp-json\/wp\/v2\/comments?post=706"}],"version-history":[{"count":5,"href":"https:\/\/agora.xtec.cat\/escola-gassoividal\/wp-json\/wp\/v2\/pages\/706\/revisions"}],"predecessor-version":[{"id":8256,"href":"https:\/\/agora.xtec.cat\/escola-gassoividal\/wp-json\/wp\/v2\/pages\/706\/revisions\/8256"}],"up":[{"embeddable":true,"href":"https:\/\/agora.xtec.cat\/escola-gassoividal\/wp-json\/wp\/v2\/pages\/22"}],"wp:attachment":[{"href":"https:\/\/agora.xtec.cat\/escola-gassoividal\/wp-json\/wp\/v2\/media?parent=706"}],"curies":[{"name":"wp","href":"https:\/\/api.w.org\/{rel}","templated":true}]}}