{"id":5474,"date":"2023-11-06T13:32:01","date_gmt":"2023-11-06T12:32:01","guid":{"rendered":"https:\/\/agora.xtec.cat\/escola-gassoividal\/?page_id=5474"},"modified":"2025-02-11T14:04:44","modified_gmt":"2025-02-11T13:04:44","slug":"som-escola-faig","status":"publish","type":"page","link":"https:\/\/agora.xtec.cat\/escola-gassoividal\/projecte-educatiu\/som-escola-faig\/","title":{"rendered":"Som escola &#8220;FAIG&#8221;"},"content":{"rendered":"<p dir=\"ltr\"><a href=\"https:\/\/agora.xtec.cat\/escola-gassoividal\/wp-content\/uploads\/usu2061\/2025\/02\/Captura-de-pantalla-2025-01-22-130429.png\"><img loading=\"lazy\" decoding=\"async\" class=\"aligncenter wp-image-7119 size-medium\" src=\"https:\/\/agora.xtec.cat\/escola-gassoividal\/wp-content\/uploads\/usu2061\/2025\/02\/Captura-de-pantalla-2025-01-22-130429-300x177.png\" alt=\"\" width=\"300\" height=\"177\" srcset=\"https:\/\/agora.xtec.cat\/escola-gassoividal\/wp-content\/uploads\/usu2061\/2025\/02\/Captura-de-pantalla-2025-01-22-130429-300x177.png 300w, https:\/\/agora.xtec.cat\/escola-gassoividal\/wp-content\/uploads\/usu2061\/2025\/02\/Captura-de-pantalla-2025-01-22-130429-1024x603.png 1024w, https:\/\/agora.xtec.cat\/escola-gassoividal\/wp-content\/uploads\/usu2061\/2025\/02\/Captura-de-pantalla-2025-01-22-130429-768x452.png 768w, https:\/\/agora.xtec.cat\/escola-gassoividal\/wp-content\/uploads\/usu2061\/2025\/02\/Captura-de-pantalla-2025-01-22-130429.png 1250w\" sizes=\"auto, (max-width: 300px) 100vw, 300px\" \/><\/a><\/p>\n<p dir=\"ltr\">La nostra escola ha estat inclosa dins dels 150 centres de Catalunya (Primera escola de Ripollet i segona del Vall\u00e8s Occidental) que participen al programa FAIG, un programa d\u2019Innovaci\u00f3 Pedag\u00f2gica i de Recerca educativa promogut pel CESIRE i el Departament d\u2019Educaci\u00f3 que t\u00e9 la finalitat de proporcionar l\u2019acompanyament, la formaci\u00f3 pedag\u00f2gica i la capacitaci\u00f3 tecnol\u00f2gica necess\u00e0ries per consolidar l\u2019aprenentatge per projectes com a l\u00ednia pedag\u00f2gica dels centres educatius.<\/p>\n<p dir=\"ltr\">El programa FAIG \u00e9s una oportunitat per crear entorns d\u2019aprenentatge amb sentit, on posar l\u2019alumnat en el centre, escoltant la seva veu per crear un m\u00f3n millor on viure i conviure.<\/p>\n<p dir=\"ltr\">Les noves derives socials, l\u2019establiment de les noves tecnologies en el dia a dia de la nostra societat fan que sigui indispensable educar en l\u2019\u00fas cr\u00edtic de les diferents eines digitals per donar resposta als problemes i reptes socialment rellevants, i situar al nostre alumnat en una perspectiva cr\u00edtica i de coneixement d\u2019aquestes.<\/p>\n<p dir=\"ltr\">A trav\u00e9s del mateix programa se\u2019ns proporcionar\u00e0 una dotaci\u00f3 de m\u00e0quines MAKER (Impressora 3D, talladora l\u00e0ser, brodadora digital, targetes makey-makey i microbit) que permetr\u00e0 a l\u2019alumnat aprendre fent.<\/p>\n<p dir=\"ltr\">\n","protected":false},"excerpt":{"rendered":"<p>La nostra escola ha estat inclosa dins dels 150 centres de Catalunya (Primera escola de Ripollet i segona del Vall\u00e8s [&hellip;]<\/p>\n","protected":false},"author":3,"featured_media":0,"parent":64,"menu_order":1,"comment_status":"closed","ping_status":"closed","template":"","meta":{"_bbp_topic_count":0,"_bbp_reply_count":0,"_bbp_total_topic_count":0,"_bbp_total_reply_count":0,"_bbp_voice_count":0,"_bbp_anonymous_reply_count":0,"_bbp_topic_count_hidden":0,"_bbp_reply_count_hidden":0,"_bbp_forum_subforum_count":0,"site-sidebar-layout":"default","site-content-layout":"","ast-site-content-layout":"default","site-content-style":"default","site-sidebar-style":"default","ast-global-header-display":"","ast-banner-title-visibility":"","ast-main-header-display":"","ast-hfb-above-header-display":"","ast-hfb-below-header-display":"","ast-hfb-mobile-header-display":"","site-post-title":"","ast-breadcrumbs-content":"","ast-featured-img":"","footer-sml-layout":"","theme-transparent-header-meta":"default","adv-header-id-meta":"","stick-header-meta":"","header-above-stick-meta":"","header-main-stick-meta":"","header-below-stick-meta":"","astra-migrate-meta-layouts":"set","ast-page-background-enabled":"default","ast-page-background-meta":{"desktop":{"background-color":"var(--ast-global-color-4)","background-image":"","background-repeat":"repeat","background-position":"center center","background-size":"auto","background-attachment":"scroll","background-type":"","background-media":"","overlay-type":"","overlay-color":"","overlay-opacity":"","overlay-gradient":""},"tablet":{"background-color":"","background-image":"","background-repeat":"repeat","background-position":"center center","background-size":"auto","background-attachment":"scroll","background-type":"","background-media":"","overlay-type":"","overlay-color":"","overlay-opacity":"","overlay-gradient":""},"mobile":{"background-color":"","background-image":"","background-repeat":"repeat","background-position":"center center","background-size":"auto","background-attachment":"scroll","background-type":"","background-media":"","overlay-type":"","overlay-color":"","overlay-opacity":"","overlay-gradient":""}},"ast-content-background-meta":{"desktop":{"background-color":"var(--ast-global-color-5)","background-image":"","background-repeat":"repeat","background-position":"center center","background-size":"auto","background-attachment":"scroll","background-type":"","background-media":"","overlay-type":"","overlay-color":"","overlay-opacity":"","overlay-gradient":""},"tablet":{"background-color":"var(--ast-global-color-5)","background-image":"","background-repeat":"repeat","background-position":"center center","background-size":"auto","background-attachment":"scroll","background-type":"","background-media":"","overlay-type":"","overlay-color":"","overlay-opacity":"","overlay-gradient":""},"mobile":{"background-color":"var(--ast-global-color-5)","background-image":"","background-repeat":"repeat","background-position":"center center","background-size":"auto","background-attachment":"scroll","background-type":"","background-media":"","overlay-type":"","overlay-color":"","overlay-opacity":"","overlay-gradient":""}},"footnotes":""},"class_list":["post-5474","page","type-page","status-publish","hentry"],"post_mailing_queue_ids":[],"_links":{"self":[{"href":"https:\/\/agora.xtec.cat\/escola-gassoividal\/wp-json\/wp\/v2\/pages\/5474","targetHints":{"allow":["GET"]}}],"collection":[{"href":"https:\/\/agora.xtec.cat\/escola-gassoividal\/wp-json\/wp\/v2\/pages"}],"about":[{"href":"https:\/\/agora.xtec.cat\/escola-gassoividal\/wp-json\/wp\/v2\/types\/page"}],"author":[{"embeddable":true,"href":"https:\/\/agora.xtec.cat\/escola-gassoividal\/wp-json\/wp\/v2\/users\/3"}],"replies":[{"embeddable":true,"href":"https:\/\/agora.xtec.cat\/escola-gassoividal\/wp-json\/wp\/v2\/comments?post=5474"}],"version-history":[{"count":4,"href":"https:\/\/agora.xtec.cat\/escola-gassoividal\/wp-json\/wp\/v2\/pages\/5474\/revisions"}],"predecessor-version":[{"id":7121,"href":"https:\/\/agora.xtec.cat\/escola-gassoividal\/wp-json\/wp\/v2\/pages\/5474\/revisions\/7121"}],"up":[{"embeddable":true,"href":"https:\/\/agora.xtec.cat\/escola-gassoividal\/wp-json\/wp\/v2\/pages\/64"}],"wp:attachment":[{"href":"https:\/\/agora.xtec.cat\/escola-gassoividal\/wp-json\/wp\/v2\/media?parent=5474"}],"curies":[{"name":"wp","href":"https:\/\/api.w.org\/{rel}","templated":true}]}}