{"id":28,"date":"2014-09-18T12:29:35","date_gmt":"2014-09-18T11:29:35","guid":{"rendered":"http:\/\/agora.xtec.cat\/escola-gassoividal\/?page_id=28"},"modified":"2025-02-11T13:43:25","modified_gmt":"2025-02-11T12:43:25","slug":"consell-escolar","status":"publish","type":"page","link":"https:\/\/agora.xtec.cat\/escola-gassoividal\/lescola\/consell-escolar\/","title":{"rendered":"Consell escolar"},"content":{"rendered":"<table style=\"width: 794px; height: 39px;\">\n<tbody>\n<tr>\n<td>QUE \u00c9S EL CONSELL ESCOLAR?<\/td>\n<\/tr>\n<\/tbody>\n<\/table>\n<p>\u00c9s l\u2019\u00f2rgan de participaci\u00f3 en el control i gesti\u00f3 del centre des de diferents sectors que constitueixen la comunitat e<\/p>\n<p>ducativa: alumnat, mestres, fam\u00edlies i personal d\u2019administraci\u00f3 i serveis.<\/p>\n<table>\n<tbody>\n<tr>\n<td>QUINES S\u00d3N LES SEVES FUNCIONS?<\/td>\n<\/tr>\n<\/tbody>\n<\/table>\n<p>Aprovar el projecte educatiu i les modificacions corresponents per una majoria de tres cinquenes parts del membres.<\/p>\n<ul>\n<li>Aprovar la programaci\u00f3 general anual del centre i avaluar-ne el desenvolupament i els resultats.<\/li>\n<li>Aprovar les propostes d\u2019acord de corresponsabilitat, convenis i altres acords de col\u00b7laboraci\u00f3 del centre amb entitats o institucions.<\/li>\n<li>Aprovar les normes d\u2019organitzaci\u00f3 i funcionament i les modificacions corresponents.<\/li>\n<li>Aprovar la carta de comprom\u00eds educatiu.<\/li>\n<li>Aprovar el pressupost del centre i el rendiment de comptes.<\/li>\n<li>Intervenir en el procediment d\u2019admissi\u00f3 d\u2019alumnes.<\/li>\n<li>Participar en el procediment de selecci\u00f3 i en la proposta de cessament del director o directora.<\/li>\n<li>Intervenir en la resoluci\u00f3 de conflictes i, si s\u2019escau, revisar les sancions als alumnes.<\/li>\n<li>Aprovar les directrius per a la programaci\u00f3 d\u2019activitats escolars complement\u00e0ries i d\u2019activitats extraescolars, i avaluar-ne el desenvolupament.<\/li>\n<li>Participar en les an\u00e0lisis i les avaluacions del funcionament general del centre i con\u00e8ixer l\u2019evoluci\u00f3 del rendiment escolar.<\/li>\n<li>Aprovar els criteris de col\u00b7laboraci\u00f3 amb altres centre i amb l\u2019entorn.<\/li>\n<li>Qualsevol altra que li sigui atribu\u00efda per les normes legals o reglament\u00e0ries.<\/li>\n<\/ul>\n<table>\n<tbody>\n<tr>\n<td>CERTIFICATS DELS ACORDS<\/td>\n<\/tr>\n<\/tbody>\n<\/table>\n<p>En acord de la <a title=\"Llei 19\/2014\" href=\"https:\/\/portaljuridic.gencat.cat\/ca\/pjur_ocults\/pjur_resultats_fitxa\/?action=fitxa&amp;mode=single&amp;documentId=680124&amp;language=ca_ES\" target=\"_blank\" rel=\"noopener noreferrer\">Llei 19\/2014<\/a>, del 29 de desembre, de\u00a0<strong>transpar\u00e8ncia, acc\u00e9s a la informaci\u00f3 p\u00fablica i bon govern<\/strong>, adjuntem els certificats dels acords del Consell Escolar curs 19-20:<\/p>\n<p>&nbsp;<\/p>\n","protected":false},"excerpt":{"rendered":"<p>QUE \u00c9S EL CONSELL ESCOLAR? \u00c9s l\u2019\u00f2rgan de participaci\u00f3 en el control i gesti\u00f3 del centre des de diferents sectors [&hellip;]<\/p>\n","protected":false},"author":1,"featured_media":0,"parent":22,"menu_order":5,"comment_status":"closed","ping_status":"closed","template":"","meta":{"_bbp_topic_count":0,"_bbp_reply_count":0,"_bbp_total_topic_count":0,"_bbp_total_reply_count":0,"_bbp_voice_count":0,"_bbp_anonymous_reply_count":0,"_bbp_topic_count_hidden":0,"_bbp_reply_count_hidden":0,"_bbp_forum_subforum_count":0,"site-sidebar-layout":"default","site-content-layout":"","ast-site-content-layout":"default","site-content-style":"default","site-sidebar-style":"default","ast-global-header-display":"","ast-banner-title-visibility":"","ast-main-header-display":"","ast-hfb-above-header-display":"","ast-hfb-below-header-display":"","ast-hfb-mobile-header-display":"","site-post-title":"","ast-breadcrumbs-content":"","ast-featured-img":"","footer-sml-layout":"","theme-transparent-header-meta":"default","adv-header-id-meta":"","stick-header-meta":"","header-above-stick-meta":"","header-main-stick-meta":"","header-below-stick-meta":"","astra-migrate-meta-layouts":"set","ast-page-background-enabled":"default","ast-page-background-meta":{"desktop":{"background-color":"var(--ast-global-color-4)","background-image":"","background-repeat":"repeat","background-position":"center center","background-size":"auto","background-attachment":"scroll","background-type":"","background-media":"","overlay-type":"","overlay-color":"","overlay-opacity":"","overlay-gradient":""},"tablet":{"background-color":"","background-image":"","background-repeat":"repeat","background-position":"center center","background-size":"auto","background-attachment":"scroll","background-type":"","background-media":"","overlay-type":"","overlay-color":"","overlay-opacity":"","overlay-gradient":""},"mobile":{"background-color":"","background-image":"","background-repeat":"repeat","background-position":"center center","background-size":"auto","background-attachment":"scroll","background-type":"","background-media":"","overlay-type":"","overlay-color":"","overlay-opacity":"","overlay-gradient":""}},"ast-content-background-meta":{"desktop":{"background-color":"var(--ast-global-color-5)","background-image":"","background-repeat":"repeat","background-position":"center center","background-size":"auto","background-attachment":"scroll","background-type":"","background-media":"","overlay-type":"","overlay-color":"","overlay-opacity":"","overlay-gradient":""},"tablet":{"background-color":"var(--ast-global-color-5)","background-image":"","background-repeat":"repeat","background-position":"center center","background-size":"auto","background-attachment":"scroll","background-type":"","background-media":"","overlay-type":"","overlay-color":"","overlay-opacity":"","overlay-gradient":""},"mobile":{"background-color":"var(--ast-global-color-5)","background-image":"","background-repeat":"repeat","background-position":"center center","background-size":"auto","background-attachment":"scroll","background-type":"","background-media":"","overlay-type":"","overlay-color":"","overlay-opacity":"","overlay-gradient":""}},"footnotes":""},"class_list":["post-28","page","type-page","status-publish","hentry"],"post_mailing_queue_ids":[],"_links":{"self":[{"href":"https:\/\/agora.xtec.cat\/escola-gassoividal\/wp-json\/wp\/v2\/pages\/28","targetHints":{"allow":["GET"]}}],"collection":[{"href":"https:\/\/agora.xtec.cat\/escola-gassoividal\/wp-json\/wp\/v2\/pages"}],"about":[{"href":"https:\/\/agora.xtec.cat\/escola-gassoividal\/wp-json\/wp\/v2\/types\/page"}],"author":[{"embeddable":true,"href":"https:\/\/agora.xtec.cat\/escola-gassoividal\/wp-json\/wp\/v2\/users\/1"}],"replies":[{"embeddable":true,"href":"https:\/\/agora.xtec.cat\/escola-gassoividal\/wp-json\/wp\/v2\/comments?post=28"}],"version-history":[{"count":3,"href":"https:\/\/agora.xtec.cat\/escola-gassoividal\/wp-json\/wp\/v2\/pages\/28\/revisions"}],"predecessor-version":[{"id":599,"href":"https:\/\/agora.xtec.cat\/escola-gassoividal\/wp-json\/wp\/v2\/pages\/28\/revisions\/599"}],"up":[{"embeddable":true,"href":"https:\/\/agora.xtec.cat\/escola-gassoividal\/wp-json\/wp\/v2\/pages\/22"}],"wp:attachment":[{"href":"https:\/\/agora.xtec.cat\/escola-gassoividal\/wp-json\/wp\/v2\/media?parent=28"}],"curies":[{"name":"wp","href":"https:\/\/api.w.org\/{rel}","templated":true}]}}