{"id":73,"date":"2014-09-18T14:01:51","date_gmt":"2014-09-18T12:01:51","guid":{"rendered":"http:\/\/agora.xtec.cat\/escola-francescmacia\/?page_id=73"},"modified":"2025-02-28T13:00:26","modified_gmt":"2025-02-28T12:00:26","slug":"menjador-escolar","status":"publish","type":"page","link":"https:\/\/agora.xtec.cat\/escola-francescmacia\/serveis\/menjador-escolar\/","title":{"rendered":"Espai migdia"},"content":{"rendered":"<h2 class=\"font_2\" style=\"text-align: center;\">Servei de menjador<\/h2>\n<p class=\"font_8\">HORARI:<\/p>\n<ul>\n<li class=\"font_8\">De 12:30 a 14:30h. amb monitor\/es.<\/li>\n<\/ul>\n<p>&nbsp;<\/p>\n<p>Servei de cuina pr\u00f2pia.<\/p>\n<p>Els nens\/es d\u2019 I3 fan la migdiada despr\u00e9s de dinar.<\/p>\n<p>Fent clic <a href=\"https:\/\/agora.xtec.cat\/escola-francescmacia\/wp-content\/uploads\/usu1684\/2024\/02\/FRANCESC-MACIA-PORTES-OBERTES.pdf\">aqu\u00ed<\/a> podreu con\u00e8ixer m\u00e9s sobre el temps de migdia a l&#8217;escola Francesc Maci\u00e0.<\/p>\n<p>&nbsp;<\/p>\n<p><strong style=\"font-family: inherit; font-size: 1em;\">Equip de monitoratge 24-25<\/strong><\/p>\n<p><a href=\"https:\/\/agora.xtec.cat\/escola-francescmacia\/wp-content\/uploads\/usu1684\/2024\/11\/foto-monitors-FM.jpg\"><img loading=\"lazy\" decoding=\"async\" class=\"aligncenter size-full wp-image-4424\" src=\"https:\/\/agora.xtec.cat\/escola-francescmacia\/wp-content\/uploads\/usu1684\/2024\/11\/foto-monitors-FM.jpg\" alt=\"\" width=\"1008\" height=\"756\" srcset=\"https:\/\/agora.xtec.cat\/escola-francescmacia\/wp-content\/uploads\/usu1684\/2024\/11\/foto-monitors-FM.jpg 1008w, https:\/\/agora.xtec.cat\/escola-francescmacia\/wp-content\/uploads\/usu1684\/2024\/11\/foto-monitors-FM-300x225.jpg 300w, https:\/\/agora.xtec.cat\/escola-francescmacia\/wp-content\/uploads\/usu1684\/2024\/11\/foto-monitors-FM-768x576.jpg 768w, https:\/\/agora.xtec.cat\/escola-francescmacia\/wp-content\/uploads\/usu1684\/2024\/11\/foto-monitors-FM-200x150.jpg 200w\" sizes=\"auto, (max-width: 1008px) 100vw, 1008px\" \/><\/a><\/p>\n","protected":false},"excerpt":{"rendered":"<p>Servei de menjador<br \/>\nHORARI:<\/p>\n<ul>\n<li class=\"font_8\">De 12:30 a 14:30h. amb monitor\/es.<\/li>\n<\/ul>\n<p>&nbsp;<br \/>\nServei de cuina pr\u00f2pia.<br \/>\nEls nens\/es d\u2019 I3 fan la migdiada despr\u00e9s de dinar.<br \/>\nFent clic <a href=\"https:\/\/agora.xtec.cat\/escola-francescmacia\/wp-content\/uploads\/usu1684\/2024\/02\/FRANCESC-MACIA-PORTES-OBERTES.pdf\">aqu\u00ed<\/a> podreu con\u00e8ixer m\u00e9s sobre el temps de migdia a l&#8217;escola Francesc Maci\u00e0.<br \/>\n&nbsp;<br \/>\nEquip de monitoratge 24-25<br \/>\n<a href=\"https:\/\/agora.xtec.cat\/escola-francescmacia\/wp-content\/uploads\/usu1684\/2024\/11\/foto-monitors-FM.jpg\"><\/a><\/p>\n","protected":false},"author":1,"featured_media":0,"parent":66,"menu_order":30,"comment_status":"closed","ping_status":"closed","template":"page-templates\/side-menu.php","meta":{"_bbp_topic_count":0,"_bbp_reply_count":0,"_bbp_total_topic_count":0,"_bbp_total_reply_count":0,"_bbp_voice_count":0,"_bbp_anonymous_reply_count":0,"_bbp_topic_count_hidden":0,"_bbp_reply_count_hidden":0,"_bbp_forum_subforum_count":0,"footnotes":""},"class_list":["post-73","page","type-page","status-publish","hentry"],"post_mailing_queue_ids":[],"_links":{"self":[{"href":"https:\/\/agora.xtec.cat\/escola-francescmacia\/wp-json\/wp\/v2\/pages\/73","targetHints":{"allow":["GET"]}}],"collection":[{"href":"https:\/\/agora.xtec.cat\/escola-francescmacia\/wp-json\/wp\/v2\/pages"}],"about":[{"href":"https:\/\/agora.xtec.cat\/escola-francescmacia\/wp-json\/wp\/v2\/types\/page"}],"author":[{"embeddable":true,"href":"https:\/\/agora.xtec.cat\/escola-francescmacia\/wp-json\/wp\/v2\/users\/1"}],"replies":[{"embeddable":true,"href":"https:\/\/agora.xtec.cat\/escola-francescmacia\/wp-json\/wp\/v2\/comments?post=73"}],"version-history":[{"count":7,"href":"https:\/\/agora.xtec.cat\/escola-francescmacia\/wp-json\/wp\/v2\/pages\/73\/revisions"}],"predecessor-version":[{"id":4555,"href":"https:\/\/agora.xtec.cat\/escola-francescmacia\/wp-json\/wp\/v2\/pages\/73\/revisions\/4555"}],"up":[{"embeddable":true,"href":"https:\/\/agora.xtec.cat\/escola-francescmacia\/wp-json\/wp\/v2\/pages\/66"}],"wp:attachment":[{"href":"https:\/\/agora.xtec.cat\/escola-francescmacia\/wp-json\/wp\/v2\/media?parent=73"}],"curies":[{"name":"wp","href":"https:\/\/api.w.org\/{rel}","templated":true}]}}