{"id":704,"date":"2018-01-29T13:50:19","date_gmt":"2018-01-29T12:50:19","guid":{"rendered":"http:\/\/agora.xtec.cat\/escola-francescmacia\/?page_id=704"},"modified":"2025-02-25T13:24:09","modified_gmt":"2025-02-25T12:24:09","slug":"festes","status":"publish","type":"page","link":"https:\/\/agora.xtec.cat\/escola-francescmacia\/festes\/","title":{"rendered":"FESTES I CELEBRACIONS"},"content":{"rendered":"<p><strong>DENIP<\/strong><\/p>\n<p>El passat 30 de gener, vam celebrar el Dia Escolar de la No-viol\u00e8ncia i la Pau. Vam cantar a can\u00e7\u00f3 conjunta per recordar la import\u00e0ncia de la PAU al M\u00d3N i vam omplir l&#8217;escola de desitjos d&#8217;amor.<\/p>\n<p><a href=\"https:\/\/agora.xtec.cat\/escola-francescmacia\/wp-content\/uploads\/usu1684\/2025\/02\/IMG_9666.jpg\"><img loading=\"lazy\" decoding=\"async\" class=\"aligncenter size-full wp-image-4549\" src=\"https:\/\/agora.xtec.cat\/escola-francescmacia\/wp-content\/uploads\/usu1684\/2025\/02\/IMG_9666.jpg\" alt=\"\" width=\"756\" height=\"1008\" srcset=\"https:\/\/agora.xtec.cat\/escola-francescmacia\/wp-content\/uploads\/usu1684\/2025\/02\/IMG_9666.jpg 756w, https:\/\/agora.xtec.cat\/escola-francescmacia\/wp-content\/uploads\/usu1684\/2025\/02\/IMG_9666-225x300.jpg 225w\" sizes=\"auto, (max-width: 756px) 100vw, 756px\" \/><\/a> <a href=\"https:\/\/agora.xtec.cat\/escola-francescmacia\/wp-content\/uploads\/usu1684\/2025\/02\/IMG_9661.jpg\"><img loading=\"lazy\" decoding=\"async\" class=\"aligncenter size-full wp-image-4550\" src=\"https:\/\/agora.xtec.cat\/escola-francescmacia\/wp-content\/uploads\/usu1684\/2025\/02\/IMG_9661.jpg\" alt=\"\" width=\"927\" height=\"693\" srcset=\"https:\/\/agora.xtec.cat\/escola-francescmacia\/wp-content\/uploads\/usu1684\/2025\/02\/IMG_9661.jpg 927w, https:\/\/agora.xtec.cat\/escola-francescmacia\/wp-content\/uploads\/usu1684\/2025\/02\/IMG_9661-300x224.jpg 300w, https:\/\/agora.xtec.cat\/escola-francescmacia\/wp-content\/uploads\/usu1684\/2025\/02\/IMG_9661-768x574.jpg 768w, https:\/\/agora.xtec.cat\/escola-francescmacia\/wp-content\/uploads\/usu1684\/2025\/02\/IMG_9661-200x150.jpg 200w\" sizes=\"auto, (max-width: 927px) 100vw, 927px\" \/><\/a> <a href=\"https:\/\/agora.xtec.cat\/escola-francescmacia\/wp-content\/uploads\/usu1684\/2025\/02\/IMG_0233-1.jpg\"><img loading=\"lazy\" decoding=\"async\" class=\"aligncenter size-full wp-image-4551\" src=\"https:\/\/agora.xtec.cat\/escola-francescmacia\/wp-content\/uploads\/usu1684\/2025\/02\/IMG_0233-1.jpg\" alt=\"\" width=\"536\" height=\"714\" srcset=\"https:\/\/agora.xtec.cat\/escola-francescmacia\/wp-content\/uploads\/usu1684\/2025\/02\/IMG_0233-1.jpg 536w, https:\/\/agora.xtec.cat\/escola-francescmacia\/wp-content\/uploads\/usu1684\/2025\/02\/IMG_0233-1-225x300.jpg 225w\" sizes=\"auto, (max-width: 536px) 100vw, 536px\" \/><\/a> <a href=\"https:\/\/agora.xtec.cat\/escola-francescmacia\/wp-content\/uploads\/usu1684\/2025\/02\/IMG_5905.jpg\"><img loading=\"lazy\" decoding=\"async\" class=\"aligncenter size-full wp-image-4552\" src=\"https:\/\/agora.xtec.cat\/escola-francescmacia\/wp-content\/uploads\/usu1684\/2025\/02\/IMG_5905.jpg\" alt=\"\" width=\"1428\" height=\"1071\" srcset=\"https:\/\/agora.xtec.cat\/escola-francescmacia\/wp-content\/uploads\/usu1684\/2025\/02\/IMG_5905.jpg 1428w, https:\/\/agora.xtec.cat\/escola-francescmacia\/wp-content\/uploads\/usu1684\/2025\/02\/IMG_5905-300x225.jpg 300w, https:\/\/agora.xtec.cat\/escola-francescmacia\/wp-content\/uploads\/usu1684\/2025\/02\/IMG_5905-1024x768.jpg 1024w, https:\/\/agora.xtec.cat\/escola-francescmacia\/wp-content\/uploads\/usu1684\/2025\/02\/IMG_5905-768x576.jpg 768w, https:\/\/agora.xtec.cat\/escola-francescmacia\/wp-content\/uploads\/usu1684\/2025\/02\/IMG_5905-200x150.jpg 200w\" sizes=\"auto, (max-width: 1428px) 100vw, 1428px\" \/><\/a><\/p>\n","protected":false},"excerpt":{"rendered":"<p>DENIP<br \/>\nEl passat 30 de gener, vam celebrar el Dia Escolar de la No-viol\u00e8ncia i la Pau. Vam cantar a can\u00e7\u00f3 conjunta per recordar la import\u00e0ncia de la PAU al M\u00d3N i vam omplir l&#8217;escola de desitjos d&#8217;amor.<br \/>\n<a href=\"https:\/\/agora.xtec.cat\/escola-francescmacia\/wp-content\/uploads\/usu1684\/2025\/02\/IMG_9666.jpg\"><\/a> <a href=\"https:\/\/agora.xtec.cat\/escola-francescmacia\/wp-content\/uploads\/usu1684\/2025\/02\/IMG_9661.jpg\"><\/a> <a href=\"https:\/\/agora.xtec.cat\/escola-francescmacia\/wp-content\/uploads\/usu1684\/2025\/02\/IMG_0233-1.jpg\"><\/a> <a href=\"https:\/\/agora.xtec.cat\/escola-francescmacia\/wp-content\/uploads\/usu1684\/2025\/02\/IMG_5905.jpg\"><\/a><\/p>\n","protected":false},"author":1,"featured_media":0,"parent":0,"menu_order":0,"comment_status":"closed","ping_status":"closed","template":"","meta":{"_bbp_topic_count":0,"_bbp_reply_count":0,"_bbp_total_topic_count":0,"_bbp_total_reply_count":0,"_bbp_voice_count":0,"_bbp_anonymous_reply_count":0,"_bbp_topic_count_hidden":0,"_bbp_reply_count_hidden":0,"_bbp_forum_subforum_count":0,"footnotes":""},"class_list":["post-704","page","type-page","status-publish","hentry"],"post_mailing_queue_ids":[],"_links":{"self":[{"href":"https:\/\/agora.xtec.cat\/escola-francescmacia\/wp-json\/wp\/v2\/pages\/704","targetHints":{"allow":["GET"]}}],"collection":[{"href":"https:\/\/agora.xtec.cat\/escola-francescmacia\/wp-json\/wp\/v2\/pages"}],"about":[{"href":"https:\/\/agora.xtec.cat\/escola-francescmacia\/wp-json\/wp\/v2\/types\/page"}],"author":[{"embeddable":true,"href":"https:\/\/agora.xtec.cat\/escola-francescmacia\/wp-json\/wp\/v2\/users\/1"}],"replies":[{"embeddable":true,"href":"https:\/\/agora.xtec.cat\/escola-francescmacia\/wp-json\/wp\/v2\/comments?post=704"}],"version-history":[{"count":5,"href":"https:\/\/agora.xtec.cat\/escola-francescmacia\/wp-json\/wp\/v2\/pages\/704\/revisions"}],"predecessor-version":[{"id":4554,"href":"https:\/\/agora.xtec.cat\/escola-francescmacia\/wp-json\/wp\/v2\/pages\/704\/revisions\/4554"}],"wp:attachment":[{"href":"https:\/\/agora.xtec.cat\/escola-francescmacia\/wp-json\/wp\/v2\/media?parent=704"}],"curies":[{"name":"wp","href":"https:\/\/api.w.org\/{rel}","templated":true}]}}