{"id":538,"date":"2017-11-09T11:55:33","date_gmt":"2017-11-09T10:55:33","guid":{"rendered":"http:\/\/agora.xtec.cat\/escola-francescmacia\/?page_id=538"},"modified":"2025-11-11T13:01:43","modified_gmt":"2025-11-11T12:01:43","slug":"comunitat-de-grans","status":"publish","type":"page","link":"https:\/\/agora.xtec.cat\/escola-francescmacia\/nivells\/comunitat-de-grans\/","title":{"rendered":"Comunitat de Grans"},"content":{"rendered":"<p>\r\n\t<div class=\"slideshow_container slideshow_container_style-light\" style=\"height: 300px; \" data-slideshow-id=\"1379\" data-style-name=\"style-light\" data-style-version=\"2.3.1\" >\r\n\r\n\t\t\t\t\t<div class=\"slideshow_loading_icon\"><\/div>\r\n\t\t\r\n\t\t<div class=\"slideshow_content\" style=\"display: none;\">\r\n\r\n\t\t\t<div class=\"slideshow_view\">\r\n\t\t\t\t<div class=\"slideshow_slide slideshow_slide_image\">\r\n\t\t\t\t\t\t\t\t\t\t\t<img src=\"https:\/\/agora.xtec.cat\/escola-francescmacia\/wp-content\/uploads\/usu1684\/2019\/02\/unitats-mesura.jpg\" alt=\"unitats mesura\" width=\"960\" height=\"720\" \/>\r\n\t\t\t\t\t\t\t\t\t\t<div class=\"slideshow_description_box slideshow_transparent\">\r\n\t\t\t\t\t\t<div class=\"slideshow_title\">unitats mesura<\/div>\t\t\t\t\t\t\t\t\t\t\t<\/div>\r\n\t\t\t\t<\/div>\r\n\r\n\t\t\t\t\t\t<div style=\"clear: both;\"><\/div><\/div><div class=\"slideshow_view\">\r\n\t\t\t\t<div class=\"slideshow_slide slideshow_slide_image\">\r\n\t\t\t\t\t\t\t\t\t\t\t<img src=\"https:\/\/agora.xtec.cat\/escola-francescmacia\/wp-content\/uploads\/usu1684\/2019\/02\/romans.jpg\" alt=\"romans\" width=\"960\" height=\"720\" \/>\r\n\t\t\t\t\t\t\t\t\t\t<div class=\"slideshow_description_box slideshow_transparent\">\r\n\t\t\t\t\t\t<div class=\"slideshow_title\">romans<\/div>\t\t\t\t\t\t\t\t\t\t\t<\/div>\r\n\t\t\t\t<\/div>\r\n\r\n\t\t\t\t\t\t<div style=\"clear: both;\"><\/div><\/div><div class=\"slideshow_view\">\r\n\t\t\t\t<div class=\"slideshow_slide slideshow_slide_image\">\r\n\t\t\t\t\t\t\t\t\t\t\t<img src=\"https:\/\/agora.xtec.cat\/escola-francescmacia\/wp-content\/uploads\/usu1684\/2019\/02\/problemes.jpg\" alt=\"problemes\" width=\"960\" height=\"720\" \/>\r\n\t\t\t\t\t\t\t\t\t\t<div class=\"slideshow_description_box slideshow_transparent\">\r\n\t\t\t\t\t\t<div class=\"slideshow_title\">problemes<\/div>\t\t\t\t\t\t\t\t\t\t\t<\/div>\r\n\t\t\t\t<\/div>\r\n\r\n\t\t\t\t\t\t<div style=\"clear: both;\"><\/div><\/div><div class=\"slideshow_view\">\r\n\t\t\t\t<div class=\"slideshow_slide slideshow_slide_image\">\r\n\t\t\t\t\t\t\t\t\t\t\t<img src=\"https:\/\/agora.xtec.cat\/escola-francescmacia\/wp-content\/uploads\/usu1684\/2019\/02\/noms-classe.jpg\" alt=\"noms classe\" width=\"960\" height=\"720\" \/>\r\n\t\t\t\t\t\t\t\t\t\t<div class=\"slideshow_description_box slideshow_transparent\">\r\n\t\t\t\t\t\t<div class=\"slideshow_title\">noms classe<\/div>\t\t\t\t\t\t\t\t\t\t\t<\/div>\r\n\t\t\t\t<\/div>\r\n\r\n\t\t\t\t\t\t<div style=\"clear: both;\"><\/div><\/div><div class=\"slideshow_view\">\r\n\t\t\t\t<div class=\"slideshow_slide slideshow_slide_image\">\r\n\t\t\t\t\t\t\t\t\t\t\t<img src=\"https:\/\/agora.xtec.cat\/escola-francescmacia\/wp-content\/uploads\/usu1684\/2019\/02\/mascares.jpg\" alt=\"mascares\" width=\"960\" height=\"720\" \/>\r\n\t\t\t\t\t\t\t\t\t\t<div class=\"slideshow_description_box slideshow_transparent\">\r\n\t\t\t\t\t\t<div class=\"slideshow_title\">mascares<\/div>\t\t\t\t\t\t\t\t\t\t\t<\/div>\r\n\t\t\t\t<\/div>\r\n\r\n\t\t\t\t\t\t<div style=\"clear: both;\"><\/div><\/div><div class=\"slideshow_view\">\r\n\t\t\t\t<div class=\"slideshow_slide slideshow_slide_image\">\r\n\t\t\t\t\t\t\t\t\t\t\t<img src=\"https:\/\/agora.xtec.cat\/escola-francescmacia\/wp-content\/uploads\/usu1684\/2019\/02\/experiment-2.jpg\" alt=\"experiment 2\" width=\"960\" height=\"720\" \/>\r\n\t\t\t\t\t\t\t\t\t\t<div class=\"slideshow_description_box slideshow_transparent\">\r\n\t\t\t\t\t\t<div class=\"slideshow_title\">experiment 2<\/div>\t\t\t\t\t\t\t\t\t\t\t<\/div>\r\n\t\t\t\t<\/div>\r\n\r\n\t\t\t\t\t\t<div style=\"clear: both;\"><\/div><\/div><div class=\"slideshow_view\">\r\n\t\t\t\t<div class=\"slideshow_slide slideshow_slide_image\">\r\n\t\t\t\t\t\t\t\t\t\t\t<img src=\"https:\/\/agora.xtec.cat\/escola-francescmacia\/wp-content\/uploads\/usu1684\/2019\/02\/experiment-1.jpg\" alt=\"experiment 1\" width=\"960\" height=\"720\" \/>\r\n\t\t\t\t\t\t\t\t\t\t<div class=\"slideshow_description_box slideshow_transparent\">\r\n\t\t\t\t\t\t<div class=\"slideshow_title\">experiment 1<\/div>\t\t\t\t\t\t\t\t\t\t\t<\/div>\r\n\t\t\t\t<\/div>\r\n\r\n\t\t\t\t\t\t<div style=\"clear: both;\"><\/div><\/div><div class=\"slideshow_view\">\r\n\t\t\t\t<div class=\"slideshow_slide slideshow_slide_image\">\r\n\t\t\t\t\t\t\t\t\t\t\t<img src=\"https:\/\/agora.xtec.cat\/escola-francescmacia\/wp-content\/uploads\/usu1684\/2019\/02\/compra.jpg\" alt=\"compra\" width=\"720\" height=\"960\" \/>\r\n\t\t\t\t\t\t\t\t\t\t<div class=\"slideshow_description_box slideshow_transparent\">\r\n\t\t\t\t\t\t<div class=\"slideshow_title\">compra<\/div>\t\t\t\t\t\t\t\t\t\t\t<\/div>\r\n\t\t\t\t<\/div>\r\n\r\n\t\t\t\t\t\t<div style=\"clear: both;\"><\/div><\/div><div class=\"slideshow_view\">\r\n\t\t\t\t<div class=\"slideshow_slide slideshow_slide_image\">\r\n\t\t\t\t\t\t\t\t\t\t\t<img src=\"https:\/\/agora.xtec.cat\/escola-francescmacia\/wp-content\/uploads\/usu1684\/2019\/02\/comarques.jpg\" alt=\"comarques\" width=\"960\" height=\"720\" \/>\r\n\t\t\t\t\t\t\t\t\t\t<div class=\"slideshow_description_box slideshow_transparent\">\r\n\t\t\t\t\t\t<div class=\"slideshow_title\">comarques<\/div>\t\t\t\t\t\t\t\t\t\t\t<\/div>\r\n\t\t\t\t<\/div>\r\n\r\n\t\t\t\t\t\t<div style=\"clear: both;\"><\/div><\/div>\r\n\t\t<\/div>\r\n\r\n\t\t<div class=\"slideshow_controlPanel slideshow_transparent\" style=\"display: none;\"><ul><li class=\"slideshow_togglePlay\" data-play-text=\"Visualitza\" data-pause-text=\"Pausa\"><\/li><\/ul><\/div>\r\n\r\n\t\t<div class=\"slideshow_button slideshow_previous slideshow_transparent\" role=\"button\" data-previous-text=\"Anterior\" style=\"display: none;\"><\/div>\r\n\t\t<div class=\"slideshow_button slideshow_next slideshow_transparent\" role=\"button\" data-next-text=\"Seg\u00fcent\" style=\"display: none;\"><\/div>\r\n\r\n\t\t<div class=\"slideshow_pagination\" style=\"display: none;\" data-go-to-text=\"V\u00e9s a la diapositiva\"><div class=\"slideshow_pagination_center\"><\/div><\/div>\r\n\r\n\t\t<!-- WordPress Slideshow Version 2.3.1 -->\r\n\r\n\t\t\t<\/div>\r\n\r\nCOM TREBALLEM?<\/p>\n<p>&nbsp;<\/p>\n<ul>\n<li><em><strong>Plans de treball<\/strong><\/em><\/li>\n<\/ul>\n<p>Els Plans de Treball s\u00f3n l\u2019evoluci\u00f3 l\u00f2gica dels Racons d\u2019Aprenentatge. Els objectius i els processos s\u00f3n els mateixos. El que canvia \u00e9s la manera de gestionar aquests. Aix\u00ed, l\u2019aula ja no es divideix per espais sin\u00f3 que cada alumne\/a t\u00e9 el seu lloc assignat a excepci\u00f3 d\u2018inform\u00e0tica i la franja de lectura.<\/p>\n<p>&nbsp;<\/p>\n<ul>\n<li><strong><em>Situacions d&#8217;aprenentatge<\/em><\/strong><\/li>\n<\/ul>\n<p>El treball per situacions d\u2019aprenentatge pret\u00e9n que l\u2019alumnat sigui el protagonista de l\u2019aprenentatge per\u00f2 tractant els continguts d\u2019una manera m\u00e9s global i en un entorn m\u00e9s col\u00b7laboratiu. Les situacions d\u2019aprenentatge es realitzaran a l\u2019\u00c0rea de Medi Social i Natural i l\u2019alumnat, previ consens del grup-classe, protagonitzar\u00e0 una recerca i investigaci\u00f3 sobre all\u00f2 que sigui del seu inter\u00e8s.<\/p>\n<p>&nbsp;<\/p>\n<ul>\n<li><strong><em>Tallers d\u2019Educaci\u00f3 art\u00edstica, visual i pl\u00e0stica<\/em><\/strong><\/li>\n<\/ul>\n<p>Amb l\u2019objectiu de fomentar el vincle entre els diferents grups \u2013 classe, l\u2019\u00e0rea d\u2019Educaci\u00f3 art\u00edstica, visual i pl\u00e0stica es dinamitza mitjan\u00e7ant tallers. Cada comunitat (tres grups classe) mitjan\u00e7ant quatre mestres, estableix quatre tallers. En aquests tallers es fan quatre activitats pl\u00e0stiques diferents i amb alumnat dels tres cursos. Un cop acabat el taller tots els grups roten i fan un altre taller. Aix\u00ed fins completar els quatre. Quan es finalitzen els quatre tallers, se\u2019n proposen de nous.<\/p>\n<p>&nbsp;<\/p>\n","protected":false},"excerpt":{"rendered":"<p>\t\t\t\t\t\tunitats mesura\t\t\t\t\t\t\t\t\t\t\t<\/p>\n<p>\t\t\t\t\t\tromans\t\t\t\t\t\t\t\t\t\t\t<\/p>\n<p>\t\t\t\t\t\tproblemes\t\t\t\t\t\t\t\t\t\t\t<\/p>\n<p>\t\t\t\t\t\tnoms classe\t\t\t\t\t\t\t\t\t\t\t<\/p>\n<p>\t\t\t\t\t\tmascares\t\t\t\t\t\t\t\t\t\t\t<\/p>\n<p>\t\t\t\t\t\texperiment 2\t\t\t\t\t\t\t\t\t\t\t<\/p>\n<p>\t\t\t\t\t\texperiment 1\t\t\t\t\t\t\t\t\t\t\t<\/p>\n<p>\t\t\t\t\t\tcompra\t\t\t\t\t\t\t\t\t\t\t<\/p>\n<p>\t\t\t\t\t\tcomarques\t\t\t\t\t\t\t\t\t\t\t<\/p>\n<ul>\n<li class=\"slideshow_togglePlay\" data-play-text=\"Visualitza\" data-pause-text=\"Pausa\"><\/li>\n<\/ul>\n<p>COM TREBALLEM?<br \/>\n&nbsp;<\/p>\n<ul>\n<li>Plans de treball<\/li>\n<\/ul>\n<p>Els Plans de Treball s\u00f3n l\u2019evoluci\u00f3 l\u00f2gica dels Racons d\u2019Aprenentatge. Els objectius i els processos s\u00f3n els mateixos. El que canvia \u00e9s la manera de gestionar aquests. Aix\u00ed, l\u2019aula ja no es divideix per espais&hellip;  <a href=\"https:\/\/agora.xtec.cat\/escola-francescmacia\/nivells\/comunitat-de-grans\/\" title=\"Read Comunitat de Grans\">Llegeix m\u00e9s\u00bb<\/a><\/p>\n","protected":false},"author":1,"featured_media":0,"parent":87,"menu_order":0,"comment_status":"closed","ping_status":"closed","template":"","meta":{"_bbp_topic_count":0,"_bbp_reply_count":0,"_bbp_total_topic_count":0,"_bbp_total_reply_count":0,"_bbp_voice_count":0,"_bbp_anonymous_reply_count":0,"_bbp_topic_count_hidden":0,"_bbp_reply_count_hidden":0,"_bbp_forum_subforum_count":0,"footnotes":""},"class_list":["post-538","page","type-page","status-publish","hentry"],"post_mailing_queue_ids":[],"_links":{"self":[{"href":"https:\/\/agora.xtec.cat\/escola-francescmacia\/wp-json\/wp\/v2\/pages\/538","targetHints":{"allow":["GET"]}}],"collection":[{"href":"https:\/\/agora.xtec.cat\/escola-francescmacia\/wp-json\/wp\/v2\/pages"}],"about":[{"href":"https:\/\/agora.xtec.cat\/escola-francescmacia\/wp-json\/wp\/v2\/types\/page"}],"author":[{"embeddable":true,"href":"https:\/\/agora.xtec.cat\/escola-francescmacia\/wp-json\/wp\/v2\/users\/1"}],"replies":[{"embeddable":true,"href":"https:\/\/agora.xtec.cat\/escola-francescmacia\/wp-json\/wp\/v2\/comments?post=538"}],"version-history":[{"count":8,"href":"https:\/\/agora.xtec.cat\/escola-francescmacia\/wp-json\/wp\/v2\/pages\/538\/revisions"}],"predecessor-version":[{"id":4658,"href":"https:\/\/agora.xtec.cat\/escola-francescmacia\/wp-json\/wp\/v2\/pages\/538\/revisions\/4658"}],"up":[{"embeddable":true,"href":"https:\/\/agora.xtec.cat\/escola-francescmacia\/wp-json\/wp\/v2\/pages\/87"}],"wp:attachment":[{"href":"https:\/\/agora.xtec.cat\/escola-francescmacia\/wp-json\/wp\/v2\/media?parent=538"}],"curies":[{"name":"wp","href":"https:\/\/api.w.org\/{rel}","templated":true}]}}