{"id":536,"date":"2017-11-09T11:55:21","date_gmt":"2017-11-09T10:55:21","guid":{"rendered":"http:\/\/agora.xtec.cat\/escola-francescmacia\/?page_id=536"},"modified":"2025-01-31T15:23:38","modified_gmt":"2025-01-31T14:23:38","slug":"comunitat-de-mitjans","status":"publish","type":"page","link":"https:\/\/agora.xtec.cat\/escola-francescmacia\/nivells\/comunitat-de-mitjans\/","title":{"rendered":"Comunitat de Mitjanes"},"content":{"rendered":"<p>\r\n\t<div class=\"slideshow_container slideshow_container_style-light\" style=\"height: 300px; \" data-slideshow-id=\"1370\" data-style-name=\"style-light\" data-style-version=\"2.3.1\" >\r\n\r\n\t\t\t\t\t<div class=\"slideshow_loading_icon\"><\/div>\r\n\t\t\r\n\t\t<div class=\"slideshow_content\" style=\"display: none;\">\r\n\r\n\t\t\t<div class=\"slideshow_view\">\r\n\t\t\t\t<div class=\"slideshow_slide slideshow_slide_image\">\r\n\t\t\t\t\t\t\t\t\t\t\t<img src=\"https:\/\/agora.xtec.cat\/escola-francescmacia\/wp-content\/uploads\/usu1684\/2019\/02\/transportador.jpg\" alt=\"transportador\" width=\"960\" height=\"720\" \/>\r\n\t\t\t\t\t\t\t\t\t\t<div class=\"slideshow_description_box slideshow_transparent\">\r\n\t\t\t\t\t\t<div class=\"slideshow_title\">transportador<\/div>\t\t\t\t\t\t\t\t\t\t\t<\/div>\r\n\t\t\t\t<\/div>\r\n\r\n\t\t\t\t\t\t<div style=\"clear: both;\"><\/div><\/div><div class=\"slideshow_view\">\r\n\t\t\t\t<div class=\"slideshow_slide slideshow_slide_image\">\r\n\t\t\t\t\t\t\t\t\t\t\t<img src=\"https:\/\/agora.xtec.cat\/escola-francescmacia\/wp-content\/uploads\/usu1684\/2019\/02\/SUMES-REGLETS.jpg\" alt=\"SUMES REGLETS\" width=\"640\" height=\"480\" \/>\r\n\t\t\t\t\t\t\t\t\t\t<div class=\"slideshow_description_box slideshow_transparent\">\r\n\t\t\t\t\t\t<div class=\"slideshow_title\">SUMES REGLETS<\/div>\t\t\t\t\t\t\t\t\t\t\t<\/div>\r\n\t\t\t\t<\/div>\r\n\r\n\t\t\t\t\t\t<div style=\"clear: both;\"><\/div><\/div><div class=\"slideshow_view\">\r\n\t\t\t\t<div class=\"slideshow_slide slideshow_slide_image\">\r\n\t\t\t\t\t\t\t\t\t\t\t<img src=\"https:\/\/agora.xtec.cat\/escola-francescmacia\/wp-content\/uploads\/usu1684\/2019\/02\/SUBSTANTIUS-VERBS.jpg\" alt=\"SUBSTANTIUS VERBS\" width=\"640\" height=\"480\" \/>\r\n\t\t\t\t\t\t\t\t\t\t<div class=\"slideshow_description_box slideshow_transparent\">\r\n\t\t\t\t\t\t<div class=\"slideshow_title\">SUBSTANTIUS VERBS<\/div>\t\t\t\t\t\t\t\t\t\t\t<\/div>\r\n\t\t\t\t<\/div>\r\n\r\n\t\t\t\t\t\t<div style=\"clear: both;\"><\/div><\/div><div class=\"slideshow_view\">\r\n\t\t\t\t<div class=\"slideshow_slide slideshow_slide_image\">\r\n\t\t\t\t\t\t\t\t\t\t\t<img src=\"https:\/\/agora.xtec.cat\/escola-francescmacia\/wp-content\/uploads\/usu1684\/2019\/02\/pes.jpg\" alt=\"pes\" width=\"960\" height=\"720\" \/>\r\n\t\t\t\t\t\t\t\t\t\t<div class=\"slideshow_description_box slideshow_transparent\">\r\n\t\t\t\t\t\t<div class=\"slideshow_title\">pes<\/div>\t\t\t\t\t\t\t\t\t\t\t<\/div>\r\n\t\t\t\t<\/div>\r\n\r\n\t\t\t\t\t\t<div style=\"clear: both;\"><\/div><\/div><div class=\"slideshow_view\">\r\n\t\t\t\t<div class=\"slideshow_slide slideshow_slide_image\">\r\n\t\t\t\t\t\t\t\t\t\t\t<img src=\"https:\/\/agora.xtec.cat\/escola-francescmacia\/wp-content\/uploads\/usu1684\/2019\/02\/PES-2.jpg\" alt=\"PES (2)\" width=\"640\" height=\"480\" \/>\r\n\t\t\t\t\t\t\t\t\t\t<div class=\"slideshow_description_box slideshow_transparent\">\r\n\t\t\t\t\t\t<div class=\"slideshow_title\">PES (2)<\/div>\t\t\t\t\t\t\t\t\t\t\t<\/div>\r\n\t\t\t\t<\/div>\r\n\r\n\t\t\t\t\t\t<div style=\"clear: both;\"><\/div><\/div><div class=\"slideshow_view\">\r\n\t\t\t\t<div class=\"slideshow_slide slideshow_slide_image\">\r\n\t\t\t\t\t\t\t\t\t\t\t<img src=\"https:\/\/agora.xtec.cat\/escola-francescmacia\/wp-content\/uploads\/usu1684\/2019\/02\/pediatra.jpg\" alt=\"pediatra\" width=\"960\" height=\"720\" \/>\r\n\t\t\t\t\t\t\t\t\t\t<div class=\"slideshow_description_box slideshow_transparent\">\r\n\t\t\t\t\t\t<div class=\"slideshow_title\">pediatra<\/div>\t\t\t\t\t\t\t\t\t\t\t<\/div>\r\n\t\t\t\t<\/div>\r\n\r\n\t\t\t\t\t\t<div style=\"clear: both;\"><\/div><\/div><div class=\"slideshow_view\">\r\n\t\t\t\t<div class=\"slideshow_slide slideshow_slide_image\">\r\n\t\t\t\t\t\t\t\t\t\t\t<img src=\"https:\/\/agora.xtec.cat\/escola-francescmacia\/wp-content\/uploads\/usu1684\/2019\/02\/euros.jpg\" alt=\"euros\" width=\"960\" height=\"720\" \/>\r\n\t\t\t\t\t\t\t\t\t\t<div class=\"slideshow_description_box slideshow_transparent\">\r\n\t\t\t\t\t\t<div class=\"slideshow_title\">euros<\/div>\t\t\t\t\t\t\t\t\t\t\t<\/div>\r\n\t\t\t\t<\/div>\r\n\r\n\t\t\t\t\t\t<div style=\"clear: both;\"><\/div><\/div><div class=\"slideshow_view\">\r\n\t\t\t\t<div class=\"slideshow_slide slideshow_slide_image\">\r\n\t\t\t\t\t\t\t\t\t\t\t<img src=\"https:\/\/agora.xtec.cat\/escola-francescmacia\/wp-content\/uploads\/usu1684\/2019\/02\/cossos.jpg\" alt=\"cossos\" width=\"960\" height=\"720\" \/>\r\n\t\t\t\t\t\t\t\t\t\t<div class=\"slideshow_description_box slideshow_transparent\">\r\n\t\t\t\t\t\t<div class=\"slideshow_title\">cossos<\/div>\t\t\t\t\t\t\t\t\t\t\t<\/div>\r\n\t\t\t\t<\/div>\r\n\r\n\t\t\t\t\t\t<div style=\"clear: both;\"><\/div><\/div>\r\n\t\t<\/div>\r\n\r\n\t\t<div class=\"slideshow_controlPanel slideshow_transparent\" style=\"display: none;\"><ul><li class=\"slideshow_togglePlay\" data-play-text=\"Visualitza\" data-pause-text=\"Pausa\"><\/li><\/ul><\/div>\r\n\r\n\t\t<div class=\"slideshow_button slideshow_previous slideshow_transparent\" role=\"button\" data-previous-text=\"Anterior\" style=\"display: none;\"><\/div>\r\n\t\t<div class=\"slideshow_button slideshow_next slideshow_transparent\" role=\"button\" data-next-text=\"Seg\u00fcent\" style=\"display: none;\"><\/div>\r\n\r\n\t\t<div class=\"slideshow_pagination\" style=\"display: none;\" data-go-to-text=\"V\u00e9s a la diapositiva\"><div class=\"slideshow_pagination_center\"><\/div><\/div>\r\n\r\n\t\t<!-- WordPress Slideshow Version 2.3.1 -->\r\n\r\n\t\t\t<\/div>\r\n\r\nCOM TREBALLEM?<\/p>\n<p>&nbsp;<\/p>\n<ul>\n<li><em><strong>Els Racons d\u2019Aprenentatge<\/strong><\/em><\/li>\n<\/ul>\n<p>Els Racons d\u2019Aprenentatge \u00e9s la metodologia d\u2019aula des de 1r fins a 3r de Prim\u00e0ria. \u00c9s un m\u00e8tode d\u2019aprenentatge basat en establir petits espais d\u2019aprenentatges a l\u2019aula. Cada rac\u00f3 t\u00e9 un espai adjudicat. Els racons es van renovant segons la din\u00e0mica del grup i l\u2019assoliment que es va fent d\u2019aquests.<br \/>\nSegons el tipus d\u2019activitat, alguns racons necessiten ser dirigits pel mestre. En d\u2019altres, els nens\/es poden funcionar amb for\u00e7a autonomia. Aquesta nova manera de fer ens permet dedicar una atenci\u00f3 m\u00e9s individualitzada a cada nen\/a, planificant, si s\u2019escau, activitats d\u2019aprenentatge adaptades als seus interessos i necessitats, tenint en compte sobretot, els diferents ritmes d\u2019aprenentatge que es poden trobar dins d\u2019una aula.<\/p>\n<p>&nbsp;<\/p>\n<ul>\n<li><em><strong>Situacions d&#8217;aprenentatge<\/strong><\/em><\/li>\n<\/ul>\n<p>El treball per situacions d&#8217;aprenentatge pret\u00e9n que l\u2019alumnat sigui el protagonista de l\u2019aprenentatge per\u00f2 tractant els continguts d\u2019una manera m\u00e9s global i en un entorn m\u00e9s col\u00b7laboratiu. Les situacions d&#8217;aprenentatge es realitzaran a l\u2019\u00c0rea de Medi Social i Natural i l\u2019alumnat, previ consens del grup-classe, protagonitzar\u00e0 una recerca i investigaci\u00f3 sobre all\u00f2 que sigui del seu inter\u00e8s.<\/p>\n<p>&nbsp;<\/p>\n<ul>\n<li><strong><em>Tallers d\u2019Educaci\u00f3 art\u00edstica, visual i pl\u00e0stica<\/em><\/strong><\/li>\n<\/ul>\n<p>Amb l\u2019objectiu de fomentar el vincle entre els diferents grups \u2013 classe, l\u2019\u00e0rea d\u2019Educaci\u00f3 art\u00edstica, visual i pl\u00e0stica es dinamitza mitjan\u00e7ant tallers. Cada comunitat (tres grups classe) mitjan\u00e7ant quatre docents, estableix quatre tallers. En aquests tallers es fan quatre activitats pl\u00e0stiques diferents i amb alumnat dels tres cursos. Un cop acabat el taller tots els grups roten i fan un altre taller. Aix\u00ed fins completar els quatre. Quan es finalitzen els quatre tallers, se\u2019n proposen de nous.<\/p>\n<p>&nbsp;<\/p>\n<ul>\n<li><em><strong>Eix tem\u00e0tic<\/strong><\/em><\/li>\n<\/ul>\n<p>Durant el curs s\u2019escull un eix tem\u00e0tic per tota l\u2019escola que s\u2019anir\u00e0 treballant durant tots el mesos i des de les diferents \u00e0rees. Aquest curs, l&#8217;eix tem\u00e0tic \u00e9s <strong>&#8220;EL BARRI D&#8217;HOSTAFRANCS&#8221;:\u00a0<\/strong><\/p>\n<ul>\n<li style=\"list-style-type: none;\">\n<ul>\n<li>EP1: Turistes<\/li>\n<li>EP2: Guies tur\u00edstics<\/li>\n<li><span style=\"font-weight: 400;\">EP3: Fot\u00f2grafs<\/span><\/li>\n<\/ul>\n<\/li>\n<\/ul>\n","protected":false},"excerpt":{"rendered":"<p>\t\t\t\t\t\ttransportador\t\t\t\t\t\t\t\t\t\t\t<\/p>\n<p>\t\t\t\t\t\tSUMES REGLETS\t\t\t\t\t\t\t\t\t\t\t<\/p>\n<p>\t\t\t\t\t\tSUBSTANTIUS VERBS\t\t\t\t\t\t\t\t\t\t\t<\/p>\n<p>\t\t\t\t\t\tpes\t\t\t\t\t\t\t\t\t\t\t<\/p>\n<p>\t\t\t\t\t\tPES (2)\t\t\t\t\t\t\t\t\t\t\t<\/p>\n<p>\t\t\t\t\t\tpediatra\t\t\t\t\t\t\t\t\t\t\t<\/p>\n<p>\t\t\t\t\t\teuros\t\t\t\t\t\t\t\t\t\t\t<\/p>\n<p>\t\t\t\t\t\tcossos\t\t\t\t\t\t\t\t\t\t\t<\/p>\n<ul>\n<li class=\"slideshow_togglePlay\" data-play-text=\"Visualitza\" data-pause-text=\"Pausa\"><\/li>\n<\/ul>\n<p>COM TREBALLEM?<br \/>\n&nbsp;<\/p>\n<ul>\n<li>Els Racons d\u2019Aprenentatge<\/li>\n<\/ul>\n<p>Els Racons d\u2019Aprenentatge \u00e9s la metodologia d\u2019aula des de 1r fins a 3r de Prim\u00e0ria. \u00c9s un m\u00e8tode d\u2019aprenentatge basat en establir petits espais d\u2019aprenentatges a l\u2019aula. Cada rac\u00f3 t\u00e9 un espai adjudicat. Els racons es&hellip;  <a href=\"https:\/\/agora.xtec.cat\/escola-francescmacia\/nivells\/comunitat-de-mitjans\/\" title=\"Read Comunitat de Mitjanes\">Llegeix m\u00e9s\u00bb<\/a><\/p>\n","protected":false},"author":1,"featured_media":0,"parent":87,"menu_order":0,"comment_status":"closed","ping_status":"closed","template":"","meta":{"_bbp_topic_count":0,"_bbp_reply_count":0,"_bbp_total_topic_count":0,"_bbp_total_reply_count":0,"_bbp_voice_count":0,"_bbp_anonymous_reply_count":0,"_bbp_topic_count_hidden":0,"_bbp_reply_count_hidden":0,"_bbp_forum_subforum_count":0,"footnotes":""},"class_list":["post-536","page","type-page","status-publish","hentry"],"post_mailing_queue_ids":[],"_links":{"self":[{"href":"https:\/\/agora.xtec.cat\/escola-francescmacia\/wp-json\/wp\/v2\/pages\/536","targetHints":{"allow":["GET"]}}],"collection":[{"href":"https:\/\/agora.xtec.cat\/escola-francescmacia\/wp-json\/wp\/v2\/pages"}],"about":[{"href":"https:\/\/agora.xtec.cat\/escola-francescmacia\/wp-json\/wp\/v2\/types\/page"}],"author":[{"embeddable":true,"href":"https:\/\/agora.xtec.cat\/escola-francescmacia\/wp-json\/wp\/v2\/users\/1"}],"replies":[{"embeddable":true,"href":"https:\/\/agora.xtec.cat\/escola-francescmacia\/wp-json\/wp\/v2\/comments?post=536"}],"version-history":[{"count":6,"href":"https:\/\/agora.xtec.cat\/escola-francescmacia\/wp-json\/wp\/v2\/pages\/536\/revisions"}],"predecessor-version":[{"id":4508,"href":"https:\/\/agora.xtec.cat\/escola-francescmacia\/wp-json\/wp\/v2\/pages\/536\/revisions\/4508"}],"up":[{"embeddable":true,"href":"https:\/\/agora.xtec.cat\/escola-francescmacia\/wp-json\/wp\/v2\/pages\/87"}],"wp:attachment":[{"href":"https:\/\/agora.xtec.cat\/escola-francescmacia\/wp-json\/wp\/v2\/media?parent=536"}],"curies":[{"name":"wp","href":"https:\/\/api.w.org\/{rel}","templated":true}]}}