{"id":534,"date":"2017-11-09T11:55:05","date_gmt":"2017-11-09T10:55:05","guid":{"rendered":"http:\/\/agora.xtec.cat\/escola-francescmacia\/?page_id=534"},"modified":"2025-01-31T15:13:50","modified_gmt":"2025-01-31T14:13:50","slug":"comunitat-de-petits","status":"publish","type":"page","link":"https:\/\/agora.xtec.cat\/escola-francescmacia\/nivells\/comunitat-de-petits\/","title":{"rendered":"Comunitat de Petites"},"content":{"rendered":"<p>\r\n\t<div class=\"slideshow_container slideshow_container_style-light\" style=\"height: 300px; \" data-slideshow-id=\"1362\" data-style-name=\"style-light\" data-style-version=\"2.3.1\" >\r\n\r\n\t\t\t\t\t<div class=\"slideshow_loading_icon\"><\/div>\r\n\t\t\r\n\t\t<div class=\"slideshow_content\" style=\"display: none;\">\r\n\r\n\t\t\t<div class=\"slideshow_view\">\r\n\t\t\t\t<div class=\"slideshow_slide slideshow_slide_image\">\r\n\t\t\t\t\t\t\t\t\t\t\t<img src=\"https:\/\/agora.xtec.cat\/escola-francescmacia\/wp-content\/uploads\/usu1684\/2019\/02\/tortuga.jpg\" alt=\"tortuga\" width=\"960\" height=\"540\" \/>\r\n\t\t\t\t\t\t\t\t\t\t<div class=\"slideshow_description_box slideshow_transparent\">\r\n\t\t\t\t\t\t<div class=\"slideshow_title\">tortuga<\/div>\t\t\t\t\t\t\t\t\t\t\t<\/div>\r\n\t\t\t\t<\/div>\r\n\r\n\t\t\t\t\t\t<div style=\"clear: both;\"><\/div><\/div><div class=\"slideshow_view\">\r\n\t\t\t\t<div class=\"slideshow_slide slideshow_slide_image\">\r\n\t\t\t\t\t\t\t\t\t\t\t<img src=\"https:\/\/agora.xtec.cat\/escola-francescmacia\/wp-content\/uploads\/usu1684\/2019\/02\/seriar.jpg\" alt=\"seriar\" width=\"960\" height=\"720\" \/>\r\n\t\t\t\t\t\t\t\t\t\t<div class=\"slideshow_description_box slideshow_transparent\">\r\n\t\t\t\t\t\t<div class=\"slideshow_title\">seriar<\/div>\t\t\t\t\t\t\t\t\t\t\t<\/div>\r\n\t\t\t\t<\/div>\r\n\r\n\t\t\t\t\t\t<div style=\"clear: both;\"><\/div><\/div><div class=\"slideshow_view\">\r\n\t\t\t\t<div class=\"slideshow_slide slideshow_slide_image\">\r\n\t\t\t\t\t\t\t\t\t\t\t<img src=\"https:\/\/agora.xtec.cat\/escola-francescmacia\/wp-content\/uploads\/usu1684\/2019\/02\/pintura.jpg\" alt=\"pintura\" width=\"960\" height=\"720\" \/>\r\n\t\t\t\t\t\t\t\t\t\t<div class=\"slideshow_description_box slideshow_transparent\">\r\n\t\t\t\t\t\t<div class=\"slideshow_title\">pintura<\/div>\t\t\t\t\t\t\t\t\t\t\t<\/div>\r\n\t\t\t\t<\/div>\r\n\r\n\t\t\t\t\t\t<div style=\"clear: both;\"><\/div><\/div><div class=\"slideshow_view\">\r\n\t\t\t\t<div class=\"slideshow_slide slideshow_slide_image\">\r\n\t\t\t\t\t\t\t\t\t\t\t<img src=\"https:\/\/agora.xtec.cat\/escola-francescmacia\/wp-content\/uploads\/usu1684\/2019\/02\/contes.jpg\" alt=\"contes\" width=\"960\" height=\"539\" \/>\r\n\t\t\t\t\t\t\t\t\t\t<div class=\"slideshow_description_box slideshow_transparent\">\r\n\t\t\t\t\t\t<div class=\"slideshow_title\">contes<\/div>\t\t\t\t\t\t\t\t\t\t\t<\/div>\r\n\t\t\t\t<\/div>\r\n\r\n\t\t\t\t\t\t<div style=\"clear: both;\"><\/div><\/div><div class=\"slideshow_view\">\r\n\t\t\t\t<div class=\"slideshow_slide slideshow_slide_image\">\r\n\t\t\t\t\t\t\t\t\t\t\t<img src=\"https:\/\/agora.xtec.cat\/escola-francescmacia\/wp-content\/uploads\/usu1684\/2019\/02\/construccions.jpg\" alt=\"construccions\" width=\"960\" height=\"720\" \/>\r\n\t\t\t\t\t\t\t\t\t\t<div class=\"slideshow_description_box slideshow_transparent\">\r\n\t\t\t\t\t\t<div class=\"slideshow_title\">construccions<\/div>\t\t\t\t\t\t\t\t\t\t\t<\/div>\r\n\t\t\t\t<\/div>\r\n\r\n\t\t\t\t\t\t<div style=\"clear: both;\"><\/div><\/div><div class=\"slideshow_view\">\r\n\t\t\t\t<div class=\"slideshow_slide slideshow_slide_image\">\r\n\t\t\t\t\t\t\t\t\t\t\t<img src=\"https:\/\/agora.xtec.cat\/escola-francescmacia\/wp-content\/uploads\/usu1684\/2019\/02\/beebots.jpg\" alt=\"beebots\" width=\"960\" height=\"720\" \/>\r\n\t\t\t\t\t\t\t\t\t\t<div class=\"slideshow_description_box slideshow_transparent\">\r\n\t\t\t\t\t\t<div class=\"slideshow_title\">beebots<\/div>\t\t\t\t\t\t\t\t\t\t\t<\/div>\r\n\t\t\t\t<\/div>\r\n\r\n\t\t\t\t\t\t<div style=\"clear: both;\"><\/div><\/div><div class=\"slideshow_view\">\r\n\t\t\t\t<div class=\"slideshow_slide slideshow_slide_image\">\r\n\t\t\t\t\t\t\t\t\t\t\t<img src=\"https:\/\/agora.xtec.cat\/escola-francescmacia\/wp-content\/uploads\/usu1684\/2019\/02\/3-porquets.jpg\" alt=\"3 porquets\" width=\"720\" height=\"960\" \/>\r\n\t\t\t\t\t\t\t\t\t\t<div class=\"slideshow_description_box slideshow_transparent\">\r\n\t\t\t\t\t\t<div class=\"slideshow_title\">3 porquets<\/div>\t\t\t\t\t\t\t\t\t\t\t<\/div>\r\n\t\t\t\t<\/div>\r\n\r\n\t\t\t\t\t\t<div style=\"clear: both;\"><\/div><\/div>\r\n\t\t<\/div>\r\n\r\n\t\t<div class=\"slideshow_controlPanel slideshow_transparent\" style=\"display: none;\"><ul><li class=\"slideshow_togglePlay\" data-play-text=\"Visualitza\" data-pause-text=\"Pausa\"><\/li><\/ul><\/div>\r\n\r\n\t\t<div class=\"slideshow_button slideshow_previous slideshow_transparent\" role=\"button\" data-previous-text=\"Anterior\" style=\"display: none;\"><\/div>\r\n\t\t<div class=\"slideshow_button slideshow_next slideshow_transparent\" role=\"button\" data-next-text=\"Seg\u00fcent\" style=\"display: none;\"><\/div>\r\n\r\n\t\t<div class=\"slideshow_pagination\" style=\"display: none;\" data-go-to-text=\"V\u00e9s a la diapositiva\"><div class=\"slideshow_pagination_center\"><\/div><\/div>\r\n\r\n\t\t<!-- WordPress Slideshow Version 2.3.1 -->\r\n\r\n\t\t\t<\/div>\r\n\r\nCOM TREBALLEM?<\/p>\n<p>&nbsp;<\/p>\n<ul>\n<li><em><strong>Els Racons d\u2019Aprenentatge<\/strong><\/em><\/li>\n<\/ul>\n<p>Els Racons d\u2019Aprenentatge \u00e9s la metodologia d\u2019aula des d&#8217;I3 fins a I5. \u00c9s un m\u00e8tode d\u2019aprenentatge basat en establir petits espais d\u2019aprenentatges a l\u2019aula. Cada rac\u00f3 t\u00e9 un espai adjudicat. Els racons es van renovant segons la din\u00e0mica del grup i l\u2019assoliment que es va fent d\u2019aquests.<br \/>\nSegons el tipus d\u2019activitat, alguns racons necessiten ser dirigits pel docent. En d\u2019altres, els nens\/es poden funcionar amb for\u00e7a autonomia. Aquesta nova manera de fer ens permet dedicar una atenci\u00f3 m\u00e9s individualitzada a cada infant, planificant, si s\u2019escau, activitats d\u2019aprenentatge adaptades als seus interessos i necessitats, tenint en compte sobretot, els diferents ritmes d\u2019aprenentatge que es poden trobar dins d\u2019una aula.<\/p>\n<p>&nbsp;<\/p>\n<ul>\n<li><em><strong>Situacions d&#8217;aprenentatge<\/strong><\/em><\/li>\n<\/ul>\n<p>El treball per situacions d&#8217;aprenentatge pret\u00e9n que l\u2019alumnat sigui el protagonista de l\u2019aprenentatge per\u00f2 tractant els continguts d\u2019una manera m\u00e9s global i en un entorn m\u00e9s col\u00b7laboratiu. Les situacions d&#8217;aprenentatge es realitzaran a l\u2019\u00c0rea de Descoberta de l&#8217;entorn i l\u2019alumnat, previ consens del grup-classe, protagonitzar\u00e0 una recerca i investigaci\u00f3 sobre all\u00f2 que sigui del seu inter\u00e8s.<\/p>\n<p>&nbsp;<\/p>\n<ul>\n<li><em><strong>Espais d&#8217;aprenentatge<\/strong><\/em><\/li>\n<\/ul>\n<p>Els Espais s\u00f3n diferents espais d\u2019aprenentatge, de relaci\u00f3 i comunicaci\u00f3 on a partir de diferents propostes els infants poden actuar, observar, experimentar, construir, inventar, imaginar, compartir, relacionar-se, emocionar-se\u2026i interactuar amb els altres.<\/p>\n<p>Aquest plantejament de treball respon a la necessitat que mostren els infants de jugar i relacionar-se. \u00c9s una manera de poder donar resposta als interessos i necessitats dels infants i respectar els diferents ritmes d\u2019aprenentatge.<\/p>\n<p>Els infants disposen d\u2019un temps d\u2019experi\u00e8ncia activa, constru\u00efda per l\u2019adult, per\u00f2 reconstru\u00efda per ells mateixos, on nens i nenes es reuneixen per explorar diverses possibilitats de joc i dels materials.<\/p>\n<p>Els Espais segueixen el model constructivista, el qual parteix d\u2019un aprenentatge significatiu per part de l\u2019alumne, que t\u00e9 en compte els seus coneixements previs i en el qual destaca la gran import\u00e0ncia que t\u00e9 la relaci\u00f3 amb els companys\/es.<\/p>\n<p>&nbsp;<\/p>\n<ul>\n<li><em><strong>Eix tem\u00e0tic<\/strong><\/em><\/li>\n<\/ul>\n<p>Durant el curs s\u2019escull un eix tem\u00e0tic per tota l\u2019escola que s\u2019anir\u00e0 treballant durant tots els mesos i des de les diferents \u00e0rees. Aquest curs, l&#8217;eix tem\u00e0tic \u00e9s <strong>&#8220;EL BARRI D&#8217;HOSTAFRANCS&#8221;<\/strong>.<\/p>\n<ul style=\"list-style-type: square;\">\n<li>I3: Fruiters i fruiteres<\/li>\n<li>I4A: Verdulers i verduleres<\/li>\n<li>I4B: Floristers i floristeres<\/li>\n<li>I5A: Carnissers i carnisseres<\/li>\n<li>I5B: Peixeters i peixeteres<\/li>\n<\/ul>\n","protected":false},"excerpt":{"rendered":"<p>\t\t\t\t\t\ttortuga\t\t\t\t\t\t\t\t\t\t\t<\/p>\n<p>\t\t\t\t\t\tseriar\t\t\t\t\t\t\t\t\t\t\t<\/p>\n<p>\t\t\t\t\t\tpintura\t\t\t\t\t\t\t\t\t\t\t<\/p>\n<p>\t\t\t\t\t\tcontes\t\t\t\t\t\t\t\t\t\t\t<\/p>\n<p>\t\t\t\t\t\tconstruccions\t\t\t\t\t\t\t\t\t\t\t<\/p>\n<p>\t\t\t\t\t\tbeebots\t\t\t\t\t\t\t\t\t\t\t<\/p>\n<p>\t\t\t\t\t\t3 porquets\t\t\t\t\t\t\t\t\t\t\t<\/p>\n<ul>\n<li class=\"slideshow_togglePlay\" data-play-text=\"Visualitza\" data-pause-text=\"Pausa\"><\/li>\n<\/ul>\n<p>COM TREBALLEM?<br \/>\n&nbsp;<\/p>\n<ul>\n<li>Els Racons d\u2019Aprenentatge<\/li>\n<\/ul>\n<p>Els Racons d\u2019Aprenentatge \u00e9s la metodologia d\u2019aula des d&#8217;I3 fins a I5. \u00c9s un m\u00e8tode d\u2019aprenentatge basat en establir petits espais d\u2019aprenentatges a l\u2019aula. Cada rac\u00f3 t\u00e9 un espai adjudicat. Els racons es van renovant segons la din\u00e0mica&hellip;  <a href=\"https:\/\/agora.xtec.cat\/escola-francescmacia\/nivells\/comunitat-de-petits\/\" title=\"Read Comunitat de Petites\">Llegeix m\u00e9s\u00bb<\/a><\/p>\n","protected":false},"author":1,"featured_media":0,"parent":87,"menu_order":0,"comment_status":"closed","ping_status":"closed","template":"","meta":{"_bbp_topic_count":0,"_bbp_reply_count":0,"_bbp_total_topic_count":0,"_bbp_total_reply_count":0,"_bbp_voice_count":0,"_bbp_anonymous_reply_count":0,"_bbp_topic_count_hidden":0,"_bbp_reply_count_hidden":0,"_bbp_forum_subforum_count":0,"footnotes":""},"class_list":["post-534","page","type-page","status-publish","hentry"],"post_mailing_queue_ids":[],"_links":{"self":[{"href":"https:\/\/agora.xtec.cat\/escola-francescmacia\/wp-json\/wp\/v2\/pages\/534","targetHints":{"allow":["GET"]}}],"collection":[{"href":"https:\/\/agora.xtec.cat\/escola-francescmacia\/wp-json\/wp\/v2\/pages"}],"about":[{"href":"https:\/\/agora.xtec.cat\/escola-francescmacia\/wp-json\/wp\/v2\/types\/page"}],"author":[{"embeddable":true,"href":"https:\/\/agora.xtec.cat\/escola-francescmacia\/wp-json\/wp\/v2\/users\/1"}],"replies":[{"embeddable":true,"href":"https:\/\/agora.xtec.cat\/escola-francescmacia\/wp-json\/wp\/v2\/comments?post=534"}],"version-history":[{"count":6,"href":"https:\/\/agora.xtec.cat\/escola-francescmacia\/wp-json\/wp\/v2\/pages\/534\/revisions"}],"predecessor-version":[{"id":4501,"href":"https:\/\/agora.xtec.cat\/escola-francescmacia\/wp-json\/wp\/v2\/pages\/534\/revisions\/4501"}],"up":[{"embeddable":true,"href":"https:\/\/agora.xtec.cat\/escola-francescmacia\/wp-json\/wp\/v2\/pages\/87"}],"wp:attachment":[{"href":"https:\/\/agora.xtec.cat\/escola-francescmacia\/wp-json\/wp\/v2\/media?parent=534"}],"curies":[{"name":"wp","href":"https:\/\/api.w.org\/{rel}","templated":true}]}}