{"id":4236,"date":"2024-04-09T15:16:05","date_gmt":"2024-04-09T13:16:05","guid":{"rendered":"https:\/\/agora.xtec.cat\/escola-francescmacia\/?page_id=4236"},"modified":"2024-04-15T12:08:33","modified_gmt":"2024-04-15T10:08:33","slug":"programa-tecnics-dintegracio-social-i-educadors-socials","status":"publish","type":"page","link":"https:\/\/agora.xtec.cat\/escola-francescmacia\/lescola\/programa-tecnics-dintegracio-social-i-educadors-socials\/","title":{"rendered":"Programa T\u00e8cnics d\u2019integraci\u00f3 social i educadors socials"},"content":{"rendered":"<p><a href=\"https:\/\/agora.xtec.cat\/escola-francescmacia\/wp-content\/uploads\/usu1684\/2024\/04\/cartell-tis-es_page-0001.jpg\"><img loading=\"lazy\" decoding=\"async\" class=\"aligncenter size-full wp-image-4318\" src=\"https:\/\/agora.xtec.cat\/escola-francescmacia\/wp-content\/uploads\/usu1684\/2024\/04\/cartell-tis-es_page-0001.jpg\" alt=\"\" width=\"1500\" height=\"1125\" srcset=\"https:\/\/agora.xtec.cat\/escola-francescmacia\/wp-content\/uploads\/usu1684\/2024\/04\/cartell-tis-es_page-0001.jpg 1500w, https:\/\/agora.xtec.cat\/escola-francescmacia\/wp-content\/uploads\/usu1684\/2024\/04\/cartell-tis-es_page-0001-300x225.jpg 300w, https:\/\/agora.xtec.cat\/escola-francescmacia\/wp-content\/uploads\/usu1684\/2024\/04\/cartell-tis-es_page-0001-1024x768.jpg 1024w, https:\/\/agora.xtec.cat\/escola-francescmacia\/wp-content\/uploads\/usu1684\/2024\/04\/cartell-tis-es_page-0001-768x576.jpg 768w, https:\/\/agora.xtec.cat\/escola-francescmacia\/wp-content\/uploads\/usu1684\/2024\/04\/cartell-tis-es_page-0001-200x150.jpg 200w\" sizes=\"auto, (max-width: 1500px) 100vw, 1500px\" \/><\/a><\/p>\n<p><span style=\"font-weight: 400;\">El centre <strong>ESCOLA FRANCESC MACI\u00c0<\/strong> disposa de professionals d\u2019atenci\u00f3 educativa amb la finalitat de garantir l\u2019equitat en l\u2019acc\u00e9s a l\u2019educaci\u00f3: T\u00e8cnic d\u2019integraci\u00f3 social<\/span><i><span style=\"font-weight: 400;\">\/(i Educador Social si s\u2019escau<\/span><\/i><span style=\"font-weight: 400;\">).<\/span><\/p>\n<p><span style=\"font-weight: 400;\">La contractaci\u00f3 d\u2019aquests professionals est\u00e0 cofinan\u00e7at en un 40% per la Uni\u00f3 Europea i la resta pel Departament d\u2019Educaci\u00f3 aix\u00f2 comporta el compliment d\u2019unes mesures de publicitat i comunicaci\u00f3.<\/span><\/p>\n<p><span style=\"font-weight: 400;\">La incorporaci\u00f3 de t\u00e8cnics d\u2019integraci\u00f3 social i educador socials<\/span><b> t\u00e9 com a objecte<\/b><span style=\"font-weight: 400;\"> suplementar amb professionals d&#8217;atenci\u00f3 educativa l&#8217;activitat que es presta en els centres docents<\/span><span style=\"font-weight: 400;\">,<\/span><span style=\"font-weight: 400;\"> amb la finalitat de garantir l&#8217;equitat en l&#8217;acc\u00e9s a l\u2019educaci\u00f3.<\/span><\/p>\n<p><span style=\"font-weight: 400;\">Els objectius del <\/span><b>Programa de t\u00e8cnics d\u2019integraci\u00f3 social i els educadors socials<\/b> <b>cofinan\u00e7at per la Uni\u00f3 Europea<\/b><span style=\"font-weight: 400;\"> s\u00f3n:<\/span><\/p>\n<ul>\n<li><span style=\"font-weight: 400;\">Prevenir l\u2019abandonament prematur i el frac\u00e0s escolar Procurar el benestar emocional dels alumnes<\/span><\/li>\n<li>Facilitar una bona conviv\u00e8ncia en els centres educatius.<\/li>\n<li>Contribuir a l\u2019orientaci\u00f3 dels alumnes<\/li>\n<li>Fomentar la implicaci\u00f3 de les fam\u00edlies<\/li>\n<li>Fomentar el vincle entre l\u2019escola i el seu entorn.<\/li>\n<li>Contribuir al desenvolupament de plans d\u2019\u00e0mbit comunitari.<\/li>\n<\/ul>\n","protected":false},"excerpt":{"rendered":"<p><a href=\"https:\/\/agora.xtec.cat\/escola-francescmacia\/wp-content\/uploads\/usu1684\/2024\/04\/cartell-tis-es_page-0001.jpg\"><\/a><br \/>\nEl centre ESCOLA FRANCESC MACI\u00c0 disposa de professionals d\u2019atenci\u00f3 educativa amb la finalitat de garantir l\u2019equitat en l\u2019acc\u00e9s a l\u2019educaci\u00f3: T\u00e8cnic d\u2019integraci\u00f3 social\/(i Educador Social si s\u2019escau).<br \/>\nLa contractaci\u00f3 d\u2019aquests professionals est\u00e0 cofinan\u00e7at en un 40% per la Uni\u00f3 Europea i la resta pel Departament&hellip;  <a href=\"https:\/\/agora.xtec.cat\/escola-francescmacia\/lescola\/programa-tecnics-dintegracio-social-i-educadors-socials\/\" title=\"Read Programa T\u00e8cnics d\u2019integraci\u00f3 social i educadors socials\">Llegeix m\u00e9s\u00bb<\/a><\/p>\n","protected":false},"author":1,"featured_media":0,"parent":22,"menu_order":0,"comment_status":"closed","ping_status":"closed","template":"","meta":{"_bbp_topic_count":0,"_bbp_reply_count":0,"_bbp_total_topic_count":0,"_bbp_total_reply_count":0,"_bbp_voice_count":0,"_bbp_anonymous_reply_count":0,"_bbp_topic_count_hidden":0,"_bbp_reply_count_hidden":0,"_bbp_forum_subforum_count":0,"footnotes":""},"class_list":["post-4236","page","type-page","status-publish","hentry"],"post_mailing_queue_ids":[],"_links":{"self":[{"href":"https:\/\/agora.xtec.cat\/escola-francescmacia\/wp-json\/wp\/v2\/pages\/4236","targetHints":{"allow":["GET"]}}],"collection":[{"href":"https:\/\/agora.xtec.cat\/escola-francescmacia\/wp-json\/wp\/v2\/pages"}],"about":[{"href":"https:\/\/agora.xtec.cat\/escola-francescmacia\/wp-json\/wp\/v2\/types\/page"}],"author":[{"embeddable":true,"href":"https:\/\/agora.xtec.cat\/escola-francescmacia\/wp-json\/wp\/v2\/users\/1"}],"replies":[{"embeddable":true,"href":"https:\/\/agora.xtec.cat\/escola-francescmacia\/wp-json\/wp\/v2\/comments?post=4236"}],"version-history":[{"count":3,"href":"https:\/\/agora.xtec.cat\/escola-francescmacia\/wp-json\/wp\/v2\/pages\/4236\/revisions"}],"predecessor-version":[{"id":4320,"href":"https:\/\/agora.xtec.cat\/escola-francescmacia\/wp-json\/wp\/v2\/pages\/4236\/revisions\/4320"}],"up":[{"embeddable":true,"href":"https:\/\/agora.xtec.cat\/escola-francescmacia\/wp-json\/wp\/v2\/pages\/22"}],"wp:attachment":[{"href":"https:\/\/agora.xtec.cat\/escola-francescmacia\/wp-json\/wp\/v2\/media?parent=4236"}],"curies":[{"name":"wp","href":"https:\/\/api.w.org\/{rel}","templated":true}]}}