{"id":3678,"date":"2023-11-13T13:41:23","date_gmt":"2023-11-13T12:41:23","guid":{"rendered":"https:\/\/agora.xtec.cat\/escola-francescmacia\/?page_id=3678"},"modified":"2025-01-31T14:57:11","modified_gmt":"2025-01-31T13:57:11","slug":"consell-escolar","status":"publish","type":"page","link":"https:\/\/agora.xtec.cat\/escola-francescmacia\/consell-escolar\/","title":{"rendered":"Consell Escolar"},"content":{"rendered":"<p><strong>Qu\u00e8 \u00e9s el Consell Escolar?<\/strong><\/p>\n<p>\u00c9s un \u00f2rgan de participaci\u00f3 de la comunitat escolar en el govern i la gesti\u00f3 del seu centre educatiu.<\/p>\n<p>&nbsp;<\/p>\n<p><strong>Puc formar part del Consell Escolar del Centre?<\/strong><\/p>\n<p>S\u00ed, el Consell Escolar de Centre \u00e9s un espai representatiu obert a qualsevol persona de la comunitat escolar del centre: alumnat, professorat, personal t\u00e8cnic i fam\u00edlies (pares, mares, tutors).<\/p>\n<p>&nbsp;<\/p>\n<p><strong>Quines s\u00f3n les funcions del Consell Escolar?<\/strong><\/p>\n<p>Segons detalla la\u00a0\u00a0<span lang=\"ES\" xml:lang=\"ES\">Llei Org\u00e0nica 3\/2020, de 29 de desembre, el Consell Escolar de Centre t\u00e9 les seg\u00fcents compet\u00e8ncies:<\/span><\/p>\n<ul>\n<li>Aprovar i avaluar la programaci\u00f3 general anual del centre, sens perjudici de les compet\u00e8ncies del Claustre del professorat en relaci\u00f3 amb la planificaci\u00f3 i l&#8217;organitzaci\u00f3 docent.<\/li>\n<li>Con\u00e8ixer les candidatures a la direcci\u00f3 i els projectes de direcci\u00f3 presentats pels candidats.<\/li>\n<li>Participar en la selecci\u00f3 del director o directora del centre en els termes que aquesta Llei estableix. Ser informat del nomenament i el cessament dels altres membres de l&#8217;equip directiu. Si \u00e9s el cas, amb l&#8217;acord previ dels seus membres, adoptat per majoria de dos ter\u00e7os, proposar la revocaci\u00f3 del nomenament del director o directora.<\/li>\n<li>Decidir sobre l&#8217;admissi\u00f3 de l&#8217;alumnat amb subjecci\u00f3 al que estableix aquesta Llei i les disposicions que la desenvolupin.<\/li>\n<li>Impulsar l&#8217;adopci\u00f3 i el seguiment de mesures educatives que fomentin el reconeixement i la protecci\u00f3 dels drets de la inf\u00e0ncia.<\/li>\n<li>Proposar mesures i iniciatives que afavoreixin els estils de vida saludable, la conviv\u00e8ncia al centre, la igualtat efectiva de dones i homes, la no discriminaci\u00f3, la prevenci\u00f3 de l&#8217;assetjament escolar i de la viol\u00e8ncia de g\u00e8nere i la resoluci\u00f3 pac\u00edfica de conflictes en tots els \u00e0mbits de la vida personal, familiar i social.<\/li>\n<li>Con\u00e8ixer les conductes contr\u00e0ries a la conviv\u00e8ncia i l&#8217;aplicaci\u00f3 de les mesures educatives, de mediaci\u00f3 i correctores vetllant perqu\u00e8 s&#8217;ajustin a la normativa vigent. Quan les mesures correctores adoptades pel director o directora corresponguin a conductes de l&#8217;alumnat que perjudiquin greument la conviv\u00e8ncia del centre, el Consell Escolar, a inst\u00e0ncia de pares, mares o tutors legals o, si escau, de l&#8217;alumnat, podr\u00e0 revisar la decisi\u00f3 adoptada i proposar, si escau, les mesures oportunes.<\/li>\n<li>Promoure progressivament la conservaci\u00f3 i la renovaci\u00f3 de les instal\u00b7lacions i l&#8217;equip escolar per a la millora de la qualitat i la sostenibilitat i aprovar l&#8217;obtenci\u00f3 de recursos complementaris d&#8217;acord amb el que estableix l&#8217;article 122.3.<\/li>\n<li>Fixar les directrius per a la col\u00b7laboraci\u00f3, amb fins educatius i culturals, amb les administracions locals i amb altres centres, entitats i organismes.<\/li>\n<li>Analitzar i valorar el funcionament general del centre, l&#8217;evoluci\u00f3 del rendiment escolar i els resultats de les avaluacions internes i externes en qu\u00e8 participi el centre.<\/li>\n<li>Elaborar propostes i informes, a iniciativa pr\u00f2pia o a petici\u00f3 de l&#8217;Administraci\u00f3 competent, sobre el funcionament del centre i la millora de la qualitat de la gesti\u00f3, aix\u00ed com sobre aquells altres aspectes relacionats amb la seva qualitat.<\/li>\n<li>Aprovar el projecte de pressupost del centre.<\/li>\n<\/ul>\n<p>Enguany, el consell Escolar de l&#8217;escola est\u00e0 format per:<\/p>\n<p><a href=\"https:\/\/agora.xtec.cat\/escola-francescmacia\/wp-content\/uploads\/usu1684\/2024\/12\/consell-escolar-24-25.jpg\"><img loading=\"lazy\" decoding=\"async\" class=\"aligncenter size-full wp-image-4485\" src=\"https:\/\/agora.xtec.cat\/escola-francescmacia\/wp-content\/uploads\/usu1684\/2024\/12\/consell-escolar-24-25.jpg\" alt=\"\" width=\"1920\" height=\"1080\" srcset=\"https:\/\/agora.xtec.cat\/escola-francescmacia\/wp-content\/uploads\/usu1684\/2024\/12\/consell-escolar-24-25.jpg 1920w, https:\/\/agora.xtec.cat\/escola-francescmacia\/wp-content\/uploads\/usu1684\/2024\/12\/consell-escolar-24-25-300x169.jpg 300w, https:\/\/agora.xtec.cat\/escola-francescmacia\/wp-content\/uploads\/usu1684\/2024\/12\/consell-escolar-24-25-1024x576.jpg 1024w, https:\/\/agora.xtec.cat\/escola-francescmacia\/wp-content\/uploads\/usu1684\/2024\/12\/consell-escolar-24-25-768x432.jpg 768w, https:\/\/agora.xtec.cat\/escola-francescmacia\/wp-content\/uploads\/usu1684\/2024\/12\/consell-escolar-24-25-1536x864.jpg 1536w\" sizes=\"auto, (max-width: 1920px) 100vw, 1920px\" \/><\/a><\/p>\n","protected":false},"excerpt":{"rendered":"<p>Qu\u00e8 \u00e9s el Consell Escolar?<br \/>\n\u00c9s un \u00f2rgan de participaci\u00f3 de la comunitat escolar en el govern i la gesti\u00f3 del seu centre educatiu.<br \/>\n&nbsp;<br \/>\nPuc formar part del Consell Escolar del Centre?<br \/>\nS\u00ed, el Consell Escolar de Centre \u00e9s un espai representatiu obert a qualsevol persona de la&hellip;  <a href=\"https:\/\/agora.xtec.cat\/escola-francescmacia\/consell-escolar\/\" title=\"Read Consell Escolar\">Llegeix m\u00e9s\u00bb<\/a><\/p>\n","protected":false},"author":1,"featured_media":0,"parent":0,"menu_order":0,"comment_status":"closed","ping_status":"closed","template":"","meta":{"_bbp_topic_count":0,"_bbp_reply_count":0,"_bbp_total_topic_count":0,"_bbp_total_reply_count":0,"_bbp_voice_count":0,"_bbp_anonymous_reply_count":0,"_bbp_topic_count_hidden":0,"_bbp_reply_count_hidden":0,"_bbp_forum_subforum_count":0,"footnotes":""},"class_list":["post-3678","page","type-page","status-publish","hentry"],"post_mailing_queue_ids":[],"_links":{"self":[{"href":"https:\/\/agora.xtec.cat\/escola-francescmacia\/wp-json\/wp\/v2\/pages\/3678","targetHints":{"allow":["GET"]}}],"collection":[{"href":"https:\/\/agora.xtec.cat\/escola-francescmacia\/wp-json\/wp\/v2\/pages"}],"about":[{"href":"https:\/\/agora.xtec.cat\/escola-francescmacia\/wp-json\/wp\/v2\/types\/page"}],"author":[{"embeddable":true,"href":"https:\/\/agora.xtec.cat\/escola-francescmacia\/wp-json\/wp\/v2\/users\/1"}],"replies":[{"embeddable":true,"href":"https:\/\/agora.xtec.cat\/escola-francescmacia\/wp-json\/wp\/v2\/comments?post=3678"}],"version-history":[{"count":2,"href":"https:\/\/agora.xtec.cat\/escola-francescmacia\/wp-json\/wp\/v2\/pages\/3678\/revisions"}],"predecessor-version":[{"id":4498,"href":"https:\/\/agora.xtec.cat\/escola-francescmacia\/wp-json\/wp\/v2\/pages\/3678\/revisions\/4498"}],"wp:attachment":[{"href":"https:\/\/agora.xtec.cat\/escola-francescmacia\/wp-json\/wp\/v2\/media?parent=3678"}],"curies":[{"name":"wp","href":"https:\/\/api.w.org\/{rel}","templated":true}]}}