{"id":32,"date":"2014-09-18T12:31:33","date_gmt":"2014-09-18T11:31:33","guid":{"rendered":"http:\/\/agora.xtec.cat\/escola-francescmacia\/?page_id=32"},"modified":"2025-09-03T10:58:03","modified_gmt":"2025-09-03T08:58:03","slug":"calendari-del-curs","status":"publish","type":"page","link":"https:\/\/agora.xtec.cat\/escola-francescmacia\/lescola\/calendari-del-curs\/","title":{"rendered":"Calendari del curs i horari escolar del centre"},"content":{"rendered":"<h4><strong>Inici de curs:<\/strong><\/h4>\n<p>8 de setembre de 2025<\/p>\n<h4><strong>Vacances:<\/strong><\/h4>\n<p>Nadal: Del 20 de desembre de 2025 al 7 de gener de 2026\u00a0 (ambd\u00f3s inclosos)<\/p>\n<p>Setmana Santa: Del 28 de mar\u00e7 al 6 d&#8217;abril de 2026 (ambd\u00f3s inclosos)<\/p>\n<p>Estiu: A partir del 20 de juny de 2026<\/p>\n<h4><strong>Dies festius:<\/strong><\/h4>\n<p>11 de setembre del 2025<\/p>\n<p>8 de desembre del 2025<\/p>\n<p>1 de maig del 2026<\/p>\n<p>10 d&#8217;octubre del 2025 (lliure disposici\u00f3)<\/p>\n<p>3 de novembre del 2025 (lliure disposici\u00f3)<\/p>\n<p>16 de febrer del 2026 (lliure disposici\u00f3)<\/p>\n<p>22 de maig del 2026 (lliure disposici\u00f3)<\/p>\n<h4><strong>Festes locals:<\/strong><\/h4>\n<p>24 de setembre de 2025<\/p>\n<p>25 de\u00a0 maig del 2026<\/p>\n<h4><strong>Jornada Intensiva:<\/strong><\/h4>\n<p>19 de desembre del 2025<\/p>\n<p>Del 8 al 19 de juny del 2026 (ambd\u00f3s inclosos)<\/p>\n<p>L\u2019<b>horari lectiu<\/b> del centre \u00e9s de 9 a 12:30 h i de 14:30 a 16h per a tot l\u2019alumnat del centre.<\/p>\n<p>L\u2019 <strong>horari intensiu<\/strong> \u00e9s de 9 a 13h i l\u2019alumnat que utilitza el servei de menjador surt a les 15h.<\/p>\n<p>Per als infants que inicien l\u2019escolaritzaci\u00f3 a I3 s\u2019organitza un breu per\u00edode d\u2019adaptaci\u00f3 que suposa una certa modificaci\u00f3 dels horaris dels dos primers dies de classe, i que es fa saber a les fam\u00edlies en les reunions pr\u00e8vies corresponents.<\/p>\n<p>Tamb\u00e9 es pot consultar fent clic <a href=\"https:\/\/agora.xtec.cat\/escola-francescmacia\/wp-content\/uploads\/usu1684\/2025\/09\/calendari-25-26.pdf\">aqu\u00ed<\/a><a href=\"https:\/\/agora.xtec.cat\/escola-francescmacia\/wp-content\/uploads\/usu1684\/2024\/09\/Calendari-Escolar-24-25.pdf\">.<\/a><\/p>\n","protected":false},"excerpt":{"rendered":"<p>Inici de curs:<br \/>\n8 de setembre de 2025<br \/>\nVacances:<br \/>\nNadal: Del 20 de desembre de 2025 al 7 de gener de 2026\u00a0 (ambd\u00f3s inclosos)<br \/>\nSetmana Santa: Del 28 de mar\u00e7 al 6 d&#8217;abril de 2026 (ambd\u00f3s inclosos)<br \/>\nEstiu: A partir del 20 de juny de 2026<br \/>\nDies festius:<br \/>\n11 de setembre del&hellip;  <a href=\"https:\/\/agora.xtec.cat\/escola-francescmacia\/lescola\/calendari-del-curs\/\" title=\"Read Calendari del curs i horari escolar del centre\">Llegeix m\u00e9s\u00bb<\/a><\/p>\n","protected":false},"author":1,"featured_media":0,"parent":22,"menu_order":50,"comment_status":"closed","ping_status":"closed","template":"page-templates\/side-menu.php","meta":{"_bbp_topic_count":0,"_bbp_reply_count":0,"_bbp_total_topic_count":0,"_bbp_total_reply_count":0,"_bbp_voice_count":0,"_bbp_anonymous_reply_count":0,"_bbp_topic_count_hidden":0,"_bbp_reply_count_hidden":0,"_bbp_forum_subforum_count":0,"footnotes":""},"class_list":["post-32","page","type-page","status-publish","hentry"],"post_mailing_queue_ids":[],"_links":{"self":[{"href":"https:\/\/agora.xtec.cat\/escola-francescmacia\/wp-json\/wp\/v2\/pages\/32","targetHints":{"allow":["GET"]}}],"collection":[{"href":"https:\/\/agora.xtec.cat\/escola-francescmacia\/wp-json\/wp\/v2\/pages"}],"about":[{"href":"https:\/\/agora.xtec.cat\/escola-francescmacia\/wp-json\/wp\/v2\/types\/page"}],"author":[{"embeddable":true,"href":"https:\/\/agora.xtec.cat\/escola-francescmacia\/wp-json\/wp\/v2\/users\/1"}],"replies":[{"embeddable":true,"href":"https:\/\/agora.xtec.cat\/escola-francescmacia\/wp-json\/wp\/v2\/comments?post=32"}],"version-history":[{"count":6,"href":"https:\/\/agora.xtec.cat\/escola-francescmacia\/wp-json\/wp\/v2\/pages\/32\/revisions"}],"predecessor-version":[{"id":4656,"href":"https:\/\/agora.xtec.cat\/escola-francescmacia\/wp-json\/wp\/v2\/pages\/32\/revisions\/4656"}],"up":[{"embeddable":true,"href":"https:\/\/agora.xtec.cat\/escola-francescmacia\/wp-json\/wp\/v2\/pages\/22"}],"wp:attachment":[{"href":"https:\/\/agora.xtec.cat\/escola-francescmacia\/wp-json\/wp\/v2\/media?parent=32"}],"curies":[{"name":"wp","href":"https:\/\/api.w.org\/{rel}","templated":true}]}}